{"id":8387,"date":"2025-02-06T16:45:33","date_gmt":"2025-02-06T16:45:33","guid":{"rendered":"https:\/\/kastenkidz.com\/product\/idojaras-naptar\/"},"modified":"2025-07-20T19:11:41","modified_gmt":"2025-07-20T19:11:41","slug":"idojaras-naptar","status":"publish","type":"product","link":"https:\/\/kastenkidz.com\/hu\/term\u00e9k\/idojaras-naptar\/","title":{"rendered":"Id\u0151j\u00e1r\u00e1s-napt\u00e1r"},"content":{"rendered":"<p>L\u00e9gy meteorol\u00f3gus egy napra!  \ufe0f  A gyerekek minden reggel beragaszthatnak egy k\u00e1rty\u00e1t, amely megfelel az aktu\u00e1lis id\u0151j\u00e1r\u00e1snak.  Ez a sz\u00f3rakoztat\u00f3 tev\u00e9kenys\u00e9g nemcsak az id\u0151j\u00e1r\u00e1ssal ismerteti meg \u0151ket, hanem seg\u00edt eld\u00f6nteni azt is, mit \u00e9rdemes felvenni aznap.   Remek mindennapi szok\u00e1s tanul\u00e1shoz \u00e9s j\u00e1t\u00e9khoz!<\/p>\n<p>Tartalom: 2 db A4-es lap \u2013 napt\u00e1rsablon \u00e9s 10 db id\u0151j\u00e1r\u00e1sk\u00e1rtya <\/p>\n","protected":false},"excerpt":{"rendered":"<p>L\u00e9gy meteorol\u00f3gus egy napra! \ufe0f A gyerekek minden reggel beragaszthatnak egy k\u00e1rty\u00e1t, amely megfelel az aktu\u00e1lis id\u0151j\u00e1r\u00e1snak. Ez a sz\u00f3rakoztat\u00f3 tev\u00e9kenys\u00e9g nemcsak az id\u0151j\u00e1r\u00e1ssal ismerteti meg \u0151ket, hanem seg\u00edt eld\u00f6nteni azt is, mit \u00e9rdemes felvenni aznap. Remek mindennapi szok\u00e1s tanul\u00e1shoz \u00e9s j\u00e1t\u00e9khoz! Tartalom: 2 db A4-es lap \u2013 napt\u00e1rsablon \u00e9s 10 db id\u0151j\u00e1r\u00e1sk\u00e1rtya<\/p>\n","protected":false},"featured_media":8389,"comment_status":"closed","ping_status":"closed","template":"","meta":{"_acf_changed":false,"site-sidebar-layout":"default","site-content-layout":"","ast-site-content-layout":"default","site-content-style":"default","site-sidebar-style":"default","ast-global-header-display":"","ast-banner-title-visibility":"","ast-main-header-display":"","ast-hfb-above-header-display":"","ast-hfb-below-header-display":"","ast-hfb-mobile-header-display":"","site-post-title":"","ast-breadcrumbs-content":"","ast-featured-img":"","footer-sml-layout":"","ast-disable-related-posts":"","theme-transparent-header-meta":"default","adv-header-id-meta":"","stick-header-meta":"default","header-above-stick-meta":"","header-main-stick-meta":"","header-below-stick-meta":"","astra-migrate-meta-layouts":"default","ast-page-background-enabled":"default","ast-page-background-meta":{"desktop":{"background-color":"","background-image":"","background-repeat":"repeat","background-position":"center center","background-size":"auto","background-attachment":"scroll","background-type":"","background-media":"","overlay-type":"","overlay-color":"","overlay-opacity":"","overlay-gradient":""},"tablet":{"background-color":"","background-image":"","background-repeat":"repeat","background-position":"center center","background-size":"auto","background-attachment":"scroll","background-type":"","background-media":"","overlay-type":"","overlay-color":"","overlay-opacity":"","overlay-gradient":""},"mobile":{"background-color":"","background-image":"","background-repeat":"repeat","background-position":"center center","background-size":"auto","background-attachment":"scroll","background-type":"","background-media":"","overlay-type":"","overlay-color":"","overlay-opacity":"","overlay-gradient":""}},"ast-content-background-meta":{"desktop":{"background-color":"var(--ast-global-color-5)","background-image":"","background-repeat":"repeat","background-position":"center center","background-size":"auto","background-attachment":"scroll","background-type":"","background-media":"","overlay-type":"","overlay-color":"","overlay-opacity":"","overlay-gradient":""},"tablet":{"background-color":"var(--ast-global-color-5)","background-image":"","background-repeat":"repeat","background-position":"center center","background-size":"auto","background-attachment":"scroll","background-type":"","background-media":"","overlay-type":"","overlay-color":"","overlay-opacity":"","overlay-gradient":""},"mobile":{"background-color":"var(--ast-global-color-5)","background-image":"","background-repeat":"repeat","background-position":"center center","background-size":"auto","background-attachment":"scroll","background-type":"","background-media":"","overlay-type":"","overlay-color":"","overlay-opacity":"","overlay-gradient":""}}},"product_brand":[],"product_cat":[147],"product_tag":[],"class_list":{"0":"post-8387","1":"product","2":"type-product","3":"status-publish","4":"has-post-thumbnail","6":"product_cat-kirakok-es-kartyak","7":"desktop-align-center","8":"tablet-align-left","9":"mobile-align-center","10":"ast-product-gallery-layout-first-image-large","11":"ast-product-gallery-with-no-image","12":"ast-product-tabs-layout-horizontal","14":"first","15":"instock","16":"sale","17":"downloadable","18":"virtual","19":"sold-individually","20":"purchasable","21":"product-type-simple"},"acf":[],"_links":{"self":[{"href":"https:\/\/kastenkidz.com\/hu\/wp-json\/wp\/v2\/product\/8387","targetHints":{"allow":["GET"]}}],"collection":[{"href":"https:\/\/kastenkidz.com\/hu\/wp-json\/wp\/v2\/product"}],"about":[{"href":"https:\/\/kastenkidz.com\/hu\/wp-json\/wp\/v2\/types\/product"}],"replies":[{"embeddable":true,"href":"https:\/\/kastenkidz.com\/hu\/wp-json\/wp\/v2\/comments?post=8387"}],"wp:featuredmedia":[{"embeddable":true,"href":"https:\/\/kastenkidz.com\/hu\/wp-json\/wp\/v2\/media\/8389"}],"wp:attachment":[{"href":"https:\/\/kastenkidz.com\/hu\/wp-json\/wp\/v2\/media?parent=8387"}],"wp:term":[{"taxonomy":"product_brand","embeddable":true,"href":"https:\/\/kastenkidz.com\/hu\/wp-json\/wp\/v2\/product_brand?post=8387"},{"taxonomy":"product_cat","embeddable":true,"href":"https:\/\/kastenkidz.com\/hu\/wp-json\/wp\/v2\/product_cat?post=8387"},{"taxonomy":"product_tag","embeddable":true,"href":"https:\/\/kastenkidz.com\/hu\/wp-json\/wp\/v2\/product_tag?post=8387"}],"curies":[{"name":"wp","href":"https:\/\/api.w.org\/{rel}","templated":true}]}}