{"id":8345,"date":"2025-02-06T16:45:33","date_gmt":"2025-02-06T16:45:33","guid":{"rendered":"https:\/\/kastenkidz.com\/product\/boltos-jatek\/"},"modified":"2025-07-20T19:11:36","modified_gmt":"2025-07-20T19:11:36","slug":"boltos-jatek","status":"publish","type":"product","link":"https:\/\/kastenkidz.com\/hu\/term\u00e9k\/boltos-jatek\/","title":{"rendered":"Boltos j\u00e1t\u00e9k"},"content":{"rendered":"<p>Tedd \u00e9lvezetess\u00e9 az olvas\u00e1st ezzel az interakt\u00edv v\u00e1s\u00e1rl\u00f3s j\u00e1t\u00e9kkal!   A gyerekek elolvass\u00e1k a bev\u00e1s\u00e1rl\u00f3list\u00e1t, majd versenyt futnak, hogy megtal\u00e1lj\u00e1k a megfelel\u0151 term\u00e9kk\u00e1rty\u00e1kat, \u00e9s megt\u00f6lts\u00e9k a bev\u00e1s\u00e1rl\u00f3kocsit. Kiv\u00e1l\u00f3 egy\u00e9ni vagy csoportos j\u00e1t\u00e9knak is! Remek lehet\u0151s\u00e9g az olvas\u00e1si k\u00e9szs\u00e9gek fejleszt\u00e9s\u00e9re j\u00e1t\u00e9kos form\u00e1ban.     <\/p>\n<p>Tartalom: 4 db A4-es lap Bev\u00e1s\u00e1rl\u00f3list\u00e1k \u2013 4 db, term\u00e9kk\u00e1rty\u00e1k \u2013 40 db, j\u00e1t\u00e9ksablon <\/p>\n","protected":false},"excerpt":{"rendered":"<p>Tedd \u00e9lvezetess\u00e9 az olvas\u00e1st ezzel az interakt\u00edv v\u00e1s\u00e1rl\u00f3s j\u00e1t\u00e9kkal! A gyerekek elolvass\u00e1k a bev\u00e1s\u00e1rl\u00f3list\u00e1t, majd versenyt futnak, hogy megtal\u00e1lj\u00e1k a megfelel\u0151 term\u00e9kk\u00e1rty\u00e1kat, \u00e9s megt\u00f6lts\u00e9k a bev\u00e1s\u00e1rl\u00f3kocsit. Kiv\u00e1l\u00f3 egy\u00e9ni vagy csoportos j\u00e1t\u00e9knak is! Remek lehet\u0151s\u00e9g az olvas\u00e1si k\u00e9szs\u00e9gek fejleszt\u00e9s\u00e9re j\u00e1t\u00e9kos form\u00e1ban. Tartalom: 4 db A4-es lap Bev\u00e1s\u00e1rl\u00f3list\u00e1k \u2013 4 db, term\u00e9kk\u00e1rty\u00e1k \u2013 40 db, j\u00e1t\u00e9ksablon<\/p>\n","protected":false},"featured_media":8347,"comment_status":"closed","ping_status":"closed","template":"","meta":{"_acf_changed":false,"site-sidebar-layout":"default","site-content-layout":"","ast-site-content-layout":"default","site-content-style":"default","site-sidebar-style":"default","ast-global-header-display":"","ast-banner-title-visibility":"","ast-main-header-display":"","ast-hfb-above-header-display":"","ast-hfb-below-header-display":"","ast-hfb-mobile-header-display":"","site-post-title":"","ast-breadcrumbs-content":"","ast-featured-img":"","footer-sml-layout":"","ast-disable-related-posts":"","theme-transparent-header-meta":"default","adv-header-id-meta":"","stick-header-meta":"default","header-above-stick-meta":"","header-main-stick-meta":"","header-below-stick-meta":"","astra-migrate-meta-layouts":"default","ast-page-background-enabled":"default","ast-page-background-meta":{"desktop":{"background-color":"","background-image":"","background-repeat":"repeat","background-position":"center center","background-size":"auto","background-attachment":"scroll","background-type":"","background-media":"","overlay-type":"","overlay-color":"","overlay-opacity":"","overlay-gradient":""},"tablet":{"background-color":"","background-image":"","background-repeat":"repeat","background-position":"center center","background-size":"auto","background-attachment":"scroll","background-type":"","background-media":"","overlay-type":"","overlay-color":"","overlay-opacity":"","overlay-gradient":""},"mobile":{"background-color":"","background-image":"","background-repeat":"repeat","background-position":"center center","background-size":"auto","background-attachment":"scroll","background-type":"","background-media":"","overlay-type":"","overlay-color":"","overlay-opacity":"","overlay-gradient":""}},"ast-content-background-meta":{"desktop":{"background-color":"var(--ast-global-color-5)","background-image":"","background-repeat":"repeat","background-position":"center center","background-size":"auto","background-attachment":"scroll","background-type":"","background-media":"","overlay-type":"","overlay-color":"","overlay-opacity":"","overlay-gradient":""},"tablet":{"background-color":"var(--ast-global-color-5)","background-image":"","background-repeat":"repeat","background-position":"center center","background-size":"auto","background-attachment":"scroll","background-type":"","background-media":"","overlay-type":"","overlay-color":"","overlay-opacity":"","overlay-gradient":""},"mobile":{"background-color":"var(--ast-global-color-5)","background-image":"","background-repeat":"repeat","background-position":"center center","background-size":"auto","background-attachment":"scroll","background-type":"","background-media":"","overlay-type":"","overlay-color":"","overlay-opacity":"","overlay-gradient":""}}},"product_brand":[],"product_cat":[143,144],"product_tag":[],"class_list":{"0":"post-8345","1":"product","2":"type-product","3":"status-publish","4":"has-post-thumbnail","6":"product_cat-jatekok","7":"product_cat-nyelv","8":"desktop-align-center","9":"tablet-align-left","10":"mobile-align-center","11":"ast-product-gallery-layout-first-image-large","12":"ast-product-tabs-layout-horizontal","14":"first","15":"instock","16":"sale","17":"downloadable","18":"virtual","19":"sold-individually","20":"purchasable","21":"product-type-simple"},"acf":[],"_links":{"self":[{"href":"https:\/\/kastenkidz.com\/hu\/wp-json\/wp\/v2\/product\/8345","targetHints":{"allow":["GET"]}}],"collection":[{"href":"https:\/\/kastenkidz.com\/hu\/wp-json\/wp\/v2\/product"}],"about":[{"href":"https:\/\/kastenkidz.com\/hu\/wp-json\/wp\/v2\/types\/product"}],"replies":[{"embeddable":true,"href":"https:\/\/kastenkidz.com\/hu\/wp-json\/wp\/v2\/comments?post=8345"}],"wp:featuredmedia":[{"embeddable":true,"href":"https:\/\/kastenkidz.com\/hu\/wp-json\/wp\/v2\/media\/8347"}],"wp:attachment":[{"href":"https:\/\/kastenkidz.com\/hu\/wp-json\/wp\/v2\/media?parent=8345"}],"wp:term":[{"taxonomy":"product_brand","embeddable":true,"href":"https:\/\/kastenkidz.com\/hu\/wp-json\/wp\/v2\/product_brand?post=8345"},{"taxonomy":"product_cat","embeddable":true,"href":"https:\/\/kastenkidz.com\/hu\/wp-json\/wp\/v2\/product_cat?post=8345"},{"taxonomy":"product_tag","embeddable":true,"href":"https:\/\/kastenkidz.com\/hu\/wp-json\/wp\/v2\/product_tag?post=8345"}],"curies":[{"name":"wp","href":"https:\/\/api.w.org\/{rel}","templated":true}]}}