{"id":8317,"date":"2025-02-06T16:45:33","date_gmt":"2025-02-06T16:45:33","guid":{"rendered":"https:\/\/kastenkidz.com\/product\/lotto-gyumolcsok-bogyok-zoldsegek\/"},"modified":"2025-07-20T19:11:33","modified_gmt":"2025-07-20T19:11:33","slug":"lotto-gyumolcsok-bogyok-zoldsegek","status":"publish","type":"product","link":"https:\/\/kastenkidz.com\/hu\/term\u00e9k\/lotto-gyumolcsok-bogyok-zoldsegek\/","title":{"rendered":"Lott\u00f3 \u201eGy\u00fcm\u00f6lcs\u00f6k, bogy\u00f3k, z\u00f6lds\u00e9gek\u201d"},"content":{"rendered":"<p>Ismertesd meg gyermekeddel az eg\u00e9szs\u00e9ges \u00e9telek vil\u00e1g\u00e1t!  Ez a j\u00e1t\u00e9kos eszk\u00f6z seg\u00edt a gyerekeknek felismerni \u00e9s megk\u00fcl\u00f6nb\u00f6ztetni a gy\u00fcm\u00f6lcs\u00f6ket, bogy\u00f3s gy\u00fcm\u00f6lcs\u00f6ket \u00e9s z\u00f6lds\u00e9geket val\u00f3di fot\u00f3k seg\u00edts\u00e9g\u00e9vel. \u00cdzletes m\u00f3dja a tanul\u00e1snak \u00e9s fejl\u0151d\u00e9snek!<br \/>\nOszd sz\u00e9t a lott\u00f3k\u00e1rty\u00e1kat, \u00e9s k\u00e9rd meg a gyerekeket, hogy helyezz\u00e9k a gy\u00fcm\u00f6lcs\u00f6ket, bogy\u00f3kat \u00e9s z\u00f6lds\u00e9geket a megfelel\u0151 k\u00e9pekhez az el\u0151k\u00e9sz\u00edtett t\u00e1bl\u00e1kon.<\/p>\n<p>Tartalom: 4 Darab A4-es form\u00e1tum\u00fa munkalap k\u00e9pekkel; 36 darab f\u00e9nyk\u00e9pes k\u00e1rtya <\/p>\n","protected":false},"excerpt":{"rendered":"<p>Ismertesd meg gyermekeddel az eg\u00e9szs\u00e9ges \u00e9telek vil\u00e1g\u00e1t! Ez a j\u00e1t\u00e9kos eszk\u00f6z seg\u00edt a gyerekeknek felismerni \u00e9s megk\u00fcl\u00f6nb\u00f6ztetni a gy\u00fcm\u00f6lcs\u00f6ket, bogy\u00f3s gy\u00fcm\u00f6lcs\u00f6ket \u00e9s z\u00f6lds\u00e9geket val\u00f3di fot\u00f3k seg\u00edts\u00e9g\u00e9vel. \u00cdzletes m\u00f3dja a tanul\u00e1snak \u00e9s fejl\u0151d\u00e9snek! Oszd sz\u00e9t a lott\u00f3k\u00e1rty\u00e1kat, \u00e9s k\u00e9rd meg a gyerekeket, hogy helyezz\u00e9k a gy\u00fcm\u00f6lcs\u00f6ket, bogy\u00f3kat \u00e9s z\u00f6lds\u00e9geket a megfelel\u0151 k\u00e9pekhez az el\u0151k\u00e9sz\u00edtett t\u00e1bl\u00e1kon. Tartalom: [&hellip;]<\/p>\n","protected":false},"featured_media":8319,"comment_status":"closed","ping_status":"closed","template":"","meta":{"_acf_changed":false,"site-sidebar-layout":"default","site-content-layout":"","ast-site-content-layout":"default","site-content-style":"default","site-sidebar-style":"default","ast-global-header-display":"","ast-banner-title-visibility":"","ast-main-header-display":"","ast-hfb-above-header-display":"","ast-hfb-below-header-display":"","ast-hfb-mobile-header-display":"","site-post-title":"","ast-breadcrumbs-content":"","ast-featured-img":"","footer-sml-layout":"","ast-disable-related-posts":"","theme-transparent-header-meta":"default","adv-header-id-meta":"","stick-header-meta":"default","header-above-stick-meta":"","header-main-stick-meta":"","header-below-stick-meta":"","astra-migrate-meta-layouts":"default","ast-page-background-enabled":"default","ast-page-background-meta":{"desktop":{"background-color":"","background-image":"","background-repeat":"repeat","background-position":"center center","background-size":"auto","background-attachment":"scroll","background-type":"","background-media":"","overlay-type":"","overlay-color":"","overlay-opacity":"","overlay-gradient":""},"tablet":{"background-color":"","background-image":"","background-repeat":"repeat","background-position":"center center","background-size":"auto","background-attachment":"scroll","background-type":"","background-media":"","overlay-type":"","overlay-color":"","overlay-opacity":"","overlay-gradient":""},"mobile":{"background-color":"","background-image":"","background-repeat":"repeat","background-position":"center center","background-size":"auto","background-attachment":"scroll","background-type":"","background-media":"","overlay-type":"","overlay-color":"","overlay-opacity":"","overlay-gradient":""}},"ast-content-background-meta":{"desktop":{"background-color":"var(--ast-global-color-5)","background-image":"","background-repeat":"repeat","background-position":"center center","background-size":"auto","background-attachment":"scroll","background-type":"","background-media":"","overlay-type":"","overlay-color":"","overlay-opacity":"","overlay-gradient":""},"tablet":{"background-color":"var(--ast-global-color-5)","background-image":"","background-repeat":"repeat","background-position":"center center","background-size":"auto","background-attachment":"scroll","background-type":"","background-media":"","overlay-type":"","overlay-color":"","overlay-opacity":"","overlay-gradient":""},"mobile":{"background-color":"var(--ast-global-color-5)","background-image":"","background-repeat":"repeat","background-position":"center center","background-size":"auto","background-attachment":"scroll","background-type":"","background-media":"","overlay-type":"","overlay-color":"","overlay-opacity":"","overlay-gradient":""}}},"product_brand":[],"product_cat":[143,148],"product_tag":[],"class_list":{"0":"post-8317","1":"product","2":"type-product","3":"status-publish","4":"has-post-thumbnail","6":"product_cat-jatekok","7":"product_cat-szortirozas","8":"desktop-align-center","9":"tablet-align-left","10":"mobile-align-center","11":"ast-product-gallery-layout-first-image-large","12":"ast-product-tabs-layout-horizontal","14":"first","15":"instock","16":"sale","17":"downloadable","18":"virtual","19":"sold-individually","20":"purchasable","21":"product-type-simple"},"acf":[],"_links":{"self":[{"href":"https:\/\/kastenkidz.com\/hu\/wp-json\/wp\/v2\/product\/8317","targetHints":{"allow":["GET"]}}],"collection":[{"href":"https:\/\/kastenkidz.com\/hu\/wp-json\/wp\/v2\/product"}],"about":[{"href":"https:\/\/kastenkidz.com\/hu\/wp-json\/wp\/v2\/types\/product"}],"replies":[{"embeddable":true,"href":"https:\/\/kastenkidz.com\/hu\/wp-json\/wp\/v2\/comments?post=8317"}],"wp:featuredmedia":[{"embeddable":true,"href":"https:\/\/kastenkidz.com\/hu\/wp-json\/wp\/v2\/media\/8319"}],"wp:attachment":[{"href":"https:\/\/kastenkidz.com\/hu\/wp-json\/wp\/v2\/media?parent=8317"}],"wp:term":[{"taxonomy":"product_brand","embeddable":true,"href":"https:\/\/kastenkidz.com\/hu\/wp-json\/wp\/v2\/product_brand?post=8317"},{"taxonomy":"product_cat","embeddable":true,"href":"https:\/\/kastenkidz.com\/hu\/wp-json\/wp\/v2\/product_cat?post=8317"},{"taxonomy":"product_tag","embeddable":true,"href":"https:\/\/kastenkidz.com\/hu\/wp-json\/wp\/v2\/product_tag?post=8317"}],"curies":[{"name":"wp","href":"https:\/\/api.w.org\/{rel}","templated":true}]}}