{"id":8303,"date":"2025-02-06T16:45:33","date_gmt":"2025-02-06T16:45:33","guid":{"rendered":"https:\/\/kastenkidz.com\/product\/lotto-hazi-es-vadallatok\/"},"modified":"2025-07-20T19:11:32","modified_gmt":"2025-07-20T19:11:32","slug":"lotto-hazi-es-vadallatok","status":"publish","type":"product","link":"https:\/\/kastenkidz.com\/hu\/term\u00e9k\/lotto-hazi-es-vadallatok\/","title":{"rendered":"Lott\u00f3 \u201eH\u00e1zi- \u00e9s vad\u00e1llatok\u201d"},"content":{"rendered":"<p>Seg\u00edts gyermekednek felfedezni az \u00e1llatvil\u00e1got!  Ez a vid\u00e1m j\u00e1t\u00e9k megismerteti \u0151ket a h\u00e1zi \u00e9s vadon \u00e9l\u0151 \u00e1llatokkal, val\u00f3s\u00e1gh\u0171 f\u00e9nyk\u00e9pek seg\u00edts\u00e9g\u00e9vel seg\u00edtve a megk\u00fcl\u00f6nb\u00f6ztet\u00e9s\u00fcket. Remek lehet\u0151s\u00e9g a k\u00edv\u00e1ncsis\u00e1g felkelt\u00e9s\u00e9re \u00e9s az ismeretszerz\u00e9sre!<br \/>\nOszd sz\u00e9t a lott\u00f3k\u00e1rty\u00e1kat, \u00e9s k\u00e9rd meg a gyerekeket, hogy helyezz\u00e9k a megfelel\u0151 k\u00e9peket a h\u00e1zi \u00e9s vad\u00e1llatokhoz az el\u0151k\u00e9sz\u00edtett t\u00e1bl\u00e1kon. <\/p>\n<p>Tartalom: 4 Darab A4-es form\u00e1tum\u00fa munkalap k\u00e9pekkel; 36 darab f\u00e9nyk\u00e9pes k\u00e1rtya <\/p>\n","protected":false},"excerpt":{"rendered":"<p>Seg\u00edts gyermekednek felfedezni az \u00e1llatvil\u00e1got! Ez a vid\u00e1m j\u00e1t\u00e9k megismerteti \u0151ket a h\u00e1zi \u00e9s vadon \u00e9l\u0151 \u00e1llatokkal, val\u00f3s\u00e1gh\u0171 f\u00e9nyk\u00e9pek seg\u00edts\u00e9g\u00e9vel seg\u00edtve a megk\u00fcl\u00f6nb\u00f6ztet\u00e9s\u00fcket. Remek lehet\u0151s\u00e9g a k\u00edv\u00e1ncsis\u00e1g felkelt\u00e9s\u00e9re \u00e9s az ismeretszerz\u00e9sre! Oszd sz\u00e9t a lott\u00f3k\u00e1rty\u00e1kat, \u00e9s k\u00e9rd meg a gyerekeket, hogy helyezz\u00e9k a megfelel\u0151 k\u00e9peket a h\u00e1zi \u00e9s vad\u00e1llatokhoz az el\u0151k\u00e9sz\u00edtett t\u00e1bl\u00e1kon. Tartalom: 4 Darab [&hellip;]<\/p>\n","protected":false},"featured_media":8305,"comment_status":"closed","ping_status":"closed","template":"","meta":{"_acf_changed":false,"site-sidebar-layout":"default","site-content-layout":"","ast-site-content-layout":"default","site-content-style":"default","site-sidebar-style":"default","ast-global-header-display":"","ast-banner-title-visibility":"","ast-main-header-display":"","ast-hfb-above-header-display":"","ast-hfb-below-header-display":"","ast-hfb-mobile-header-display":"","site-post-title":"","ast-breadcrumbs-content":"","ast-featured-img":"","footer-sml-layout":"","ast-disable-related-posts":"","theme-transparent-header-meta":"default","adv-header-id-meta":"","stick-header-meta":"default","header-above-stick-meta":"","header-main-stick-meta":"","header-below-stick-meta":"","astra-migrate-meta-layouts":"default","ast-page-background-enabled":"default","ast-page-background-meta":{"desktop":{"background-color":"","background-image":"","background-repeat":"repeat","background-position":"center center","background-size":"auto","background-attachment":"scroll","background-type":"","background-media":"","overlay-type":"","overlay-color":"","overlay-opacity":"","overlay-gradient":""},"tablet":{"background-color":"","background-image":"","background-repeat":"repeat","background-position":"center center","background-size":"auto","background-attachment":"scroll","background-type":"","background-media":"","overlay-type":"","overlay-color":"","overlay-opacity":"","overlay-gradient":""},"mobile":{"background-color":"","background-image":"","background-repeat":"repeat","background-position":"center center","background-size":"auto","background-attachment":"scroll","background-type":"","background-media":"","overlay-type":"","overlay-color":"","overlay-opacity":"","overlay-gradient":""}},"ast-content-background-meta":{"desktop":{"background-color":"var(--ast-global-color-5)","background-image":"","background-repeat":"repeat","background-position":"center center","background-size":"auto","background-attachment":"scroll","background-type":"","background-media":"","overlay-type":"","overlay-color":"","overlay-opacity":"","overlay-gradient":""},"tablet":{"background-color":"var(--ast-global-color-5)","background-image":"","background-repeat":"repeat","background-position":"center center","background-size":"auto","background-attachment":"scroll","background-type":"","background-media":"","overlay-type":"","overlay-color":"","overlay-opacity":"","overlay-gradient":""},"mobile":{"background-color":"var(--ast-global-color-5)","background-image":"","background-repeat":"repeat","background-position":"center center","background-size":"auto","background-attachment":"scroll","background-type":"","background-media":"","overlay-type":"","overlay-color":"","overlay-opacity":"","overlay-gradient":""}}},"product_brand":[],"product_cat":[143,148],"product_tag":[],"class_list":{"0":"post-8303","1":"product","2":"type-product","3":"status-publish","4":"has-post-thumbnail","6":"product_cat-jatekok","7":"product_cat-szortirozas","8":"desktop-align-center","9":"tablet-align-left","10":"mobile-align-center","11":"ast-product-gallery-layout-first-image-large","12":"ast-product-tabs-layout-horizontal","14":"first","15":"instock","16":"sale","17":"downloadable","18":"virtual","19":"sold-individually","20":"purchasable","21":"product-type-simple"},"acf":[],"_links":{"self":[{"href":"https:\/\/kastenkidz.com\/hu\/wp-json\/wp\/v2\/product\/8303","targetHints":{"allow":["GET"]}}],"collection":[{"href":"https:\/\/kastenkidz.com\/hu\/wp-json\/wp\/v2\/product"}],"about":[{"href":"https:\/\/kastenkidz.com\/hu\/wp-json\/wp\/v2\/types\/product"}],"replies":[{"embeddable":true,"href":"https:\/\/kastenkidz.com\/hu\/wp-json\/wp\/v2\/comments?post=8303"}],"wp:featuredmedia":[{"embeddable":true,"href":"https:\/\/kastenkidz.com\/hu\/wp-json\/wp\/v2\/media\/8305"}],"wp:attachment":[{"href":"https:\/\/kastenkidz.com\/hu\/wp-json\/wp\/v2\/media?parent=8303"}],"wp:term":[{"taxonomy":"product_brand","embeddable":true,"href":"https:\/\/kastenkidz.com\/hu\/wp-json\/wp\/v2\/product_brand?post=8303"},{"taxonomy":"product_cat","embeddable":true,"href":"https:\/\/kastenkidz.com\/hu\/wp-json\/wp\/v2\/product_cat?post=8303"},{"taxonomy":"product_tag","embeddable":true,"href":"https:\/\/kastenkidz.com\/hu\/wp-json\/wp\/v2\/product_tag?post=8303"}],"curies":[{"name":"wp","href":"https:\/\/api.w.org\/{rel}","templated":true}]}}