{"id":8267,"date":"2025-02-06T16:45:33","date_gmt":"2025-02-06T16:45:33","guid":{"rendered":"https:\/\/kastenkidz.com\/product\/egyes-es-tobbes-szam-nekem-van-jatek\/"},"modified":"2025-07-20T19:11:27","modified_gmt":"2025-07-20T19:11:27","slug":"egyes-es-tobbes-szam-nekem-van-jatek","status":"publish","type":"product","link":"https:\/\/kastenkidz.com\/hu\/term\u00e9k\/egyes-es-tobbes-szam-nekem-van-jatek\/","title":{"rendered":"Egyes \u00e9s t\u00f6bbes sz\u00e1m \u2013 \u201eNekem van\u201d j\u00e1t\u00e9k"},"content":{"rendered":"<p>Az \u201eEgyes \u00e9s t\u00f6bbes sz\u00e1m \u2013 Nekem van\u201d egy sz\u00f3rakoztat\u00f3 j\u00e1t\u00e9k, amely seg\u00edt a gyerekeknek megtanulni a f\u0151nevek helyes kiejt\u00e9s\u00e9t egyes \u00e9s t\u00f6bbes sz\u00e1mban.<br \/>\nJ\u00e1t\u00e9kszab\u00e1lyok: Osszuk ki a k\u00e1rty\u00e1kat a j\u00e1t\u00e9kosok k\u00f6z\u00f6tt. V\u00e1lasszunk ki egy gyereket, aki kezdi a j\u00e1t\u00e9kot. A j\u00e1t\u00e9kos hangosan felolvassa: \u201eKinek van&#8230;?\u201d \u2013 \u00e9s megnevezi az als\u00f3 k\u00e9pen l\u00e1that\u00f3 dolgot (pl. \u201et\u00e1ny\u00e9r\u201d). A t\u00f6bbiek megn\u00e9zik a k\u00e1rty\u00e1ikat, \u00e9s aki megtal\u00e1lja a k\u00e9pet, azt mondja: \u201eNekem van t\u00e1ny\u00e9rom\u201d, majd \u0151 folytatja: \u201eKinek van kanala?\u201d A m\u00e1r elhangzott k\u00e1rty\u00e1t kivessz\u00fck a j\u00e1t\u00e9kb\u00f3l, \u00e9s a j\u00e1t\u00e9k folytat\u00f3dik.<\/p>\n<p>Tartalom: 48 k\u00e1rtya <\/p>\n","protected":false},"excerpt":{"rendered":"<p>Az \u201eEgyes \u00e9s t\u00f6bbes sz\u00e1m \u2013 Nekem van\u201d egy sz\u00f3rakoztat\u00f3 j\u00e1t\u00e9k, amely seg\u00edt a gyerekeknek megtanulni a f\u0151nevek helyes kiejt\u00e9s\u00e9t egyes \u00e9s t\u00f6bbes sz\u00e1mban. J\u00e1t\u00e9kszab\u00e1lyok: Osszuk ki a k\u00e1rty\u00e1kat a j\u00e1t\u00e9kosok k\u00f6z\u00f6tt. V\u00e1lasszunk ki egy gyereket, aki kezdi a j\u00e1t\u00e9kot. A j\u00e1t\u00e9kos hangosan felolvassa: \u201eKinek van&#8230;?\u201d \u2013 \u00e9s megnevezi az als\u00f3 k\u00e9pen l\u00e1that\u00f3 dolgot (pl. [&hellip;]<\/p>\n","protected":false},"featured_media":8269,"comment_status":"closed","ping_status":"closed","template":"","meta":{"_acf_changed":false,"site-sidebar-layout":"default","site-content-layout":"","ast-site-content-layout":"default","site-content-style":"default","site-sidebar-style":"default","ast-global-header-display":"","ast-banner-title-visibility":"","ast-main-header-display":"","ast-hfb-above-header-display":"","ast-hfb-below-header-display":"","ast-hfb-mobile-header-display":"","site-post-title":"","ast-breadcrumbs-content":"","ast-featured-img":"","footer-sml-layout":"","ast-disable-related-posts":"","theme-transparent-header-meta":"default","adv-header-id-meta":"","stick-header-meta":"default","header-above-stick-meta":"","header-main-stick-meta":"","header-below-stick-meta":"","astra-migrate-meta-layouts":"default","ast-page-background-enabled":"default","ast-page-background-meta":{"desktop":{"background-color":"","background-image":"","background-repeat":"repeat","background-position":"center center","background-size":"auto","background-attachment":"scroll","background-type":"","background-media":"","overlay-type":"","overlay-color":"","overlay-opacity":"","overlay-gradient":""},"tablet":{"background-color":"","background-image":"","background-repeat":"repeat","background-position":"center center","background-size":"auto","background-attachment":"scroll","background-type":"","background-media":"","overlay-type":"","overlay-color":"","overlay-opacity":"","overlay-gradient":""},"mobile":{"background-color":"","background-image":"","background-repeat":"repeat","background-position":"center center","background-size":"auto","background-attachment":"scroll","background-type":"","background-media":"","overlay-type":"","overlay-color":"","overlay-opacity":"","overlay-gradient":""}},"ast-content-background-meta":{"desktop":{"background-color":"var(--ast-global-color-5)","background-image":"","background-repeat":"repeat","background-position":"center center","background-size":"auto","background-attachment":"scroll","background-type":"","background-media":"","overlay-type":"","overlay-color":"","overlay-opacity":"","overlay-gradient":""},"tablet":{"background-color":"var(--ast-global-color-5)","background-image":"","background-repeat":"repeat","background-position":"center center","background-size":"auto","background-attachment":"scroll","background-type":"","background-media":"","overlay-type":"","overlay-color":"","overlay-opacity":"","overlay-gradient":""},"mobile":{"background-color":"var(--ast-global-color-5)","background-image":"","background-repeat":"repeat","background-position":"center center","background-size":"auto","background-attachment":"scroll","background-type":"","background-media":"","overlay-type":"","overlay-color":"","overlay-opacity":"","overlay-gradient":""}}},"product_brand":[],"product_cat":[143,144],"product_tag":[],"class_list":{"0":"post-8267","1":"product","2":"type-product","3":"status-publish","4":"has-post-thumbnail","6":"product_cat-jatekok","7":"product_cat-nyelv","8":"desktop-align-center","9":"tablet-align-left","10":"mobile-align-center","11":"ast-product-gallery-layout-first-image-large","12":"ast-product-gallery-with-no-image","13":"ast-product-tabs-layout-horizontal","15":"first","16":"instock","17":"sale","18":"downloadable","19":"virtual","20":"sold-individually","21":"purchasable","22":"product-type-simple"},"acf":[],"_links":{"self":[{"href":"https:\/\/kastenkidz.com\/hu\/wp-json\/wp\/v2\/product\/8267","targetHints":{"allow":["GET"]}}],"collection":[{"href":"https:\/\/kastenkidz.com\/hu\/wp-json\/wp\/v2\/product"}],"about":[{"href":"https:\/\/kastenkidz.com\/hu\/wp-json\/wp\/v2\/types\/product"}],"replies":[{"embeddable":true,"href":"https:\/\/kastenkidz.com\/hu\/wp-json\/wp\/v2\/comments?post=8267"}],"wp:featuredmedia":[{"embeddable":true,"href":"https:\/\/kastenkidz.com\/hu\/wp-json\/wp\/v2\/media\/8269"}],"wp:attachment":[{"href":"https:\/\/kastenkidz.com\/hu\/wp-json\/wp\/v2\/media?parent=8267"}],"wp:term":[{"taxonomy":"product_brand","embeddable":true,"href":"https:\/\/kastenkidz.com\/hu\/wp-json\/wp\/v2\/product_brand?post=8267"},{"taxonomy":"product_cat","embeddable":true,"href":"https:\/\/kastenkidz.com\/hu\/wp-json\/wp\/v2\/product_cat?post=8267"},{"taxonomy":"product_tag","embeddable":true,"href":"https:\/\/kastenkidz.com\/hu\/wp-json\/wp\/v2\/product_tag?post=8267"}],"curies":[{"name":"wp","href":"https:\/\/api.w.org\/{rel}","templated":true}]}}