{"id":8245,"date":"2025-02-06T16:45:33","date_gmt":"2025-02-06T16:45:33","guid":{"rendered":"https:\/\/kastenkidz.com\/product\/milyen-nehez-osszeadas-es-osszehasonlitas\/"},"modified":"2025-07-20T19:11:24","modified_gmt":"2025-07-20T19:11:24","slug":"milyen-nehez-osszeadas-es-osszehasonlitas","status":"publish","type":"product","link":"https:\/\/kastenkidz.com\/hu\/term\u00e9k\/milyen-nehez-osszeadas-es-osszehasonlitas\/","title":{"rendered":"Milyen neh\u00e9z?"},"content":{"rendered":"<p>\u200d  Tedd izgalmass\u00e1 a matekot a \u201eMilyen neh\u00e9z?\u201d fejleszt\u0151j\u00e1t\u00e9k seg\u00edts\u00e9g\u00e9vel! Tele sz\u00f3rakoztat\u00f3 \u00f6sszead\u00e1si \u00e9s \u00f6sszehasonl\u00edt\u00f3 feladatokkal, amelyek a m\u00e9rlegel\u00e9s t\u00e9mak\u00f6r\u00e9re \u00e9p\u00fclnek.<br \/>\nT\u00f6k\u00e9letes eszk\u00f6z az \u00e9lm\u00e9nyalap\u00fa tanul\u00e1shoz!  \u2696\ufe0f <\/p>\n<p>\u00d6sszet\u00e9tel: Matematikai \u00f6sszead\u00e1si \u00e9s \u00f6sszehasonl\u00edt\u00f3 feladatlapok A4-es form\u00e1tumban. <\/p>\n","protected":false},"excerpt":{"rendered":"<p>\u200d Tedd izgalmass\u00e1 a matekot a \u201eMilyen neh\u00e9z?\u201d fejleszt\u0151j\u00e1t\u00e9k seg\u00edts\u00e9g\u00e9vel! Tele sz\u00f3rakoztat\u00f3 \u00f6sszead\u00e1si \u00e9s \u00f6sszehasonl\u00edt\u00f3 feladatokkal, amelyek a m\u00e9rlegel\u00e9s t\u00e9mak\u00f6r\u00e9re \u00e9p\u00fclnek. T\u00f6k\u00e9letes eszk\u00f6z az \u00e9lm\u00e9nyalap\u00fa tanul\u00e1shoz! \u2696\ufe0f \u00d6sszet\u00e9tel: Matematikai \u00f6sszead\u00e1si \u00e9s \u00f6sszehasonl\u00edt\u00f3 feladatlapok A4-es form\u00e1tumban.<\/p>\n","protected":false},"featured_media":8247,"comment_status":"closed","ping_status":"closed","template":"","meta":{"_acf_changed":false,"site-sidebar-layout":"default","site-content-layout":"","ast-site-content-layout":"default","site-content-style":"default","site-sidebar-style":"default","ast-global-header-display":"","ast-banner-title-visibility":"","ast-main-header-display":"","ast-hfb-above-header-display":"","ast-hfb-below-header-display":"","ast-hfb-mobile-header-display":"","site-post-title":"","ast-breadcrumbs-content":"","ast-featured-img":"","footer-sml-layout":"","ast-disable-related-posts":"","theme-transparent-header-meta":"default","adv-header-id-meta":"","stick-header-meta":"default","header-above-stick-meta":"","header-main-stick-meta":"","header-below-stick-meta":"","astra-migrate-meta-layouts":"default","ast-page-background-enabled":"default","ast-page-background-meta":{"desktop":{"background-color":"","background-image":"","background-repeat":"repeat","background-position":"center center","background-size":"auto","background-attachment":"scroll","background-type":"","background-media":"","overlay-type":"","overlay-color":"","overlay-opacity":"","overlay-gradient":""},"tablet":{"background-color":"","background-image":"","background-repeat":"repeat","background-position":"center center","background-size":"auto","background-attachment":"scroll","background-type":"","background-media":"","overlay-type":"","overlay-color":"","overlay-opacity":"","overlay-gradient":""},"mobile":{"background-color":"","background-image":"","background-repeat":"repeat","background-position":"center center","background-size":"auto","background-attachment":"scroll","background-type":"","background-media":"","overlay-type":"","overlay-color":"","overlay-opacity":"","overlay-gradient":""}},"ast-content-background-meta":{"desktop":{"background-color":"var(--ast-global-color-5)","background-image":"","background-repeat":"repeat","background-position":"center center","background-size":"auto","background-attachment":"scroll","background-type":"","background-media":"","overlay-type":"","overlay-color":"","overlay-opacity":"","overlay-gradient":""},"tablet":{"background-color":"var(--ast-global-color-5)","background-image":"","background-repeat":"repeat","background-position":"center center","background-size":"auto","background-attachment":"scroll","background-type":"","background-media":"","overlay-type":"","overlay-color":"","overlay-opacity":"","overlay-gradient":""},"mobile":{"background-color":"var(--ast-global-color-5)","background-image":"","background-repeat":"repeat","background-position":"center center","background-size":"auto","background-attachment":"scroll","background-type":"","background-media":"","overlay-type":"","overlay-color":"","overlay-opacity":"","overlay-gradient":""}}},"product_brand":[],"product_cat":[145],"product_tag":[],"class_list":{"0":"post-8245","1":"product","2":"type-product","3":"status-publish","4":"has-post-thumbnail","6":"product_cat-matematika-hu","7":"desktop-align-center","8":"tablet-align-left","9":"mobile-align-center","10":"ast-product-gallery-layout-first-image-large","11":"ast-product-gallery-with-no-image","12":"ast-product-tabs-layout-horizontal","14":"first","15":"instock","16":"sale","17":"downloadable","18":"virtual","19":"sold-individually","20":"purchasable","21":"product-type-simple"},"acf":[],"_links":{"self":[{"href":"https:\/\/kastenkidz.com\/hu\/wp-json\/wp\/v2\/product\/8245","targetHints":{"allow":["GET"]}}],"collection":[{"href":"https:\/\/kastenkidz.com\/hu\/wp-json\/wp\/v2\/product"}],"about":[{"href":"https:\/\/kastenkidz.com\/hu\/wp-json\/wp\/v2\/types\/product"}],"replies":[{"embeddable":true,"href":"https:\/\/kastenkidz.com\/hu\/wp-json\/wp\/v2\/comments?post=8245"}],"wp:featuredmedia":[{"embeddable":true,"href":"https:\/\/kastenkidz.com\/hu\/wp-json\/wp\/v2\/media\/8247"}],"wp:attachment":[{"href":"https:\/\/kastenkidz.com\/hu\/wp-json\/wp\/v2\/media?parent=8245"}],"wp:term":[{"taxonomy":"product_brand","embeddable":true,"href":"https:\/\/kastenkidz.com\/hu\/wp-json\/wp\/v2\/product_brand?post=8245"},{"taxonomy":"product_cat","embeddable":true,"href":"https:\/\/kastenkidz.com\/hu\/wp-json\/wp\/v2\/product_cat?post=8245"},{"taxonomy":"product_tag","embeddable":true,"href":"https:\/\/kastenkidz.com\/hu\/wp-json\/wp\/v2\/product_tag?post=8245"}],"curies":[{"name":"wp","href":"https:\/\/api.w.org\/{rel}","templated":true}]}}