{"id":8231,"date":"2025-02-06T16:45:33","date_gmt":"2025-02-06T16:45:33","guid":{"rendered":"https:\/\/kastenkidz.com\/product\/szamos-plakatok\/"},"modified":"2025-07-26T09:49:49","modified_gmt":"2025-07-26T09:49:49","slug":"szamos-plakatok","status":"publish","type":"product","link":"https:\/\/kastenkidz.com\/hu\/term\u00e9k\/szamos-plakatok\/","title":{"rendered":"Sz\u00e1mos plak\u00e1tok"},"content":{"rendered":"<p>\u200d Tedd egyszer\u0171v\u00e9 \u00e9s \u00e9lvezetesebb\u00e9 a sz\u00e1mok tanul\u00e1s\u00e1t ezekkel a sz\u00ednes plak\u00e1tokkal! Minden A4-es m\u00e9ret\u0171 plak\u00e1t seg\u00edt a gyerekeknek a sz\u00e1mok felismer\u00e9s\u00e9ben \u00e9s megjegyz\u00e9s\u00e9ben. T\u00f6k\u00e9letes v\u00e1laszt\u00e1s \u00f3vodai \u00e9s otthoni tanul\u00e1shoz, gyerekszob\u00e1ba vagy tanterembe. Szerezd meg m\u00e9g ma! 1\ufe0f\u20e32\ufe0f\u20e33\ufe0f\u20e3\u270f\ufe0f<\/p>\n<p>Tartalom: 11 db A4-es plak\u00e1t 0-t\u00f3l 10-ig.<\/p>\n","protected":false},"excerpt":{"rendered":"<p>\u200d Tedd egyszer\u0171v\u00e9 \u00e9s \u00e9lvezetesebb\u00e9 a sz\u00e1mok tanul\u00e1s\u00e1t ezekkel a sz\u00ednes plak\u00e1tokkal! Minden A4-es m\u00e9ret\u0171 plak\u00e1t seg\u00edt a gyerekeknek a sz\u00e1mok felismer\u00e9s\u00e9ben \u00e9s megjegyz\u00e9s\u00e9ben. T\u00f6k\u00e9letes v\u00e1laszt\u00e1s \u00f3vodai \u00e9s otthoni tanul\u00e1shoz, gyerekszob\u00e1ba vagy tanterembe. Szerezd meg m\u00e9g ma! 1\ufe0f\u20e32\ufe0f\u20e33\ufe0f\u20e3\u270f\ufe0f Tartalom: 11 db A4-es plak\u00e1t 0-t\u00f3l 10-ig.<\/p>\n","protected":false},"featured_media":8233,"comment_status":"closed","ping_status":"closed","template":"","meta":{"_acf_changed":false,"site-sidebar-layout":"default","site-content-layout":"","ast-site-content-layout":"default","site-content-style":"default","site-sidebar-style":"default","ast-global-header-display":"","ast-banner-title-visibility":"","ast-main-header-display":"","ast-hfb-above-header-display":"","ast-hfb-below-header-display":"","ast-hfb-mobile-header-display":"","site-post-title":"","ast-breadcrumbs-content":"","ast-featured-img":"","footer-sml-layout":"","ast-disable-related-posts":"","theme-transparent-header-meta":"default","adv-header-id-meta":"","stick-header-meta":"default","header-above-stick-meta":"","header-main-stick-meta":"","header-below-stick-meta":"","astra-migrate-meta-layouts":"set","ast-page-background-enabled":"default","ast-page-background-meta":{"desktop":{"background-color":"","background-image":"","background-repeat":"repeat","background-position":"center center","background-size":"auto","background-attachment":"scroll","background-type":"","background-media":"","overlay-type":"","overlay-color":"","overlay-opacity":"","overlay-gradient":""},"tablet":{"background-color":"","background-image":"","background-repeat":"repeat","background-position":"center center","background-size":"auto","background-attachment":"scroll","background-type":"","background-media":"","overlay-type":"","overlay-color":"","overlay-opacity":"","overlay-gradient":""},"mobile":{"background-color":"","background-image":"","background-repeat":"repeat","background-position":"center center","background-size":"auto","background-attachment":"scroll","background-type":"","background-media":"","overlay-type":"","overlay-color":"","overlay-opacity":"","overlay-gradient":""}},"ast-content-background-meta":{"desktop":{"background-color":"var(--ast-global-color-5)","background-image":"","background-repeat":"repeat","background-position":"center center","background-size":"auto","background-attachment":"scroll","background-type":"","background-media":"","overlay-type":"","overlay-color":"","overlay-opacity":"","overlay-gradient":""},"tablet":{"background-color":"var(--ast-global-color-5)","background-image":"","background-repeat":"repeat","background-position":"center center","background-size":"auto","background-attachment":"scroll","background-type":"","background-media":"","overlay-type":"","overlay-color":"","overlay-opacity":"","overlay-gradient":""},"mobile":{"background-color":"var(--ast-global-color-5)","background-image":"","background-repeat":"repeat","background-position":"center center","background-size":"auto","background-attachment":"scroll","background-type":"","background-media":"","overlay-type":"","overlay-color":"","overlay-opacity":"","overlay-gradient":""}}},"product_brand":[],"product_cat":[147],"product_tag":[],"class_list":{"0":"post-8231","1":"product","2":"type-product","3":"status-publish","4":"has-post-thumbnail","6":"product_cat-kirakok-es-kartyak","7":"desktop-align-center","8":"tablet-align-left","9":"mobile-align-center","10":"ast-product-gallery-layout-first-image-large","11":"ast-product-tabs-layout-horizontal","13":"first","14":"instock","15":"sale","16":"downloadable","17":"virtual","18":"sold-individually","19":"purchasable","20":"product-type-simple"},"acf":[],"_links":{"self":[{"href":"https:\/\/kastenkidz.com\/hu\/wp-json\/wp\/v2\/product\/8231","targetHints":{"allow":["GET"]}}],"collection":[{"href":"https:\/\/kastenkidz.com\/hu\/wp-json\/wp\/v2\/product"}],"about":[{"href":"https:\/\/kastenkidz.com\/hu\/wp-json\/wp\/v2\/types\/product"}],"replies":[{"embeddable":true,"href":"https:\/\/kastenkidz.com\/hu\/wp-json\/wp\/v2\/comments?post=8231"}],"wp:featuredmedia":[{"embeddable":true,"href":"https:\/\/kastenkidz.com\/hu\/wp-json\/wp\/v2\/media\/8233"}],"wp:attachment":[{"href":"https:\/\/kastenkidz.com\/hu\/wp-json\/wp\/v2\/media?parent=8231"}],"wp:term":[{"taxonomy":"product_brand","embeddable":true,"href":"https:\/\/kastenkidz.com\/hu\/wp-json\/wp\/v2\/product_brand?post=8231"},{"taxonomy":"product_cat","embeddable":true,"href":"https:\/\/kastenkidz.com\/hu\/wp-json\/wp\/v2\/product_cat?post=8231"},{"taxonomy":"product_tag","embeddable":true,"href":"https:\/\/kastenkidz.com\/hu\/wp-json\/wp\/v2\/product_tag?post=8231"}],"curies":[{"name":"wp","href":"https:\/\/api.w.org\/{rel}","templated":true}]}}