{"id":8217,"date":"2025-02-06T16:45:33","date_gmt":"2025-02-06T16:45:33","guid":{"rendered":"https:\/\/kastenkidz.com\/product\/5-ezek\/"},"modified":"2025-07-20T19:11:21","modified_gmt":"2025-07-20T19:11:21","slug":"5-ezek","status":"publish","type":"product","link":"https:\/\/kastenkidz.com\/hu\/term\u00e9k\/5-ezek\/","title":{"rendered":"5 \u00e9rz\u00e9k"},"content":{"rendered":"<p>Ismerd meg az \u00e9rz\u00e9kel\u00e9s var\u00e1zslatos vil\u00e1g\u00e1t ezzel az izgalmas kirak\u00f3j\u00e1t\u00e9kkal! Remek lehet\u0151s\u00e9g arra, hogy gyermeked j\u00e1t\u00e9kos, \u00e9lm\u00e9nyszer\u0171 form\u00e1ban fedezze fel az \u00f6t \u00e9rz\u00e9kszerv m\u0171k\u00f6d\u00e9s\u00e9t, \u00e9s elm\u00e9ly\u00edtse ezzel kapcsolatos tud\u00e1s\u00e1t.   Kezd\u0151dhet a tanul\u00e1ssal egybek\u00f6t\u00f6tt kaland! <\/p>\n<p>Tartalom: 8 darab A4-es lap. Sablonok az 5 emberi \u00e9rz\u00e9kszervhez: l\u00e1t\u00e1s, hall\u00e1s, szagl\u00e1s, \u00edzlel\u00e9s \u00e9s tapint\u00e1s, valamint 60 k\u00e9p az \u00e9rz\u00e9kel\u00e9s t\u00e9mak\u00f6r\u00e9ben. <\/p>\n","protected":false},"excerpt":{"rendered":"<p>Ismerd meg az \u00e9rz\u00e9kel\u00e9s var\u00e1zslatos vil\u00e1g\u00e1t ezzel az izgalmas kirak\u00f3j\u00e1t\u00e9kkal! Remek lehet\u0151s\u00e9g arra, hogy gyermeked j\u00e1t\u00e9kos, \u00e9lm\u00e9nyszer\u0171 form\u00e1ban fedezze fel az \u00f6t \u00e9rz\u00e9kszerv m\u0171k\u00f6d\u00e9s\u00e9t, \u00e9s elm\u00e9ly\u00edtse ezzel kapcsolatos tud\u00e1s\u00e1t. Kezd\u0151dhet a tanul\u00e1ssal egybek\u00f6t\u00f6tt kaland! Tartalom: 8 darab A4-es lap. Sablonok az 5 emberi \u00e9rz\u00e9kszervhez: l\u00e1t\u00e1s, hall\u00e1s, szagl\u00e1s, \u00edzlel\u00e9s \u00e9s tapint\u00e1s, valamint 60 k\u00e9p az \u00e9rz\u00e9kel\u00e9s [&hellip;]<\/p>\n","protected":false},"featured_media":8219,"comment_status":"closed","ping_status":"closed","template":"","meta":{"_acf_changed":false,"site-sidebar-layout":"default","site-content-layout":"","ast-site-content-layout":"default","site-content-style":"default","site-sidebar-style":"default","ast-global-header-display":"","ast-banner-title-visibility":"","ast-main-header-display":"","ast-hfb-above-header-display":"","ast-hfb-below-header-display":"","ast-hfb-mobile-header-display":"","site-post-title":"","ast-breadcrumbs-content":"","ast-featured-img":"","footer-sml-layout":"","ast-disable-related-posts":"","theme-transparent-header-meta":"default","adv-header-id-meta":"","stick-header-meta":"default","header-above-stick-meta":"","header-main-stick-meta":"","header-below-stick-meta":"","astra-migrate-meta-layouts":"default","ast-page-background-enabled":"default","ast-page-background-meta":{"desktop":{"background-color":"","background-image":"","background-repeat":"repeat","background-position":"center center","background-size":"auto","background-attachment":"scroll","background-type":"","background-media":"","overlay-type":"","overlay-color":"","overlay-opacity":"","overlay-gradient":""},"tablet":{"background-color":"","background-image":"","background-repeat":"repeat","background-position":"center center","background-size":"auto","background-attachment":"scroll","background-type":"","background-media":"","overlay-type":"","overlay-color":"","overlay-opacity":"","overlay-gradient":""},"mobile":{"background-color":"","background-image":"","background-repeat":"repeat","background-position":"center center","background-size":"auto","background-attachment":"scroll","background-type":"","background-media":"","overlay-type":"","overlay-color":"","overlay-opacity":"","overlay-gradient":""}},"ast-content-background-meta":{"desktop":{"background-color":"var(--ast-global-color-5)","background-image":"","background-repeat":"repeat","background-position":"center center","background-size":"auto","background-attachment":"scroll","background-type":"","background-media":"","overlay-type":"","overlay-color":"","overlay-opacity":"","overlay-gradient":""},"tablet":{"background-color":"var(--ast-global-color-5)","background-image":"","background-repeat":"repeat","background-position":"center center","background-size":"auto","background-attachment":"scroll","background-type":"","background-media":"","overlay-type":"","overlay-color":"","overlay-opacity":"","overlay-gradient":""},"mobile":{"background-color":"var(--ast-global-color-5)","background-image":"","background-repeat":"repeat","background-position":"center center","background-size":"auto","background-attachment":"scroll","background-type":"","background-media":"","overlay-type":"","overlay-color":"","overlay-opacity":"","overlay-gradient":""}}},"product_brand":[],"product_cat":[148],"product_tag":[],"class_list":{"0":"post-8217","1":"product","2":"type-product","3":"status-publish","4":"has-post-thumbnail","6":"product_cat-szortirozas","7":"desktop-align-center","8":"tablet-align-left","9":"mobile-align-center","10":"ast-product-gallery-layout-first-image-large","11":"ast-product-tabs-layout-horizontal","13":"first","14":"instock","15":"sale","16":"downloadable","17":"virtual","18":"sold-individually","19":"purchasable","20":"product-type-simple"},"acf":[],"_links":{"self":[{"href":"https:\/\/kastenkidz.com\/hu\/wp-json\/wp\/v2\/product\/8217","targetHints":{"allow":["GET"]}}],"collection":[{"href":"https:\/\/kastenkidz.com\/hu\/wp-json\/wp\/v2\/product"}],"about":[{"href":"https:\/\/kastenkidz.com\/hu\/wp-json\/wp\/v2\/types\/product"}],"replies":[{"embeddable":true,"href":"https:\/\/kastenkidz.com\/hu\/wp-json\/wp\/v2\/comments?post=8217"}],"wp:featuredmedia":[{"embeddable":true,"href":"https:\/\/kastenkidz.com\/hu\/wp-json\/wp\/v2\/media\/8219"}],"wp:attachment":[{"href":"https:\/\/kastenkidz.com\/hu\/wp-json\/wp\/v2\/media?parent=8217"}],"wp:term":[{"taxonomy":"product_brand","embeddable":true,"href":"https:\/\/kastenkidz.com\/hu\/wp-json\/wp\/v2\/product_brand?post=8217"},{"taxonomy":"product_cat","embeddable":true,"href":"https:\/\/kastenkidz.com\/hu\/wp-json\/wp\/v2\/product_cat?post=8217"},{"taxonomy":"product_tag","embeddable":true,"href":"https:\/\/kastenkidz.com\/hu\/wp-json\/wp\/v2\/product_tag?post=8217"}],"curies":[{"name":"wp","href":"https:\/\/api.w.org\/{rel}","templated":true}]}}