{"id":8195,"date":"2025-02-06T16:45:33","date_gmt":"2025-02-06T16:45:33","guid":{"rendered":"https:\/\/kastenkidz.com\/product\/szorzotabla-jatek-nekem-van\/"},"modified":"2025-07-20T19:11:19","modified_gmt":"2025-07-20T19:11:19","slug":"szorzotabla-jatek-nekem-van","status":"publish","type":"product","link":"https:\/\/kastenkidz.com\/hu\/term\u00e9k\/szorzotabla-jatek-nekem-van\/","title":{"rendered":"Szorz\u00f3t\u00e1bla j\u00e1t\u00e9k \u2013 \u201eNekem van\u2026\u201d"},"content":{"rendered":"<p>A \u201eNekem van\u2026\u201d szorz\u00f3t\u00e1bla j\u00e1t\u00e9k egyszerre fejleszt\u0151eszk\u00f6z \u00e9s sz\u00f3rakoztat\u00f3 feladat, amely seg\u00edt elsaj\u00e1t\u00edtani a t\u00edzes szorz\u00f3t\u00e1bl\u00e1t.<br \/>\nJ\u00e1t\u00e9kszab\u00e1lyok: Osszuk ki a k\u00e1rty\u00e1kat a j\u00e1t\u00e9kosok k\u00f6z\u00f6tt. V\u00e1lasszunk ki egy gyereket, aki kezdi a j\u00e1t\u00e9kot. A j\u00e1t\u00e9kos hangosan kimondja: \u201eKinek van\u2026\u201d \u00e9s megnevezi az als\u00f3 m\u0171veletet (pl. 4\u00d74). Minden j\u00e1t\u00e9kos fejben kisz\u00e1molja az eredm\u00e9nyt, \u00e9s megvizsg\u00e1lja, szerepel-e az \u0151 k\u00e1rty\u00e1j\u00e1n. Aki els\u0151k\u00e9nt megtal\u00e1lja, azt mondja: \u201eNekem van, ez 16\u201d, majd folytatja: \u201eKinek van\u2026\u201d a saj\u00e1t k\u00e1rty\u00e1j\u00e1n l\u00e9v\u0151 k\u00f6vetkez\u0151 m\u0171velettel. A kital\u00e1lt k\u00e1rty\u00e1t kivessz\u00fck a j\u00e1t\u00e9kb\u00f3l, \u00e9s a j\u00e1t\u00e9k folytat\u00f3dik.<\/p>\n<p>Tartalom: 40 k\u00e1rtya \u00f6sszead\u00e1si \u00e9s kivon\u00e1si m\u0171veletekkel 10-ig. <\/p>\n","protected":false},"excerpt":{"rendered":"<p>A \u201eNekem van\u2026\u201d szorz\u00f3t\u00e1bla j\u00e1t\u00e9k egyszerre fejleszt\u0151eszk\u00f6z \u00e9s sz\u00f3rakoztat\u00f3 feladat, amely seg\u00edt elsaj\u00e1t\u00edtani a t\u00edzes szorz\u00f3t\u00e1bl\u00e1t. J\u00e1t\u00e9kszab\u00e1lyok: Osszuk ki a k\u00e1rty\u00e1kat a j\u00e1t\u00e9kosok k\u00f6z\u00f6tt. V\u00e1lasszunk ki egy gyereket, aki kezdi a j\u00e1t\u00e9kot. A j\u00e1t\u00e9kos hangosan kimondja: \u201eKinek van\u2026\u201d \u00e9s megnevezi az als\u00f3 m\u0171veletet (pl. 4\u00d74). Minden j\u00e1t\u00e9kos fejben kisz\u00e1molja az eredm\u00e9nyt, \u00e9s megvizsg\u00e1lja, szerepel-e az [&hellip;]<\/p>\n","protected":false},"featured_media":8197,"comment_status":"closed","ping_status":"closed","template":"","meta":{"_acf_changed":false,"site-sidebar-layout":"default","site-content-layout":"","ast-site-content-layout":"default","site-content-style":"default","site-sidebar-style":"default","ast-global-header-display":"","ast-banner-title-visibility":"","ast-main-header-display":"","ast-hfb-above-header-display":"","ast-hfb-below-header-display":"","ast-hfb-mobile-header-display":"","site-post-title":"","ast-breadcrumbs-content":"","ast-featured-img":"","footer-sml-layout":"","ast-disable-related-posts":"","theme-transparent-header-meta":"default","adv-header-id-meta":"","stick-header-meta":"default","header-above-stick-meta":"","header-main-stick-meta":"","header-below-stick-meta":"","astra-migrate-meta-layouts":"default","ast-page-background-enabled":"default","ast-page-background-meta":{"desktop":{"background-color":"","background-image":"","background-repeat":"repeat","background-position":"center center","background-size":"auto","background-attachment":"scroll","background-type":"","background-media":"","overlay-type":"","overlay-color":"","overlay-opacity":"","overlay-gradient":""},"tablet":{"background-color":"","background-image":"","background-repeat":"repeat","background-position":"center center","background-size":"auto","background-attachment":"scroll","background-type":"","background-media":"","overlay-type":"","overlay-color":"","overlay-opacity":"","overlay-gradient":""},"mobile":{"background-color":"","background-image":"","background-repeat":"repeat","background-position":"center center","background-size":"auto","background-attachment":"scroll","background-type":"","background-media":"","overlay-type":"","overlay-color":"","overlay-opacity":"","overlay-gradient":""}},"ast-content-background-meta":{"desktop":{"background-color":"var(--ast-global-color-5)","background-image":"","background-repeat":"repeat","background-position":"center center","background-size":"auto","background-attachment":"scroll","background-type":"","background-media":"","overlay-type":"","overlay-color":"","overlay-opacity":"","overlay-gradient":""},"tablet":{"background-color":"var(--ast-global-color-5)","background-image":"","background-repeat":"repeat","background-position":"center center","background-size":"auto","background-attachment":"scroll","background-type":"","background-media":"","overlay-type":"","overlay-color":"","overlay-opacity":"","overlay-gradient":""},"mobile":{"background-color":"var(--ast-global-color-5)","background-image":"","background-repeat":"repeat","background-position":"center center","background-size":"auto","background-attachment":"scroll","background-type":"","background-media":"","overlay-type":"","overlay-color":"","overlay-opacity":"","overlay-gradient":""}}},"product_brand":[],"product_cat":[143,145],"product_tag":[],"class_list":{"0":"post-8195","1":"product","2":"type-product","3":"status-publish","4":"has-post-thumbnail","6":"product_cat-jatekok","7":"product_cat-matematika-hu","8":"desktop-align-center","9":"tablet-align-left","10":"mobile-align-center","11":"ast-product-gallery-layout-first-image-large","12":"ast-product-gallery-with-no-image","13":"ast-product-tabs-layout-horizontal","15":"first","16":"instock","17":"sale","18":"downloadable","19":"virtual","20":"sold-individually","21":"purchasable","22":"product-type-simple"},"acf":[],"_links":{"self":[{"href":"https:\/\/kastenkidz.com\/hu\/wp-json\/wp\/v2\/product\/8195","targetHints":{"allow":["GET"]}}],"collection":[{"href":"https:\/\/kastenkidz.com\/hu\/wp-json\/wp\/v2\/product"}],"about":[{"href":"https:\/\/kastenkidz.com\/hu\/wp-json\/wp\/v2\/types\/product"}],"replies":[{"embeddable":true,"href":"https:\/\/kastenkidz.com\/hu\/wp-json\/wp\/v2\/comments?post=8195"}],"wp:featuredmedia":[{"embeddable":true,"href":"https:\/\/kastenkidz.com\/hu\/wp-json\/wp\/v2\/media\/8197"}],"wp:attachment":[{"href":"https:\/\/kastenkidz.com\/hu\/wp-json\/wp\/v2\/media?parent=8195"}],"wp:term":[{"taxonomy":"product_brand","embeddable":true,"href":"https:\/\/kastenkidz.com\/hu\/wp-json\/wp\/v2\/product_brand?post=8195"},{"taxonomy":"product_cat","embeddable":true,"href":"https:\/\/kastenkidz.com\/hu\/wp-json\/wp\/v2\/product_cat?post=8195"},{"taxonomy":"product_tag","embeddable":true,"href":"https:\/\/kastenkidz.com\/hu\/wp-json\/wp\/v2\/product_tag?post=8195"}],"curies":[{"name":"wp","href":"https:\/\/api.w.org\/{rel}","templated":true}]}}