{"id":8173,"date":"2025-02-06T16:45:33","date_gmt":"2025-02-06T16:45:33","guid":{"rendered":"https:\/\/kastenkidz.com\/product\/ismeteld-az-erzelmeket\/"},"modified":"2025-09-10T06:28:36","modified_gmt":"2025-09-10T06:28:36","slug":"ismeteld-az-erzelmeket","status":"publish","type":"product","link":"https:\/\/kastenkidz.com\/hu\/term\u00e9k\/ismeteld-az-erzelmeket\/","title":{"rendered":"Ism\u00e9teld az \u00e9rzelmeket"},"content":{"rendered":"<p>\u00c9let \u00e9rzelmek n\u00e9lk\u00fcl? Unalmas!<br \/>\nSeg\u00edts gyermekednek meg\u00e9rteni \u00e9s kifejezni az \u00e9rzelmeit a \u201eIsm\u00e9teld az \u00e9rzelmeket\u201d j\u00e1t\u00e9kkal! Ez a vid\u00e1m feladat arra \u00f6szt\u00f6nzi a gyerekeket, hogy felismerj\u00e9k \u00e9s ut\u00e1nozz\u00e1k az \u00e9rzelmeket \u2013 saj\u00e1tjaikat \u00e9s t\u00e1rsaik\u00e9t is \u2013 sz\u00f3rakoztat\u00f3 k\u00e9pek seg\u00edts\u00e9g\u00e9vel.<br \/>\nKezdem\u00e9nyezz besz\u00e9lget\u00e9st az \u00e9rz\u00e9sekr\u0151l m\u00e1r ma! Szerezd be a nyomtathat\u00f3 PDF-et most!<\/p>\n<p>Tartalom: 20 \u00e9rzelemk\u00e1rtya<br \/>\nA4 \u00e9s A5 m\u00e9ret\u0171 k\u00e1rty\u00e1k k\u00fcl\u00f6n f\u00e1jlban let\u00f6lthet\u0151k.<br \/>\nA feladat PDF form\u00e1tumban \u00e9rkezik.<br \/>\nSz\u00ednes nyomtat\u00e1s aj\u00e1nlott.<br \/>\nOll\u00f3ra sz\u00fcks\u00e9g van.<br \/>\nA j\u00e1t\u00e9k 4 \u00e9ves kort\u00f3l aj\u00e1nlott.<\/p>\n","protected":false},"excerpt":{"rendered":"<p>\u00c9let \u00e9rzelmek n\u00e9lk\u00fcl? Unalmas! Seg\u00edts gyermekednek meg\u00e9rteni \u00e9s kifejezni az \u00e9rzelmeit a \u201eIsm\u00e9teld az \u00e9rzelmeket\u201d j\u00e1t\u00e9kkal! Ez a vid\u00e1m feladat arra \u00f6szt\u00f6nzi a gyerekeket, hogy felismerj\u00e9k \u00e9s ut\u00e1nozz\u00e1k az \u00e9rzelmeket \u2013 saj\u00e1tjaikat \u00e9s t\u00e1rsaik\u00e9t is \u2013 sz\u00f3rakoztat\u00f3 k\u00e9pek seg\u00edts\u00e9g\u00e9vel. Kezdem\u00e9nyezz besz\u00e9lget\u00e9st az \u00e9rz\u00e9sekr\u0151l m\u00e1r ma! Szerezd be a nyomtathat\u00f3 PDF-et most! Tartalom: 20 \u00e9rzelemk\u00e1rtya A4 [&hellip;]<\/p>\n","protected":false},"featured_media":8175,"comment_status":"closed","ping_status":"closed","template":"","meta":{"_acf_changed":false,"site-sidebar-layout":"default","site-content-layout":"","ast-site-content-layout":"default","site-content-style":"default","site-sidebar-style":"default","ast-global-header-display":"","ast-banner-title-visibility":"","ast-main-header-display":"","ast-hfb-above-header-display":"","ast-hfb-below-header-display":"","ast-hfb-mobile-header-display":"","site-post-title":"","ast-breadcrumbs-content":"","ast-featured-img":"","footer-sml-layout":"","ast-disable-related-posts":"","theme-transparent-header-meta":"default","adv-header-id-meta":"","stick-header-meta":"default","header-above-stick-meta":"","header-main-stick-meta":"","header-below-stick-meta":"","astra-migrate-meta-layouts":"set","ast-page-background-enabled":"default","ast-page-background-meta":{"desktop":{"background-color":"","background-image":"","background-repeat":"repeat","background-position":"center center","background-size":"auto","background-attachment":"scroll","background-type":"","background-media":"","overlay-type":"","overlay-color":"","overlay-opacity":"","overlay-gradient":""},"tablet":{"background-color":"","background-image":"","background-repeat":"repeat","background-position":"center center","background-size":"auto","background-attachment":"scroll","background-type":"","background-media":"","overlay-type":"","overlay-color":"","overlay-opacity":"","overlay-gradient":""},"mobile":{"background-color":"","background-image":"","background-repeat":"repeat","background-position":"center center","background-size":"auto","background-attachment":"scroll","background-type":"","background-media":"","overlay-type":"","overlay-color":"","overlay-opacity":"","overlay-gradient":""}},"ast-content-background-meta":{"desktop":{"background-color":"var(--ast-global-color-5)","background-image":"","background-repeat":"repeat","background-position":"center center","background-size":"auto","background-attachment":"scroll","background-type":"","background-media":"","overlay-type":"","overlay-color":"","overlay-opacity":"","overlay-gradient":""},"tablet":{"background-color":"var(--ast-global-color-5)","background-image":"","background-repeat":"repeat","background-position":"center center","background-size":"auto","background-attachment":"scroll","background-type":"","background-media":"","overlay-type":"","overlay-color":"","overlay-opacity":"","overlay-gradient":""},"mobile":{"background-color":"var(--ast-global-color-5)","background-image":"","background-repeat":"repeat","background-position":"center center","background-size":"auto","background-attachment":"scroll","background-type":"","background-media":"","overlay-type":"","overlay-color":"","overlay-opacity":"","overlay-gradient":""}}},"product_brand":[],"product_cat":[147],"product_tag":[],"class_list":{"0":"post-8173","1":"product","2":"type-product","3":"status-publish","4":"has-post-thumbnail","6":"product_cat-kirakok-es-kartyak","7":"desktop-align-center","8":"tablet-align-left","9":"mobile-align-center","10":"ast-product-gallery-layout-first-image-large","11":"ast-product-tabs-layout-horizontal","13":"first","14":"instock","15":"sale","16":"downloadable","17":"virtual","18":"sold-individually","19":"purchasable","20":"product-type-simple"},"acf":[],"_links":{"self":[{"href":"https:\/\/kastenkidz.com\/hu\/wp-json\/wp\/v2\/product\/8173","targetHints":{"allow":["GET"]}}],"collection":[{"href":"https:\/\/kastenkidz.com\/hu\/wp-json\/wp\/v2\/product"}],"about":[{"href":"https:\/\/kastenkidz.com\/hu\/wp-json\/wp\/v2\/types\/product"}],"replies":[{"embeddable":true,"href":"https:\/\/kastenkidz.com\/hu\/wp-json\/wp\/v2\/comments?post=8173"}],"wp:featuredmedia":[{"embeddable":true,"href":"https:\/\/kastenkidz.com\/hu\/wp-json\/wp\/v2\/media\/8175"}],"wp:attachment":[{"href":"https:\/\/kastenkidz.com\/hu\/wp-json\/wp\/v2\/media?parent=8173"}],"wp:term":[{"taxonomy":"product_brand","embeddable":true,"href":"https:\/\/kastenkidz.com\/hu\/wp-json\/wp\/v2\/product_brand?post=8173"},{"taxonomy":"product_cat","embeddable":true,"href":"https:\/\/kastenkidz.com\/hu\/wp-json\/wp\/v2\/product_cat?post=8173"},{"taxonomy":"product_tag","embeddable":true,"href":"https:\/\/kastenkidz.com\/hu\/wp-json\/wp\/v2\/product_tag?post=8173"}],"curies":[{"name":"wp","href":"https:\/\/api.w.org\/{rel}","templated":true}]}}