{"id":9517,"date":"2025-02-20T19:45:05","date_gmt":"2025-02-20T19:45:05","guid":{"rendered":"https:\/\/kastenkidz.com\/payment-delivery-and-returns\/"},"modified":"2025-08-23T21:19:09","modified_gmt":"2025-08-23T21:19:09","slug":"fizetes-szallitas-es-visszakuldes","status":"publish","type":"page","link":"https:\/\/kastenkidz.com\/hu\/fizetes-szallitas-es-visszakuldes\/","title":{"rendered":"Fizet\u00e9s, sz\u00e1ll\u00edt\u00e1s \u00e9s visszak\u00fcld\u00e9s"},"content":{"rendered":"\t\t<div data-elementor-type=\"wp-page\" data-elementor-id=\"9517\" class=\"elementor elementor-9517 elementor-3588\" data-elementor-post-type=\"page\">\n\t\t\t\t<div class=\"elementor-element elementor-element-6c978d5 e-flex e-con-boxed e-con e-parent\" data-id=\"6c978d5\" data-element_type=\"container\" data-e-type=\"container\">\n\t\t\t\t\t<div class=\"e-con-inner\">\n\t\t\t\t<div class=\"elementor-element elementor-element-74a1d6b elementor-widget elementor-widget-text-editor\" data-id=\"74a1d6b\" data-element_type=\"widget\" data-e-type=\"widget\" data-widget_type=\"text-editor.default\">\n\t\t\t\t<div class=\"elementor-widget-container\">\n\t\t\t\t\t\t\t\t\t<h4>Fizet\u00e9s<\/h4><p>1. Bankk\u00e1rtya<br \/>2. PayPal<br \/>3. Google Pay<br \/>4. Apple Pay<br \/>5. Banki \u00e1tutal\u00e1s<br \/>Az \u00f6sszeget a megadott banksz\u00e1ml\u00e1ra k\u00e9rj\u00fck \u00e1tutalni. A fizet\u00e9sr\u0151l \u00e9s a megv\u00e1s\u00e1rolt term\u00e9kekr\u0151l k\u00e9rj\u00fck, k\u00fcldj \u00e9rtes\u00edt\u00e9st az info@kastenkidz.com e-mail-c\u00edmre. A k\u00f6zlem\u00e9nyben k\u00e9rj\u00fck felt\u00fcntetni: \u201eOktat\u00e1si feladatokhoz\u201d. R\u00e9szletek:<br \/>MB Kas ten,<br \/>nyilv\u00e1ntart\u00e1si sz\u00e1m: 307085006<br \/>Banksz\u00e1mlasz\u00e1m:<\/p><h4>K\u00e9zbes\u00edt\u00e9s<\/h4><p>A www.kastenkidz.com kiz\u00e1r\u00f3lag digit\u00e1lis term\u00e9keket \u2013 PDF f\u00e1jlokat \u2013 \u00e1rul. A fizet\u00e9s befejez\u00e9s\u00e9t k\u00f6vet\u0151en n\u00e9h\u00e1ny percen bel\u00fcl egy e-mailt kapsz, amely tartalmazza a megrendelt term\u00e9kek let\u00f6lt\u00e9si linkjeit \u00e9s a sz\u00e1ml\u00e1t csatolm\u00e1nyk\u00e9nt. A PDF f\u00e1jlok let\u00f6lt\u00e9s\u00e9hez kattints a megadott linkekre. Az al\u00e1bbiakban illusztr\u00e1lt p\u00e9lda is seg\u00edti a let\u00f6lt\u00e9si folyamatot.<br \/>Ha nem kapt\u00e1l e-mailt, el\u0151sz\u00f6r ellen\u0151rizd, hogy a lev\u00e9l nem ker\u00fclt-e a SPAM vagy prom\u00f3ci\u00f3k mapp\u00e1ba. Amennyiben m\u00e9gsem \u00e9rkezett meg, val\u00f3sz\u00edn\u0171, hogy hib\u00e1s e-mail-c\u00edmet adt\u00e1l meg. Ha tov\u00e1bbra sem kapod meg a f\u00e1jlokat, k\u00e9rj\u00fck, \u00edrj az info@kastenkidz.com c\u00edmre \u2013 k\u00e9t (2) munkanapon bel\u00fcl v\u00e1laszolunk.<\/p><h4>Visszat\u00e9r\u00edt\u00e9s<\/h4><p>Az EU fogyaszt\u00f3i jogokr\u00f3l sz\u00f3l\u00f3 ir\u00e1nyelv\u00e9nek (2011\/83\/EU) \u00e9rtelm\u00e9ben a digit\u00e1lis term\u00e9kek nem visszat\u00e9r\u00edthet\u0151k. A v\u00e1s\u00e1rl\u00f3 a let\u00f6lt\u00e9si folyamat megkezd\u00e9s\u00e9vel elvesz\u00edti az el\u00e1ll\u00e1si jog\u00e1t.<\/p>\t\t\t\t\t\t\t\t<\/div>\n\t\t\t\t<\/div>\n\t\t\t\t\t<\/div>\n\t\t\t\t<\/div>\n\t\t\t\t<\/div>\n\t\t","protected":false},"excerpt":{"rendered":"<p>Fizet\u00e9s 1. Bankk\u00e1rtya2. PayPal3. Google Pay4. Apple Pay5. Banki \u00e1tutal\u00e1sAz \u00f6sszeget a megadott banksz\u00e1ml\u00e1ra k\u00e9rj\u00fck \u00e1tutalni. A fizet\u00e9sr\u0151l \u00e9s a megv\u00e1s\u00e1rolt term\u00e9kekr\u0151l k\u00e9rj\u00fck, k\u00fcldj \u00e9rtes\u00edt\u00e9st az info@kastenkidz.com e-mail-c\u00edmre. A k\u00f6zlem\u00e9nyben k\u00e9rj\u00fck felt\u00fcntetni: \u201eOktat\u00e1si feladatokhoz\u201d. R\u00e9szletek:MB Kas ten,nyilv\u00e1ntart\u00e1si sz\u00e1m: 307085006Banksz\u00e1mlasz\u00e1m: K\u00e9zbes\u00edt\u00e9s A www.kastenkidz.com kiz\u00e1r\u00f3lag digit\u00e1lis term\u00e9keket \u2013 PDF f\u00e1jlokat \u2013 \u00e1rul. A fizet\u00e9s befejez\u00e9s\u00e9t k\u00f6vet\u0151en n\u00e9h\u00e1ny [&hellip;]<\/p>\n","protected":false},"author":1,"featured_media":0,"parent":0,"menu_order":0,"comment_status":"closed","ping_status":"closed","template":"","meta":{"_acf_changed":false,"site-sidebar-layout":"no-sidebar","site-content-layout":"page-builder","ast-site-content-layout":"full-width-container","site-content-style":"default","site-sidebar-style":"default","ast-global-header-display":"","ast-banner-title-visibility":"","ast-main-header-display":"","ast-hfb-above-header-display":"","ast-hfb-below-header-display":"","ast-hfb-mobile-header-display":"","site-post-title":"disabled","ast-breadcrumbs-content":"","ast-featured-img":"disabled","footer-sml-layout":"","ast-disable-related-posts":"","theme-transparent-header-meta":"","adv-header-id-meta":"","stick-header-meta":"","header-above-stick-meta":"","header-main-stick-meta":"","header-below-stick-meta":"","astra-migrate-meta-layouts":"default","ast-page-background-enabled":"default","ast-page-background-meta":{"desktop":{"background-color":"","background-image":"","background-repeat":"repeat","background-position":"center center","background-size":"auto","background-attachment":"scroll","background-type":"","background-media":"","overlay-type":"","overlay-color":"","overlay-opacity":"","overlay-gradient":""},"tablet":{"background-color":"","background-image":"","background-repeat":"repeat","background-position":"center center","background-size":"auto","background-attachment":"scroll","background-type":"","background-media":"","overlay-type":"","overlay-color":"","overlay-opacity":"","overlay-gradient":""},"mobile":{"background-color":"","background-image":"","background-repeat":"repeat","background-position":"center center","background-size":"auto","background-attachment":"scroll","background-type":"","background-media":"","overlay-type":"","overlay-color":"","overlay-opacity":"","overlay-gradient":""}},"ast-content-background-meta":{"desktop":{"background-color":"var(--ast-global-color-5)","background-image":"","background-repeat":"repeat","background-position":"center center","background-size":"auto","background-attachment":"scroll","background-type":"","background-media":"","overlay-type":"","overlay-color":"","overlay-opacity":"","overlay-gradient":""},"tablet":{"background-color":"var(--ast-global-color-5)","background-image":"","background-repeat":"repeat","background-position":"center center","background-size":"auto","background-attachment":"scroll","background-type":"","background-media":"","overlay-type":"","overlay-color":"","overlay-opacity":"","overlay-gradient":""},"mobile":{"background-color":"var(--ast-global-color-5)","background-image":"","background-repeat":"repeat","background-position":"center center","background-size":"auto","background-attachment":"scroll","background-type":"","background-media":"","overlay-type":"","overlay-color":"","overlay-opacity":"","overlay-gradient":""}},"footnotes":""},"class_list":["post-9517","page","type-page","status-publish","hentry"],"acf":[],"_links":{"self":[{"href":"https:\/\/kastenkidz.com\/hu\/wp-json\/wp\/v2\/pages\/9517","targetHints":{"allow":["GET"]}}],"collection":[{"href":"https:\/\/kastenkidz.com\/hu\/wp-json\/wp\/v2\/pages"}],"about":[{"href":"https:\/\/kastenkidz.com\/hu\/wp-json\/wp\/v2\/types\/page"}],"author":[{"embeddable":true,"href":"https:\/\/kastenkidz.com\/hu\/wp-json\/wp\/v2\/users\/1"}],"replies":[{"embeddable":true,"href":"https:\/\/kastenkidz.com\/hu\/wp-json\/wp\/v2\/comments?post=9517"}],"version-history":[{"count":6,"href":"https:\/\/kastenkidz.com\/hu\/wp-json\/wp\/v2\/pages\/9517\/revisions"}],"predecessor-version":[{"id":9680,"href":"https:\/\/kastenkidz.com\/hu\/wp-json\/wp\/v2\/pages\/9517\/revisions\/9680"}],"wp:attachment":[{"href":"https:\/\/kastenkidz.com\/hu\/wp-json\/wp\/v2\/media?parent=9517"}],"curies":[{"name":"wp","href":"https:\/\/api.w.org\/{rel}","templated":true}]}}