{"id":9508,"date":"2025-02-20T19:39:45","date_gmt":"2025-02-20T19:39:45","guid":{"rendered":"https:\/\/kastenkidz.com\/adatvedelmi-szabalyzat\/"},"modified":"2025-10-22T10:53:47","modified_gmt":"2025-10-22T10:53:47","slug":"adatvedelmi-szabalyzat","status":"publish","type":"page","link":"https:\/\/kastenkidz.com\/hu\/adatvedelmi-szabalyzat\/","title":{"rendered":"Adatv\u00e9delmi szab\u00e1lyzat"},"content":{"rendered":"\t\t<div data-elementor-type=\"wp-page\" data-elementor-id=\"9508\" class=\"elementor elementor-9508 elementor-3578\" data-elementor-post-type=\"page\">\n\t\t\t\t<div class=\"elementor-element elementor-element-e47e7f6 e-flex e-con-boxed e-con e-parent\" data-id=\"e47e7f6\" data-element_type=\"container\" data-e-type=\"container\">\n\t\t\t\t\t<div class=\"e-con-inner\">\n\t\t\t\t<div class=\"elementor-element elementor-element-5f56390 elementor-widget elementor-widget-text-editor\" data-id=\"5f56390\" data-element_type=\"widget\" data-e-type=\"widget\" data-widget_type=\"text-editor.default\">\n\t\t\t\t<div class=\"elementor-widget-container\">\n\t\t\t\t\t\t\t\t\t<h3>Adatv\u00e9delmi ir\u00e1nyelvek<\/h3><p><strong>1. \u00c1ltal\u00e1nos rendelkez\u00e9sek<\/strong><br \/>1.1. A jelen Adatv\u00e9delmi szab\u00e1lyzat a <a href=\"https:\/\/www.kastenkidz.com\">www.kastenkidz.com<\/a> web\u00e1ruh\u00e1z \u00e9s \u00fcgyfelei (a tov\u00e1bbiakban: &#8222;\u00d6n&#8221; vagy &#8222;\u00d6n\u00f6k&#8221;) \u00e1ltal v\u00e9gzett szem\u00e9lyes adatok gy\u0171jt\u00e9s\u00e9nek, feldolgoz\u00e1s\u00e1nak \u00e9s t\u00e1rol\u00e1s\u00e1nak els\u0151dleges elveit \u00e9s elj\u00e1r\u00e1sait szab\u00e1lyozza.<br \/>1.2. Az \u00d6n szem\u00e9lyes adatainak gy\u0171jt\u00e9s\u00e9t, feldolgoz\u00e1s\u00e1t \u00e9s t\u00e1rol\u00e1s\u00e1t a jelen Adatv\u00e9delmi szab\u00e1lyzat, a Litv\u00e1n K\u00f6zt\u00e1rsas\u00e1g szem\u00e9lyes adatok v\u00e9delm\u00e9r\u0151l sz\u00f3l\u00f3 t\u00f6rv\u00e9nye \u00e9s m\u00e1s alkalmazand\u00f3 jogszab\u00e1lyok szab\u00e1lyozz\u00e1k.<br \/>1.3. Azzal, hogy az online \u00e1ruh\u00e1zban megadja szem\u00e9lyes adatait, \u00d6n hozz\u00e1j\u00e1rul ahhoz, hogy a www.kastenkidz.com ezeket az adatokat a jelen szab\u00e1lyzatban \u00e9s az alkalmazand\u00f3 jogszab\u00e1lyokban meghat\u00e1rozott c\u00e9lokra, eszk\u00f6z\u00f6kkel \u00e9s elj\u00e1r\u00e1sokkal kezelje \u00e9s feldolgozza.<br \/><br \/><\/p><p><strong>2. Szem\u00e9lyes adatok gy\u0171jt\u00e9se, feldolgoz\u00e1sa \u00e9s t\u00e1rol\u00e1sa<\/strong><br \/>2.1. A www.kastenkidz.com a szem\u00e9lyes adatok feldolgoz\u00e1s\u00e1nak al\u00e1bbi alapelveit k\u00f6veti:<br \/>2.1.1. A szem\u00e9lyes adatok gy\u0171jt\u00e9se meghat\u00e1rozott \u00e9s jogszer\u0171 c\u00e9lokb\u00f3l t\u00f6rt\u00e9nik;<br \/>2.1.2. A szem\u00e9lyes adatok feldolgoz\u00e1sa pontosan \u00e9s tisztess\u00e9gesen t\u00f6rt\u00e9nik;<br \/>2.1.3. A szem\u00e9lyes adatokat rendszeresen friss\u00edtik;<br \/>2.1.4. A szem\u00e9lyes adatok t\u00e1rol\u00e1sa csak a kijel\u00f6lt adatkezel\u00e9si c\u00e9lok el\u00e9r\u00e9s\u00e9hez sz\u00fcks\u00e9ges ideig t\u00f6rt\u00e9nik;<br \/>2.1.5. A szem\u00e9lyes adatokat csak az erre felhatalmazott munkat\u00e1rsak kezelhetik;<br \/>2.1.6. A feldolgozott szem\u00e9lyes adatokkal kapcsolatos minden inform\u00e1ci\u00f3 bizalmas.<br \/>2.2. A www.kastenkidz.com tiszteletben tartja minden egy\u00e9n mag\u00e1n\u00e9lethez val\u00f3 jog\u00e1t. Az \u00d6n szem\u00e9lyes adatait (p\u00e9ld\u00e1ul n\u00e9v, e-mail c\u00edm \u00e9s egy\u00e9b, a regisztr\u00e1ci\u00f3s \u0171rlapon megadott inform\u00e1ci\u00f3k) a k\u00f6vetkez\u0151 c\u00e9lokb\u00f3l gy\u0171jtj\u00fck \u00e9s dolgozzuk fel:<br \/>2.2.1. Megrendel\u00e9sek feldolgoz\u00e1sa;<br \/>2.2.2. P\u00e9nz\u00fcgyi dokumentumok (pl. sz\u00e1ml\u00e1k) ki\u00e1ll\u00edt\u00e1sa;<br \/>2.2.3. Sz\u00e1ll\u00edt\u00e1ssal kapcsolatos probl\u00e9m\u00e1k megold\u00e1sa;<br \/>2.2.4. Egy\u00e9b szerz\u0151d\u00e9ses k\u00f6telezetts\u00e9gek teljes\u00edt\u00e9se.<br \/><br \/><\/p><p><strong>3. Szem\u00e9lyes adatok tov\u00e1bb\u00edt\u00e1sa harmadik feleknek<\/strong><br \/>3.1. Az elad\u00f3nak joga van szem\u00e9lyes adatokat kiz\u00e1r\u00f3lag a 2.2. pontban meghat\u00e1rozott c\u00e9lokra tov\u00e1bb\u00edtani harmadik feleknek.<br \/>3.2. A szem\u00e9lyes adatok tov\u00e1bb\u00edt\u00e1sa kiz\u00e1r\u00f3lag az Eur\u00f3pai Uni\u00f3 jogszab\u00e1lyaiban meghat\u00e1rozott elj\u00e1r\u00e1soknak megfelel\u0151en t\u00f6rt\u00e9nhet.<br \/><br \/><\/p><p><strong>4. Regisztr\u00e1ci\u00f3s k\u00f6vetelm\u00e9nyek<\/strong><br \/>4.1. A regisztr\u00e1ci\u00f3s \u0171rlapon teljes, pontos \u00e9s val\u00f3s adatokat kell megadnia. Ha hib\u00e1s, hamis vagy f\u00e9lrevezet\u0151 adatokat ad meg, jogunkban \u00e1ll t\u00f6r\u00f6lni a regisztr\u00e1ci\u00f3j\u00e1t, t\u00f6r\u00f6lni adatait vagy korl\u00e1tozni az online \u00e1ruh\u00e1zhoz val\u00f3 hozz\u00e1f\u00e9r\u00e9s\u00e9t.<br \/><br \/><\/p><p><strong>5. Szem\u00e9lyes adatok m\u00f3dos\u00edt\u00e1sa \u00e9s friss\u00edt\u00e9se<\/strong><br \/>5.1. \u00d6n b\u00e1rmikor jogosult m\u00f3dos\u00edtani \u00e9s\/vagy friss\u00edteni a regisztr\u00e1ci\u00f3s \u0171rlapon megadott inform\u00e1ci\u00f3kat, ha err\u0151l \u00e9rtes\u00edt minket az <a href=\"mailto:info@kastenkidz.com\">info@kastenkidz.com<\/a> c\u00edmen.<br \/><br \/><\/p><p><strong>6. S\u00fctik (Cookie-k)<\/strong><br \/>6.1. T\u00e1j\u00e9koztatjuk \u00d6nt, hogy weboldalunk teljes k\u00f6r\u0171 m\u0171k\u00f6d\u00e9s\u00e9hez cookie-kat (s\u00fctiket) helyez\u00fcnk el az \u00d6n sz\u00e1m\u00edt\u00f3g\u00e9p\u00e9n (eszk\u00f6z\u00e9n). Ezeket az inform\u00e1ci\u00f3kat arra haszn\u00e1ljuk, hogy felismerj\u00fck \u00d6nt mint kor\u00e1bbi l\u00e1togat\u00f3t, valamint hogy statisztikai adatokat gy\u0171jts\u00fcnk a webhely forgalm\u00e1r\u00f3l. A cookie-kat b\u00e1rmikor megtekintheti \u00e9s t\u00f6r\u00f6lheti, r\u00e9szben vagy eg\u00e9szben. \u00d6nnek joga van megtagadni a cookie-k t\u00e1rol\u00e1s\u00e1t, de ez esetben a weboldal bizonyos funkci\u00f3i nem biztos, hogy el\u00e9rhet\u0151k lesznek. Az online \u00e1ruh\u00e1z haszn\u00e1lat\u00e1val \u00d6n beleegyezik a cookie-k t\u00e1rol\u00e1s\u00e1ba. Hozz\u00e1j\u00e1rul\u00e1s\u00e1t b\u00e1rmikor visszavonhatja b\u00f6ng\u00e9sz\u0151je be\u00e1ll\u00edt\u00e1sainak m\u00f3dos\u00edt\u00e1s\u00e1val vagy az oldalon megadott el\u00e9rhet\u0151s\u00e9geken kereszt\u00fcl.<br \/><br \/><\/p><p><b>6.2. A Microsoft Clarity haszn\u00e1lata<\/b><br \/>Weboldalunkon <strong>Microsoft Clarity<\/strong> szolg\u00e1ltat\u00e1st haszn\u00e1lunk \u2013 a Microsoft Corporation (USA) \u00e1ltal biztos\u00edtott eszk\u00f6zt \u2013, amely seg\u00edt meg\u00e9rteni, hogyan haszn\u00e1lj\u00e1k l\u00e1togat\u00f3ink az oldalt (p\u00e9ld\u00e1ul mely oldalakat l\u00e1togatj\u00e1k meg, hov\u00e1 kattintanak \u00e9s mennyi ideig maradnak). Ez a szolg\u00e1ltat\u00e1s seg\u00edt a weboldal teljes\u00edtm\u00e9ny\u00e9nek \u00e9s a felhaszn\u00e1l\u00f3i \u00e9lm\u00e9nynek a jav\u00edt\u00e1s\u00e1ban.<br \/><br \/><\/p><p>A Microsoft Clarity s\u00fctiket \u00e9s hasonl\u00f3 nyomk\u00f6vet\u00e9si technol\u00f3gi\u00e1kat haszn\u00e1l, amelyek az al\u00e1bbi adatokat gy\u0171jthetik:<br \/>&#8211; a b\u00f6ng\u00e9sz\u0151re, eszk\u00f6zre \u00e9s k\u00e9perny\u0151felbont\u00e1sra vonatkoz\u00f3 inform\u00e1ci\u00f3k;<br \/>&#8211; a felhaszn\u00e1l\u00f3i interakci\u00f3k (eg\u00e9rmozg\u00e1sok, kattint\u00e1sok, g\u00f6rget\u00e9s);<br \/>&#8211; a l\u00e1togat\u00e1s id\u0151tartama \u00e9s a megtekintett oldalak;<br \/>&#8211; anonimiz\u00e1lt IP-c\u00edm (r\u00f6vid\u00edtett form\u00e1ban).<br \/><br \/><\/p><p>Ezek az adatok anonimiz\u00e1l\u00e1sra ker\u00fclnek, \u00e9s kiz\u00e1r\u00f3lag statisztikai, valamint elemz\u00e9si c\u00e9lokra haszn\u00e1ljuk fel a webhely fejleszt\u00e9se \u00e9rdek\u00e9ben. A Microsoft Clarity adatv\u00e9delmi nyilatkozata itt \u00e9rhet\u0151 el:<br \/><a href=\"https:\/\/privacy.microsoft.com\/privacystatement\" target=\"_blank\" rel=\"noopener\">https:\/\/privacy.microsoft.com\/privacystatement<\/a><br \/><br \/><\/p><p>Amennyiben nem szeretn\u00e9, hogy a Microsoft Clarity adatokat gy\u0171jts\u00f6n az \u00d6n b\u00f6ng\u00e9sz\u00e9si tev\u00e9kenys\u00e9g\u00e9r\u0151l, az al\u00e1bbiakat teheti:<br \/>&#8211; letilthatja a s\u00fctiket a b\u00f6ng\u00e9sz\u0151 be\u00e1ll\u00edt\u00e1saiban; vagy<br \/>&#8211; haszn\u00e1lhatja a Microsoft opt-out eszk\u00f6zt az al\u00e1bbi oldalon: <a href=\"https:\/\/optout.aboutads.info\" target=\"_blank\" rel=\"noopener\">https:\/\/optout.aboutads.info<\/a>.<br \/><br \/><\/p><p><strong>7. M\u00f3dos\u00edt\u00e1sok \u00e9s z\u00e1r\u00f3 rendelkez\u00e9sek<\/strong><br \/>7.1. A www.kastenkidz.com fenntartja a jogot, hogy a jelen Adatv\u00e9delmi szab\u00e1lyzatot r\u00e9szben vagy eg\u00e9szben m\u00f3dos\u00edtsa az online \u00e1ruh\u00e1zban t\u00f6rt\u00e9n\u0151 k\u00f6zz\u00e9t\u00e9tellel. A weboldal tov\u00e1bbi haszn\u00e1lata a m\u00f3dos\u00edt\u00e1sok elfogad\u00e1s\u00e1t jelenti. Az e szab\u00e1lyzatb\u00f3l ered\u0151 vit\u00e1s k\u00e9rd\u00e9seket t\u00e1rgyal\u00e1sos \u00faton kell rendezni, meg\u00e1llapod\u00e1s hi\u00e1ny\u00e1ban pedig a Litv\u00e1n K\u00f6zt\u00e1rsas\u00e1g t\u00f6rv\u00e9nyei az ir\u00e1nyad\u00f3k.<\/p>\t\t\t\t\t\t\t\t<\/div>\n\t\t\t\t<\/div>\n\t\t\t\t\t<\/div>\n\t\t\t\t<\/div>\n\t\t\t\t<\/div>\n\t\t","protected":false},"excerpt":{"rendered":"<p>Adatv\u00e9delmi ir\u00e1nyelvek 1. \u00c1ltal\u00e1nos rendelkez\u00e9sek1.1. A jelen Adatv\u00e9delmi szab\u00e1lyzat a www.kastenkidz.com web\u00e1ruh\u00e1z \u00e9s \u00fcgyfelei (a tov\u00e1bbiakban: &#8222;\u00d6n&#8221; vagy &#8222;\u00d6n\u00f6k&#8221;) \u00e1ltal v\u00e9gzett szem\u00e9lyes adatok gy\u0171jt\u00e9s\u00e9nek, feldolgoz\u00e1s\u00e1nak \u00e9s t\u00e1rol\u00e1s\u00e1nak els\u0151dleges elveit \u00e9s elj\u00e1r\u00e1sait szab\u00e1lyozza.1.2. Az \u00d6n szem\u00e9lyes adatainak gy\u0171jt\u00e9s\u00e9t, feldolgoz\u00e1s\u00e1t \u00e9s t\u00e1rol\u00e1s\u00e1t a jelen Adatv\u00e9delmi szab\u00e1lyzat, a Litv\u00e1n K\u00f6zt\u00e1rsas\u00e1g szem\u00e9lyes adatok v\u00e9delm\u00e9r\u0151l sz\u00f3l\u00f3 t\u00f6rv\u00e9nye \u00e9s m\u00e1s alkalmazand\u00f3 [&hellip;]<\/p>\n","protected":false},"author":1,"featured_media":0,"parent":0,"menu_order":0,"comment_status":"closed","ping_status":"closed","template":"","meta":{"_acf_changed":false,"site-sidebar-layout":"no-sidebar","site-content-layout":"page-builder","ast-site-content-layout":"full-width-container","site-content-style":"default","site-sidebar-style":"default","ast-global-header-display":"","ast-banner-title-visibility":"","ast-main-header-display":"","ast-hfb-above-header-display":"","ast-hfb-below-header-display":"","ast-hfb-mobile-header-display":"","site-post-title":"disabled","ast-breadcrumbs-content":"","ast-featured-img":"disabled","footer-sml-layout":"","ast-disable-related-posts":"","theme-transparent-header-meta":"","adv-header-id-meta":"","stick-header-meta":"","header-above-stick-meta":"","header-main-stick-meta":"","header-below-stick-meta":"","astra-migrate-meta-layouts":"default","ast-page-background-enabled":"default","ast-page-background-meta":{"desktop":{"background-color":"","background-image":"","background-repeat":"repeat","background-position":"center center","background-size":"auto","background-attachment":"scroll","background-type":"","background-media":"","overlay-type":"","overlay-color":"","overlay-opacity":"","overlay-gradient":""},"tablet":{"background-color":"","background-image":"","background-repeat":"repeat","background-position":"center center","background-size":"auto","background-attachment":"scroll","background-type":"","background-media":"","overlay-type":"","overlay-color":"","overlay-opacity":"","overlay-gradient":""},"mobile":{"background-color":"","background-image":"","background-repeat":"repeat","background-position":"center center","background-size":"auto","background-attachment":"scroll","background-type":"","background-media":"","overlay-type":"","overlay-color":"","overlay-opacity":"","overlay-gradient":""}},"ast-content-background-meta":{"desktop":{"background-color":"var(--ast-global-color-5)","background-image":"","background-repeat":"repeat","background-position":"center center","background-size":"auto","background-attachment":"scroll","background-type":"","background-media":"","overlay-type":"","overlay-color":"","overlay-opacity":"","overlay-gradient":""},"tablet":{"background-color":"var(--ast-global-color-5)","background-image":"","background-repeat":"repeat","background-position":"center center","background-size":"auto","background-attachment":"scroll","background-type":"","background-media":"","overlay-type":"","overlay-color":"","overlay-opacity":"","overlay-gradient":""},"mobile":{"background-color":"var(--ast-global-color-5)","background-image":"","background-repeat":"repeat","background-position":"center center","background-size":"auto","background-attachment":"scroll","background-type":"","background-media":"","overlay-type":"","overlay-color":"","overlay-opacity":"","overlay-gradient":""}},"footnotes":""},"class_list":["post-9508","page","type-page","status-publish","hentry"],"acf":[],"_links":{"self":[{"href":"https:\/\/kastenkidz.com\/hu\/wp-json\/wp\/v2\/pages\/9508","targetHints":{"allow":["GET"]}}],"collection":[{"href":"https:\/\/kastenkidz.com\/hu\/wp-json\/wp\/v2\/pages"}],"about":[{"href":"https:\/\/kastenkidz.com\/hu\/wp-json\/wp\/v2\/types\/page"}],"author":[{"embeddable":true,"href":"https:\/\/kastenkidz.com\/hu\/wp-json\/wp\/v2\/users\/1"}],"replies":[{"embeddable":true,"href":"https:\/\/kastenkidz.com\/hu\/wp-json\/wp\/v2\/comments?post=9508"}],"version-history":[{"count":4,"href":"https:\/\/kastenkidz.com\/hu\/wp-json\/wp\/v2\/pages\/9508\/revisions"}],"predecessor-version":[{"id":11658,"href":"https:\/\/kastenkidz.com\/hu\/wp-json\/wp\/v2\/pages\/9508\/revisions\/11658"}],"wp:attachment":[{"href":"https:\/\/kastenkidz.com\/hu\/wp-json\/wp\/v2\/media?parent=9508"}],"curies":[{"name":"wp","href":"https:\/\/api.w.org\/{rel}","templated":true}]}}