{"id":9502,"date":"2025-02-20T19:27:42","date_gmt":"2025-02-20T19:27:42","guid":{"rendered":"https:\/\/kastenkidz.com\/vasarlasi-feltetelek\/"},"modified":"2025-07-28T23:48:18","modified_gmt":"2025-07-28T23:48:18","slug":"vasarlasi-feltetelek","status":"publish","type":"page","link":"https:\/\/kastenkidz.com\/hu\/vasarlasi-feltetelek\/","title":{"rendered":"V\u00e1s\u00e1rl\u00e1si felt\u00e9telek"},"content":{"rendered":"\t\t<div data-elementor-type=\"wp-page\" data-elementor-id=\"9502\" class=\"elementor elementor-9502 elementor-3570\" data-elementor-post-type=\"page\">\n\t\t\t\t<div class=\"elementor-element elementor-element-5d5400c e-flex e-con-boxed e-con e-parent\" data-id=\"5d5400c\" data-element_type=\"container\" data-e-type=\"container\">\n\t\t\t\t\t<div class=\"e-con-inner\">\n\t\t\t\t<div class=\"elementor-element elementor-element-57fcf4a elementor-widget elementor-widget-text-editor\" data-id=\"57fcf4a\" data-element_type=\"widget\" data-e-type=\"widget\" data-widget_type=\"text-editor.default\">\n\t\t\t\t<div class=\"elementor-widget-container\">\n\t\t\t\t\t\t\t\t\t<h3>V\u00e1s\u00e1rl\u00e1si felt\u00e9telek<\/h3><p><strong>1. \u00c1ltal\u00e1nos rendelkez\u00e9sek<\/strong><br>1.1. Jelen \u00c1ltal\u00e1nos Szerz\u0151d\u00e9si Felt\u00e9telek (a tov\u00e1bbiakban: \u201eFelt\u00e9telek\u201d) a www.kastenkidz.com web\u00e1ruh\u00e1zban t\u00f6rt\u00e9n\u0151 \u00e1ruv\u00e1s\u00e1rl\u00e1sra \u00e9s -\u00e9rt\u00e9kes\u00edt\u00e9sre vonatkoznak, \u00e9s a Vev\u0151 \u00e1ltali elfogad\u00e1ssal (a Felt\u00e9telek elolvas\u00e1s\u00e1t k\u00f6vet\u0151en, a \u201eElolvastam \u00e9s elfogadom a weboldal felt\u00e9teleit\u201d kijelent\u00e9s melletti jel\u00f6l\u0151n\u00e9gyzet bejel\u00f6l\u00e9s\u00e9vel) a Felek k\u00f6z\u00f6tt jogilag k\u00f6telez\u0151 \u00e9rv\u00e9ny\u0171 dokumentumm\u00e1 v\u00e1lnak. Meghat\u00e1rozz\u00e1k a Vev\u0151 \u00e9s az Elad\u00f3 jogait \u00e9s k\u00f6telezetts\u00e9geit, az \u00e1ruv\u00e1s\u00e1rl\u00e1s \u00e9s fizet\u00e9s felt\u00e9teleit, az \u00e1ru k\u00e9zbes\u00edt\u00e9s\u00e9nek \u00e9s visszak\u00fcld\u00e9s\u00e9nek szab\u00e1lyait, a Felek felel\u0151ss\u00e9g\u00e9t, valamint az online \u00e1ruh\u00e1zban t\u00f6rt\u00e9n\u0151 ad\u00e1sv\u00e9telhez kapcsol\u00f3d\u00f3 egy\u00e9b rendelkez\u00e9seket. <br>1.2. Az Elad\u00f3 fenntartja a jogot, hogy a Felt\u00e9teleket b\u00e1rmikor m\u00f3dos\u00edtsa, kieg\u00e9sz\u00edtse vagy megv\u00e1ltoztassa a jogszab\u00e1lyi el\u0151\u00edr\u00e1soknak megfelel\u0151en.<\/p><p><strong>2. Szem\u00e9lyes adatok v\u00e9delme<\/strong><br>2.1. Az \u00e1ru megrendel\u00e9sekor a Vev\u0151 k\u00f6teles megadni a sz\u00fcks\u00e9ges szem\u00e9lyes adatokat az Elad\u00f3 \u00e1ltal biztos\u00edtott mez\u0151kben: n\u00e9v, vezet\u00e9kn\u00e9v, e-mail c\u00edm \u00e9s orsz\u00e1g.<br>2.2. A jelen Felt\u00e9telek elfogad\u00e1s\u00e1val a Vev\u0151 hozz\u00e1j\u00e1rul ahhoz, hogy a 2.1. pontban megadott szem\u00e9lyes adatai feldolgoz\u00e1sra ker\u00fcljenek a www.kastenkidz.com web\u00e1ruh\u00e1zban t\u00f6rt\u00e9n\u0151 \u00e1ruk \u00e9s szolg\u00e1ltat\u00e1sok \u00e9rt\u00e9kes\u00edt\u00e9se c\u00e9lj\u00e1b\u00f3l, az Elad\u00f3 \u00fczleti elemz\u00e9se c\u00e9lj\u00e1b\u00f3l, valamint k\u00f6zvetlen marketing c\u00e9lokra. A Vev\u0151 tov\u00e1bb\u00e1 elfogadja, hogy szem\u00e9lyes adatai \u2013 n\u00e9v, vezet\u00e9kn\u00e9v, e-mail c\u00edm \u00e9s orsz\u00e1g \u2013 \u00e1tadhat\u00f3k az Elad\u00f3 partnereinek (adatfeldolgoz\u00f3knak), akik a megrendel\u00e9s teljes\u00edt\u00e9s\u00e9hez sz\u00fcks\u00e9ges sz\u00e1ll\u00edt\u00e1si vagy egy\u00e9b szolg\u00e1ltat\u00e1sokat ny\u00fajtanak.<br>2.3. A szem\u00e9lyes adatoknak az Elad\u00f3 web\u00e1ruh\u00e1z\u00e1ban t\u00f6rt\u00e9n\u0151 \u00e1ruk \u00e9s szolg\u00e1ltat\u00e1sok \u00e9rt\u00e9kes\u00edt\u00e9se c\u00e9lj\u00e1b\u00f3l t\u00f6rt\u00e9n\u0151 kezel\u00e9s\u00e9hez val\u00f3 hozz\u00e1j\u00e1rul\u00e1ssal a Vev\u0151 egyben hozz\u00e1j\u00e1rul ahhoz is, hogy a megrendel\u00e9s teljes\u00edt\u00e9s\u00e9hez sz\u00fcks\u00e9ges t\u00e1j\u00e9koztat\u00f3 \u00fczeneteket a megadott e-mail c\u00edmre megkapja.<br>2.4. Amennyiben a Vev\u0151 nem \u00e9rt egyet a jelen szakaszban meghat\u00e1rozott adatv\u00e9delmi rendelkez\u00e9sekkel, elvesz\u00edti a www.kastenkidz.com web\u00e1ruh\u00e1z \u00e1ltal ny\u00fajtott szolg\u00e1ltat\u00e1sok ig\u00e9nybev\u00e9tel\u00e9nek jog\u00e1t.      <\/p><p><strong>3. A Vev\u0151 jogai \u00e9s k\u00f6telezetts\u00e9gei<\/strong><br>3.1. A Vev\u0151 jogosult \u00e1rut v\u00e1s\u00e1rolni a www.kastenkidz.com web\u00e1ruh\u00e1zban a jelen Felt\u00e9teleknek \u00e9s az Elad\u00f3 web\u00e1ruh\u00e1z\u00e1ban tal\u00e1lhat\u00f3 egy\u00e9b inform\u00e1ci\u00f3s szekci\u00f3knak megfelel\u0151en.<br>3.2. A Vev\u0151 jogosult \u00e1rut v\u00e1s\u00e1rolni.<br>3.3. A Vev\u0151 k\u00f6teles az \u00e1rut el\u0151re kifizetni.<br>3.4. Ha a Vev\u0151 regisztr\u00e1ci\u00f3s adatai megv\u00e1ltoznak, k\u00f6teles err\u0151l halad\u00e9ktalanul \u00e9rtes\u00edteni az Elad\u00f3t.    <\/p><p><strong>4. Az Elad\u00f3 jogai \u00e9s k\u00f6telezetts\u00e9gei<\/strong><br>4.1. Az Elad\u00f3 v\u00e1llalja, hogy lehet\u0151s\u00e9get biztos\u00edt a Vev\u0151 sz\u00e1m\u00e1ra a www.kastenkidz.com web\u00e1ruh\u00e1z szolg\u00e1ltat\u00e1sainak ig\u00e9nybev\u00e9tel\u00e9re a jelen Felt\u00e9telekben \u00e9s a web\u00e1ruh\u00e1zban meghat\u00e1rozott felt\u00e9telek szerint.<br>4.2. Amennyiben a Vev\u0151 megk\u00eds\u00e9rli vesz\u00e9lyeztetni a web\u00e1ruh\u00e1z stabilit\u00e1s\u00e1t vagy biztons\u00e1g\u00e1t, illetve nem teljes\u00edti k\u00f6telezetts\u00e9geit, az Elad\u00f3 jogosult a Vev\u0151 hozz\u00e1f\u00e9r\u00e9s\u00e9t a web\u00e1ruh\u00e1zhoz el\u0151zetes \u00e9rtes\u00edt\u00e9s n\u00e9lk\u00fcl azonnal korl\u00e1tozni vagy felf\u00fcggeszteni, illetve kiv\u00e9teles esetekben a regisztr\u00e1ci\u00f3j\u00e1t t\u00f6r\u00f6lni.<br>4.3. Fontos k\u00f6r\u00fclm\u00e9nyek eset\u00e9n az Elad\u00f3 el\u0151zetes \u00e9rtes\u00edt\u00e9s n\u00e9lk\u00fcl ideiglenesen vagy v\u00e9glegesen megsz\u00fcntetheti a web\u00e1ruh\u00e1z m\u0171k\u00f6d\u00e9s\u00e9t.<br>4.4. Az Elad\u00f3 jogosult el\u0151zetes \u00e9rtes\u00edt\u00e9s n\u00e9lk\u00fcl t\u00f6r\u00f6lni a Vev\u0151 megrendel\u00e9s\u00e9t, ha a Vev\u0151 nem fizeti ki az \u00e1rut h\u00e1rom (3) munkanapon bel\u00fcl, amikor az 5.2.1\u20135.2.4. pontokban meghat\u00e1rozott fizet\u00e9si m\u00f3dok valamelyik\u00e9t v\u00e1lasztotta.<br>4.5. Az Elad\u00f3 v\u00e1llalja, hogy tiszteletben tartja a Vev\u0151 szem\u00e9lyes adataihoz f\u0171z\u0151d\u0151 mag\u00e1n\u00e9lethez val\u00f3 jog\u00e1t, \u00e9s a Vev\u0151 szem\u00e9lyes adatait kiz\u00e1r\u00f3lag a Felt\u00e9telek 2. szakasz\u00e1nak \u00e9s a Litv\u00e1n K\u00f6zt\u00e1rsas\u00e1g jogszab\u00e1lyainak megfelel\u0151en kezeli.     <\/p><p><strong>5. \u00c1rak, fizet\u00e9si felt\u00e9telek \u00e9s m\u00f3dok<\/strong><br>5.1. A web\u00e1ruh\u00e1zban szerepl\u0151 \u00e1rak eur\u00f3ban vannak felt\u00fcntetve.<br>5.2. A Vev\u0151 az al\u00e1bbi fizet\u00e9si m\u00f3dok egyik\u00e9vel fizetheti ki az \u00e1rut:<br>5.2.1. A Paysera rendszeren kereszt\u00fcl, bele\u00e9rtve az elektronikus banki szolg\u00e1ltat\u00e1sokat (Swedbank AB, SEB AB, Citadele AB, Luminor AB).<br>5.2.2. \u00c1tutal\u00e1ssal a megadott banksz\u00e1ml\u00e1ra. A k\u00f6zlem\u00e9ny rovatba k\u00e9rj\u00fck, \u00edrja be: \u201eOktat\u00e1si feladatokra.\u201d A teljes\u00edtett fizet\u00e9sr\u0151l \u00e9s a megv\u00e1s\u00e1rolt \u00e1rur\u00f3l k\u00fcldj\u00f6n \u00e9rtes\u00edt\u00e9st az info@kastenkidz.com e-mail c\u00edmre.<br>5.2.3. Bankk\u00e1rty\u00e1val.<br>5.2.4. PayPalon kereszt\u00fcl.        <\/p><p><strong>6. Az \u00e1ru k\u00e9zbes\u00edt\u00e9se<\/strong><br>6.1. A kastenkidz.com kiz\u00e1r\u00f3lag digit\u00e1lis term\u00e9keket \u2013 PDF f\u00e1jlokat \u2013 \u00e9rt\u00e9kes\u00edt. A fizet\u00e9st k\u00f6vet\u0151en n\u00e9h\u00e1ny percen bel\u00fcl e-mailt kap, amely tartalmazza a megrendelt term\u00e9kek let\u00f6lt\u00e9si linkjeit \u00e9s a csatolt sz\u00e1ml\u00e1t. A linkekre kattintva tudja let\u00f6lteni a PDF f\u00e1jlokat. Az al\u00e1bbiakban csatoltunk egy illusztr\u00e1lt p\u00e9ld\u00e1t. Ha nem kapott e-mailt, el\u0151sz\u00f6r ellen\u0151rizze, hogy az \u00fczenet nem ker\u00fclt-e a SPAM vagy prom\u00f3ci\u00f3s mapp\u00e1ba. Nagy val\u00f3sz\u00edn\u0171s\u00e9ggel azonban helytelen e-mail c\u00edmet adott meg. \u00cdrjon nek\u00fcnk az info@kastenkidz.com c\u00edmre, \u00e9s v\u00e1llaljuk, hogy k\u00e9t (2) munkanapon bel\u00fcl v\u00e1laszolunk.       <\/p><p><strong>7. \u00c1ru visszak\u00fcld\u00e9se \u00e9s cser\u00e9je<\/strong><br>7.1. Az Eur\u00f3pai Uni\u00f3 fogyaszt\u00f3i jogokr\u00f3l sz\u00f3l\u00f3 ir\u00e1nyelve (2011\/83\/EU) \u00e9rtelm\u00e9ben a digit\u00e1lis term\u00e9kek nem visszak\u00fcldhet\u0151k. A let\u00f6lt\u00e9s megkezd\u00e9s\u00e9vel a Vev\u0151 elvesz\u00edti az el\u00e1ll\u00e1si jog\u00e1t (visszak\u00fcld\u00e9si jog\u00e1t).  <\/p><p><strong>8. Felel\u0151ss\u00e9g<\/strong><br>8.1. A Vev\u0151 teljes m\u00e9rt\u00e9kben felel\u0151s az \u00e1ltala megadott szem\u00e9lyes adatok pontoss\u00e1g\u00e1\u00e9rt. Amennyiben a Vev\u0151 pontatlan adatokat ad meg, az Elad\u00f3 nem v\u00e1llal felel\u0151ss\u00e9get az ebb\u0151l ered\u0151 k\u00f6vetkezm\u00e9nyek\u00e9rt, \u00e9s jogosult a k\u00f6zvetlen k\u00e1rok megt\u00e9r\u00edt\u00e9s\u00e9t k\u00f6vetelni.<br>8.2. A Vev\u0151 felel\u0151ss\u00e9ggel tartozik minden, az online \u00e1ruh\u00e1z haszn\u00e1lata sor\u00e1n \u00e1ltala v\u00e9gzett tev\u00e9kenys\u00e9g\u00e9rt.<br>8.3. A regisztr\u00e1lt Vev\u0151 felel\u0151s az\u00e9rt, ha harmadik szem\u00e9llyel megosztja bejelentkez\u00e9si adatait. Amennyiben harmadik szem\u00e9ly l\u00e9p be a web\u00e1ruh\u00e1zba a Vev\u0151 bejelentkez\u00e9si adataival, az Elad\u00f3 ezt a szem\u00e9lyt a Vev\u0151nek tekinti.<br>8.4. Az Elad\u00f3 nem felel\u0151s semmilyen k\u00e1r\u00e9rt, amely a Vev\u0151 \u00e1ltal az Elad\u00f3 aj\u00e1nl\u00e1sainak \u00e9s k\u00f6telezetts\u00e9geinek figyelmen k\u00edv\u00fcl hagy\u00e1sa miatt keletkezik, m\u00e9g akkor sem, ha a Vev\u0151nek lehet\u0151s\u00e9ge volt megismerni a jelen Felt\u00e9teleket.<br>8.5. Ha az Elad\u00f3 web\u00e1ruh\u00e1za m\u00e1s v\u00e1llalatok, int\u00e9zm\u00e9nyek, szervezetek vagy mag\u00e1nszem\u00e9lyek weboldalaira mutat\u00f3 hivatkoz\u00e1sokat tartalmaz, az Elad\u00f3 nem felel\u0151s ezen weboldalak tartalm\u00e1\u00e9rt vagy m\u0171k\u00f6d\u00e9s\u00e9\u00e9rt. Az Elad\u00f3 nem figyeli, nem ellen\u0151rzi \u00e9s nem k\u00e9pviseli ezeket a harmadik feleket.<br>8.6. Az Elad\u00f3 nem felel\u0151s a Vev\u0151 \u00e9s az Elad\u00f3 partnerei k\u00f6z\u00f6tt l\u00e9trej\u00f6v\u0151 szolg\u00e1ltat\u00e1sok teljes\u00edt\u00e9s\u00e9\u00e9rt.<br>8.7. K\u00e1r eset\u00e9n a felel\u0151s f\u00e9l k\u00f6teles a m\u00e1sik f\u00e9l r\u00e9sz\u00e9re a k\u00f6zvetlen k\u00e1rokat megt\u00e9r\u00edteni.<br>8.8. Az \u00e1ruh\u00e1zban \u00e9rt\u00e9kes\u00edtett minden term\u00e9ket az EU szerz\u0151i jogi t\u00f6rv\u00e9nyei v\u00e9denek. A term\u00e9kek m\u00e1sol\u00e1sa, terjeszt\u00e9se vagy haszn\u00e1lata a szerz\u0151 enged\u00e9lye n\u00e9lk\u00fcl tilos. A Vev\u0151 kiz\u00e1r\u00f3lag szem\u00e9lyes c\u00e9lra szerez jogot a term\u00e9k haszn\u00e1lat\u00e1ra.             <\/p><p><strong>9. Inform\u00e1ci\u00f3csere<\/strong><br>9.1. Az Elad\u00f3 minden \u00e9rtes\u00edt\u00e9st a Vev\u0151 r\u00e9sz\u00e9re a 2.1. pontban megadott e-mail c\u00edmre k\u00fcld.<br>9.2. A Vev\u0151 minden \u00e9rtes\u00edt\u00e9st \u00e9s megkeres\u00e9st az Elad\u00f3 r\u00e9sz\u00e9re az info@kastenkidz.com e-mail c\u00edmre k\u00fcld.  <\/p>\t\t\t\t\t\t\t\t<\/div>\n\t\t\t\t<\/div>\n\t\t\t\t\t<\/div>\n\t\t\t\t<\/div>\n\t\t\t\t<\/div>\n\t\t","protected":false},"excerpt":{"rendered":"<p>V\u00e1s\u00e1rl\u00e1si felt\u00e9telek 1. \u00c1ltal\u00e1nos rendelkez\u00e9sek1.1. Jelen \u00c1ltal\u00e1nos Szerz\u0151d\u00e9si Felt\u00e9telek (a tov\u00e1bbiakban: \u201eFelt\u00e9telek\u201d) a www.kastenkidz.com web\u00e1ruh\u00e1zban t\u00f6rt\u00e9n\u0151 \u00e1ruv\u00e1s\u00e1rl\u00e1sra \u00e9s -\u00e9rt\u00e9kes\u00edt\u00e9sre vonatkoznak, \u00e9s a Vev\u0151 \u00e1ltali elfogad\u00e1ssal (a Felt\u00e9telek elolvas\u00e1s\u00e1t k\u00f6vet\u0151en, a \u201eElolvastam \u00e9s elfogadom a weboldal felt\u00e9teleit\u201d kijelent\u00e9s melletti jel\u00f6l\u0151n\u00e9gyzet bejel\u00f6l\u00e9s\u00e9vel) a Felek k\u00f6z\u00f6tt jogilag k\u00f6telez\u0151 \u00e9rv\u00e9ny\u0171 dokumentumm\u00e1 v\u00e1lnak. Meghat\u00e1rozz\u00e1k a Vev\u0151 \u00e9s az Elad\u00f3 jogait [&hellip;]<\/p>\n","protected":false},"author":1,"featured_media":0,"parent":0,"menu_order":0,"comment_status":"closed","ping_status":"closed","template":"","meta":{"_acf_changed":false,"site-sidebar-layout":"no-sidebar","site-content-layout":"page-builder","ast-site-content-layout":"full-width-container","site-content-style":"default","site-sidebar-style":"default","ast-global-header-display":"","ast-banner-title-visibility":"","ast-main-header-display":"","ast-hfb-above-header-display":"","ast-hfb-below-header-display":"","ast-hfb-mobile-header-display":"","site-post-title":"disabled","ast-breadcrumbs-content":"","ast-featured-img":"disabled","footer-sml-layout":"","ast-disable-related-posts":"","theme-transparent-header-meta":"","adv-header-id-meta":"","stick-header-meta":"","header-above-stick-meta":"","header-main-stick-meta":"","header-below-stick-meta":"","astra-migrate-meta-layouts":"default","ast-page-background-enabled":"default","ast-page-background-meta":{"desktop":{"background-color":"","background-image":"","background-repeat":"repeat","background-position":"center center","background-size":"auto","background-attachment":"scroll","background-type":"","background-media":"","overlay-type":"","overlay-color":"","overlay-opacity":"","overlay-gradient":""},"tablet":{"background-color":"","background-image":"","background-repeat":"repeat","background-position":"center center","background-size":"auto","background-attachment":"scroll","background-type":"","background-media":"","overlay-type":"","overlay-color":"","overlay-opacity":"","overlay-gradient":""},"mobile":{"background-color":"","background-image":"","background-repeat":"repeat","background-position":"center center","background-size":"auto","background-attachment":"scroll","background-type":"","background-media":"","overlay-type":"","overlay-color":"","overlay-opacity":"","overlay-gradient":""}},"ast-content-background-meta":{"desktop":{"background-color":"var(--ast-global-color-5)","background-image":"","background-repeat":"repeat","background-position":"center center","background-size":"auto","background-attachment":"scroll","background-type":"","background-media":"","overlay-type":"","overlay-color":"","overlay-opacity":"","overlay-gradient":""},"tablet":{"background-color":"var(--ast-global-color-5)","background-image":"","background-repeat":"repeat","background-position":"center center","background-size":"auto","background-attachment":"scroll","background-type":"","background-media":"","overlay-type":"","overlay-color":"","overlay-opacity":"","overlay-gradient":""},"mobile":{"background-color":"var(--ast-global-color-5)","background-image":"","background-repeat":"repeat","background-position":"center center","background-size":"auto","background-attachment":"scroll","background-type":"","background-media":"","overlay-type":"","overlay-color":"","overlay-opacity":"","overlay-gradient":""}},"footnotes":""},"class_list":["post-9502","page","type-page","status-publish","hentry"],"acf":[],"_links":{"self":[{"href":"https:\/\/kastenkidz.com\/hu\/wp-json\/wp\/v2\/pages\/9502","targetHints":{"allow":["GET"]}}],"collection":[{"href":"https:\/\/kastenkidz.com\/hu\/wp-json\/wp\/v2\/pages"}],"about":[{"href":"https:\/\/kastenkidz.com\/hu\/wp-json\/wp\/v2\/types\/page"}],"author":[{"embeddable":true,"href":"https:\/\/kastenkidz.com\/hu\/wp-json\/wp\/v2\/users\/1"}],"replies":[{"embeddable":true,"href":"https:\/\/kastenkidz.com\/hu\/wp-json\/wp\/v2\/comments?post=9502"}],"version-history":[{"count":1,"href":"https:\/\/kastenkidz.com\/hu\/wp-json\/wp\/v2\/pages\/9502\/revisions"}],"predecessor-version":[{"id":9503,"href":"https:\/\/kastenkidz.com\/hu\/wp-json\/wp\/v2\/pages\/9502\/revisions\/9503"}],"wp:attachment":[{"href":"https:\/\/kastenkidz.com\/hu\/wp-json\/wp\/v2\/media?parent=9502"}],"curies":[{"name":"wp","href":"https:\/\/api.w.org\/{rel}","templated":true}]}}