{"id":6405,"date":"2025-02-06T16:45:43","date_gmt":"2025-02-06T16:45:43","guid":{"rendered":"https:\/\/kastenkidz.com\/product\/igra-usamljenik\/"},"modified":"2025-07-20T18:53:42","modified_gmt":"2025-07-20T18:53:42","slug":"igra-usamljenik","status":"publish","type":"product","link":"https:\/\/kastenkidz.com\/hr\/proizvod\/igra-usamljenik\/","title":{"rendered":"Igra \u201eUsamljenik\u201c"},"content":{"rendered":"<p>U ovoj igri sudjeluje od dvije do pet osoba. Svakom igra\u010du dodijeljuje se jednak broj kartica. Na po\u010detku igre svaki igra\u010d ima pravo pogledati koje kartice je dobio i ako ustanovi par identi\u010dnih slika, odla\u017ee ih na stol, a igru \u200b\u200bzapo\u010dinje igra\u010d koji ima najvi\u0161e kartica u ruci tako \u0161to sljede\u0107em po redu igra\u010du ponudi skup svojih kartica na izbor jedne kartice. Naravno, prilikom davanja svojih kartica na izbor za izvla\u010denje jedne kartice suigra\u010du treba paziti da se ne vidi lice kartica. Ako drugi igra\u010d izvu\u010de karticu koju mo\u017ee upariti sa jednom karticom iz svog seta, odla\u017ee ih na stol. Zatim taj isti igra\u010d daje na izbor svoj set kartica za izvla\u010denje jedne kartice sljede\u0107em po redu suigra\u010du i tako redom dalje, &#8220;iz kruga, u krug&#8221;. Igra zavr\u0161ava kada jednom od igra\u010da ostane samo jedna kartica koja nema par, odnosno ostane mu\/njoj &#8220;Usamljena vo\u0107ka&#8221;. Pobjednik je onaj tko prvi ostane bez svih karatica.                                                                                                                                                                                                                                                                                                                                                                            Sadr\u017eaj: \u010detiri lista A4 formata. <\/p>\n","protected":false},"excerpt":{"rendered":"<p>U ovoj igri sudjeluje od dvije do pet osoba. Svakom igra\u010du dodijeljuje se jednak broj kartica. Na po\u010detku igre svaki igra\u010d ima pravo pogledati koje kartice je dobio i ako ustanovi par identi\u010dnih slika, odla\u017ee ih na stol, a igru \u200b\u200bzapo\u010dinje igra\u010d koji ima najvi\u0161e kartica u ruci tako \u0161to sljede\u0107em po redu igra\u010du ponudi [&hellip;]<\/p>\n","protected":false},"featured_media":6407,"comment_status":"closed","ping_status":"closed","template":"","meta":{"_acf_changed":false,"site-sidebar-layout":"default","site-content-layout":"","ast-site-content-layout":"default","site-content-style":"default","site-sidebar-style":"default","ast-global-header-display":"","ast-banner-title-visibility":"","ast-main-header-display":"","ast-hfb-above-header-display":"","ast-hfb-below-header-display":"","ast-hfb-mobile-header-display":"","site-post-title":"","ast-breadcrumbs-content":"","ast-featured-img":"","footer-sml-layout":"","ast-disable-related-posts":"","theme-transparent-header-meta":"default","adv-header-id-meta":"","stick-header-meta":"default","header-above-stick-meta":"","header-main-stick-meta":"","header-below-stick-meta":"","astra-migrate-meta-layouts":"default","ast-page-background-enabled":"default","ast-page-background-meta":{"desktop":{"background-color":"","background-image":"","background-repeat":"repeat","background-position":"center center","background-size":"auto","background-attachment":"scroll","background-type":"","background-media":"","overlay-type":"","overlay-color":"","overlay-opacity":"","overlay-gradient":""},"tablet":{"background-color":"","background-image":"","background-repeat":"repeat","background-position":"center center","background-size":"auto","background-attachment":"scroll","background-type":"","background-media":"","overlay-type":"","overlay-color":"","overlay-opacity":"","overlay-gradient":""},"mobile":{"background-color":"","background-image":"","background-repeat":"repeat","background-position":"center center","background-size":"auto","background-attachment":"scroll","background-type":"","background-media":"","overlay-type":"","overlay-color":"","overlay-opacity":"","overlay-gradient":""}},"ast-content-background-meta":{"desktop":{"background-color":"var(--ast-global-color-5)","background-image":"","background-repeat":"repeat","background-position":"center center","background-size":"auto","background-attachment":"scroll","background-type":"","background-media":"","overlay-type":"","overlay-color":"","overlay-opacity":"","overlay-gradient":""},"tablet":{"background-color":"var(--ast-global-color-5)","background-image":"","background-repeat":"repeat","background-position":"center center","background-size":"auto","background-attachment":"scroll","background-type":"","background-media":"","overlay-type":"","overlay-color":"","overlay-opacity":"","overlay-gradient":""},"mobile":{"background-color":"var(--ast-global-color-5)","background-image":"","background-repeat":"repeat","background-position":"center center","background-size":"auto","background-attachment":"scroll","background-type":"","background-media":"","overlay-type":"","overlay-color":"","overlay-opacity":"","overlay-gradient":""}}},"product_brand":[],"product_cat":[112],"product_tag":[],"class_list":{"0":"post-6405","1":"product","2":"type-product","3":"status-publish","4":"has-post-thumbnail","6":"product_cat-igre","7":"desktop-align-center","8":"tablet-align-left","9":"mobile-align-center","10":"ast-product-gallery-layout-first-image-large","11":"ast-product-gallery-with-no-image","12":"ast-product-tabs-layout-horizontal","14":"first","15":"instock","16":"sale","17":"downloadable","18":"virtual","19":"sold-individually","20":"purchasable","21":"product-type-simple"},"acf":[],"_links":{"self":[{"href":"https:\/\/kastenkidz.com\/hr\/wp-json\/wp\/v2\/product\/6405","targetHints":{"allow":["GET"]}}],"collection":[{"href":"https:\/\/kastenkidz.com\/hr\/wp-json\/wp\/v2\/product"}],"about":[{"href":"https:\/\/kastenkidz.com\/hr\/wp-json\/wp\/v2\/types\/product"}],"replies":[{"embeddable":true,"href":"https:\/\/kastenkidz.com\/hr\/wp-json\/wp\/v2\/comments?post=6405"}],"wp:featuredmedia":[{"embeddable":true,"href":"https:\/\/kastenkidz.com\/hr\/wp-json\/wp\/v2\/media\/6407"}],"wp:attachment":[{"href":"https:\/\/kastenkidz.com\/hr\/wp-json\/wp\/v2\/media?parent=6405"}],"wp:term":[{"taxonomy":"product_brand","embeddable":true,"href":"https:\/\/kastenkidz.com\/hr\/wp-json\/wp\/v2\/product_brand?post=6405"},{"taxonomy":"product_cat","embeddable":true,"href":"https:\/\/kastenkidz.com\/hr\/wp-json\/wp\/v2\/product_cat?post=6405"},{"taxonomy":"product_tag","embeddable":true,"href":"https:\/\/kastenkidz.com\/hr\/wp-json\/wp\/v2\/product_tag?post=6405"}],"curies":[{"name":"wp","href":"https:\/\/api.w.org\/{rel}","templated":true}]}}