{"id":6325,"date":"2025-02-06T16:45:39","date_gmt":"2025-02-06T16:45:39","guid":{"rendered":"https:\/\/kastenkidz.com\/product\/da-ili-ne-pogodi-zivotinju\/"},"modified":"2025-07-20T18:53:27","modified_gmt":"2025-07-20T18:53:27","slug":"da-ili-ne-pogodi-zivotinju","status":"publish","type":"product","link":"https:\/\/kastenkidz.com\/hr\/proizvod\/da-ili-ne-pogodi-zivotinju\/","title":{"rendered":"Da ili ne? Pogodi \u017eivotinju!"},"content":{"rendered":"<p>Sje\u0107ate li se igre &#8220;Da i ne&#8221;? Osmislili smo verziju temeljenu na motivima ove igre koja \u0107e uklju\u010diti cijelu obitelj, a najmla\u0111e pou\u010diti kako razlikovati doma\u0107e od divljih \u017eivotinje.                                                                                                                                                                                                                                                          Potrebno je ispisati dva primjerka kartica za igru.                                                                                                                                                                                                                  Pravila igre. Jedan primjerak kartica potrebno je postaviti na stol licem prema gore kako bi svi igra\u010di mogli vidjeti sadr\u017eaj svih kartica, crte\u017ee \u017eivotinja, a drugi primjerak, licem prema dolje. Prvi igra\u010d uzima karticu s hrpe licem okrenutim prema dolje, ali je ne pokazuje suigra\u010dima. Ostali igra\u010di, promatraju\u0107i \u017eivotinje na karticama okrenutim licem prema gore, trebaju doku\u010diti koju je \u017eivotinju prvi igra\u010d izvukao. Kako bi saznali o kojoj je kartici rije\u010d, suigra\u010di imaju pravo redom postaviti po jedno pitanje. Prvi igra\u010d odgovara na pitanja rije\u010dima &#8220;Da&#8221; ili &#8220;Ne&#8221;. Kada jedan od suigra\u010da koji postavlja pitanje odlu\u010di objaviti kako zna o kojoj je \u017eivotinji rije\u010d, uzima karticu s likom pretpostavljene \u017eivotinjom iz seta kartica polo\u017eenih na stolu licem okrenutim prema gore. Ako se kartice me\u0111usobno podudaraju (na objema je lik iste \u017eivotinje), igra\u010d koji je otkrio (pogodio) o kojoj je \u017eivotinji rije\u010d zadr\u017eava svoju karticu za sebe, a kartica s &#8220;pogo\u0111enom&#8221; \u017eivotinjom iz hrpe licem okrenutim prema dolje uklanja se iz igre. Red je tada na sljede\u0107eg igra\u010da koji opet uzima kartu s hrpe licem okrenutim prema dolje i igra se nastavlja. Ako igra\u010d koji postavlja pitanje ne pogodi, karta okrenuta licem prema gore vra\u0107a se natrag na stol. Pobjednik je kona\u010dno onaj igra\u010d koji je sakupio najvi\u0161e kartica.                                                                                                                                                                                                                                                                                                                                                    Sadr\u017eaj: 36 kartica s crte\u017eima \u017eivotinjama. <\/p>\n","protected":false},"excerpt":{"rendered":"<p>Sje\u0107ate li se igre &#8220;Da i ne&#8221;? Osmislili smo verziju temeljenu na motivima ove igre koja \u0107e uklju\u010diti cijelu obitelj, a najmla\u0111e pou\u010diti kako razlikovati doma\u0107e od divljih \u017eivotinje. Potrebno je ispisati dva primjerka kartica za igru. Pravila igre. Jedan primjerak kartica potrebno je postaviti na stol licem prema gore kako bi svi igra\u010di mogli [&hellip;]<\/p>\n","protected":false},"featured_media":6327,"comment_status":"closed","ping_status":"closed","template":"","meta":{"_acf_changed":false,"site-sidebar-layout":"default","site-content-layout":"","ast-site-content-layout":"default","site-content-style":"default","site-sidebar-style":"default","ast-global-header-display":"","ast-banner-title-visibility":"","ast-main-header-display":"","ast-hfb-above-header-display":"","ast-hfb-below-header-display":"","ast-hfb-mobile-header-display":"","site-post-title":"","ast-breadcrumbs-content":"","ast-featured-img":"","footer-sml-layout":"","ast-disable-related-posts":"","theme-transparent-header-meta":"default","adv-header-id-meta":"","stick-header-meta":"default","header-above-stick-meta":"","header-main-stick-meta":"","header-below-stick-meta":"","astra-migrate-meta-layouts":"default","ast-page-background-enabled":"default","ast-page-background-meta":{"desktop":{"background-color":"","background-image":"","background-repeat":"repeat","background-position":"center center","background-size":"auto","background-attachment":"scroll","background-type":"","background-media":"","overlay-type":"","overlay-color":"","overlay-opacity":"","overlay-gradient":""},"tablet":{"background-color":"","background-image":"","background-repeat":"repeat","background-position":"center center","background-size":"auto","background-attachment":"scroll","background-type":"","background-media":"","overlay-type":"","overlay-color":"","overlay-opacity":"","overlay-gradient":""},"mobile":{"background-color":"","background-image":"","background-repeat":"repeat","background-position":"center center","background-size":"auto","background-attachment":"scroll","background-type":"","background-media":"","overlay-type":"","overlay-color":"","overlay-opacity":"","overlay-gradient":""}},"ast-content-background-meta":{"desktop":{"background-color":"var(--ast-global-color-5)","background-image":"","background-repeat":"repeat","background-position":"center center","background-size":"auto","background-attachment":"scroll","background-type":"","background-media":"","overlay-type":"","overlay-color":"","overlay-opacity":"","overlay-gradient":""},"tablet":{"background-color":"var(--ast-global-color-5)","background-image":"","background-repeat":"repeat","background-position":"center center","background-size":"auto","background-attachment":"scroll","background-type":"","background-media":"","overlay-type":"","overlay-color":"","overlay-opacity":"","overlay-gradient":""},"mobile":{"background-color":"var(--ast-global-color-5)","background-image":"","background-repeat":"repeat","background-position":"center center","background-size":"auto","background-attachment":"scroll","background-type":"","background-media":"","overlay-type":"","overlay-color":"","overlay-opacity":"","overlay-gradient":""}}},"product_brand":[],"product_cat":[112],"product_tag":[],"class_list":{"0":"post-6325","1":"product","2":"type-product","3":"status-publish","4":"has-post-thumbnail","6":"product_cat-igre","7":"desktop-align-center","8":"tablet-align-left","9":"mobile-align-center","10":"ast-product-gallery-layout-first-image-large","11":"ast-product-gallery-with-no-image","12":"ast-product-tabs-layout-horizontal","14":"first","15":"instock","16":"sale","17":"downloadable","18":"virtual","19":"sold-individually","20":"purchasable","21":"product-type-simple"},"acf":[],"_links":{"self":[{"href":"https:\/\/kastenkidz.com\/hr\/wp-json\/wp\/v2\/product\/6325","targetHints":{"allow":["GET"]}}],"collection":[{"href":"https:\/\/kastenkidz.com\/hr\/wp-json\/wp\/v2\/product"}],"about":[{"href":"https:\/\/kastenkidz.com\/hr\/wp-json\/wp\/v2\/types\/product"}],"replies":[{"embeddable":true,"href":"https:\/\/kastenkidz.com\/hr\/wp-json\/wp\/v2\/comments?post=6325"}],"wp:featuredmedia":[{"embeddable":true,"href":"https:\/\/kastenkidz.com\/hr\/wp-json\/wp\/v2\/media\/6327"}],"wp:attachment":[{"href":"https:\/\/kastenkidz.com\/hr\/wp-json\/wp\/v2\/media?parent=6325"}],"wp:term":[{"taxonomy":"product_brand","embeddable":true,"href":"https:\/\/kastenkidz.com\/hr\/wp-json\/wp\/v2\/product_brand?post=6325"},{"taxonomy":"product_cat","embeddable":true,"href":"https:\/\/kastenkidz.com\/hr\/wp-json\/wp\/v2\/product_cat?post=6325"},{"taxonomy":"product_tag","embeddable":true,"href":"https:\/\/kastenkidz.com\/hr\/wp-json\/wp\/v2\/product_tag?post=6325"}],"curies":[{"name":"wp","href":"https:\/\/api.w.org\/{rel}","templated":true}]}}