{"id":6311,"date":"2025-02-06T16:45:39","date_gmt":"2025-02-06T16:45:39","guid":{"rendered":"https:\/\/kastenkidz.com\/product\/igra-ja-imam-povrce-i-bobice\/"},"modified":"2025-07-20T18:53:25","modified_gmt":"2025-07-20T18:53:25","slug":"igra-ja-imam-povrce-i-bobice","status":"publish","type":"product","link":"https:\/\/kastenkidz.com\/hr\/proizvod\/igra-ja-imam-povrce-i-bobice\/","title":{"rendered":"Igra \u201eJa imam\u201c \u2013 povr\u0107e i bobice"},"content":{"rendered":"<p>Igra &#8220;Ja imam&#8221; s karticama povr\u0107a i vo\u0107a jest igra, ali je i edukativni alat koji poma\u017ee djeci u prepoznavanju i u\u010denju naj\u010de\u0161\u0107ih vrsta vo\u0107a i povr\u0107a.                                                                                               Pravila igre: svaki igra\u010d dobije podjednak broj kartica. Suigra\u010di zajedno odre\u0111uju tko \u0107e biti prvi; tko \u0107e zapo\u010deti igru. Odabrani igra\u010d treba naglas re\u0107i &#8220;Tko ima&#8221; i imenovati crte\u017e s jedne od svojih kartica, pr. krastavac. Zatim ostali igra\u010di provjeravaju imaju li krastavac na svojim karticama. Dijete koje ima karticu s crte\u017eom krastavca treba viknuti &#8220;Ja imam krastavac&#8221; i dalje nastaviti igru postavljaju\u0107i suigra\u010dima pitanje &#8220;Tko ima&#8221; crte\u017e s jedne od svojih kartica, pr. ananas. Dijete odla\u017ee tu karticu i ako vi\u0161e nema kartica, napu\u0161ta igru. Druga djeca tra\u017ee ananas na karticama dok ga netko ponovno ne prona\u0111e itd. Igra zavr\u0161ava kada u igri vi\u0161e nema kartica.                                                                                                                                                                                                                                                          Sadr\u017eaj: 24 kartice s vo\u0107em i povr\u0107em <\/p>\n","protected":false},"excerpt":{"rendered":"<p>Igra &#8220;Ja imam&#8221; s karticama povr\u0107a i vo\u0107a jest igra, ali je i edukativni alat koji poma\u017ee djeci u prepoznavanju i u\u010denju naj\u010de\u0161\u0107ih vrsta vo\u0107a i povr\u0107a. Pravila igre: svaki igra\u010d dobije podjednak broj kartica. Suigra\u010di zajedno odre\u0111uju tko \u0107e biti prvi; tko \u0107e zapo\u010deti igru. Odabrani igra\u010d treba naglas re\u0107i &#8220;Tko ima&#8221; i imenovati [&hellip;]<\/p>\n","protected":false},"featured_media":6313,"comment_status":"closed","ping_status":"closed","template":"","meta":{"_acf_changed":false,"site-sidebar-layout":"default","site-content-layout":"","ast-site-content-layout":"default","site-content-style":"default","site-sidebar-style":"default","ast-global-header-display":"","ast-banner-title-visibility":"","ast-main-header-display":"","ast-hfb-above-header-display":"","ast-hfb-below-header-display":"","ast-hfb-mobile-header-display":"","site-post-title":"","ast-breadcrumbs-content":"","ast-featured-img":"","footer-sml-layout":"","ast-disable-related-posts":"","theme-transparent-header-meta":"default","adv-header-id-meta":"","stick-header-meta":"default","header-above-stick-meta":"","header-main-stick-meta":"","header-below-stick-meta":"","astra-migrate-meta-layouts":"default","ast-page-background-enabled":"default","ast-page-background-meta":{"desktop":{"background-color":"","background-image":"","background-repeat":"repeat","background-position":"center center","background-size":"auto","background-attachment":"scroll","background-type":"","background-media":"","overlay-type":"","overlay-color":"","overlay-opacity":"","overlay-gradient":""},"tablet":{"background-color":"","background-image":"","background-repeat":"repeat","background-position":"center center","background-size":"auto","background-attachment":"scroll","background-type":"","background-media":"","overlay-type":"","overlay-color":"","overlay-opacity":"","overlay-gradient":""},"mobile":{"background-color":"","background-image":"","background-repeat":"repeat","background-position":"center center","background-size":"auto","background-attachment":"scroll","background-type":"","background-media":"","overlay-type":"","overlay-color":"","overlay-opacity":"","overlay-gradient":""}},"ast-content-background-meta":{"desktop":{"background-color":"var(--ast-global-color-5)","background-image":"","background-repeat":"repeat","background-position":"center center","background-size":"auto","background-attachment":"scroll","background-type":"","background-media":"","overlay-type":"","overlay-color":"","overlay-opacity":"","overlay-gradient":""},"tablet":{"background-color":"var(--ast-global-color-5)","background-image":"","background-repeat":"repeat","background-position":"center center","background-size":"auto","background-attachment":"scroll","background-type":"","background-media":"","overlay-type":"","overlay-color":"","overlay-opacity":"","overlay-gradient":""},"mobile":{"background-color":"var(--ast-global-color-5)","background-image":"","background-repeat":"repeat","background-position":"center center","background-size":"auto","background-attachment":"scroll","background-type":"","background-media":"","overlay-type":"","overlay-color":"","overlay-opacity":"","overlay-gradient":""}}},"product_brand":[],"product_cat":[112],"product_tag":[],"class_list":{"0":"post-6311","1":"product","2":"type-product","3":"status-publish","4":"has-post-thumbnail","6":"product_cat-igre","7":"desktop-align-center","8":"tablet-align-left","9":"mobile-align-center","10":"ast-product-gallery-layout-first-image-large","11":"ast-product-tabs-layout-horizontal","13":"first","14":"instock","15":"sale","16":"downloadable","17":"virtual","18":"sold-individually","19":"purchasable","20":"product-type-simple"},"acf":[],"_links":{"self":[{"href":"https:\/\/kastenkidz.com\/hr\/wp-json\/wp\/v2\/product\/6311","targetHints":{"allow":["GET"]}}],"collection":[{"href":"https:\/\/kastenkidz.com\/hr\/wp-json\/wp\/v2\/product"}],"about":[{"href":"https:\/\/kastenkidz.com\/hr\/wp-json\/wp\/v2\/types\/product"}],"replies":[{"embeddable":true,"href":"https:\/\/kastenkidz.com\/hr\/wp-json\/wp\/v2\/comments?post=6311"}],"wp:featuredmedia":[{"embeddable":true,"href":"https:\/\/kastenkidz.com\/hr\/wp-json\/wp\/v2\/media\/6313"}],"wp:attachment":[{"href":"https:\/\/kastenkidz.com\/hr\/wp-json\/wp\/v2\/media?parent=6311"}],"wp:term":[{"taxonomy":"product_brand","embeddable":true,"href":"https:\/\/kastenkidz.com\/hr\/wp-json\/wp\/v2\/product_brand?post=6311"},{"taxonomy":"product_cat","embeddable":true,"href":"https:\/\/kastenkidz.com\/hr\/wp-json\/wp\/v2\/product_cat?post=6311"},{"taxonomy":"product_tag","embeddable":true,"href":"https:\/\/kastenkidz.com\/hr\/wp-json\/wp\/v2\/product_tag?post=6311"}],"curies":[{"name":"wp","href":"https:\/\/api.w.org\/{rel}","templated":true}]}}