{"id":6297,"date":"2025-02-06T16:45:39","date_gmt":"2025-02-06T16:45:39","guid":{"rendered":"https:\/\/kastenkidz.com\/product\/razlikuj-osjecaje\/"},"modified":"2025-07-20T18:53:24","modified_gmt":"2025-07-20T18:53:24","slug":"razlikuj-osjecaje","status":"publish","type":"product","link":"https:\/\/kastenkidz.com\/hr\/proizvod\/razlikuj-osjecaje\/","title":{"rendered":"Razlikuj osje\u0107aje"},"content":{"rendered":"<p>Igra prepoznavanja emocija poma\u017ee djeci bolje razumijeti vlastite i tu\u0111e emocije.<br \/>\nMogu\u0107e igre:<br \/>\n1. Pogodi emociju. Izvuci jednu karticu s prikazom emocije, pa\u017eljivo je prou\u010di<br \/>\ni kada shvati\u0161 koju emociju prikazuje, reci u kojim se trenucima ti osje\u0107a\u0161 tako.<br \/>\n2. Odglumi emociju bez rije\u010di. Nakon \u0161to izvuku karticu s emocijama, sudionici tiho pro\u010ditaju naziv emocije, poku\u0161aju je odglumiti, a ostali sudionici moraju pogoditi o kojoj se emociji radi.<br \/>\nPrikladno za igranje u parovima i skupina.<\/p>\n<p>Sadr\u017eaj: 24 kartice s emocijama. <\/p>\n","protected":false},"excerpt":{"rendered":"<p>Igra prepoznavanja emocija poma\u017ee djeci bolje razumijeti vlastite i tu\u0111e emocije. Mogu\u0107e igre: 1. Pogodi emociju. Izvuci jednu karticu s prikazom emocije, pa\u017eljivo je prou\u010di i kada shvati\u0161 koju emociju prikazuje, reci u kojim se trenucima ti osje\u0107a\u0161 tako. 2. Odglumi emociju bez rije\u010di. Nakon \u0161to izvuku karticu s emocijama, sudionici tiho pro\u010ditaju naziv emocije, [&hellip;]<\/p>\n","protected":false},"featured_media":6299,"comment_status":"closed","ping_status":"closed","template":"","meta":{"_acf_changed":false,"site-sidebar-layout":"default","site-content-layout":"","ast-site-content-layout":"default","site-content-style":"default","site-sidebar-style":"default","ast-global-header-display":"","ast-banner-title-visibility":"","ast-main-header-display":"","ast-hfb-above-header-display":"","ast-hfb-below-header-display":"","ast-hfb-mobile-header-display":"","site-post-title":"","ast-breadcrumbs-content":"","ast-featured-img":"","footer-sml-layout":"","ast-disable-related-posts":"","theme-transparent-header-meta":"default","adv-header-id-meta":"","stick-header-meta":"default","header-above-stick-meta":"","header-main-stick-meta":"","header-below-stick-meta":"","astra-migrate-meta-layouts":"default","ast-page-background-enabled":"default","ast-page-background-meta":{"desktop":{"background-color":"","background-image":"","background-repeat":"repeat","background-position":"center center","background-size":"auto","background-attachment":"scroll","background-type":"","background-media":"","overlay-type":"","overlay-color":"","overlay-opacity":"","overlay-gradient":""},"tablet":{"background-color":"","background-image":"","background-repeat":"repeat","background-position":"center center","background-size":"auto","background-attachment":"scroll","background-type":"","background-media":"","overlay-type":"","overlay-color":"","overlay-opacity":"","overlay-gradient":""},"mobile":{"background-color":"","background-image":"","background-repeat":"repeat","background-position":"center center","background-size":"auto","background-attachment":"scroll","background-type":"","background-media":"","overlay-type":"","overlay-color":"","overlay-opacity":"","overlay-gradient":""}},"ast-content-background-meta":{"desktop":{"background-color":"var(--ast-global-color-5)","background-image":"","background-repeat":"repeat","background-position":"center center","background-size":"auto","background-attachment":"scroll","background-type":"","background-media":"","overlay-type":"","overlay-color":"","overlay-opacity":"","overlay-gradient":""},"tablet":{"background-color":"var(--ast-global-color-5)","background-image":"","background-repeat":"repeat","background-position":"center center","background-size":"auto","background-attachment":"scroll","background-type":"","background-media":"","overlay-type":"","overlay-color":"","overlay-opacity":"","overlay-gradient":""},"mobile":{"background-color":"var(--ast-global-color-5)","background-image":"","background-repeat":"repeat","background-position":"center center","background-size":"auto","background-attachment":"scroll","background-type":"","background-media":"","overlay-type":"","overlay-color":"","overlay-opacity":"","overlay-gradient":""}}},"product_brand":[],"product_cat":[116],"product_tag":[],"class_list":{"0":"post-6297","1":"product","2":"type-product","3":"status-publish","4":"has-post-thumbnail","6":"product_cat-slagalice-i-karte","7":"desktop-align-center","8":"tablet-align-left","9":"mobile-align-center","10":"ast-product-gallery-layout-first-image-large","11":"ast-product-tabs-layout-horizontal","13":"first","14":"instock","15":"sale","16":"downloadable","17":"virtual","18":"sold-individually","19":"purchasable","20":"product-type-simple"},"acf":[],"_links":{"self":[{"href":"https:\/\/kastenkidz.com\/hr\/wp-json\/wp\/v2\/product\/6297","targetHints":{"allow":["GET"]}}],"collection":[{"href":"https:\/\/kastenkidz.com\/hr\/wp-json\/wp\/v2\/product"}],"about":[{"href":"https:\/\/kastenkidz.com\/hr\/wp-json\/wp\/v2\/types\/product"}],"replies":[{"embeddable":true,"href":"https:\/\/kastenkidz.com\/hr\/wp-json\/wp\/v2\/comments?post=6297"}],"wp:featuredmedia":[{"embeddable":true,"href":"https:\/\/kastenkidz.com\/hr\/wp-json\/wp\/v2\/media\/6299"}],"wp:attachment":[{"href":"https:\/\/kastenkidz.com\/hr\/wp-json\/wp\/v2\/media?parent=6297"}],"wp:term":[{"taxonomy":"product_brand","embeddable":true,"href":"https:\/\/kastenkidz.com\/hr\/wp-json\/wp\/v2\/product_brand?post=6297"},{"taxonomy":"product_cat","embeddable":true,"href":"https:\/\/kastenkidz.com\/hr\/wp-json\/wp\/v2\/product_cat?post=6297"},{"taxonomy":"product_tag","embeddable":true,"href":"https:\/\/kastenkidz.com\/hr\/wp-json\/wp\/v2\/product_tag?post=6297"}],"curies":[{"name":"wp","href":"https:\/\/api.w.org\/{rel}","templated":true}]}}