{"id":6283,"date":"2025-02-06T16:45:39","date_gmt":"2025-02-06T16:45:39","guid":{"rendered":"https:\/\/kastenkidz.com\/product\/u-kojem-mjesecu-si-roden\/"},"modified":"2025-07-25T15:28:22","modified_gmt":"2025-07-25T15:28:22","slug":"u-kojem-mjesecu-si-roden","status":"publish","type":"product","link":"https:\/\/kastenkidz.com\/hr\/proizvod\/u-kojem-mjesecu-si-roden\/","title":{"rendered":"U kojem mjesecu si ro\u0111e?"},"content":{"rendered":"<p>Pratite posebne dane uz ovaj zabavni kalendar ro\u0111endana! Bilje\u017eenje ro\u0111endana Va\u0161e djece uz ovaj \u0161areni kalendar zasigurno \u0107e Vam pomo\u0107i ostati &#8220;u toku&#8221; i olak\u0161ati Vam organizaciju proslava svakog klju\u010dnog trenutka. Izvrstan na\u010din kako ro\u0111endane u\u010dinite jo\u0161 nezaboravnijima!<\/p>\n<p>Sadr\u017eaj: 12 crte\u017ea malih kola\u010di\u0107a &#8211; tri lista A4 formata i jedan crte\u017e velikog kola\u010da &#8211; jedan list A4 formata, zatim<br \/>\ncrte\u017ei svje\u0107ica &#8211; dva lista A4 formata i<br \/>\ncrte\u017e velike svije\u0107e &#8211; jedan list A4 formata.<\/p>\n","protected":false},"excerpt":{"rendered":"<p>Pratite posebne dane uz ovaj zabavni kalendar ro\u0111endana! Bilje\u017eenje ro\u0111endana Va\u0161e djece uz ovaj \u0161areni kalendar zasigurno \u0107e Vam pomo\u0107i ostati &#8220;u toku&#8221; i olak\u0161ati Vam organizaciju proslava svakog klju\u010dnog trenutka. Izvrstan na\u010din kako ro\u0111endane u\u010dinite jo\u0161 nezaboravnijima! Sadr\u017eaj: 12 crte\u017ea malih kola\u010di\u0107a &#8211; tri lista A4 formata i jedan crte\u017e velikog kola\u010da &#8211; jedan [&hellip;]<\/p>\n","protected":false},"featured_media":6285,"comment_status":"closed","ping_status":"closed","template":"","meta":{"_acf_changed":false,"site-sidebar-layout":"default","site-content-layout":"","ast-site-content-layout":"default","site-content-style":"default","site-sidebar-style":"default","ast-global-header-display":"","ast-banner-title-visibility":"","ast-main-header-display":"","ast-hfb-above-header-display":"","ast-hfb-below-header-display":"","ast-hfb-mobile-header-display":"","site-post-title":"","ast-breadcrumbs-content":"","ast-featured-img":"","footer-sml-layout":"","ast-disable-related-posts":"","theme-transparent-header-meta":"default","adv-header-id-meta":"","stick-header-meta":"default","header-above-stick-meta":"","header-main-stick-meta":"","header-below-stick-meta":"","astra-migrate-meta-layouts":"set","ast-page-background-enabled":"default","ast-page-background-meta":{"desktop":{"background-color":"","background-image":"","background-repeat":"repeat","background-position":"center center","background-size":"auto","background-attachment":"scroll","background-type":"","background-media":"","overlay-type":"","overlay-color":"","overlay-opacity":"","overlay-gradient":""},"tablet":{"background-color":"","background-image":"","background-repeat":"repeat","background-position":"center center","background-size":"auto","background-attachment":"scroll","background-type":"","background-media":"","overlay-type":"","overlay-color":"","overlay-opacity":"","overlay-gradient":""},"mobile":{"background-color":"","background-image":"","background-repeat":"repeat","background-position":"center center","background-size":"auto","background-attachment":"scroll","background-type":"","background-media":"","overlay-type":"","overlay-color":"","overlay-opacity":"","overlay-gradient":""}},"ast-content-background-meta":{"desktop":{"background-color":"var(--ast-global-color-5)","background-image":"","background-repeat":"repeat","background-position":"center center","background-size":"auto","background-attachment":"scroll","background-type":"","background-media":"","overlay-type":"","overlay-color":"","overlay-opacity":"","overlay-gradient":""},"tablet":{"background-color":"var(--ast-global-color-5)","background-image":"","background-repeat":"repeat","background-position":"center center","background-size":"auto","background-attachment":"scroll","background-type":"","background-media":"","overlay-type":"","overlay-color":"","overlay-opacity":"","overlay-gradient":""},"mobile":{"background-color":"var(--ast-global-color-5)","background-image":"","background-repeat":"repeat","background-position":"center center","background-size":"auto","background-attachment":"scroll","background-type":"","background-media":"","overlay-type":"","overlay-color":"","overlay-opacity":"","overlay-gradient":""}}},"product_brand":[],"product_cat":[116],"product_tag":[],"class_list":{"0":"post-6283","1":"product","2":"type-product","3":"status-publish","4":"has-post-thumbnail","6":"product_cat-slagalice-i-karte","7":"desktop-align-center","8":"tablet-align-left","9":"mobile-align-center","10":"ast-product-gallery-layout-first-image-large","11":"ast-product-tabs-layout-horizontal","13":"first","14":"instock","15":"sale","16":"downloadable","17":"virtual","18":"sold-individually","19":"purchasable","20":"product-type-simple"},"acf":[],"_links":{"self":[{"href":"https:\/\/kastenkidz.com\/hr\/wp-json\/wp\/v2\/product\/6283","targetHints":{"allow":["GET"]}}],"collection":[{"href":"https:\/\/kastenkidz.com\/hr\/wp-json\/wp\/v2\/product"}],"about":[{"href":"https:\/\/kastenkidz.com\/hr\/wp-json\/wp\/v2\/types\/product"}],"replies":[{"embeddable":true,"href":"https:\/\/kastenkidz.com\/hr\/wp-json\/wp\/v2\/comments?post=6283"}],"wp:featuredmedia":[{"embeddable":true,"href":"https:\/\/kastenkidz.com\/hr\/wp-json\/wp\/v2\/media\/6285"}],"wp:attachment":[{"href":"https:\/\/kastenkidz.com\/hr\/wp-json\/wp\/v2\/media?parent=6283"}],"wp:term":[{"taxonomy":"product_brand","embeddable":true,"href":"https:\/\/kastenkidz.com\/hr\/wp-json\/wp\/v2\/product_brand?post=6283"},{"taxonomy":"product_cat","embeddable":true,"href":"https:\/\/kastenkidz.com\/hr\/wp-json\/wp\/v2\/product_cat?post=6283"},{"taxonomy":"product_tag","embeddable":true,"href":"https:\/\/kastenkidz.com\/hr\/wp-json\/wp\/v2\/product_tag?post=6283"}],"curies":[{"name":"wp","href":"https:\/\/api.w.org\/{rel}","templated":true}]}}