{"id":6239,"date":"2025-02-06T16:45:39","date_gmt":"2025-02-06T16:45:39","guid":{"rendered":"https:\/\/kastenkidz.com\/product\/maske-krune-bajkovnih-likova\/"},"modified":"2025-07-25T14:47:05","modified_gmt":"2025-07-25T14:47:05","slug":"maske-krune-bajkovnih-likova","status":"publish","type":"product","link":"https:\/\/kastenkidz.com\/hr\/proizvod\/maske-krune-bajkovnih-likova\/","title":{"rendered":"Maske-krune bajkovnih likova"},"content":{"rendered":"<p>O\u017eivite bajke ovim zabavnim maskama-krunama! \u2728 Jednostavno ispi\u0161ete, izre\u017eite i zalijepite, te u\u017eivajte promatraju\u0107i svoje mali\u0161ane kako uranjaju u svijet svojih omiljenih likova iz bajki. Uz junake poput Repe, Djeda, Crvenkapice, Tri pra\u0161\u010di\u0107a i mnogih drugih, ovom izvrsnom igrom poti\u010dete kreativnost i ma\u0161tu djeteta. Nabavite svoj set maski ve\u0107 danas i neka pri\u010danje pri\u010da zapo\u010dne!<br \/>\n\u2b50\ufe0f Junaci iz bajki:<br \/>\nRepa, Djed, Baka, Unuka, Pas, Ma\u010dka, Mi\u0161, \u200b\u200bTri pra\u0161\u010di\u0107a, Vuk, Crvenkapica, Majka, Lovac, Zmaj, Princeza, Princ, Patuljak, Vje\u0161tica, Djed Mraz. Crvenkapica, Medvjed, Lisica, Zec, Je\u017e, Koko\u0161, Pijetao, Pile, Krava, Koza, Jarac, Zlatna ribica i \u017daba.<\/p>\n","protected":false},"excerpt":{"rendered":"<p>O\u017eivite bajke ovim zabavnim maskama-krunama! \u2728 Jednostavno ispi\u0161ete, izre\u017eite i zalijepite, te u\u017eivajte promatraju\u0107i svoje mali\u0161ane kako uranjaju u svijet svojih omiljenih likova iz bajki. Uz junake poput Repe, Djeda, Crvenkapice, Tri pra\u0161\u010di\u0107a i mnogih drugih, ovom izvrsnom igrom poti\u010dete kreativnost i ma\u0161tu djeteta. Nabavite svoj set maski ve\u0107 danas i neka pri\u010danje pri\u010da zapo\u010dne! [&hellip;]<\/p>\n","protected":false},"featured_media":6241,"comment_status":"closed","ping_status":"closed","template":"","meta":{"_acf_changed":false,"site-sidebar-layout":"default","site-content-layout":"","ast-site-content-layout":"default","site-content-style":"default","site-sidebar-style":"default","ast-global-header-display":"","ast-banner-title-visibility":"","ast-main-header-display":"","ast-hfb-above-header-display":"","ast-hfb-below-header-display":"","ast-hfb-mobile-header-display":"","site-post-title":"","ast-breadcrumbs-content":"","ast-featured-img":"","footer-sml-layout":"","ast-disable-related-posts":"","theme-transparent-header-meta":"default","adv-header-id-meta":"","stick-header-meta":"default","header-above-stick-meta":"","header-main-stick-meta":"","header-below-stick-meta":"","astra-migrate-meta-layouts":"set","ast-page-background-enabled":"default","ast-page-background-meta":{"desktop":{"background-color":"","background-image":"","background-repeat":"repeat","background-position":"center center","background-size":"auto","background-attachment":"scroll","background-type":"","background-media":"","overlay-type":"","overlay-color":"","overlay-opacity":"","overlay-gradient":""},"tablet":{"background-color":"","background-image":"","background-repeat":"repeat","background-position":"center center","background-size":"auto","background-attachment":"scroll","background-type":"","background-media":"","overlay-type":"","overlay-color":"","overlay-opacity":"","overlay-gradient":""},"mobile":{"background-color":"","background-image":"","background-repeat":"repeat","background-position":"center center","background-size":"auto","background-attachment":"scroll","background-type":"","background-media":"","overlay-type":"","overlay-color":"","overlay-opacity":"","overlay-gradient":""}},"ast-content-background-meta":{"desktop":{"background-color":"var(--ast-global-color-5)","background-image":"","background-repeat":"repeat","background-position":"center center","background-size":"auto","background-attachment":"scroll","background-type":"","background-media":"","overlay-type":"","overlay-color":"","overlay-opacity":"","overlay-gradient":""},"tablet":{"background-color":"var(--ast-global-color-5)","background-image":"","background-repeat":"repeat","background-position":"center center","background-size":"auto","background-attachment":"scroll","background-type":"","background-media":"","overlay-type":"","overlay-color":"","overlay-opacity":"","overlay-gradient":""},"mobile":{"background-color":"var(--ast-global-color-5)","background-image":"","background-repeat":"repeat","background-position":"center center","background-size":"auto","background-attachment":"scroll","background-type":"","background-media":"","overlay-type":"","overlay-color":"","overlay-opacity":"","overlay-gradient":""}}},"product_brand":[],"product_cat":[112],"product_tag":[],"class_list":{"0":"post-6239","1":"product","2":"type-product","3":"status-publish","4":"has-post-thumbnail","6":"product_cat-igre","7":"desktop-align-center","8":"tablet-align-left","9":"mobile-align-center","10":"ast-product-gallery-layout-first-image-large","11":"ast-product-tabs-layout-horizontal","13":"first","14":"instock","15":"sale","16":"downloadable","17":"virtual","18":"sold-individually","19":"purchasable","20":"product-type-simple"},"acf":[],"_links":{"self":[{"href":"https:\/\/kastenkidz.com\/hr\/wp-json\/wp\/v2\/product\/6239","targetHints":{"allow":["GET"]}}],"collection":[{"href":"https:\/\/kastenkidz.com\/hr\/wp-json\/wp\/v2\/product"}],"about":[{"href":"https:\/\/kastenkidz.com\/hr\/wp-json\/wp\/v2\/types\/product"}],"replies":[{"embeddable":true,"href":"https:\/\/kastenkidz.com\/hr\/wp-json\/wp\/v2\/comments?post=6239"}],"wp:featuredmedia":[{"embeddable":true,"href":"https:\/\/kastenkidz.com\/hr\/wp-json\/wp\/v2\/media\/6241"}],"wp:attachment":[{"href":"https:\/\/kastenkidz.com\/hr\/wp-json\/wp\/v2\/media?parent=6239"}],"wp:term":[{"taxonomy":"product_brand","embeddable":true,"href":"https:\/\/kastenkidz.com\/hr\/wp-json\/wp\/v2\/product_brand?post=6239"},{"taxonomy":"product_cat","embeddable":true,"href":"https:\/\/kastenkidz.com\/hr\/wp-json\/wp\/v2\/product_cat?post=6239"},{"taxonomy":"product_tag","embeddable":true,"href":"https:\/\/kastenkidz.com\/hr\/wp-json\/wp\/v2\/product_tag?post=6239"}],"curies":[{"name":"wp","href":"https:\/\/api.w.org\/{rel}","templated":true}]}}