{"id":6225,"date":"2025-02-06T16:45:39","date_gmt":"2025-02-06T16:45:39","guid":{"rendered":"https:\/\/kastenkidz.com\/product\/matka-za-malise-i-velise\/"},"modified":"2025-07-25T15:26:53","modified_gmt":"2025-07-25T15:26:53","slug":"matka-za-malise-i-velise","status":"publish","type":"product","link":"https:\/\/kastenkidz.com\/hr\/proizvod\/matka-za-malise-i-velise\/","title":{"rendered":"Matka za mali\u0161e i veli\u0161e"},"content":{"rendered":"<p>Oja\u010dajte matemati\u010dke vje\u0161tine svog pred\u0161kolca ovom zabavnom radnom bilje\u017enicom! \u2795\u2796 Igraju\u0107i ovu igru, Va\u0161e \u0107e dijete obavljati sljede\u0107e zadatke: &#8211; upore\u0111ivati \u200b\u200bskupine predmeta<br \/>\n&#8211; razlu\u010divati strukturu broja<br \/>\n&#8211; u\u010diti klju\u010dne koncepte nejednakosti &#8220;vi\u0161e&#8221;, &#8220;manje&#8221; i &#8220;jednako&#8221;<br \/>\n&#8211; vje\u017ebati zbrajanje i oduzimanje<br \/>\n&#8211; prepoznavati aritmeti\u010dke simbole<br \/>\nOva igra omogu\u0107uje izgradnju \u010dvrstih matemati\u010dkih temelja! Nabavite svoju radnu bilje\u017enicu ve\u0107 danas!<\/p>\n<p>Sadr\u017eaj: 20 stranica \u2013 20 zadataka.<\/p>\n","protected":false},"excerpt":{"rendered":"<p>Oja\u010dajte matemati\u010dke vje\u0161tine svog pred\u0161kolca ovom zabavnom radnom bilje\u017enicom! \u2795\u2796 Igraju\u0107i ovu igru, Va\u0161e \u0107e dijete obavljati sljede\u0107e zadatke: &#8211; upore\u0111ivati \u200b\u200bskupine predmeta &#8211; razlu\u010divati strukturu broja &#8211; u\u010diti klju\u010dne koncepte nejednakosti &#8220;vi\u0161e&#8221;, &#8220;manje&#8221; i &#8220;jednako&#8221; &#8211; vje\u017ebati zbrajanje i oduzimanje &#8211; prepoznavati aritmeti\u010dke simbole Ova igra omogu\u0107uje izgradnju \u010dvrstih matemati\u010dkih temelja! Nabavite svoju radnu [&hellip;]<\/p>\n","protected":false},"featured_media":6227,"comment_status":"closed","ping_status":"closed","template":"","meta":{"_acf_changed":false,"site-sidebar-layout":"default","site-content-layout":"","ast-site-content-layout":"default","site-content-style":"default","site-sidebar-style":"default","ast-global-header-display":"","ast-banner-title-visibility":"","ast-main-header-display":"","ast-hfb-above-header-display":"","ast-hfb-below-header-display":"","ast-hfb-mobile-header-display":"","site-post-title":"","ast-breadcrumbs-content":"","ast-featured-img":"","footer-sml-layout":"","ast-disable-related-posts":"","theme-transparent-header-meta":"default","adv-header-id-meta":"","stick-header-meta":"default","header-above-stick-meta":"","header-main-stick-meta":"","header-below-stick-meta":"","astra-migrate-meta-layouts":"set","ast-page-background-enabled":"default","ast-page-background-meta":{"desktop":{"background-color":"","background-image":"","background-repeat":"repeat","background-position":"center center","background-size":"auto","background-attachment":"scroll","background-type":"","background-media":"","overlay-type":"","overlay-color":"","overlay-opacity":"","overlay-gradient":""},"tablet":{"background-color":"","background-image":"","background-repeat":"repeat","background-position":"center center","background-size":"auto","background-attachment":"scroll","background-type":"","background-media":"","overlay-type":"","overlay-color":"","overlay-opacity":"","overlay-gradient":""},"mobile":{"background-color":"","background-image":"","background-repeat":"repeat","background-position":"center center","background-size":"auto","background-attachment":"scroll","background-type":"","background-media":"","overlay-type":"","overlay-color":"","overlay-opacity":"","overlay-gradient":""}},"ast-content-background-meta":{"desktop":{"background-color":"var(--ast-global-color-5)","background-image":"","background-repeat":"repeat","background-position":"center center","background-size":"auto","background-attachment":"scroll","background-type":"","background-media":"","overlay-type":"","overlay-color":"","overlay-opacity":"","overlay-gradient":""},"tablet":{"background-color":"var(--ast-global-color-5)","background-image":"","background-repeat":"repeat","background-position":"center center","background-size":"auto","background-attachment":"scroll","background-type":"","background-media":"","overlay-type":"","overlay-color":"","overlay-opacity":"","overlay-gradient":""},"mobile":{"background-color":"var(--ast-global-color-5)","background-image":"","background-repeat":"repeat","background-position":"center center","background-size":"auto","background-attachment":"scroll","background-type":"","background-media":"","overlay-type":"","overlay-color":"","overlay-opacity":"","overlay-gradient":""}}},"product_brand":[],"product_cat":[114],"product_tag":[],"class_list":{"0":"post-6225","1":"product","2":"type-product","3":"status-publish","4":"has-post-thumbnail","6":"product_cat-matematika-hr","7":"desktop-align-center","8":"tablet-align-left","9":"mobile-align-center","10":"ast-product-gallery-layout-first-image-large","11":"ast-product-tabs-layout-horizontal","13":"first","14":"instock","15":"sale","16":"downloadable","17":"virtual","18":"sold-individually","19":"purchasable","20":"product-type-simple"},"acf":[],"_links":{"self":[{"href":"https:\/\/kastenkidz.com\/hr\/wp-json\/wp\/v2\/product\/6225","targetHints":{"allow":["GET"]}}],"collection":[{"href":"https:\/\/kastenkidz.com\/hr\/wp-json\/wp\/v2\/product"}],"about":[{"href":"https:\/\/kastenkidz.com\/hr\/wp-json\/wp\/v2\/types\/product"}],"replies":[{"embeddable":true,"href":"https:\/\/kastenkidz.com\/hr\/wp-json\/wp\/v2\/comments?post=6225"}],"wp:featuredmedia":[{"embeddable":true,"href":"https:\/\/kastenkidz.com\/hr\/wp-json\/wp\/v2\/media\/6227"}],"wp:attachment":[{"href":"https:\/\/kastenkidz.com\/hr\/wp-json\/wp\/v2\/media?parent=6225"}],"wp:term":[{"taxonomy":"product_brand","embeddable":true,"href":"https:\/\/kastenkidz.com\/hr\/wp-json\/wp\/v2\/product_brand?post=6225"},{"taxonomy":"product_cat","embeddable":true,"href":"https:\/\/kastenkidz.com\/hr\/wp-json\/wp\/v2\/product_cat?post=6225"},{"taxonomy":"product_tag","embeddable":true,"href":"https:\/\/kastenkidz.com\/hr\/wp-json\/wp\/v2\/product_tag?post=6225"}],"curies":[{"name":"wp","href":"https:\/\/api.w.org\/{rel}","templated":true}]}}