{"id":6197,"date":"2025-02-06T16:45:39","date_gmt":"2025-02-06T16:45:39","guid":{"rendered":"https:\/\/kastenkidz.com\/product\/igra-za-razvoj-pamcenja-i-jezicnih-vjestina\/"},"modified":"2025-07-20T18:53:13","modified_gmt":"2025-07-20T18:53:13","slug":"igra-za-razvoj-pamcenja-i-jezicnih-vjestina","status":"publish","type":"product","link":"https:\/\/kastenkidz.com\/hr\/proizvod\/igra-za-razvoj-pamcenja-i-jezicnih-vjestina\/","title":{"rendered":"Igra za razvoj pam\u0107enja i jezi\u010dnih vje\u0161tina"},"content":{"rendered":"<p>Igrajte se i u\u010dite s psi\u0107em Pukasom u ovoj zabavnoj igri za razvoj pam\u0107enja i jezi\u010dnih vje\u0161tina!<br \/>\nSlikovne kartice prikazuju razli\u010dita mjesta gdje se nalazi psi\u0107 Pukas, njegova kost i cvijet, primjerice na, blizu ili ispod predmeta. Igra\u010di trebaju za kratko pogledati karticu, zatim si predo\u010diti scenu s prikazane kartice u mislima i potom je opisati  naglas. Izvrsna vje\u017eba za pobolj\u0161anje pam\u0107enja, jezi\u010dnih vje\u0161tina i usredoto\u010denosti na detalje!  <\/p>\n<p>Sadr\u017eaj:<br \/>\n&#8211; jedan glavni list igre,<br \/>\n&#8211; 3 junaka zadatka (pas, cvijet i kost) i<br \/>\n&#8211; 24 kartice. <\/p>\n","protected":false},"excerpt":{"rendered":"<p>Igrajte se i u\u010dite s psi\u0107em Pukasom u ovoj zabavnoj igri za razvoj pam\u0107enja i jezi\u010dnih vje\u0161tina! Slikovne kartice prikazuju razli\u010dita mjesta gdje se nalazi psi\u0107 Pukas, njegova kost i cvijet, primjerice na, blizu ili ispod predmeta. Igra\u010di trebaju za kratko pogledati karticu, zatim si predo\u010diti scenu s prikazane kartice u mislima i potom je [&hellip;]<\/p>\n","protected":false},"featured_media":6199,"comment_status":"closed","ping_status":"closed","template":"","meta":{"_acf_changed":false,"site-sidebar-layout":"default","site-content-layout":"","ast-site-content-layout":"default","site-content-style":"default","site-sidebar-style":"default","ast-global-header-display":"","ast-banner-title-visibility":"","ast-main-header-display":"","ast-hfb-above-header-display":"","ast-hfb-below-header-display":"","ast-hfb-mobile-header-display":"","site-post-title":"","ast-breadcrumbs-content":"","ast-featured-img":"","footer-sml-layout":"","ast-disable-related-posts":"","theme-transparent-header-meta":"default","adv-header-id-meta":"","stick-header-meta":"default","header-above-stick-meta":"","header-main-stick-meta":"","header-below-stick-meta":"","astra-migrate-meta-layouts":"default","ast-page-background-enabled":"default","ast-page-background-meta":{"desktop":{"background-color":"","background-image":"","background-repeat":"repeat","background-position":"center center","background-size":"auto","background-attachment":"scroll","background-type":"","background-media":"","overlay-type":"","overlay-color":"","overlay-opacity":"","overlay-gradient":""},"tablet":{"background-color":"","background-image":"","background-repeat":"repeat","background-position":"center center","background-size":"auto","background-attachment":"scroll","background-type":"","background-media":"","overlay-type":"","overlay-color":"","overlay-opacity":"","overlay-gradient":""},"mobile":{"background-color":"","background-image":"","background-repeat":"repeat","background-position":"center center","background-size":"auto","background-attachment":"scroll","background-type":"","background-media":"","overlay-type":"","overlay-color":"","overlay-opacity":"","overlay-gradient":""}},"ast-content-background-meta":{"desktop":{"background-color":"var(--ast-global-color-5)","background-image":"","background-repeat":"repeat","background-position":"center center","background-size":"auto","background-attachment":"scroll","background-type":"","background-media":"","overlay-type":"","overlay-color":"","overlay-opacity":"","overlay-gradient":""},"tablet":{"background-color":"var(--ast-global-color-5)","background-image":"","background-repeat":"repeat","background-position":"center center","background-size":"auto","background-attachment":"scroll","background-type":"","background-media":"","overlay-type":"","overlay-color":"","overlay-opacity":"","overlay-gradient":""},"mobile":{"background-color":"var(--ast-global-color-5)","background-image":"","background-repeat":"repeat","background-position":"center center","background-size":"auto","background-attachment":"scroll","background-type":"","background-media":"","overlay-type":"","overlay-color":"","overlay-opacity":"","overlay-gradient":""}}},"product_brand":[],"product_cat":[112,115],"product_tag":[],"class_list":{"0":"post-6197","1":"product","2":"type-product","3":"status-publish","4":"has-post-thumbnail","6":"product_cat-igre","7":"product_cat-pamcenje-i-paznja","8":"desktop-align-center","9":"tablet-align-left","10":"mobile-align-center","11":"ast-product-gallery-layout-first-image-large","12":"ast-product-tabs-layout-horizontal","14":"first","15":"instock","16":"sale","17":"downloadable","18":"virtual","19":"sold-individually","20":"purchasable","21":"product-type-simple"},"acf":[],"_links":{"self":[{"href":"https:\/\/kastenkidz.com\/hr\/wp-json\/wp\/v2\/product\/6197","targetHints":{"allow":["GET"]}}],"collection":[{"href":"https:\/\/kastenkidz.com\/hr\/wp-json\/wp\/v2\/product"}],"about":[{"href":"https:\/\/kastenkidz.com\/hr\/wp-json\/wp\/v2\/types\/product"}],"replies":[{"embeddable":true,"href":"https:\/\/kastenkidz.com\/hr\/wp-json\/wp\/v2\/comments?post=6197"}],"wp:featuredmedia":[{"embeddable":true,"href":"https:\/\/kastenkidz.com\/hr\/wp-json\/wp\/v2\/media\/6199"}],"wp:attachment":[{"href":"https:\/\/kastenkidz.com\/hr\/wp-json\/wp\/v2\/media?parent=6197"}],"wp:term":[{"taxonomy":"product_brand","embeddable":true,"href":"https:\/\/kastenkidz.com\/hr\/wp-json\/wp\/v2\/product_brand?post=6197"},{"taxonomy":"product_cat","embeddable":true,"href":"https:\/\/kastenkidz.com\/hr\/wp-json\/wp\/v2\/product_cat?post=6197"},{"taxonomy":"product_tag","embeddable":true,"href":"https:\/\/kastenkidz.com\/hr\/wp-json\/wp\/v2\/product_tag?post=6197"}],"curies":[{"name":"wp","href":"https:\/\/api.w.org\/{rel}","templated":true}]}}