{"id":6081,"date":"2025-02-06T16:45:36","date_gmt":"2025-02-06T16:45:36","guid":{"rendered":"https:\/\/kastenkidz.com\/product\/pronadi-zivotinju\/"},"modified":"2025-07-20T18:53:00","modified_gmt":"2025-07-20T18:53:00","slug":"pronadi-zivotinju","status":"publish","type":"product","link":"https:\/\/kastenkidz.com\/hr\/proizvod\/pronadi-zivotinju\/","title":{"rendered":"Prona\u0111i \u017eivotinju"},"content":{"rendered":"<p>Po\u0111ite u avanturu sa \u017eivotinjama uz ovu zabavnu igru!  \u27a1\ufe0f\u2b05\ufe0f\u2b06\ufe0f\u2b07\ufe0f Cilj je prona\u0107i nestale \u017eivotinje slijede\u0107i strelice na karticama. Dijete jednostavno odabere karticu, prona\u0111ite \u017eivotinju u tablici i slijedi strelice pomo\u0107u kojih otkriva sljede\u0107u \u017eivotinju. Izvrsna vje\u017eba za pobolj\u0161anje vje\u0161tina rje\u0161avanja problema i prepoznavanja \u017eivotinja!<\/p>\n<p>Sadr\u017eaj: sedam listova A4 formata.<br \/>\nTablica \u017eivotinja, 16 kartica (puzzle) s crte\u017eima \u017eivotinja i 16 kartica s crte\u017eima strelica. <\/p>\n","protected":false},"excerpt":{"rendered":"<p>Po\u0111ite u avanturu sa \u017eivotinjama uz ovu zabavnu igru! \u27a1\ufe0f\u2b05\ufe0f\u2b06\ufe0f\u2b07\ufe0f Cilj je prona\u0107i nestale \u017eivotinje slijede\u0107i strelice na karticama. Dijete jednostavno odabere karticu, prona\u0111ite \u017eivotinju u tablici i slijedi strelice pomo\u0107u kojih otkriva sljede\u0107u \u017eivotinju. Izvrsna vje\u017eba za pobolj\u0161anje vje\u0161tina rje\u0161avanja problema i prepoznavanja \u017eivotinja! Sadr\u017eaj: sedam listova A4 formata. Tablica \u017eivotinja, 16 kartica (puzzle) [&hellip;]<\/p>\n","protected":false},"featured_media":6083,"comment_status":"closed","ping_status":"closed","template":"","meta":{"_acf_changed":false,"site-sidebar-layout":"default","site-content-layout":"","ast-site-content-layout":"default","site-content-style":"default","site-sidebar-style":"default","ast-global-header-display":"","ast-banner-title-visibility":"","ast-main-header-display":"","ast-hfb-above-header-display":"","ast-hfb-below-header-display":"","ast-hfb-mobile-header-display":"","site-post-title":"","ast-breadcrumbs-content":"","ast-featured-img":"","footer-sml-layout":"","ast-disable-related-posts":"","theme-transparent-header-meta":"default","adv-header-id-meta":"","stick-header-meta":"default","header-above-stick-meta":"","header-main-stick-meta":"","header-below-stick-meta":"","astra-migrate-meta-layouts":"default","ast-page-background-enabled":"default","ast-page-background-meta":{"desktop":{"background-color":"","background-image":"","background-repeat":"repeat","background-position":"center center","background-size":"auto","background-attachment":"scroll","background-type":"","background-media":"","overlay-type":"","overlay-color":"","overlay-opacity":"","overlay-gradient":""},"tablet":{"background-color":"","background-image":"","background-repeat":"repeat","background-position":"center center","background-size":"auto","background-attachment":"scroll","background-type":"","background-media":"","overlay-type":"","overlay-color":"","overlay-opacity":"","overlay-gradient":""},"mobile":{"background-color":"","background-image":"","background-repeat":"repeat","background-position":"center center","background-size":"auto","background-attachment":"scroll","background-type":"","background-media":"","overlay-type":"","overlay-color":"","overlay-opacity":"","overlay-gradient":""}},"ast-content-background-meta":{"desktop":{"background-color":"var(--ast-global-color-5)","background-image":"","background-repeat":"repeat","background-position":"center center","background-size":"auto","background-attachment":"scroll","background-type":"","background-media":"","overlay-type":"","overlay-color":"","overlay-opacity":"","overlay-gradient":""},"tablet":{"background-color":"var(--ast-global-color-5)","background-image":"","background-repeat":"repeat","background-position":"center center","background-size":"auto","background-attachment":"scroll","background-type":"","background-media":"","overlay-type":"","overlay-color":"","overlay-opacity":"","overlay-gradient":""},"mobile":{"background-color":"var(--ast-global-color-5)","background-image":"","background-repeat":"repeat","background-position":"center center","background-size":"auto","background-attachment":"scroll","background-type":"","background-media":"","overlay-type":"","overlay-color":"","overlay-opacity":"","overlay-gradient":""}}},"product_brand":[],"product_cat":[115],"product_tag":[],"class_list":{"0":"post-6081","1":"product","2":"type-product","3":"status-publish","4":"has-post-thumbnail","6":"product_cat-pamcenje-i-paznja","7":"desktop-align-center","8":"tablet-align-left","9":"mobile-align-center","10":"ast-product-gallery-layout-first-image-large","11":"ast-product-gallery-with-no-image","12":"ast-product-tabs-layout-horizontal","14":"first","15":"instock","16":"sale","17":"downloadable","18":"virtual","19":"sold-individually","20":"purchasable","21":"product-type-simple"},"acf":[],"_links":{"self":[{"href":"https:\/\/kastenkidz.com\/hr\/wp-json\/wp\/v2\/product\/6081","targetHints":{"allow":["GET"]}}],"collection":[{"href":"https:\/\/kastenkidz.com\/hr\/wp-json\/wp\/v2\/product"}],"about":[{"href":"https:\/\/kastenkidz.com\/hr\/wp-json\/wp\/v2\/types\/product"}],"replies":[{"embeddable":true,"href":"https:\/\/kastenkidz.com\/hr\/wp-json\/wp\/v2\/comments?post=6081"}],"wp:featuredmedia":[{"embeddable":true,"href":"https:\/\/kastenkidz.com\/hr\/wp-json\/wp\/v2\/media\/6083"}],"wp:attachment":[{"href":"https:\/\/kastenkidz.com\/hr\/wp-json\/wp\/v2\/media?parent=6081"}],"wp:term":[{"taxonomy":"product_brand","embeddable":true,"href":"https:\/\/kastenkidz.com\/hr\/wp-json\/wp\/v2\/product_brand?post=6081"},{"taxonomy":"product_cat","embeddable":true,"href":"https:\/\/kastenkidz.com\/hr\/wp-json\/wp\/v2\/product_cat?post=6081"},{"taxonomy":"product_tag","embeddable":true,"href":"https:\/\/kastenkidz.com\/hr\/wp-json\/wp\/v2\/product_tag?post=6081"}],"curies":[{"name":"wp","href":"https:\/\/api.w.org\/{rel}","templated":true}]}}