{"id":6059,"date":"2025-02-06T16:45:36","date_gmt":"2025-02-06T16:45:36","guid":{"rendered":"https:\/\/kastenkidz.com\/product\/sareni-medvjedici\/"},"modified":"2025-07-20T18:52:59","modified_gmt":"2025-07-20T18:52:59","slug":"sareni-medvjedici","status":"publish","type":"product","link":"https:\/\/kastenkidz.com\/hr\/proizvod\/sareni-medvjedici\/","title":{"rendered":"\u0160areni medvjedi\u0107i"},"content":{"rendered":"<p>Potaknite ljubav svog djeteta prema bojama ovom zabavnom igrom za sortiranje boja!   Svaki je medvjed obojen u jednu od \u010detiri boje, a djeca trebaju odabrati paletu boja za svakog medvjedi\u0107a sukladno bojama kojima je obojan. Razigran na\u010din u\u010denja i sortiranja boja uz razvijanje vje\u0161tina promatranja!  <\/p>\n<p>Sadr\u017eaj: \u0161est listova A4 formata.<br \/>\n18 kartica s crte\u017eima \u0161arenih medvjedi\u0107a i 18 kartica s paletama boja <\/p>\n","protected":false},"excerpt":{"rendered":"<p>Potaknite ljubav svog djeteta prema bojama ovom zabavnom igrom za sortiranje boja! Svaki je medvjed obojen u jednu od \u010detiri boje, a djeca trebaju odabrati paletu boja za svakog medvjedi\u0107a sukladno bojama kojima je obojan. Razigran na\u010din u\u010denja i sortiranja boja uz razvijanje vje\u0161tina promatranja! Sadr\u017eaj: \u0161est listova A4 formata. 18 kartica s crte\u017eima \u0161arenih [&hellip;]<\/p>\n","protected":false},"featured_media":6061,"comment_status":"closed","ping_status":"closed","template":"","meta":{"_acf_changed":false,"site-sidebar-layout":"default","site-content-layout":"","ast-site-content-layout":"default","site-content-style":"default","site-sidebar-style":"default","ast-global-header-display":"","ast-banner-title-visibility":"","ast-main-header-display":"","ast-hfb-above-header-display":"","ast-hfb-below-header-display":"","ast-hfb-mobile-header-display":"","site-post-title":"","ast-breadcrumbs-content":"","ast-featured-img":"","footer-sml-layout":"","ast-disable-related-posts":"","theme-transparent-header-meta":"default","adv-header-id-meta":"","stick-header-meta":"default","header-above-stick-meta":"","header-main-stick-meta":"","header-below-stick-meta":"","astra-migrate-meta-layouts":"default","ast-page-background-enabled":"default","ast-page-background-meta":{"desktop":{"background-color":"","background-image":"","background-repeat":"repeat","background-position":"center center","background-size":"auto","background-attachment":"scroll","background-type":"","background-media":"","overlay-type":"","overlay-color":"","overlay-opacity":"","overlay-gradient":""},"tablet":{"background-color":"","background-image":"","background-repeat":"repeat","background-position":"center center","background-size":"auto","background-attachment":"scroll","background-type":"","background-media":"","overlay-type":"","overlay-color":"","overlay-opacity":"","overlay-gradient":""},"mobile":{"background-color":"","background-image":"","background-repeat":"repeat","background-position":"center center","background-size":"auto","background-attachment":"scroll","background-type":"","background-media":"","overlay-type":"","overlay-color":"","overlay-opacity":"","overlay-gradient":""}},"ast-content-background-meta":{"desktop":{"background-color":"var(--ast-global-color-5)","background-image":"","background-repeat":"repeat","background-position":"center center","background-size":"auto","background-attachment":"scroll","background-type":"","background-media":"","overlay-type":"","overlay-color":"","overlay-opacity":"","overlay-gradient":""},"tablet":{"background-color":"var(--ast-global-color-5)","background-image":"","background-repeat":"repeat","background-position":"center center","background-size":"auto","background-attachment":"scroll","background-type":"","background-media":"","overlay-type":"","overlay-color":"","overlay-opacity":"","overlay-gradient":""},"mobile":{"background-color":"var(--ast-global-color-5)","background-image":"","background-repeat":"repeat","background-position":"center center","background-size":"auto","background-attachment":"scroll","background-type":"","background-media":"","overlay-type":"","overlay-color":"","overlay-opacity":"","overlay-gradient":""}}},"product_brand":[],"product_cat":[112,115],"product_tag":[],"class_list":{"0":"post-6059","1":"product","2":"type-product","3":"status-publish","4":"has-post-thumbnail","6":"product_cat-igre","7":"product_cat-pamcenje-i-paznja","8":"desktop-align-center","9":"tablet-align-left","10":"mobile-align-center","11":"ast-product-gallery-layout-first-image-large","12":"ast-product-gallery-with-no-image","13":"ast-product-tabs-layout-horizontal","15":"first","16":"instock","17":"sale","18":"downloadable","19":"virtual","20":"sold-individually","21":"purchasable","22":"product-type-simple"},"acf":[],"_links":{"self":[{"href":"https:\/\/kastenkidz.com\/hr\/wp-json\/wp\/v2\/product\/6059","targetHints":{"allow":["GET"]}}],"collection":[{"href":"https:\/\/kastenkidz.com\/hr\/wp-json\/wp\/v2\/product"}],"about":[{"href":"https:\/\/kastenkidz.com\/hr\/wp-json\/wp\/v2\/types\/product"}],"replies":[{"embeddable":true,"href":"https:\/\/kastenkidz.com\/hr\/wp-json\/wp\/v2\/comments?post=6059"}],"wp:featuredmedia":[{"embeddable":true,"href":"https:\/\/kastenkidz.com\/hr\/wp-json\/wp\/v2\/media\/6061"}],"wp:attachment":[{"href":"https:\/\/kastenkidz.com\/hr\/wp-json\/wp\/v2\/media?parent=6059"}],"wp:term":[{"taxonomy":"product_brand","embeddable":true,"href":"https:\/\/kastenkidz.com\/hr\/wp-json\/wp\/v2\/product_brand?post=6059"},{"taxonomy":"product_cat","embeddable":true,"href":"https:\/\/kastenkidz.com\/hr\/wp-json\/wp\/v2\/product_cat?post=6059"},{"taxonomy":"product_tag","embeddable":true,"href":"https:\/\/kastenkidz.com\/hr\/wp-json\/wp\/v2\/product_tag?post=6059"}],"curies":[{"name":"wp","href":"https:\/\/api.w.org\/{rel}","templated":true}]}}