{"id":5987,"date":"2025-02-06T16:45:36","date_gmt":"2025-02-06T16:45:36","guid":{"rendered":"https:\/\/kastenkidz.com\/product\/crtanje-linija-i-oblika\/"},"modified":"2025-07-20T18:52:53","modified_gmt":"2025-07-20T18:52:53","slug":"crtanje-linija-i-oblika","status":"publish","type":"product","link":"https:\/\/kastenkidz.com\/hr\/proizvod\/crtanje-linija-i-oblika\/","title":{"rendered":"Crtanje linija i oblika"},"content":{"rendered":"<p>Igra &#8220;Linije, oblici, kockice&#8221; sastoji se od dva zadatka. Prvi zadatak igra se pomo\u0107u tri obojene kockice za igru \u200b\u200bi lista za crtanje linija, oblika i slika, a drugi zadatak pomo\u0107u bijele kockice iscrtane raznim linijama i crte\u017ea sa smije\u0161nim licem.                                                                                                                                                                                                             Potrebno je ispisati sve listove igre i potom izrezati kockice za igru \u200b, te ih zalijepiti tako da imaju prikladan oblik kocke. Zadatak br. 1. Za prvi zadatak, djeca bacaju jednu od kockica za igru \u200b\u200bi crtaju ono sliku koju su dobili nakon bacanja kockice u prvi redak lista za crtanje. Kockicu nastavljaju bacati dok ne ispune sve retke lista. Kada djeca dobiju nove prazne listove zadataka, zamjenjuju kockice i nastavljaju sa zadatkom. I tako dok ne odigraju igru bacanjem svih kockica. Zadatak br. 2. Za drugi zadatak, djeca trebaju nacrtati frizuru za veselo lice.                                                                                   Sadr\u017eaj: pet \u0161ablona kockica za igru, list za crtanje linija, oblika i slika i jedan crte\u017e smije\u0161nog lica. <\/p>\n","protected":false},"excerpt":{"rendered":"<p>Igra &#8220;Linije, oblici, kockice&#8221; sastoji se od dva zadatka. Prvi zadatak igra se pomo\u0107u tri obojene kockice za igru \u200b\u200bi lista za crtanje linija, oblika i slika, a drugi zadatak pomo\u0107u bijele kockice iscrtane raznim linijama i crte\u017ea sa smije\u0161nim licem. Potrebno je ispisati sve listove igre i potom izrezati kockice za igru \u200b, te [&hellip;]<\/p>\n","protected":false},"featured_media":5989,"comment_status":"closed","ping_status":"closed","template":"","meta":{"_acf_changed":false,"site-sidebar-layout":"default","site-content-layout":"","ast-site-content-layout":"default","site-content-style":"default","site-sidebar-style":"default","ast-global-header-display":"","ast-banner-title-visibility":"","ast-main-header-display":"","ast-hfb-above-header-display":"","ast-hfb-below-header-display":"","ast-hfb-mobile-header-display":"","site-post-title":"","ast-breadcrumbs-content":"","ast-featured-img":"","footer-sml-layout":"","ast-disable-related-posts":"","theme-transparent-header-meta":"default","adv-header-id-meta":"","stick-header-meta":"default","header-above-stick-meta":"","header-main-stick-meta":"","header-below-stick-meta":"","astra-migrate-meta-layouts":"default","ast-page-background-enabled":"default","ast-page-background-meta":{"desktop":{"background-color":"","background-image":"","background-repeat":"repeat","background-position":"center center","background-size":"auto","background-attachment":"scroll","background-type":"","background-media":"","overlay-type":"","overlay-color":"","overlay-opacity":"","overlay-gradient":""},"tablet":{"background-color":"","background-image":"","background-repeat":"repeat","background-position":"center center","background-size":"auto","background-attachment":"scroll","background-type":"","background-media":"","overlay-type":"","overlay-color":"","overlay-opacity":"","overlay-gradient":""},"mobile":{"background-color":"","background-image":"","background-repeat":"repeat","background-position":"center center","background-size":"auto","background-attachment":"scroll","background-type":"","background-media":"","overlay-type":"","overlay-color":"","overlay-opacity":"","overlay-gradient":""}},"ast-content-background-meta":{"desktop":{"background-color":"var(--ast-global-color-5)","background-image":"","background-repeat":"repeat","background-position":"center center","background-size":"auto","background-attachment":"scroll","background-type":"","background-media":"","overlay-type":"","overlay-color":"","overlay-opacity":"","overlay-gradient":""},"tablet":{"background-color":"var(--ast-global-color-5)","background-image":"","background-repeat":"repeat","background-position":"center center","background-size":"auto","background-attachment":"scroll","background-type":"","background-media":"","overlay-type":"","overlay-color":"","overlay-opacity":"","overlay-gradient":""},"mobile":{"background-color":"var(--ast-global-color-5)","background-image":"","background-repeat":"repeat","background-position":"center center","background-size":"auto","background-attachment":"scroll","background-type":"","background-media":"","overlay-type":"","overlay-color":"","overlay-opacity":"","overlay-gradient":""}}},"product_brand":[],"product_cat":[115],"product_tag":[],"class_list":{"0":"post-5987","1":"product","2":"type-product","3":"status-publish","4":"has-post-thumbnail","6":"product_cat-pamcenje-i-paznja","7":"desktop-align-center","8":"tablet-align-left","9":"mobile-align-center","10":"ast-product-gallery-layout-first-image-large","11":"ast-product-tabs-layout-horizontal","13":"first","14":"instock","15":"sale","16":"downloadable","17":"virtual","18":"sold-individually","19":"purchasable","20":"product-type-simple"},"acf":[],"_links":{"self":[{"href":"https:\/\/kastenkidz.com\/hr\/wp-json\/wp\/v2\/product\/5987","targetHints":{"allow":["GET"]}}],"collection":[{"href":"https:\/\/kastenkidz.com\/hr\/wp-json\/wp\/v2\/product"}],"about":[{"href":"https:\/\/kastenkidz.com\/hr\/wp-json\/wp\/v2\/types\/product"}],"replies":[{"embeddable":true,"href":"https:\/\/kastenkidz.com\/hr\/wp-json\/wp\/v2\/comments?post=5987"}],"wp:featuredmedia":[{"embeddable":true,"href":"https:\/\/kastenkidz.com\/hr\/wp-json\/wp\/v2\/media\/5989"}],"wp:attachment":[{"href":"https:\/\/kastenkidz.com\/hr\/wp-json\/wp\/v2\/media?parent=5987"}],"wp:term":[{"taxonomy":"product_brand","embeddable":true,"href":"https:\/\/kastenkidz.com\/hr\/wp-json\/wp\/v2\/product_brand?post=5987"},{"taxonomy":"product_cat","embeddable":true,"href":"https:\/\/kastenkidz.com\/hr\/wp-json\/wp\/v2\/product_cat?post=5987"},{"taxonomy":"product_tag","embeddable":true,"href":"https:\/\/kastenkidz.com\/hr\/wp-json\/wp\/v2\/product_tag?post=5987"}],"curies":[{"name":"wp","href":"https:\/\/api.w.org\/{rel}","templated":true}]}}