{"id":5765,"date":"2025-02-06T16:45:33","date_gmt":"2025-02-06T16:45:33","guid":{"rendered":"https:\/\/kastenkidz.com\/product\/igra-ja-imam-za-jedninu-i-mnozinu\/"},"modified":"2025-09-09T10:44:44","modified_gmt":"2025-09-09T10:44:44","slug":"igra-ja-imam-za-jedninu-i-mnozinu","status":"publish","type":"product","link":"https:\/\/kastenkidz.com\/hr\/proizvod\/igra-ja-imam-za-jedninu-i-mnozinu\/","title":{"rendered":"Igra \u201eJa imam\u201c za jedninu i mno\u017einu"},"content":{"rendered":"<p>Igra &#8220;Ja imam&#8221; za vje\u017ebanje znanja o jednini i mno\u017eini ujedno je i edukacijski alat za u\u010denje pravilnog izgovora jednine i mno\u017eine imenica.<br \/>\nPravila igre: svaki igra\u010d dobije podjednak broj kartica. Suigra\u010di zajedno odre\u0111uju tko \u0107e biti prvi; tko \u0107e zapo\u010deti igru. Odabrani igra\u010d treba naglas re\u0107i &#8220;Tko ima&#8221; i imenovati crte\u017e koji se nalazi na jednoj od svojih kartica, pr. tanjur. Zatim ostali igra\u010di ra\u010dunaju\u0107i svak za sebe provjeravaju imaju li rje\u0161enje zadatka na svojim karticama. Dijete koje prvo uo\u010di rezultat me\u0111u svojim karticama treba viknuti &#8220;Ja imam tanjur&#8221; i dalje nastaviti igru postavljaju\u0107i suigra\u010dima pitanje &#8220;Tko im \u017elicu&#8221; imenuju\u0107i crte\u017e s jedne od dodijeljenih kartica s po\u010detka igre. Ta se kartica izbacije iz igre i igra se nastavlja.<\/p>\n<p>Sadr\u017eaj: 40 kartica<\/p>\n","protected":false},"excerpt":{"rendered":"<p>Igra &#8220;Ja imam&#8221; za vje\u017ebanje znanja o jednini i mno\u017eini ujedno je i edukacijski alat za u\u010denje pravilnog izgovora jednine i mno\u017eine imenica. Pravila igre: svaki igra\u010d dobije podjednak broj kartica. Suigra\u010di zajedno odre\u0111uju tko \u0107e biti prvi; tko \u0107e zapo\u010deti igru. Odabrani igra\u010d treba naglas re\u0107i &#8220;Tko ima&#8221; i imenovati crte\u017e koji se nalazi [&hellip;]<\/p>\n","protected":false},"featured_media":9234,"comment_status":"closed","ping_status":"closed","template":"","meta":{"_acf_changed":false,"site-sidebar-layout":"default","site-content-layout":"","ast-site-content-layout":"default","site-content-style":"default","site-sidebar-style":"default","ast-global-header-display":"","ast-banner-title-visibility":"","ast-main-header-display":"","ast-hfb-above-header-display":"","ast-hfb-below-header-display":"","ast-hfb-mobile-header-display":"","site-post-title":"","ast-breadcrumbs-content":"","ast-featured-img":"","footer-sml-layout":"","ast-disable-related-posts":"","theme-transparent-header-meta":"default","adv-header-id-meta":"","stick-header-meta":"default","header-above-stick-meta":"","header-main-stick-meta":"","header-below-stick-meta":"","astra-migrate-meta-layouts":"set","ast-page-background-enabled":"default","ast-page-background-meta":{"desktop":{"background-color":"","background-image":"","background-repeat":"repeat","background-position":"center center","background-size":"auto","background-attachment":"scroll","background-type":"","background-media":"","overlay-type":"","overlay-color":"","overlay-opacity":"","overlay-gradient":""},"tablet":{"background-color":"","background-image":"","background-repeat":"repeat","background-position":"center center","background-size":"auto","background-attachment":"scroll","background-type":"","background-media":"","overlay-type":"","overlay-color":"","overlay-opacity":"","overlay-gradient":""},"mobile":{"background-color":"","background-image":"","background-repeat":"repeat","background-position":"center center","background-size":"auto","background-attachment":"scroll","background-type":"","background-media":"","overlay-type":"","overlay-color":"","overlay-opacity":"","overlay-gradient":""}},"ast-content-background-meta":{"desktop":{"background-color":"var(--ast-global-color-5)","background-image":"","background-repeat":"repeat","background-position":"center center","background-size":"auto","background-attachment":"scroll","background-type":"","background-media":"","overlay-type":"","overlay-color":"","overlay-opacity":"","overlay-gradient":""},"tablet":{"background-color":"var(--ast-global-color-5)","background-image":"","background-repeat":"repeat","background-position":"center center","background-size":"auto","background-attachment":"scroll","background-type":"","background-media":"","overlay-type":"","overlay-color":"","overlay-opacity":"","overlay-gradient":""},"mobile":{"background-color":"var(--ast-global-color-5)","background-image":"","background-repeat":"repeat","background-position":"center center","background-size":"auto","background-attachment":"scroll","background-type":"","background-media":"","overlay-type":"","overlay-color":"","overlay-opacity":"","overlay-gradient":""}}},"product_brand":[],"product_cat":[112,113],"product_tag":[],"class_list":{"0":"post-5765","1":"product","2":"type-product","3":"status-publish","4":"has-post-thumbnail","6":"product_cat-igre","7":"product_cat-jezik","8":"desktop-align-center","9":"tablet-align-left","10":"mobile-align-center","11":"ast-product-gallery-layout-first-image-large","12":"ast-product-gallery-with-no-image","13":"ast-product-tabs-layout-horizontal","15":"first","16":"instock","17":"sale","18":"downloadable","19":"virtual","20":"sold-individually","21":"purchasable","22":"product-type-simple"},"acf":[],"_links":{"self":[{"href":"https:\/\/kastenkidz.com\/hr\/wp-json\/wp\/v2\/product\/5765","targetHints":{"allow":["GET"]}}],"collection":[{"href":"https:\/\/kastenkidz.com\/hr\/wp-json\/wp\/v2\/product"}],"about":[{"href":"https:\/\/kastenkidz.com\/hr\/wp-json\/wp\/v2\/types\/product"}],"replies":[{"embeddable":true,"href":"https:\/\/kastenkidz.com\/hr\/wp-json\/wp\/v2\/comments?post=5765"}],"wp:featuredmedia":[{"embeddable":true,"href":"https:\/\/kastenkidz.com\/hr\/wp-json\/wp\/v2\/media\/9234"}],"wp:attachment":[{"href":"https:\/\/kastenkidz.com\/hr\/wp-json\/wp\/v2\/media?parent=5765"}],"wp:term":[{"taxonomy":"product_brand","embeddable":true,"href":"https:\/\/kastenkidz.com\/hr\/wp-json\/wp\/v2\/product_brand?post=5765"},{"taxonomy":"product_cat","embeddable":true,"href":"https:\/\/kastenkidz.com\/hr\/wp-json\/wp\/v2\/product_cat?post=5765"},{"taxonomy":"product_tag","embeddable":true,"href":"https:\/\/kastenkidz.com\/hr\/wp-json\/wp\/v2\/product_tag?post=5765"}],"curies":[{"name":"wp","href":"https:\/\/api.w.org\/{rel}","templated":true}]}}