{"id":5693,"date":"2025-02-06T16:45:33","date_gmt":"2025-02-06T16:45:33","guid":{"rendered":"https:\/\/kastenkidz.com\/product\/igras-ja-imam-ucis-mnozenje\/"},"modified":"2025-07-20T18:52:25","modified_gmt":"2025-07-20T18:52:25","slug":"igras-ja-imam-ucis-mnozenje","status":"publish","type":"product","link":"https:\/\/kastenkidz.com\/hr\/proizvod\/igras-ja-imam-ucis-mnozenje\/","title":{"rendered":"Igra\u0161 &#8220;Ja imam&#8221;, u\u010di\u0161 mno\u017eenje"},"content":{"rendered":"<p>Tablica mno\u017eenja &#8220;Ja imam&#8221; je igra i alat za u\u010denje mno\u017eenja do 10.                                                                                                                                                                           Pravila igre: Svaki igra\u010d dobije podjednak broj kartica. Suigra\u010di zajedno odre\u0111uju tko \u0107e biti prvi; tko \u0107e zapo\u010deti igru. Odabrani igra\u010d treba naglas re\u0107i &#8220;Tko ima&#8221; i imenovati radnju mno\u017eenja koja se nalazi na jednoj od svojih kartica, pr. 4 x 4. Zatim ostali igra\u010di ra\u010dunaju\u0107i svak za sebe provjeravaju imaju li rje\u0161enje zadatka na svojim karticama. Dijete koje prvo uo\u010di rezultat me\u0111u svojim karticama treba viknuti &#8220;Ja imam 16&#8221; i dalje nastaviti igru postavljaju\u0107i suigra\u010dima pitanje &#8220;Tko ima&#8221; i radnju mno\u017eenja s jedne od dodijeljenih kartica s po\u010detka igre. Ta se kartica izbacije iz igre, djeca ponovno ra\u010dunaju i provjeravaju imaju li rje\u0161enje na svojim karticama.                                                                                                                                                                                                                                                     <\/p>\n<p>Sadr\u017eaj: 40 kartica s operacijama mno\u017eenja i dijeljenja do 10. <\/p>\n","protected":false},"excerpt":{"rendered":"<p>Tablica mno\u017eenja &#8220;Ja imam&#8221; je igra i alat za u\u010denje mno\u017eenja do 10. Pravila igre: Svaki igra\u010d dobije podjednak broj kartica. Suigra\u010di zajedno odre\u0111uju tko \u0107e biti prvi; tko \u0107e zapo\u010deti igru. Odabrani igra\u010d treba naglas re\u0107i &#8220;Tko ima&#8221; i imenovati radnju mno\u017eenja koja se nalazi na jednoj od svojih kartica, pr. 4 x 4. [&hellip;]<\/p>\n","protected":false},"featured_media":5695,"comment_status":"closed","ping_status":"closed","template":"","meta":{"_acf_changed":false,"site-sidebar-layout":"default","site-content-layout":"","ast-site-content-layout":"default","site-content-style":"default","site-sidebar-style":"default","ast-global-header-display":"","ast-banner-title-visibility":"","ast-main-header-display":"","ast-hfb-above-header-display":"","ast-hfb-below-header-display":"","ast-hfb-mobile-header-display":"","site-post-title":"","ast-breadcrumbs-content":"","ast-featured-img":"","footer-sml-layout":"","ast-disable-related-posts":"","theme-transparent-header-meta":"default","adv-header-id-meta":"","stick-header-meta":"default","header-above-stick-meta":"","header-main-stick-meta":"","header-below-stick-meta":"","astra-migrate-meta-layouts":"default","ast-page-background-enabled":"default","ast-page-background-meta":{"desktop":{"background-color":"","background-image":"","background-repeat":"repeat","background-position":"center center","background-size":"auto","background-attachment":"scroll","background-type":"","background-media":"","overlay-type":"","overlay-color":"","overlay-opacity":"","overlay-gradient":""},"tablet":{"background-color":"","background-image":"","background-repeat":"repeat","background-position":"center center","background-size":"auto","background-attachment":"scroll","background-type":"","background-media":"","overlay-type":"","overlay-color":"","overlay-opacity":"","overlay-gradient":""},"mobile":{"background-color":"","background-image":"","background-repeat":"repeat","background-position":"center center","background-size":"auto","background-attachment":"scroll","background-type":"","background-media":"","overlay-type":"","overlay-color":"","overlay-opacity":"","overlay-gradient":""}},"ast-content-background-meta":{"desktop":{"background-color":"var(--ast-global-color-5)","background-image":"","background-repeat":"repeat","background-position":"center center","background-size":"auto","background-attachment":"scroll","background-type":"","background-media":"","overlay-type":"","overlay-color":"","overlay-opacity":"","overlay-gradient":""},"tablet":{"background-color":"var(--ast-global-color-5)","background-image":"","background-repeat":"repeat","background-position":"center center","background-size":"auto","background-attachment":"scroll","background-type":"","background-media":"","overlay-type":"","overlay-color":"","overlay-opacity":"","overlay-gradient":""},"mobile":{"background-color":"var(--ast-global-color-5)","background-image":"","background-repeat":"repeat","background-position":"center center","background-size":"auto","background-attachment":"scroll","background-type":"","background-media":"","overlay-type":"","overlay-color":"","overlay-opacity":"","overlay-gradient":""}}},"product_brand":[],"product_cat":[112,114],"product_tag":[],"class_list":{"0":"post-5693","1":"product","2":"type-product","3":"status-publish","4":"has-post-thumbnail","6":"product_cat-igre","7":"product_cat-matematika-hr","8":"desktop-align-center","9":"tablet-align-left","10":"mobile-align-center","11":"ast-product-gallery-layout-first-image-large","12":"ast-product-gallery-with-no-image","13":"ast-product-tabs-layout-horizontal","15":"first","16":"instock","17":"sale","18":"downloadable","19":"virtual","20":"sold-individually","21":"purchasable","22":"product-type-simple"},"acf":[],"_links":{"self":[{"href":"https:\/\/kastenkidz.com\/hr\/wp-json\/wp\/v2\/product\/5693","targetHints":{"allow":["GET"]}}],"collection":[{"href":"https:\/\/kastenkidz.com\/hr\/wp-json\/wp\/v2\/product"}],"about":[{"href":"https:\/\/kastenkidz.com\/hr\/wp-json\/wp\/v2\/types\/product"}],"replies":[{"embeddable":true,"href":"https:\/\/kastenkidz.com\/hr\/wp-json\/wp\/v2\/comments?post=5693"}],"wp:featuredmedia":[{"embeddable":true,"href":"https:\/\/kastenkidz.com\/hr\/wp-json\/wp\/v2\/media\/5695"}],"wp:attachment":[{"href":"https:\/\/kastenkidz.com\/hr\/wp-json\/wp\/v2\/media?parent=5693"}],"wp:term":[{"taxonomy":"product_brand","embeddable":true,"href":"https:\/\/kastenkidz.com\/hr\/wp-json\/wp\/v2\/product_brand?post=5693"},{"taxonomy":"product_cat","embeddable":true,"href":"https:\/\/kastenkidz.com\/hr\/wp-json\/wp\/v2\/product_cat?post=5693"},{"taxonomy":"product_tag","embeddable":true,"href":"https:\/\/kastenkidz.com\/hr\/wp-json\/wp\/v2\/product_tag?post=5693"}],"curies":[{"name":"wp","href":"https:\/\/api.w.org\/{rel}","templated":true}]}}