{"id":5671,"date":"2025-02-06T16:45:33","date_gmt":"2025-02-06T16:45:33","guid":{"rendered":"https:\/\/kastenkidz.com\/product\/ponovi-osjecaje\/"},"modified":"2025-09-09T10:40:09","modified_gmt":"2025-09-09T10:40:09","slug":"ponovi-osjecaje","status":"publish","type":"product","link":"https:\/\/kastenkidz.com\/hr\/proizvod\/ponovi-osjecaje\/","title":{"rendered":"Ponovi osje\u0107aje"},"content":{"rendered":"<p>\u017divot bez emocija? Dosadno!<br \/>\nPomozite svojoj djeci razumjeti i izraziti emocije pomo\u0107u alata &#8220;Poka\u017ei kako se osije\u0107a\u0161&#8221;. Ova zabavna aktivnost poti\u010de djecu u prepoznavaju i opona\u0161aju emocije kako svoje emocije, tako emocije svojih prijatelja kroz zanimljive slike.<br \/>\nZapo\u010dnite smislene razgovore o osje\u0107ajima ve\u0107 danas! Preuzmite svoj PDF za ispis odmah!<\/p>\n<p>Sadr\u017eaj: 20 kartica s emocijama.<br \/>\nVeli\u010dine kartica A4 i A5 formata preuzimaju se zasebno.<br \/>\nZadatak se preuzima u PDF formatu.<br \/>\nPreporu\u010dujemo ispis pisa\u010dem u boji.<br \/>\nPotrebne su \u0161kare.<br \/>\nAlat je namijenjen djeci od 4 godine.<\/p>\n","protected":false},"excerpt":{"rendered":"<p>\u017divot bez emocija? Dosadno! Pomozite svojoj djeci razumjeti i izraziti emocije pomo\u0107u alata &#8220;Poka\u017ei kako se osije\u0107a\u0161&#8221;. Ova zabavna aktivnost poti\u010de djecu u prepoznavaju i opona\u0161aju emocije kako svoje emocije, tako emocije svojih prijatelja kroz zanimljive slike. Zapo\u010dnite smislene razgovore o osje\u0107ajima ve\u0107 danas! Preuzmite svoj PDF za ispis odmah! Sadr\u017eaj: 20 kartica s emocijama. [&hellip;]<\/p>\n","protected":false},"featured_media":5673,"comment_status":"closed","ping_status":"closed","template":"","meta":{"_acf_changed":false,"site-sidebar-layout":"default","site-content-layout":"","ast-site-content-layout":"default","site-content-style":"default","site-sidebar-style":"default","ast-global-header-display":"","ast-banner-title-visibility":"","ast-main-header-display":"","ast-hfb-above-header-display":"","ast-hfb-below-header-display":"","ast-hfb-mobile-header-display":"","site-post-title":"","ast-breadcrumbs-content":"","ast-featured-img":"","footer-sml-layout":"","ast-disable-related-posts":"","theme-transparent-header-meta":"default","adv-header-id-meta":"","stick-header-meta":"default","header-above-stick-meta":"","header-main-stick-meta":"","header-below-stick-meta":"","astra-migrate-meta-layouts":"set","ast-page-background-enabled":"default","ast-page-background-meta":{"desktop":{"background-color":"","background-image":"","background-repeat":"repeat","background-position":"center center","background-size":"auto","background-attachment":"scroll","background-type":"","background-media":"","overlay-type":"","overlay-color":"","overlay-opacity":"","overlay-gradient":""},"tablet":{"background-color":"","background-image":"","background-repeat":"repeat","background-position":"center center","background-size":"auto","background-attachment":"scroll","background-type":"","background-media":"","overlay-type":"","overlay-color":"","overlay-opacity":"","overlay-gradient":""},"mobile":{"background-color":"","background-image":"","background-repeat":"repeat","background-position":"center center","background-size":"auto","background-attachment":"scroll","background-type":"","background-media":"","overlay-type":"","overlay-color":"","overlay-opacity":"","overlay-gradient":""}},"ast-content-background-meta":{"desktop":{"background-color":"var(--ast-global-color-5)","background-image":"","background-repeat":"repeat","background-position":"center center","background-size":"auto","background-attachment":"scroll","background-type":"","background-media":"","overlay-type":"","overlay-color":"","overlay-opacity":"","overlay-gradient":""},"tablet":{"background-color":"var(--ast-global-color-5)","background-image":"","background-repeat":"repeat","background-position":"center center","background-size":"auto","background-attachment":"scroll","background-type":"","background-media":"","overlay-type":"","overlay-color":"","overlay-opacity":"","overlay-gradient":""},"mobile":{"background-color":"var(--ast-global-color-5)","background-image":"","background-repeat":"repeat","background-position":"center center","background-size":"auto","background-attachment":"scroll","background-type":"","background-media":"","overlay-type":"","overlay-color":"","overlay-opacity":"","overlay-gradient":""}}},"product_brand":[],"product_cat":[116],"product_tag":[],"class_list":{"0":"post-5671","1":"product","2":"type-product","3":"status-publish","4":"has-post-thumbnail","6":"product_cat-slagalice-i-karte","7":"desktop-align-center","8":"tablet-align-left","9":"mobile-align-center","10":"ast-product-gallery-layout-first-image-large","11":"ast-product-tabs-layout-horizontal","13":"first","14":"instock","15":"sale","16":"downloadable","17":"virtual","18":"sold-individually","19":"purchasable","20":"product-type-simple"},"acf":[],"_links":{"self":[{"href":"https:\/\/kastenkidz.com\/hr\/wp-json\/wp\/v2\/product\/5671","targetHints":{"allow":["GET"]}}],"collection":[{"href":"https:\/\/kastenkidz.com\/hr\/wp-json\/wp\/v2\/product"}],"about":[{"href":"https:\/\/kastenkidz.com\/hr\/wp-json\/wp\/v2\/types\/product"}],"replies":[{"embeddable":true,"href":"https:\/\/kastenkidz.com\/hr\/wp-json\/wp\/v2\/comments?post=5671"}],"wp:featuredmedia":[{"embeddable":true,"href":"https:\/\/kastenkidz.com\/hr\/wp-json\/wp\/v2\/media\/5673"}],"wp:attachment":[{"href":"https:\/\/kastenkidz.com\/hr\/wp-json\/wp\/v2\/media?parent=5671"}],"wp:term":[{"taxonomy":"product_brand","embeddable":true,"href":"https:\/\/kastenkidz.com\/hr\/wp-json\/wp\/v2\/product_brand?post=5671"},{"taxonomy":"product_cat","embeddable":true,"href":"https:\/\/kastenkidz.com\/hr\/wp-json\/wp\/v2\/product_cat?post=5671"},{"taxonomy":"product_tag","embeddable":true,"href":"https:\/\/kastenkidz.com\/hr\/wp-json\/wp\/v2\/product_tag?post=5671"}],"curies":[{"name":"wp","href":"https:\/\/api.w.org\/{rel}","templated":true}]}}