{"id":9400,"date":"2025-02-20T19:39:45","date_gmt":"2025-02-20T19:39:45","guid":{"rendered":"https:\/\/kastenkidz.com\/pravila-o-privatnosti\/"},"modified":"2025-10-22T10:51:22","modified_gmt":"2025-10-22T10:51:22","slug":"politika-privatnosti","status":"publish","type":"page","link":"https:\/\/kastenkidz.com\/hr\/politika-privatnosti\/","title":{"rendered":"Politika privatnosti"},"content":{"rendered":"\t\t<div data-elementor-type=\"wp-page\" data-elementor-id=\"9400\" class=\"elementor elementor-9400 elementor-3578\" data-elementor-post-type=\"page\">\n\t\t\t\t<div class=\"elementor-element elementor-element-e47e7f6 e-flex e-con-boxed e-con e-parent\" data-id=\"e47e7f6\" data-element_type=\"container\" data-e-type=\"container\">\n\t\t\t\t\t<div class=\"e-con-inner\">\n\t\t\t\t<div class=\"elementor-element elementor-element-5f56390 elementor-widget elementor-widget-text-editor\" data-id=\"5f56390\" data-element_type=\"widget\" data-e-type=\"widget\" data-widget_type=\"text-editor.default\">\n\t\t\t\t<div class=\"elementor-widget-container\">\n\t\t\t\t\t\t\t\t\t<h3>Pravila o privatnosti<\/h3><p><strong>1. Op\u0107e odredbe<\/strong><br \/>1.1. Ova Pravila o privatnosti ure\u0111uju osnovna na\u010dela i postupke prikupljanja, obrade i pohrane osobnih podataka od strane internetske trgovine <a href=\"https:\/\/www.kastenkidz.com\">www.kastenkidz.com<\/a> i njezinih klijenata (u daljnjem tekstu: &#8220;Vi&#8221; ili &#8220;Va\u0161i&#8221;).<br \/>1.2. Prikupljanje, obrada i pohrana Va\u0161ih osobnih podataka ure\u0111eni su ovim Pravilima o privatnosti, Zakonom o pravnoj za\u0161titi osobnih podataka Republike Litve i drugim va\u017ee\u0107im pravnim propisima.<br \/>1.3. Davanjem svojih osobnih podataka u internetskoj trgovini, suglasni ste da www.kastenkidz.com upravlja i obra\u0111uje Va\u0161e podatke u svrhe, na na\u010dine i prema postupcima navedenima u ovim Pravilima o privatnosti i va\u017ee\u0107im zakonskim propisima.<br \/><br \/><\/p><p><strong>2. Prikupljanje, obrada i pohrana osobnih podataka<\/strong><br \/>2.1. www.kastenkidz.com pridr\u017eava se sljede\u0107ih klju\u010dnih na\u010dela obrade osobnih podataka:<br \/>2.1.1. Osobni podaci prikupljaju se u odre\u0111ene i zakonite svrhe;<br \/>2.1.2. Osobni podaci obra\u0111uju se to\u010dno i po\u0161teno;<br \/>2.1.3. Osobni podaci redovito se a\u017euriraju;<br \/>2.1.4. Osobni podaci pohranjuju se ne dulje nego \u0161to je potrebno za ostvarenje odre\u0111enih svrha obrade;<br \/>2.1.5. Osobne podatke obra\u0111uju isklju\u010divo ovla\u0161teni zaposlenici;<br \/>2.1.6. Sve informacije o obra\u0111enim osobnim podacima smatraju se povjerljivima.<br \/>2.2. www.kastenkidz.com po\u0161tuje pravo svakog pojedinca na privatnost. Va\u0161i osobni podaci (kao \u0161to su ime, prezime, adresa e-po\u0161te i druge informacije navedene u obrascu za registraciju internetske trgovine) prikupljaju se i obra\u0111uju u sljede\u0107e svrhe:<br \/>2.2.1. Obrada Va\u0161ih narud\u017ebi;<br \/>2.2.2. Izdavanje financijskih dokumenata (npr. ra\u010duna);<br \/>2.2.3. Rje\u0161avanje pitanja vezanih uz isporuku robe;<br \/>2.2.4. Ispunjavanje drugih ugovornih obveza.<br \/><br \/><\/p><p><strong>3. Prijenos osobnih podataka tre\u0107im stranama<\/strong><br \/>3.1. Prodavatelj ima pravo prenijeti osobne podatke tre\u0107im stranama isklju\u010divo u svrhe navedene u to\u010dki 2.2.<br \/>3.2. Osobni podaci mogu se prenijeti tre\u0107im stranama samo u skladu s postupcima propisanim pravnim aktima Europske unije.<br \/><br \/><\/p><p><strong>4. Zahtjevi za registraciju<\/strong><br \/>4.1. U registracijskom obrascu du\u017eni ste navesti potpune, to\u010dne i istinite podatke o sebi. Ako navedete neto\u010dne, la\u017ene ili obmanjuju\u0107e podatke u obrascu za registraciju, zadr\u017eavamo pravo otkazati Va\u0161u registraciju, izbrisati Va\u0161e podatke ili ograni\u010diti pristup internetskoj trgovini.<br \/><br \/><\/p><p><strong>5. Izmjena i a\u017euriranje osobnih podataka<\/strong><br \/>5.1. Imate pravo u bilo kojem trenutku izmijeniti i\/ili a\u017eurirati podatke navedene u registracijskom obrascu tako da nas obavijestite putem e-po\u0161te na <a href=\"mailto:info@kastenkidz.com\">info@kastenkidz.com<\/a>.<br \/><br \/><\/p><p><strong>6. Kola\u010di\u0107i<\/strong><br \/>6.1. Obavje\u0161tavamo Vas da radi pru\u017eanja potpune usluge na na\u0161oj internetskoj stranici pohranjujemo odre\u0111ene informacije (kola\u010di\u0107e) na Va\u0161e ra\u010dunalo (ure\u0111aj). Ove informacije koristimo kako bismo Vas prepoznali kao prethodnog korisnika stranice i prikupili statistiku o posje\u0107enosti. Pohranjene kola\u010di\u0107e mo\u017eete u bilo kojem trenutku pregledati i izbrisati neke ili sve. Tako\u0111er imate pravo odbiti pohranu i kori\u0161tenje kola\u010di\u0107a na svom ra\u010dunalu (ure\u0111aju); me\u0111utim, u tom slu\u010daju neke funkcije internetske stranice mo\u017eda Vam ne\u0107e biti dostupne. Kori\u0161tenjem internetske trgovine smatra se da ste pristali na pohranu kola\u010di\u0107a. Svoju privolu mo\u017eete povu\u0107i u bilo kojem trenutku promjenom postavki internetskog preglednika ili kontaktiranjem putem bilo kojeg od kontakt podataka navedenih na stranici.<br \/><br \/><\/p><p><b>6.2. Kori\u0161tenje Microsoft Clarity alata<\/b><br \/>Na na\u0161oj internetskoj stranici koristimo <strong>Microsoft Clarity<\/strong> \u2013 alat koji pru\u017ea Microsoft Corporation (SAD) \u2013 kako bismo bolje razumjeli kako posjetitelji koriste na\u0161u stranicu (npr. koje stranice posje\u0107uju, gdje klik\u0107u i koliko dugo ostaju na stranici). Ovaj alat nam poma\u017ee pobolj\u0161ati funkcionalnost stranice i korisni\u010dko iskustvo.<br \/><br \/><\/p><p>Microsoft Clarity koristi kola\u010di\u0107e i sli\u010dne tehnologije pra\u0107enja koji mogu prikupljati sljede\u0107e podatke:<br \/>&#8211; informacije o pregledniku, ure\u0111aju i rezoluciji zaslona;<br \/>&#8211; korisni\u010dke interakcije (pokreti mi\u0161a, klikovi, pomicanje stranice);<br \/>&#8211; trajanje posjeta i pregledane stranice;<br \/>&#8211; anonimiziranu IP adresu (u skra\u0107enom obliku).<br \/><br \/><\/p><p>Ovi se podaci anonimiziraju i koriste isklju\u010divo u statisti\u010dke i analiti\u010dke svrhe za pobolj\u0161anje web stranice. Vi\u0161e informacija o pravilima privatnosti Microsoft Clarity alata mo\u017eete prona\u0107i ovdje:<br \/><a href=\"https:\/\/privacy.microsoft.com\/privacystatement\" target=\"_blank\" rel=\"noopener\">https:\/\/privacy.microsoft.com\/privacystatement<\/a><br \/><br \/><br \/>Ako ne \u017eelite da Microsoft Clarity prikuplja podatke o Va\u0161em pona\u0161anju prilikom pregledavanja, mo\u017eete:<br \/>&#8211; onemogu\u0107iti kola\u010di\u0107e u postavkama svog preglednika; ili<br \/>&#8211; koristiti Microsoftov alat za isklju\u010divanje pra\u0107enja na sljede\u0107oj poveznici: <a href=\"https:\/\/optout.aboutads.info\" target=\"_blank\" rel=\"noopener\">https:\/\/optout.aboutads.info<\/a>.<br \/><br \/><\/p><p><strong>7. Izmjene i zavr\u0161ne odredbe<\/strong><br \/>7.1. www.kastenkidz.com zadr\u017eava pravo izmijeniti ova Pravila o privatnosti u cijelosti ili djelomi\u010dno objavom a\u017eurirane verzije u internetskoj trgovini. Daljnje kori\u0161tenje na\u0161ih usluga smatra se prihva\u0107anjem tih izmjena. Svi sporovi ili nesuglasice koji proizlaze iz ovih Pravila o privatnosti rje\u0161avat \u0107e se pregovorima. Ako se ne postigne dogovor, sporovi \u0107e se rje\u0161avati u skladu sa zakonima Republike Litve.<\/p>\t\t\t\t\t\t\t\t<\/div>\n\t\t\t\t<\/div>\n\t\t\t\t\t<\/div>\n\t\t\t\t<\/div>\n\t\t\t\t<\/div>\n\t\t","protected":false},"excerpt":{"rendered":"<p>Pravila o privatnosti 1. Op\u0107e odredbe1.1. Ova Pravila o privatnosti ure\u0111uju osnovna na\u010dela i postupke prikupljanja, obrade i pohrane osobnih podataka od strane internetske trgovine www.kastenkidz.com i njezinih klijenata (u daljnjem tekstu: &#8220;Vi&#8221; ili &#8220;Va\u0161i&#8221;).1.2. Prikupljanje, obrada i pohrana Va\u0161ih osobnih podataka ure\u0111eni su ovim Pravilima o privatnosti, Zakonom o pravnoj za\u0161titi osobnih podataka Republike [&hellip;]<\/p>\n","protected":false},"author":1,"featured_media":0,"parent":0,"menu_order":0,"comment_status":"closed","ping_status":"closed","template":"","meta":{"_acf_changed":false,"site-sidebar-layout":"no-sidebar","site-content-layout":"page-builder","ast-site-content-layout":"full-width-container","site-content-style":"default","site-sidebar-style":"default","ast-global-header-display":"","ast-banner-title-visibility":"","ast-main-header-display":"","ast-hfb-above-header-display":"","ast-hfb-below-header-display":"","ast-hfb-mobile-header-display":"","site-post-title":"disabled","ast-breadcrumbs-content":"","ast-featured-img":"disabled","footer-sml-layout":"","ast-disable-related-posts":"","theme-transparent-header-meta":"","adv-header-id-meta":"","stick-header-meta":"","header-above-stick-meta":"","header-main-stick-meta":"","header-below-stick-meta":"","astra-migrate-meta-layouts":"default","ast-page-background-enabled":"default","ast-page-background-meta":{"desktop":{"background-color":"","background-image":"","background-repeat":"repeat","background-position":"center center","background-size":"auto","background-attachment":"scroll","background-type":"","background-media":"","overlay-type":"","overlay-color":"","overlay-opacity":"","overlay-gradient":""},"tablet":{"background-color":"","background-image":"","background-repeat":"repeat","background-position":"center center","background-size":"auto","background-attachment":"scroll","background-type":"","background-media":"","overlay-type":"","overlay-color":"","overlay-opacity":"","overlay-gradient":""},"mobile":{"background-color":"","background-image":"","background-repeat":"repeat","background-position":"center center","background-size":"auto","background-attachment":"scroll","background-type":"","background-media":"","overlay-type":"","overlay-color":"","overlay-opacity":"","overlay-gradient":""}},"ast-content-background-meta":{"desktop":{"background-color":"var(--ast-global-color-5)","background-image":"","background-repeat":"repeat","background-position":"center center","background-size":"auto","background-attachment":"scroll","background-type":"","background-media":"","overlay-type":"","overlay-color":"","overlay-opacity":"","overlay-gradient":""},"tablet":{"background-color":"var(--ast-global-color-5)","background-image":"","background-repeat":"repeat","background-position":"center center","background-size":"auto","background-attachment":"scroll","background-type":"","background-media":"","overlay-type":"","overlay-color":"","overlay-opacity":"","overlay-gradient":""},"mobile":{"background-color":"var(--ast-global-color-5)","background-image":"","background-repeat":"repeat","background-position":"center center","background-size":"auto","background-attachment":"scroll","background-type":"","background-media":"","overlay-type":"","overlay-color":"","overlay-opacity":"","overlay-gradient":""}},"footnotes":""},"class_list":["post-9400","page","type-page","status-publish","hentry"],"acf":[],"_links":{"self":[{"href":"https:\/\/kastenkidz.com\/hr\/wp-json\/wp\/v2\/pages\/9400","targetHints":{"allow":["GET"]}}],"collection":[{"href":"https:\/\/kastenkidz.com\/hr\/wp-json\/wp\/v2\/pages"}],"about":[{"href":"https:\/\/kastenkidz.com\/hr\/wp-json\/wp\/v2\/types\/page"}],"author":[{"embeddable":true,"href":"https:\/\/kastenkidz.com\/hr\/wp-json\/wp\/v2\/users\/1"}],"replies":[{"embeddable":true,"href":"https:\/\/kastenkidz.com\/hr\/wp-json\/wp\/v2\/comments?post=9400"}],"version-history":[{"count":5,"href":"https:\/\/kastenkidz.com\/hr\/wp-json\/wp\/v2\/pages\/9400\/revisions"}],"predecessor-version":[{"id":11651,"href":"https:\/\/kastenkidz.com\/hr\/wp-json\/wp\/v2\/pages\/9400\/revisions\/11651"}],"wp:attachment":[{"href":"https:\/\/kastenkidz.com\/hr\/wp-json\/wp\/v2\/media?parent=9400"}],"curies":[{"name":"wp","href":"https:\/\/api.w.org\/{rel}","templated":true}]}}