{"id":9398,"date":"2025-02-20T19:27:42","date_gmt":"2025-02-20T19:27:42","guid":{"rendered":"https:\/\/kastenkidz.com\/uvjeti-kupnje\/"},"modified":"2025-07-28T23:09:10","modified_gmt":"2025-07-28T23:09:10","slug":"uvjeti-kupnje","status":"publish","type":"page","link":"https:\/\/kastenkidz.com\/hr\/uvjeti-kupnje\/","title":{"rendered":"Uvjeti kupnje"},"content":{"rendered":"\t\t<div data-elementor-type=\"wp-page\" data-elementor-id=\"9398\" class=\"elementor elementor-9398 elementor-3570\" data-elementor-post-type=\"page\">\n\t\t\t\t<div class=\"elementor-element elementor-element-5d5400c e-flex e-con-boxed e-con e-parent\" data-id=\"5d5400c\" data-element_type=\"container\" data-e-type=\"container\">\n\t\t\t\t\t<div class=\"e-con-inner\">\n\t\t\t\t<div class=\"elementor-element elementor-element-57fcf4a elementor-widget elementor-widget-text-editor\" data-id=\"57fcf4a\" data-element_type=\"widget\" data-e-type=\"widget\" data-widget_type=\"text-editor.default\">\n\t\t\t\t<div class=\"elementor-widget-container\">\n\t\t\t\t\t\t\t\t\t<h3>Uvjeti kupnje<\/h3><p><strong>1. Op\u0107e odredbe<\/strong><br>1.1. Ovi Uvjeti kupnje i prodaje robe (u daljnjem tekstu: &#8220;Uvjeti&#8221;), nakon prihva\u0107anja od strane Kupca (nakon \u0161to pregleda Uvjete i ozna\u010di ku\u0107icu uz izjavu &#8220;Pro\u010ditao\/la sam i sla\u017eem se s uvjetima kori\u0161tenja stranice&#8221;), predstavljaju pravno obvezuju\u0107i dokument za obje strane, kojim se utvr\u0111uju prava i obveze Kupca i Prodavatelja, uvjeti kupnje robe i pla\u0107anja, postupci isporuke i povrata robe, odgovornost strana i druge odredbe povezane s kupnjom i prodajom robe putem internetske trgovine www.kastenkidz.com. <br>1.2. Prodavatelj zadr\u017eava pravo u bilo kojem trenutku izmijeniti, dopuniti ili nadopuniti Uvjete u skladu sa zahtjevima va\u017ee\u0107ih zakonskih propisa.<\/p><p><strong>2. Za\u0161tita osobnih podataka<\/strong><br>2.1. Prilikom naru\u010divanja robe Kupac mora unijeti potrebne osobne podatke u polja koja je odredio Prodavatelj: ime, prezime, adresu e-po\u0161te i dr\u017eavu.<br>2.2. Prihva\u0107anjem ovih Uvjeta Kupac pristaje da se osobni podaci navedeni u to\u010dki 2.1. mogu obra\u0111ivati u svrhu prodaje robe i usluga putem internetske trgovine www.kastenkidz.com, za poslovnu analizu Prodavatelja te u svrhe izravnog marketinga. Kupac tako\u0111er pristaje da se njegovi osobni podaci \u2013 ime, prezime, adresa e-po\u0161te i dr\u017eava \u2013 mogu proslijediti partnerima Prodavatelja (izvr\u0161iteljima obrade podataka) koji pru\u017eaju usluge dostave robe ili druge usluge potrebne za pravilnu realizaciju narud\u017ebe.<br>2.3. Davanjem suglasnosti za obradu osobnih podataka u svrhu prodaje robe i usluga putem internetske trgovine Prodavatelja, Kupac tako\u0111er pristaje na primanje informativnih poruka potrebnih za realizaciju narud\u017ebe putem navedene adrese e-po\u0161te.<br>2.4. Ako se Kupac ne sla\u017ee s odredbama o za\u0161titi osobnih podataka navedenima u ovom dijelu Uvjeta, gubi pravo na kori\u0161tenje usluga internetske trgovine www.kastenkidz.com.      <\/p><p><strong>3. Prava i obveze Kupca<\/strong><br>3.1. Kupac ima pravo kupovati robu u internetskoj trgovini www.kastenkidz.com u skladu s ovim Uvjetima i ostalim informativnim dijelovima internetske trgovine Prodavatelja.<br>3.2. Kupac ima pravo na kupnju robe.<br>3.3. Kupac je du\u017ean unaprijed platiti robu.<br>3.4. Ako se podaci o registraciji Kupca promijene, du\u017ean je odmah o tome obavijestiti Prodavatelja.    <\/p><p><strong>4. Prava i obveze Prodavatelja<\/strong><br>4.1. Prodavatelj se obvezuje omogu\u0107iti Kupcu kori\u0161tenje usluga internetske trgovine www.kastenkidz.com pod uvjetima navedenima u ovim Uvjetima i na stranici internetske trgovine.<br>4.2. Ako Kupac poku\u0161a naru\u0161iti stabilnost i sigurnost internetske trgovine ili ne ispunjava svoje obveze, Prodavatelj ima pravo odmah i bez prethodne obavijesti ograni\u010diti ili obustaviti pristup Kupca internetskoj trgovini ili, u iznimnim slu\u010dajevima, otkazati njegovu registraciju.<br>4.3. U va\u017enim okolnostima Prodavatelj mo\u017ee privremeno ili trajno obustaviti rad internetske trgovine bez prethodne obavijesti Kupcu.<br>4.4. Prodavatelj ima pravo otkazati narud\u017ebu Kupca bez prethodne obavijesti ako Kupac ne izvr\u0161i pla\u0107anje robe u roku od tri (3) radna dana pri odabiru jednog od na\u010dina pla\u0107anja navedenih u to\u010dkama 5.2.1 \u2013 5.2.4.<br>4.5. Prodavatelj se obvezuje po\u0161tovati Kup\u010devo pravo na privatnost u vezi s njegovim osobnim podacima te obra\u0111ivati osobne podatke Kupca isklju\u010divo u skladu s odjeljkom 2. Uvjeta i zakonima Republike Litve.     <\/p><p><strong>5. Cijene, uvjeti i na\u010dini pla\u0107anja<\/strong><br>5.1. Cijene robe u internetskoj trgovini navedene su u eurima.<br>5.2. Kupac mo\u017ee platiti robu jednim od sljede\u0107ih na\u010dina:<br>5.2.1. Putem sustava Paysera, uklju\u010duju\u0107i elektroni\u010dko bankarstvo (Swedbank AB, SEB AB, Citadele AB, Luminor AB).<br>5.2.2. Prijenosom uplate na navedeni ra\u010dun. U svrhu pla\u0107anja potrebno je navesti &#8220;Za obrazovne zadatke&#8221;. O izvr\u0161enom pla\u0107anju i kupljenoj robi obavijestite nas na info@kastenkidz.com.<br>5.2.3. Kreditnom karticom.<br>5.2.4. Putem PayPala.        <\/p><p><strong>6. Dostava robe<\/strong><br>6.1. Kastenkidz.com prodaje isklju\u010divo digitalne proizvode \u2013 PDF datoteke. Nakon izvr\u0161enog pla\u0107anja, u roku od nekoliko minuta primit \u0107ete e-poruku s poveznicama na naru\u010dene proizvode i prilo\u017eenim ra\u010dunom. Potrebno je kliknuti na poveznice i preuzeti PDF datoteke. Ispod smo prilo\u017eili ilustrirani primjer. Ako niste primili e-poruku, prvo provjerite je li poruka zavr\u0161ila u SPAM-u ili u mapi za promotivne poruke. Me\u0111utim, vrlo je vjerojatno da ste unijeli pogre\u0161nu adresu e-po\u0161te. Pi\u0161ite nam na info@kastenkidz.com, a mi se obvezujemo odgovoriti u roku od dva (2) radna dana.       <\/p><p><strong>7. Return and Exchange of Goods<\/strong><br>7.1. According to the EU Consumer Rights Directive (2011\/83\/EU), digital goods are not returnable. The buyer loses the right of withdrawal (right of return) as soon as the download begins.  <\/p><p><strong>8. Odgovornost<\/strong><br>8.1. Kupac snosi punu odgovornost za to\u010dnost osobnih podataka koje pru\u017ei. Ako Kupac pru\u017ei neto\u010dne osobne podatke, Prodavatelj ne snosi odgovornost za mogu\u0107e posljedice i ima pravo tra\u017eiti naknadu izravne \u0161tete.<br>8.2. Kupac je odgovoran za sve radnje poduzete putem ove internetske trgovine.<br>8.3. Registrirani Kupac je odgovoran za dijeljenje svojih pristupnih podataka s tre\u0107im osobama. Ako tre\u0107a osoba pristupi internetskoj trgovini koriste\u0107i pristupne podatke Kupca, Prodavatelj tu osobu smatra Kupcem.<br>8.4. Prodavatelj ne snosi odgovornost za bilo kakvu \u0161tetu nastalu zbog nepo\u0161tivanja preporuka i obveza Prodavatelja od strane Kupca, \u010dak i ako je Kupac imao mogu\u0107nost upoznati se s ovim Uvjetima.<br>8.5. Ako internetska trgovina Prodavatelja sadr\u017ei poveznice na stranice drugih tvrtki, institucija, organizacija ili pojedinaca, Prodavatelj ne odgovara za informacije ili aktivnosti na tim stranicama. Prodavatelj ne nadzire, ne kontrolira niti zastupa te tvrtke ili pojedince.<br>8.6. Prodavatelj ne snosi odgovornost za pravilno ispunjenje obveza izme\u0111u Kupca i partnera Prodavatelja \u010dije usluge Kupac naru\u010di.<br>8.7. U slu\u010daju nastanka \u0161tete, odgovorna strana nadokna\u0111uje drugoj strani izravnu \u0161tetu.<br>8.8. Svi proizvodi koji se prodaju u ovoj trgovini za\u0161ti\u0107eni su zakonima EU o autorskim pravima. Zabranjeno je njihovo kopiranje, distribucija ili kori\u0161tenje bez dozvole autora. Kupac stje\u010de pravo koristiti proizvod isklju\u010divo u osobne svrhe.             <\/p><p><strong>9. Razmjena informacija<\/strong><br>9.1. Prodavatelj \u0161alje sve obavijesti Kupcu putem adrese e-po\u0161te navedene u to\u010dki 2.1.<br>9.2. Kupac \u0161alje sve obavijesti i upite Prodavatelju putem adrese e-po\u0161te info@kastenkidz.com.  <\/p>\t\t\t\t\t\t\t\t<\/div>\n\t\t\t\t<\/div>\n\t\t\t\t\t<\/div>\n\t\t\t\t<\/div>\n\t\t\t\t<\/div>\n\t\t","protected":false},"excerpt":{"rendered":"<p>Uvjeti kupnje 1. Op\u0107e odredbe1.1. Ovi Uvjeti kupnje i prodaje robe (u daljnjem tekstu: &#8220;Uvjeti&#8221;), nakon prihva\u0107anja od strane Kupca (nakon \u0161to pregleda Uvjete i ozna\u010di ku\u0107icu uz izjavu &#8220;Pro\u010ditao\/la sam i sla\u017eem se s uvjetima kori\u0161tenja stranice&#8221;), predstavljaju pravno obvezuju\u0107i dokument za obje strane, kojim se utvr\u0111uju prava i obveze Kupca i Prodavatelja, uvjeti [&hellip;]<\/p>\n","protected":false},"author":1,"featured_media":0,"parent":0,"menu_order":0,"comment_status":"closed","ping_status":"closed","template":"","meta":{"_acf_changed":false,"site-sidebar-layout":"no-sidebar","site-content-layout":"page-builder","ast-site-content-layout":"full-width-container","site-content-style":"default","site-sidebar-style":"default","ast-global-header-display":"","ast-banner-title-visibility":"","ast-main-header-display":"","ast-hfb-above-header-display":"","ast-hfb-below-header-display":"","ast-hfb-mobile-header-display":"","site-post-title":"disabled","ast-breadcrumbs-content":"","ast-featured-img":"disabled","footer-sml-layout":"","ast-disable-related-posts":"","theme-transparent-header-meta":"","adv-header-id-meta":"","stick-header-meta":"","header-above-stick-meta":"","header-main-stick-meta":"","header-below-stick-meta":"","astra-migrate-meta-layouts":"default","ast-page-background-enabled":"default","ast-page-background-meta":{"desktop":{"background-color":"","background-image":"","background-repeat":"repeat","background-position":"center center","background-size":"auto","background-attachment":"scroll","background-type":"","background-media":"","overlay-type":"","overlay-color":"","overlay-opacity":"","overlay-gradient":""},"tablet":{"background-color":"","background-image":"","background-repeat":"repeat","background-position":"center center","background-size":"auto","background-attachment":"scroll","background-type":"","background-media":"","overlay-type":"","overlay-color":"","overlay-opacity":"","overlay-gradient":""},"mobile":{"background-color":"","background-image":"","background-repeat":"repeat","background-position":"center center","background-size":"auto","background-attachment":"scroll","background-type":"","background-media":"","overlay-type":"","overlay-color":"","overlay-opacity":"","overlay-gradient":""}},"ast-content-background-meta":{"desktop":{"background-color":"var(--ast-global-color-5)","background-image":"","background-repeat":"repeat","background-position":"center center","background-size":"auto","background-attachment":"scroll","background-type":"","background-media":"","overlay-type":"","overlay-color":"","overlay-opacity":"","overlay-gradient":""},"tablet":{"background-color":"var(--ast-global-color-5)","background-image":"","background-repeat":"repeat","background-position":"center center","background-size":"auto","background-attachment":"scroll","background-type":"","background-media":"","overlay-type":"","overlay-color":"","overlay-opacity":"","overlay-gradient":""},"mobile":{"background-color":"var(--ast-global-color-5)","background-image":"","background-repeat":"repeat","background-position":"center center","background-size":"auto","background-attachment":"scroll","background-type":"","background-media":"","overlay-type":"","overlay-color":"","overlay-opacity":"","overlay-gradient":""}},"footnotes":""},"class_list":["post-9398","page","type-page","status-publish","hentry"],"acf":[],"_links":{"self":[{"href":"https:\/\/kastenkidz.com\/hr\/wp-json\/wp\/v2\/pages\/9398","targetHints":{"allow":["GET"]}}],"collection":[{"href":"https:\/\/kastenkidz.com\/hr\/wp-json\/wp\/v2\/pages"}],"about":[{"href":"https:\/\/kastenkidz.com\/hr\/wp-json\/wp\/v2\/types\/page"}],"author":[{"embeddable":true,"href":"https:\/\/kastenkidz.com\/hr\/wp-json\/wp\/v2\/users\/1"}],"replies":[{"embeddable":true,"href":"https:\/\/kastenkidz.com\/hr\/wp-json\/wp\/v2\/comments?post=9398"}],"version-history":[{"count":1,"href":"https:\/\/kastenkidz.com\/hr\/wp-json\/wp\/v2\/pages\/9398\/revisions"}],"predecessor-version":[{"id":9399,"href":"https:\/\/kastenkidz.com\/hr\/wp-json\/wp\/v2\/pages\/9398\/revisions\/9399"}],"wp:attachment":[{"href":"https:\/\/kastenkidz.com\/hr\/wp-json\/wp\/v2\/media?parent=9398"}],"curies":[{"name":"wp","href":"https:\/\/api.w.org\/{rel}","templated":true}]}}