{"id":7319,"date":"2025-02-06T16:45:43","date_gmt":"2025-02-06T16:45:43","guid":{"rendered":"https:\/\/kastenkidz.com\/product\/pis-a-pocitej-do-dvaceti\/"},"modified":"2025-07-20T19:06:13","modified_gmt":"2025-07-20T19:06:13","slug":"pis-a-pocitej-do-dvaceti","status":"publish","type":"product","link":"https:\/\/kastenkidz.com\/cs\/produkt\/pis-a-pocitej-do-dvaceti\/","title":{"rendered":"Pi\u0161 a po\u010d\u00edtej do dvaceti"},"content":{"rendered":"<p>\u2795\u2796 Jd\u011bte na matematiku z\u00e1bavnou formou d\u00edky t\u00e9to interaktivn\u00ed aktivit\u011b! \u2601\ufe0f<br \/>\nTato poutav\u00e1 hra pom\u00e1h\u00e1 d\u011btem hravou formou procvi\u010dovat s\u010d\u00edt\u00e1n\u00ed a od\u010d\u00edt\u00e1n\u00ed do dvaceti. D\u011bti maj\u00ed za \u00fakol vepisovat do barevn\u00fdch krou\u017ek\u016f \u010d\u00edsla z mrak\u016f a p\u0159i\u0159adit je k sob\u011b podle barev, aby byly v\u00fdsledn\u00e9 rovnice spr\u00e1vn\u00e9.  <\/p>\n<p>Hra obsahuje: 30 karet s operacemi s\u010d\u00edt\u00e1n\u00ed a od\u010d\u00edt\u00e1n\u00ed, 8 list\u016f form\u00e1tu A4. <\/p>\n","protected":false},"excerpt":{"rendered":"<p>\u2795\u2796 Jd\u011bte na matematiku z\u00e1bavnou formou d\u00edky t\u00e9to interaktivn\u00ed aktivit\u011b! \u2601\ufe0f Tato poutav\u00e1 hra pom\u00e1h\u00e1 d\u011btem hravou formou procvi\u010dovat s\u010d\u00edt\u00e1n\u00ed a od\u010d\u00edt\u00e1n\u00ed do dvaceti. D\u011bti maj\u00ed za \u00fakol vepisovat do barevn\u00fdch krou\u017ek\u016f \u010d\u00edsla z mrak\u016f a p\u0159i\u0159adit je k sob\u011b podle barev, aby byly v\u00fdsledn\u00e9 rovnice spr\u00e1vn\u00e9. Hra obsahuje: 30 karet s operacemi s\u010d\u00edt\u00e1n\u00ed a [&hellip;]<\/p>\n","protected":false},"featured_media":7321,"comment_status":"closed","ping_status":"closed","template":"","meta":{"_acf_changed":false,"site-sidebar-layout":"default","site-content-layout":"","ast-site-content-layout":"default","site-content-style":"default","site-sidebar-style":"default","ast-global-header-display":"","ast-banner-title-visibility":"","ast-main-header-display":"","ast-hfb-above-header-display":"","ast-hfb-below-header-display":"","ast-hfb-mobile-header-display":"","site-post-title":"","ast-breadcrumbs-content":"","ast-featured-img":"","footer-sml-layout":"","ast-disable-related-posts":"","theme-transparent-header-meta":"default","adv-header-id-meta":"","stick-header-meta":"default","header-above-stick-meta":"","header-main-stick-meta":"","header-below-stick-meta":"","astra-migrate-meta-layouts":"default","ast-page-background-enabled":"default","ast-page-background-meta":{"desktop":{"background-color":"","background-image":"","background-repeat":"repeat","background-position":"center center","background-size":"auto","background-attachment":"scroll","background-type":"","background-media":"","overlay-type":"","overlay-color":"","overlay-opacity":"","overlay-gradient":""},"tablet":{"background-color":"","background-image":"","background-repeat":"repeat","background-position":"center center","background-size":"auto","background-attachment":"scroll","background-type":"","background-media":"","overlay-type":"","overlay-color":"","overlay-opacity":"","overlay-gradient":""},"mobile":{"background-color":"","background-image":"","background-repeat":"repeat","background-position":"center center","background-size":"auto","background-attachment":"scroll","background-type":"","background-media":"","overlay-type":"","overlay-color":"","overlay-opacity":"","overlay-gradient":""}},"ast-content-background-meta":{"desktop":{"background-color":"var(--ast-global-color-5)","background-image":"","background-repeat":"repeat","background-position":"center center","background-size":"auto","background-attachment":"scroll","background-type":"","background-media":"","overlay-type":"","overlay-color":"","overlay-opacity":"","overlay-gradient":""},"tablet":{"background-color":"var(--ast-global-color-5)","background-image":"","background-repeat":"repeat","background-position":"center center","background-size":"auto","background-attachment":"scroll","background-type":"","background-media":"","overlay-type":"","overlay-color":"","overlay-opacity":"","overlay-gradient":""},"mobile":{"background-color":"var(--ast-global-color-5)","background-image":"","background-repeat":"repeat","background-position":"center center","background-size":"auto","background-attachment":"scroll","background-type":"","background-media":"","overlay-type":"","overlay-color":"","overlay-opacity":"","overlay-gradient":""}}},"product_brand":[],"product_cat":[133],"product_tag":[],"class_list":{"0":"post-7319","1":"product","2":"type-product","3":"status-publish","4":"has-post-thumbnail","6":"product_cat-matematicke","7":"desktop-align-center","8":"tablet-align-left","9":"mobile-align-center","10":"ast-product-gallery-layout-first-image-large","11":"ast-product-tabs-layout-horizontal","13":"first","14":"instock","15":"sale","16":"downloadable","17":"virtual","18":"sold-individually","19":"purchasable","20":"product-type-simple"},"acf":[],"_links":{"self":[{"href":"https:\/\/kastenkidz.com\/cs\/wp-json\/wp\/v2\/product\/7319","targetHints":{"allow":["GET"]}}],"collection":[{"href":"https:\/\/kastenkidz.com\/cs\/wp-json\/wp\/v2\/product"}],"about":[{"href":"https:\/\/kastenkidz.com\/cs\/wp-json\/wp\/v2\/types\/product"}],"replies":[{"embeddable":true,"href":"https:\/\/kastenkidz.com\/cs\/wp-json\/wp\/v2\/comments?post=7319"}],"wp:featuredmedia":[{"embeddable":true,"href":"https:\/\/kastenkidz.com\/cs\/wp-json\/wp\/v2\/media\/7321"}],"wp:attachment":[{"href":"https:\/\/kastenkidz.com\/cs\/wp-json\/wp\/v2\/media?parent=7319"}],"wp:term":[{"taxonomy":"product_brand","embeddable":true,"href":"https:\/\/kastenkidz.com\/cs\/wp-json\/wp\/v2\/product_brand?post=7319"},{"taxonomy":"product_cat","embeddable":true,"href":"https:\/\/kastenkidz.com\/cs\/wp-json\/wp\/v2\/product_cat?post=7319"},{"taxonomy":"product_tag","embeddable":true,"href":"https:\/\/kastenkidz.com\/cs\/wp-json\/wp\/v2\/product_tag?post=7319"}],"curies":[{"name":"wp","href":"https:\/\/api.w.org\/{rel}","templated":true}]}}