{"id":7305,"date":"2025-02-06T16:45:43","date_gmt":"2025-02-06T16:45:43","guid":{"rendered":"https:\/\/kastenkidz.com\/product\/rocni-obdobi-2\/"},"modified":"2025-07-20T19:06:12","modified_gmt":"2025-07-20T19:06:12","slug":"rocni-obdobi-2","status":"publish","type":"product","link":"https:\/\/kastenkidz.com\/cs\/produkt\/rocni-obdobi-2\/","title":{"rendered":"Ro\u010dn\u00ed obdob\u00ed 2"},"content":{"rendered":"<p>\u26c4\ufe0f \u2614\ufe0f Tato poutav\u00e1 v\u00fdukov\u00e1 pom\u016fcka pom\u00e1h\u00e1 d\u011btem pochopit \u010dty\u0159i ro\u010dn\u00ed obdob\u00ed a jejich jedine\u010dn\u00e9 charakteristiky. Spr\u00e1vn\u00fdm uspo\u0159\u00e1d\u00e1n\u00edm ilustrovan\u00fdch karet si d\u011bti p\u0159irozen\u011b osvoj\u00ed podstatu jednotliv\u00fdch ro\u010dn\u00edch obdob\u00ed.  \u2744\ufe0f\u2600\ufe0f <\/p>\n<p>Hra obsahuje: 4 listy form\u00e1tu A4, 24 karet. <\/p>\n","protected":false},"excerpt":{"rendered":"<p>\u26c4\ufe0f \u2614\ufe0f Tato poutav\u00e1 v\u00fdukov\u00e1 pom\u016fcka pom\u00e1h\u00e1 d\u011btem pochopit \u010dty\u0159i ro\u010dn\u00ed obdob\u00ed a jejich jedine\u010dn\u00e9 charakteristiky. Spr\u00e1vn\u00fdm uspo\u0159\u00e1d\u00e1n\u00edm ilustrovan\u00fdch karet si d\u011bti p\u0159irozen\u011b osvoj\u00ed podstatu jednotliv\u00fdch ro\u010dn\u00edch obdob\u00ed. \u2744\ufe0f\u2600\ufe0f Hra obsahuje: 4 listy form\u00e1tu A4, 24 karet.<\/p>\n","protected":false},"featured_media":7307,"comment_status":"closed","ping_status":"closed","template":"","meta":{"_acf_changed":false,"site-sidebar-layout":"default","site-content-layout":"","ast-site-content-layout":"default","site-content-style":"default","site-sidebar-style":"default","ast-global-header-display":"","ast-banner-title-visibility":"","ast-main-header-display":"","ast-hfb-above-header-display":"","ast-hfb-below-header-display":"","ast-hfb-mobile-header-display":"","site-post-title":"","ast-breadcrumbs-content":"","ast-featured-img":"","footer-sml-layout":"","ast-disable-related-posts":"","theme-transparent-header-meta":"default","adv-header-id-meta":"","stick-header-meta":"default","header-above-stick-meta":"","header-main-stick-meta":"","header-below-stick-meta":"","astra-migrate-meta-layouts":"default","ast-page-background-enabled":"default","ast-page-background-meta":{"desktop":{"background-color":"","background-image":"","background-repeat":"repeat","background-position":"center center","background-size":"auto","background-attachment":"scroll","background-type":"","background-media":"","overlay-type":"","overlay-color":"","overlay-opacity":"","overlay-gradient":""},"tablet":{"background-color":"","background-image":"","background-repeat":"repeat","background-position":"center center","background-size":"auto","background-attachment":"scroll","background-type":"","background-media":"","overlay-type":"","overlay-color":"","overlay-opacity":"","overlay-gradient":""},"mobile":{"background-color":"","background-image":"","background-repeat":"repeat","background-position":"center center","background-size":"auto","background-attachment":"scroll","background-type":"","background-media":"","overlay-type":"","overlay-color":"","overlay-opacity":"","overlay-gradient":""}},"ast-content-background-meta":{"desktop":{"background-color":"var(--ast-global-color-5)","background-image":"","background-repeat":"repeat","background-position":"center center","background-size":"auto","background-attachment":"scroll","background-type":"","background-media":"","overlay-type":"","overlay-color":"","overlay-opacity":"","overlay-gradient":""},"tablet":{"background-color":"var(--ast-global-color-5)","background-image":"","background-repeat":"repeat","background-position":"center center","background-size":"auto","background-attachment":"scroll","background-type":"","background-media":"","overlay-type":"","overlay-color":"","overlay-opacity":"","overlay-gradient":""},"mobile":{"background-color":"var(--ast-global-color-5)","background-image":"","background-repeat":"repeat","background-position":"center center","background-size":"auto","background-attachment":"scroll","background-type":"","background-media":"","overlay-type":"","overlay-color":"","overlay-opacity":"","overlay-gradient":""}}},"product_brand":[],"product_cat":[136],"product_tag":[],"class_list":{"0":"post-7305","1":"product","2":"type-product","3":"status-publish","4":"has-post-thumbnail","6":"product_cat-trideni","7":"desktop-align-center","8":"tablet-align-left","9":"mobile-align-center","10":"ast-product-gallery-layout-first-image-large","11":"ast-product-tabs-layout-horizontal","13":"first","14":"instock","15":"sale","16":"downloadable","17":"virtual","18":"sold-individually","19":"purchasable","20":"product-type-simple"},"acf":[],"_links":{"self":[{"href":"https:\/\/kastenkidz.com\/cs\/wp-json\/wp\/v2\/product\/7305","targetHints":{"allow":["GET"]}}],"collection":[{"href":"https:\/\/kastenkidz.com\/cs\/wp-json\/wp\/v2\/product"}],"about":[{"href":"https:\/\/kastenkidz.com\/cs\/wp-json\/wp\/v2\/types\/product"}],"replies":[{"embeddable":true,"href":"https:\/\/kastenkidz.com\/cs\/wp-json\/wp\/v2\/comments?post=7305"}],"wp:featuredmedia":[{"embeddable":true,"href":"https:\/\/kastenkidz.com\/cs\/wp-json\/wp\/v2\/media\/7307"}],"wp:attachment":[{"href":"https:\/\/kastenkidz.com\/cs\/wp-json\/wp\/v2\/media?parent=7305"}],"wp:term":[{"taxonomy":"product_brand","embeddable":true,"href":"https:\/\/kastenkidz.com\/cs\/wp-json\/wp\/v2\/product_brand?post=7305"},{"taxonomy":"product_cat","embeddable":true,"href":"https:\/\/kastenkidz.com\/cs\/wp-json\/wp\/v2\/product_cat?post=7305"},{"taxonomy":"product_tag","embeddable":true,"href":"https:\/\/kastenkidz.com\/cs\/wp-json\/wp\/v2\/product_tag?post=7305"}],"curies":[{"name":"wp","href":"https:\/\/api.w.org\/{rel}","templated":true}]}}