{"id":7291,"date":"2025-02-06T16:45:43","date_gmt":"2025-02-06T16:45:43","guid":{"rendered":"https:\/\/kastenkidz.com\/product\/lidske-telo-a-jeho-casti\/"},"modified":"2025-07-20T19:06:10","modified_gmt":"2025-07-20T19:06:10","slug":"lidske-telo-a-jeho-casti","status":"publish","type":"product","link":"https:\/\/kastenkidz.com\/cs\/produkt\/lidske-telo-a-jeho-casti\/","title":{"rendered":"Lidsk\u00e9 t\u011blo a jeho \u010d\u00e1sti"},"content":{"rendered":"<p>\u200d  Pomozte sv\u00e9mu d\u00edt\u011bti nau\u010dit se \u010d\u00e1sti t\u011bla z\u00e1bavnou a zapamatovatelnou formou!  \u2728 V\u00fdukov\u00e1 pom\u016fcka \u201eLidsk\u00e9 t\u011blo a jeho \u010d\u00e1sti\u201c obsahuje srozumiteln\u011b nakreslen\u00e9 obr\u00e1zky jednotliv\u00fdch \u010d\u00e1st\u00ed t\u011bla, kter\u00e9 d\u011btem usnad\u0148uj\u00ed jejich rozpozn\u00e1v\u00e1n\u00ed a zapamatov\u00e1n\u00ed.  <\/p>\n<p>Hra obsahuje: 20 ks karet s \u010d\u00e1stmi mu\u017esk\u00e9ho a \u017eensk\u00e9ho t\u011bla o velikosti 9 \u00d7 8,5 cm.<br \/>\n2 ks plak\u00e1tk\u016f s \u010d\u00e1stmi mu\u017esk\u00e9ho a \u017eensk\u00e9ho t\u011bla (form\u00e1t A4). <\/p>\n","protected":false},"excerpt":{"rendered":"<p>\u200d Pomozte sv\u00e9mu d\u00edt\u011bti nau\u010dit se \u010d\u00e1sti t\u011bla z\u00e1bavnou a zapamatovatelnou formou! \u2728 V\u00fdukov\u00e1 pom\u016fcka \u201eLidsk\u00e9 t\u011blo a jeho \u010d\u00e1sti\u201c obsahuje srozumiteln\u011b nakreslen\u00e9 obr\u00e1zky jednotliv\u00fdch \u010d\u00e1st\u00ed t\u011bla, kter\u00e9 d\u011btem usnad\u0148uj\u00ed jejich rozpozn\u00e1v\u00e1n\u00ed a zapamatov\u00e1n\u00ed. Hra obsahuje: 20 ks karet s \u010d\u00e1stmi mu\u017esk\u00e9ho a \u017eensk\u00e9ho t\u011bla o velikosti 9 \u00d7 8,5 cm. 2 ks plak\u00e1tk\u016f s [&hellip;]<\/p>\n","protected":false},"featured_media":7293,"comment_status":"closed","ping_status":"closed","template":"","meta":{"_acf_changed":false,"site-sidebar-layout":"default","site-content-layout":"","ast-site-content-layout":"default","site-content-style":"default","site-sidebar-style":"default","ast-global-header-display":"","ast-banner-title-visibility":"","ast-main-header-display":"","ast-hfb-above-header-display":"","ast-hfb-below-header-display":"","ast-hfb-mobile-header-display":"","site-post-title":"","ast-breadcrumbs-content":"","ast-featured-img":"","footer-sml-layout":"","ast-disable-related-posts":"","theme-transparent-header-meta":"default","adv-header-id-meta":"","stick-header-meta":"default","header-above-stick-meta":"","header-main-stick-meta":"","header-below-stick-meta":"","astra-migrate-meta-layouts":"default","ast-page-background-enabled":"default","ast-page-background-meta":{"desktop":{"background-color":"","background-image":"","background-repeat":"repeat","background-position":"center center","background-size":"auto","background-attachment":"scroll","background-type":"","background-media":"","overlay-type":"","overlay-color":"","overlay-opacity":"","overlay-gradient":""},"tablet":{"background-color":"","background-image":"","background-repeat":"repeat","background-position":"center center","background-size":"auto","background-attachment":"scroll","background-type":"","background-media":"","overlay-type":"","overlay-color":"","overlay-opacity":"","overlay-gradient":""},"mobile":{"background-color":"","background-image":"","background-repeat":"repeat","background-position":"center center","background-size":"auto","background-attachment":"scroll","background-type":"","background-media":"","overlay-type":"","overlay-color":"","overlay-opacity":"","overlay-gradient":""}},"ast-content-background-meta":{"desktop":{"background-color":"var(--ast-global-color-5)","background-image":"","background-repeat":"repeat","background-position":"center center","background-size":"auto","background-attachment":"scroll","background-type":"","background-media":"","overlay-type":"","overlay-color":"","overlay-opacity":"","overlay-gradient":""},"tablet":{"background-color":"var(--ast-global-color-5)","background-image":"","background-repeat":"repeat","background-position":"center center","background-size":"auto","background-attachment":"scroll","background-type":"","background-media":"","overlay-type":"","overlay-color":"","overlay-opacity":"","overlay-gradient":""},"mobile":{"background-color":"var(--ast-global-color-5)","background-image":"","background-repeat":"repeat","background-position":"center center","background-size":"auto","background-attachment":"scroll","background-type":"","background-media":"","overlay-type":"","overlay-color":"","overlay-opacity":"","overlay-gradient":""}}},"product_brand":[],"product_cat":[135],"product_tag":[],"class_list":{"0":"post-7291","1":"product","2":"type-product","3":"status-publish","4":"has-post-thumbnail","6":"product_cat-puzzle-a-karetni","7":"desktop-align-center","8":"tablet-align-left","9":"mobile-align-center","10":"ast-product-gallery-layout-first-image-large","11":"ast-product-tabs-layout-horizontal","13":"first","14":"instock","15":"sale","16":"downloadable","17":"virtual","18":"sold-individually","19":"purchasable","20":"product-type-simple"},"acf":[],"_links":{"self":[{"href":"https:\/\/kastenkidz.com\/cs\/wp-json\/wp\/v2\/product\/7291","targetHints":{"allow":["GET"]}}],"collection":[{"href":"https:\/\/kastenkidz.com\/cs\/wp-json\/wp\/v2\/product"}],"about":[{"href":"https:\/\/kastenkidz.com\/cs\/wp-json\/wp\/v2\/types\/product"}],"replies":[{"embeddable":true,"href":"https:\/\/kastenkidz.com\/cs\/wp-json\/wp\/v2\/comments?post=7291"}],"wp:featuredmedia":[{"embeddable":true,"href":"https:\/\/kastenkidz.com\/cs\/wp-json\/wp\/v2\/media\/7293"}],"wp:attachment":[{"href":"https:\/\/kastenkidz.com\/cs\/wp-json\/wp\/v2\/media?parent=7291"}],"wp:term":[{"taxonomy":"product_brand","embeddable":true,"href":"https:\/\/kastenkidz.com\/cs\/wp-json\/wp\/v2\/product_brand?post=7291"},{"taxonomy":"product_cat","embeddable":true,"href":"https:\/\/kastenkidz.com\/cs\/wp-json\/wp\/v2\/product_cat?post=7291"},{"taxonomy":"product_tag","embeddable":true,"href":"https:\/\/kastenkidz.com\/cs\/wp-json\/wp\/v2\/product_tag?post=7291"}],"curies":[{"name":"wp","href":"https:\/\/api.w.org\/{rel}","templated":true}]}}