{"id":7277,"date":"2025-02-06T16:45:43","date_gmt":"2025-02-06T16:45:43","guid":{"rendered":"https:\/\/kastenkidz.com\/product\/mesice-plakaty\/"},"modified":"2025-07-20T19:06:09","modified_gmt":"2025-07-20T19:06:09","slug":"mesice-plakaty","status":"publish","type":"product","link":"https:\/\/kastenkidz.com\/cs\/produkt\/mesice-plakaty\/","title":{"rendered":"Plak\u00e1ty m\u011bs\u00edc\u016f"},"content":{"rendered":"<p>U\u010dte se m\u011bs\u00edce v roce snadno a z\u00e1bavnou formou! \u26c4\ufe0f \u2614\ufe0f D\u00edky tomuto \u00fakolu se va\u0161e d\u00edt\u011b rychle nau\u010d\u00ed n\u00e1zvy m\u011bs\u00edc\u016f p\u0159esn\u011b tak, jak jdou za sebou a do jak\u00e9ho ro\u010dn\u00edho obdob\u00ed pat\u0159\u00ed. Ka\u017ed\u00e1 karta obsahuje n\u00e1zev m\u011bs\u00edce a z\u00e1bavn\u00e9 obr\u00e1zky, kter\u00e9 jej symbolizuj\u00ed. Ide\u00e1ln\u00ed zp\u016fsob, jak se n\u011bco nau\u010dit jednou prov\u017edy!  \u2744\ufe0f <\/p>\n","protected":false},"excerpt":{"rendered":"<p>U\u010dte se m\u011bs\u00edce v roce snadno a z\u00e1bavnou formou! \u26c4\ufe0f \u2614\ufe0f D\u00edky tomuto \u00fakolu se va\u0161e d\u00edt\u011b rychle nau\u010d\u00ed n\u00e1zvy m\u011bs\u00edc\u016f p\u0159esn\u011b tak, jak jdou za sebou a do jak\u00e9ho ro\u010dn\u00edho obdob\u00ed pat\u0159\u00ed. Ka\u017ed\u00e1 karta obsahuje n\u00e1zev m\u011bs\u00edce a z\u00e1bavn\u00e9 obr\u00e1zky, kter\u00e9 jej symbolizuj\u00ed. Ide\u00e1ln\u00ed zp\u016fsob, jak se n\u011bco nau\u010dit jednou prov\u017edy! \u2744\ufe0f<\/p>\n","protected":false},"featured_media":7279,"comment_status":"closed","ping_status":"closed","template":"","meta":{"_acf_changed":false,"site-sidebar-layout":"default","site-content-layout":"","ast-site-content-layout":"default","site-content-style":"default","site-sidebar-style":"default","ast-global-header-display":"","ast-banner-title-visibility":"","ast-main-header-display":"","ast-hfb-above-header-display":"","ast-hfb-below-header-display":"","ast-hfb-mobile-header-display":"","site-post-title":"","ast-breadcrumbs-content":"","ast-featured-img":"","footer-sml-layout":"","ast-disable-related-posts":"","theme-transparent-header-meta":"default","adv-header-id-meta":"","stick-header-meta":"default","header-above-stick-meta":"","header-main-stick-meta":"","header-below-stick-meta":"","astra-migrate-meta-layouts":"default","ast-page-background-enabled":"default","ast-page-background-meta":{"desktop":{"background-color":"","background-image":"","background-repeat":"repeat","background-position":"center center","background-size":"auto","background-attachment":"scroll","background-type":"","background-media":"","overlay-type":"","overlay-color":"","overlay-opacity":"","overlay-gradient":""},"tablet":{"background-color":"","background-image":"","background-repeat":"repeat","background-position":"center center","background-size":"auto","background-attachment":"scroll","background-type":"","background-media":"","overlay-type":"","overlay-color":"","overlay-opacity":"","overlay-gradient":""},"mobile":{"background-color":"","background-image":"","background-repeat":"repeat","background-position":"center center","background-size":"auto","background-attachment":"scroll","background-type":"","background-media":"","overlay-type":"","overlay-color":"","overlay-opacity":"","overlay-gradient":""}},"ast-content-background-meta":{"desktop":{"background-color":"var(--ast-global-color-5)","background-image":"","background-repeat":"repeat","background-position":"center center","background-size":"auto","background-attachment":"scroll","background-type":"","background-media":"","overlay-type":"","overlay-color":"","overlay-opacity":"","overlay-gradient":""},"tablet":{"background-color":"var(--ast-global-color-5)","background-image":"","background-repeat":"repeat","background-position":"center center","background-size":"auto","background-attachment":"scroll","background-type":"","background-media":"","overlay-type":"","overlay-color":"","overlay-opacity":"","overlay-gradient":""},"mobile":{"background-color":"var(--ast-global-color-5)","background-image":"","background-repeat":"repeat","background-position":"center center","background-size":"auto","background-attachment":"scroll","background-type":"","background-media":"","overlay-type":"","overlay-color":"","overlay-opacity":"","overlay-gradient":""}}},"product_brand":[],"product_cat":[135],"product_tag":[],"class_list":{"0":"post-7277","1":"product","2":"type-product","3":"status-publish","4":"has-post-thumbnail","6":"product_cat-puzzle-a-karetni","7":"desktop-align-center","8":"tablet-align-left","9":"mobile-align-center","10":"ast-product-gallery-layout-first-image-large","11":"ast-product-tabs-layout-horizontal","13":"first","14":"instock","15":"sale","16":"downloadable","17":"virtual","18":"sold-individually","19":"purchasable","20":"product-type-simple"},"acf":[],"_links":{"self":[{"href":"https:\/\/kastenkidz.com\/cs\/wp-json\/wp\/v2\/product\/7277","targetHints":{"allow":["GET"]}}],"collection":[{"href":"https:\/\/kastenkidz.com\/cs\/wp-json\/wp\/v2\/product"}],"about":[{"href":"https:\/\/kastenkidz.com\/cs\/wp-json\/wp\/v2\/types\/product"}],"replies":[{"embeddable":true,"href":"https:\/\/kastenkidz.com\/cs\/wp-json\/wp\/v2\/comments?post=7277"}],"wp:featuredmedia":[{"embeddable":true,"href":"https:\/\/kastenkidz.com\/cs\/wp-json\/wp\/v2\/media\/7279"}],"wp:attachment":[{"href":"https:\/\/kastenkidz.com\/cs\/wp-json\/wp\/v2\/media?parent=7277"}],"wp:term":[{"taxonomy":"product_brand","embeddable":true,"href":"https:\/\/kastenkidz.com\/cs\/wp-json\/wp\/v2\/product_brand?post=7277"},{"taxonomy":"product_cat","embeddable":true,"href":"https:\/\/kastenkidz.com\/cs\/wp-json\/wp\/v2\/product_cat?post=7277"},{"taxonomy":"product_tag","embeddable":true,"href":"https:\/\/kastenkidz.com\/cs\/wp-json\/wp\/v2\/product_tag?post=7277"}],"curies":[{"name":"wp","href":"https:\/\/api.w.org\/{rel}","templated":true}]}}