{"id":7253,"date":"2025-02-06T16:45:43","date_gmt":"2025-02-06T16:45:43","guid":{"rendered":"https:\/\/kastenkidz.com\/product\/kul-v-plote-hra\/"},"modified":"2025-07-20T19:06:06","modified_gmt":"2025-07-20T19:06:06","slug":"kul-v-plote-hra","status":"publish","type":"product","link":"https:\/\/kastenkidz.com\/cs\/produkt\/kul-v-plote-hra\/","title":{"rendered":"Hra ,,K\u016fl v plot\u011b&#8220;"},"content":{"rendered":"<p>Tato hra je ur\u010dena pro 2 a\u017e 5 hr\u00e1\u010d\u016f. Hr\u00e1\u010d\u016fm jsou rozd\u00e1ny karty. Na za\u010d\u00e1tku hry si ka\u017ed\u00fd hr\u00e1\u010d prohl\u00e9dne karty, kter\u00e9 dr\u017e\u00ed v ruce. V\u0161echny dvojice vylo\u017e\u00ed na st\u016fl. Prvn\u00ed kolo za\u010d\u00edn\u00e1 hr\u00e1\u010d, kter\u00e9mu po odlo\u017een\u00ed dvojic z\u016fstalo v ruce nejv\u00edce karet. Nech\u00e1 hr\u00e1\u010de po sv\u00e9 levici \u010di pravici vyt\u00e1hnout si jednu z karet, kter\u00e9 dr\u017e\u00ed. Pokud tento hr\u00e1\u010d vyt\u00e1hne kartu a utvo\u0159\u00ed tak p\u00e1r s kartou, kterou ji\u017e m\u011bl v ruce, tento p\u00e1r vylo\u017e\u00ed na st\u016fl. Pot\u00e9 nech\u00e1 dal\u0161\u00edho hr\u00e1\u010de stejn\u00fdm zp\u016fsobem t\u00e1hnout kartu. Hra kon\u010d\u00ed ve chv\u00edli, kdy jednomu z hr\u00e1\u010d\u016f z\u016fstane posledn\u00ed karta, kter\u00e1 u\u017e netvo\u0159\u00ed p\u00e1r, tedy \u201eK\u016fl v plot\u011b\u201c. V\u00edt\u011bzem se st\u00e1v\u00e1 hr\u00e1\u010d, kter\u00fd se jako prvn\u00ed zbav\u00ed v\u0161ech karet z ruky.<\/p>\n<p>Hra obsahuje: 4 listy ve form\u00e1tu A4. <\/p>\n","protected":false},"excerpt":{"rendered":"<p>Tato hra je ur\u010dena pro 2 a\u017e 5 hr\u00e1\u010d\u016f. Hr\u00e1\u010d\u016fm jsou rozd\u00e1ny karty. Na za\u010d\u00e1tku hry si ka\u017ed\u00fd hr\u00e1\u010d prohl\u00e9dne karty, kter\u00e9 dr\u017e\u00ed v ruce. V\u0161echny dvojice vylo\u017e\u00ed na st\u016fl. Prvn\u00ed kolo za\u010d\u00edn\u00e1 hr\u00e1\u010d, kter\u00e9mu po odlo\u017een\u00ed dvojic z\u016fstalo v ruce nejv\u00edce karet. Nech\u00e1 hr\u00e1\u010de po sv\u00e9 levici \u010di pravici vyt\u00e1hnout si jednu z karet, [&hellip;]<\/p>\n","protected":false},"featured_media":7255,"comment_status":"closed","ping_status":"closed","template":"","meta":{"_acf_changed":false,"site-sidebar-layout":"default","site-content-layout":"","ast-site-content-layout":"default","site-content-style":"default","site-sidebar-style":"default","ast-global-header-display":"","ast-banner-title-visibility":"","ast-main-header-display":"","ast-hfb-above-header-display":"","ast-hfb-below-header-display":"","ast-hfb-mobile-header-display":"","site-post-title":"","ast-breadcrumbs-content":"","ast-featured-img":"","footer-sml-layout":"","ast-disable-related-posts":"","theme-transparent-header-meta":"default","adv-header-id-meta":"","stick-header-meta":"default","header-above-stick-meta":"","header-main-stick-meta":"","header-below-stick-meta":"","astra-migrate-meta-layouts":"default","ast-page-background-enabled":"default","ast-page-background-meta":{"desktop":{"background-color":"","background-image":"","background-repeat":"repeat","background-position":"center center","background-size":"auto","background-attachment":"scroll","background-type":"","background-media":"","overlay-type":"","overlay-color":"","overlay-opacity":"","overlay-gradient":""},"tablet":{"background-color":"","background-image":"","background-repeat":"repeat","background-position":"center center","background-size":"auto","background-attachment":"scroll","background-type":"","background-media":"","overlay-type":"","overlay-color":"","overlay-opacity":"","overlay-gradient":""},"mobile":{"background-color":"","background-image":"","background-repeat":"repeat","background-position":"center center","background-size":"auto","background-attachment":"scroll","background-type":"","background-media":"","overlay-type":"","overlay-color":"","overlay-opacity":"","overlay-gradient":""}},"ast-content-background-meta":{"desktop":{"background-color":"var(--ast-global-color-5)","background-image":"","background-repeat":"repeat","background-position":"center center","background-size":"auto","background-attachment":"scroll","background-type":"","background-media":"","overlay-type":"","overlay-color":"","overlay-opacity":"","overlay-gradient":""},"tablet":{"background-color":"var(--ast-global-color-5)","background-image":"","background-repeat":"repeat","background-position":"center center","background-size":"auto","background-attachment":"scroll","background-type":"","background-media":"","overlay-type":"","overlay-color":"","overlay-opacity":"","overlay-gradient":""},"mobile":{"background-color":"var(--ast-global-color-5)","background-image":"","background-repeat":"repeat","background-position":"center center","background-size":"auto","background-attachment":"scroll","background-type":"","background-media":"","overlay-type":"","overlay-color":"","overlay-opacity":"","overlay-gradient":""}}},"product_brand":[],"product_cat":[131],"product_tag":[],"class_list":{"0":"post-7253","1":"product","2":"type-product","3":"status-publish","4":"has-post-thumbnail","6":"product_cat-hry","7":"desktop-align-center","8":"tablet-align-left","9":"mobile-align-center","10":"ast-product-gallery-layout-first-image-large","11":"ast-product-gallery-with-no-image","12":"ast-product-tabs-layout-horizontal","14":"first","15":"instock","16":"sale","17":"downloadable","18":"virtual","19":"sold-individually","20":"purchasable","21":"product-type-simple"},"acf":[],"_links":{"self":[{"href":"https:\/\/kastenkidz.com\/cs\/wp-json\/wp\/v2\/product\/7253","targetHints":{"allow":["GET"]}}],"collection":[{"href":"https:\/\/kastenkidz.com\/cs\/wp-json\/wp\/v2\/product"}],"about":[{"href":"https:\/\/kastenkidz.com\/cs\/wp-json\/wp\/v2\/types\/product"}],"replies":[{"embeddable":true,"href":"https:\/\/kastenkidz.com\/cs\/wp-json\/wp\/v2\/comments?post=7253"}],"wp:featuredmedia":[{"embeddable":true,"href":"https:\/\/kastenkidz.com\/cs\/wp-json\/wp\/v2\/media\/7255"}],"wp:attachment":[{"href":"https:\/\/kastenkidz.com\/cs\/wp-json\/wp\/v2\/media?parent=7253"}],"wp:term":[{"taxonomy":"product_brand","embeddable":true,"href":"https:\/\/kastenkidz.com\/cs\/wp-json\/wp\/v2\/product_brand?post=7253"},{"taxonomy":"product_cat","embeddable":true,"href":"https:\/\/kastenkidz.com\/cs\/wp-json\/wp\/v2\/product_cat?post=7253"},{"taxonomy":"product_tag","embeddable":true,"href":"https:\/\/kastenkidz.com\/cs\/wp-json\/wp\/v2\/product_tag?post=7253"}],"curies":[{"name":"wp","href":"https:\/\/api.w.org\/{rel}","templated":true}]}}