{"id":7245,"date":"2025-02-06T16:45:43","date_gmt":"2025-02-06T16:45:43","guid":{"rendered":"https:\/\/kastenkidz.com\/product\/scitani-do-deseti-puzzle\/"},"modified":"2025-07-20T19:06:05","modified_gmt":"2025-07-20T19:06:05","slug":"scitani-do-deseti-puzzle","status":"publish","type":"product","link":"https:\/\/kastenkidz.com\/cs\/produkt\/scitani-do-deseti-puzzle\/","title":{"rendered":"S\u010d\u00edt\u00e1n\u00ed do deseti"},"content":{"rendered":"<p>Co m\u016f\u017ee\u0161 ud\u011blat dnes, neodkl\u00e1dej na z\u00edtra!<br \/>\n Vyzkou\u0161ejte si tuto vzru\u0161uj\u00edc\u00ed puzzle, kter\u00e1 je ur\u010dena k pos\u00edlen\u00ed komplexn\u00edch dovednost\u00ed! \u2795  \u00dakol je jednoduch\u00fd: spojte co nejv\u00edce troj\u00faheln\u00edk\u016f tak, aby sou\u010det \u010d\u00edsel na soused\u00edc\u00edch stran\u00e1ch d\u00e1val 10. Z\u00e1bavn\u00fd a podn\u011bcuj\u00edc\u00ed zp\u016fsob procvi\u010den\u00ed matematiky a sou\u010dasn\u011b zlep\u0161en\u00ed schopnost\u00ed \u0159e\u0161it probl\u00e9my. Objednejte si puzzle a za\u010dn\u011bte rozv\u00edjet dovednosti sv\u00fdch d\u011bt\u00ed je\u0161t\u011b dnes! <\/p>\n","protected":false},"excerpt":{"rendered":"<p>Co m\u016f\u017ee\u0161 ud\u011blat dnes, neodkl\u00e1dej na z\u00edtra! Vyzkou\u0161ejte si tuto vzru\u0161uj\u00edc\u00ed puzzle, kter\u00e1 je ur\u010dena k pos\u00edlen\u00ed komplexn\u00edch dovednost\u00ed! \u2795 \u00dakol je jednoduch\u00fd: spojte co nejv\u00edce troj\u00faheln\u00edk\u016f tak, aby sou\u010det \u010d\u00edsel na soused\u00edc\u00edch stran\u00e1ch d\u00e1val 10. Z\u00e1bavn\u00fd a podn\u011bcuj\u00edc\u00ed zp\u016fsob procvi\u010den\u00ed matematiky a sou\u010dasn\u011b zlep\u0161en\u00ed schopnost\u00ed \u0159e\u0161it probl\u00e9my. Objednejte si puzzle a za\u010dn\u011bte rozv\u00edjet dovednosti [&hellip;]<\/p>\n","protected":false},"featured_media":7247,"comment_status":"closed","ping_status":"closed","template":"","meta":{"_acf_changed":false,"site-sidebar-layout":"default","site-content-layout":"","ast-site-content-layout":"default","site-content-style":"default","site-sidebar-style":"default","ast-global-header-display":"","ast-banner-title-visibility":"","ast-main-header-display":"","ast-hfb-above-header-display":"","ast-hfb-below-header-display":"","ast-hfb-mobile-header-display":"","site-post-title":"","ast-breadcrumbs-content":"","ast-featured-img":"","footer-sml-layout":"","ast-disable-related-posts":"","theme-transparent-header-meta":"default","adv-header-id-meta":"","stick-header-meta":"default","header-above-stick-meta":"","header-main-stick-meta":"","header-below-stick-meta":"","astra-migrate-meta-layouts":"default","ast-page-background-enabled":"default","ast-page-background-meta":{"desktop":{"background-color":"","background-image":"","background-repeat":"repeat","background-position":"center center","background-size":"auto","background-attachment":"scroll","background-type":"","background-media":"","overlay-type":"","overlay-color":"","overlay-opacity":"","overlay-gradient":""},"tablet":{"background-color":"","background-image":"","background-repeat":"repeat","background-position":"center center","background-size":"auto","background-attachment":"scroll","background-type":"","background-media":"","overlay-type":"","overlay-color":"","overlay-opacity":"","overlay-gradient":""},"mobile":{"background-color":"","background-image":"","background-repeat":"repeat","background-position":"center center","background-size":"auto","background-attachment":"scroll","background-type":"","background-media":"","overlay-type":"","overlay-color":"","overlay-opacity":"","overlay-gradient":""}},"ast-content-background-meta":{"desktop":{"background-color":"var(--ast-global-color-5)","background-image":"","background-repeat":"repeat","background-position":"center center","background-size":"auto","background-attachment":"scroll","background-type":"","background-media":"","overlay-type":"","overlay-color":"","overlay-opacity":"","overlay-gradient":""},"tablet":{"background-color":"var(--ast-global-color-5)","background-image":"","background-repeat":"repeat","background-position":"center center","background-size":"auto","background-attachment":"scroll","background-type":"","background-media":"","overlay-type":"","overlay-color":"","overlay-opacity":"","overlay-gradient":""},"mobile":{"background-color":"var(--ast-global-color-5)","background-image":"","background-repeat":"repeat","background-position":"center center","background-size":"auto","background-attachment":"scroll","background-type":"","background-media":"","overlay-type":"","overlay-color":"","overlay-opacity":"","overlay-gradient":""}}},"product_brand":[],"product_cat":[131,133],"product_tag":[],"class_list":{"0":"post-7245","1":"product","2":"type-product","3":"status-publish","4":"has-post-thumbnail","6":"product_cat-hry","7":"product_cat-matematicke","8":"desktop-align-center","9":"tablet-align-left","10":"mobile-align-center","11":"ast-product-gallery-layout-first-image-large","12":"ast-product-gallery-with-no-image","13":"ast-product-tabs-layout-horizontal","15":"first","16":"instock","17":"sale","18":"downloadable","19":"virtual","20":"sold-individually","21":"purchasable","22":"product-type-simple"},"acf":[],"_links":{"self":[{"href":"https:\/\/kastenkidz.com\/cs\/wp-json\/wp\/v2\/product\/7245","targetHints":{"allow":["GET"]}}],"collection":[{"href":"https:\/\/kastenkidz.com\/cs\/wp-json\/wp\/v2\/product"}],"about":[{"href":"https:\/\/kastenkidz.com\/cs\/wp-json\/wp\/v2\/types\/product"}],"replies":[{"embeddable":true,"href":"https:\/\/kastenkidz.com\/cs\/wp-json\/wp\/v2\/comments?post=7245"}],"wp:featuredmedia":[{"embeddable":true,"href":"https:\/\/kastenkidz.com\/cs\/wp-json\/wp\/v2\/media\/7247"}],"wp:attachment":[{"href":"https:\/\/kastenkidz.com\/cs\/wp-json\/wp\/v2\/media?parent=7245"}],"wp:term":[{"taxonomy":"product_brand","embeddable":true,"href":"https:\/\/kastenkidz.com\/cs\/wp-json\/wp\/v2\/product_brand?post=7245"},{"taxonomy":"product_cat","embeddable":true,"href":"https:\/\/kastenkidz.com\/cs\/wp-json\/wp\/v2\/product_cat?post=7245"},{"taxonomy":"product_tag","embeddable":true,"href":"https:\/\/kastenkidz.com\/cs\/wp-json\/wp\/v2\/product_tag?post=7245"}],"curies":[{"name":"wp","href":"https:\/\/api.w.org\/{rel}","templated":true}]}}