{"id":7237,"date":"2025-02-06T16:45:43","date_gmt":"2025-02-06T16:45:43","guid":{"rendered":"https:\/\/kastenkidz.com\/product\/mas-minutu-hra\/"},"modified":"2025-07-20T19:06:03","modified_gmt":"2025-07-20T19:06:03","slug":"mas-minutu-hra","status":"publish","type":"product","link":"https:\/\/kastenkidz.com\/cs\/produkt\/mas-minutu-hra\/","title":{"rendered":"M\u00e1\u0161 minutu"},"content":{"rendered":"<p>\u23f0  Pochopen\u00ed \u010dasu m\u016f\u017ee b\u00fdt pro d\u011bti slo\u017eit\u00e9, ale s touto pom\u016fckou to zvl\u00e1dnou levou zadn\u00ed a hlavn\u011b z\u00e1bavn\u011b. \u23f0<br \/>\nTento u\u017eite\u010dn\u00fd plak\u00e1t u\u010d\u00ed d\u011bti pozn\u00e1vat \u010dasov\u00e9 \u00faseky na analogov\u00fdch hodin\u00e1ch, kde jsou minuty rozd\u011bleny do p\u011btiminutov\u00fdch interval\u016f od 5 do 60. V tomto \u00fakolu mus\u00ed d\u011bti naj\u00edt a um\u00edstit spr\u00e1vn\u00e9 karti\u010dky, \u010d\u00edm\u017e si zdokonaluj\u00ed pojet\u00ed \u010dasu. Jedn\u00e1 se o fantastick\u00fd n\u00e1zorn\u00fd a praktick\u00fd zp\u016fsob, jak d\u011btem nast\u00ednit pojem \u010dasu! Objednejte si tuto hru je\u0161t\u011b dnes a ud\u011blejte z u\u010den\u00ed se hodin z\u00e1bavu! <\/p>\n","protected":false},"excerpt":{"rendered":"<p>\u23f0 Pochopen\u00ed \u010dasu m\u016f\u017ee b\u00fdt pro d\u011bti slo\u017eit\u00e9, ale s touto pom\u016fckou to zvl\u00e1dnou levou zadn\u00ed a hlavn\u011b z\u00e1bavn\u011b. \u23f0 Tento u\u017eite\u010dn\u00fd plak\u00e1t u\u010d\u00ed d\u011bti pozn\u00e1vat \u010dasov\u00e9 \u00faseky na analogov\u00fdch hodin\u00e1ch, kde jsou minuty rozd\u011bleny do p\u011btiminutov\u00fdch interval\u016f od 5 do 60. V tomto \u00fakolu mus\u00ed d\u011bti naj\u00edt a um\u00edstit spr\u00e1vn\u00e9 karti\u010dky, \u010d\u00edm\u017e si zdokonaluj\u00ed [&hellip;]<\/p>\n","protected":false},"featured_media":7239,"comment_status":"closed","ping_status":"closed","template":"","meta":{"_acf_changed":false,"site-sidebar-layout":"default","site-content-layout":"","ast-site-content-layout":"default","site-content-style":"default","site-sidebar-style":"default","ast-global-header-display":"","ast-banner-title-visibility":"","ast-main-header-display":"","ast-hfb-above-header-display":"","ast-hfb-below-header-display":"","ast-hfb-mobile-header-display":"","site-post-title":"","ast-breadcrumbs-content":"","ast-featured-img":"","footer-sml-layout":"","ast-disable-related-posts":"","theme-transparent-header-meta":"default","adv-header-id-meta":"","stick-header-meta":"default","header-above-stick-meta":"","header-main-stick-meta":"","header-below-stick-meta":"","astra-migrate-meta-layouts":"default","ast-page-background-enabled":"default","ast-page-background-meta":{"desktop":{"background-color":"","background-image":"","background-repeat":"repeat","background-position":"center center","background-size":"auto","background-attachment":"scroll","background-type":"","background-media":"","overlay-type":"","overlay-color":"","overlay-opacity":"","overlay-gradient":""},"tablet":{"background-color":"","background-image":"","background-repeat":"repeat","background-position":"center center","background-size":"auto","background-attachment":"scroll","background-type":"","background-media":"","overlay-type":"","overlay-color":"","overlay-opacity":"","overlay-gradient":""},"mobile":{"background-color":"","background-image":"","background-repeat":"repeat","background-position":"center center","background-size":"auto","background-attachment":"scroll","background-type":"","background-media":"","overlay-type":"","overlay-color":"","overlay-opacity":"","overlay-gradient":""}},"ast-content-background-meta":{"desktop":{"background-color":"var(--ast-global-color-5)","background-image":"","background-repeat":"repeat","background-position":"center center","background-size":"auto","background-attachment":"scroll","background-type":"","background-media":"","overlay-type":"","overlay-color":"","overlay-opacity":"","overlay-gradient":""},"tablet":{"background-color":"var(--ast-global-color-5)","background-image":"","background-repeat":"repeat","background-position":"center center","background-size":"auto","background-attachment":"scroll","background-type":"","background-media":"","overlay-type":"","overlay-color":"","overlay-opacity":"","overlay-gradient":""},"mobile":{"background-color":"var(--ast-global-color-5)","background-image":"","background-repeat":"repeat","background-position":"center center","background-size":"auto","background-attachment":"scroll","background-type":"","background-media":"","overlay-type":"","overlay-color":"","overlay-opacity":"","overlay-gradient":""}}},"product_brand":[],"product_cat":[135],"product_tag":[],"class_list":{"0":"post-7237","1":"product","2":"type-product","3":"status-publish","4":"has-post-thumbnail","6":"product_cat-puzzle-a-karetni","7":"desktop-align-center","8":"tablet-align-left","9":"mobile-align-center","10":"ast-product-gallery-layout-first-image-large","11":"ast-product-gallery-with-no-image","12":"ast-product-tabs-layout-horizontal","14":"first","15":"instock","16":"sale","17":"downloadable","18":"virtual","19":"sold-individually","20":"purchasable","21":"product-type-simple"},"acf":[],"_links":{"self":[{"href":"https:\/\/kastenkidz.com\/cs\/wp-json\/wp\/v2\/product\/7237","targetHints":{"allow":["GET"]}}],"collection":[{"href":"https:\/\/kastenkidz.com\/cs\/wp-json\/wp\/v2\/product"}],"about":[{"href":"https:\/\/kastenkidz.com\/cs\/wp-json\/wp\/v2\/types\/product"}],"replies":[{"embeddable":true,"href":"https:\/\/kastenkidz.com\/cs\/wp-json\/wp\/v2\/comments?post=7237"}],"wp:featuredmedia":[{"embeddable":true,"href":"https:\/\/kastenkidz.com\/cs\/wp-json\/wp\/v2\/media\/7239"}],"wp:attachment":[{"href":"https:\/\/kastenkidz.com\/cs\/wp-json\/wp\/v2\/media?parent=7237"}],"wp:term":[{"taxonomy":"product_brand","embeddable":true,"href":"https:\/\/kastenkidz.com\/cs\/wp-json\/wp\/v2\/product_brand?post=7237"},{"taxonomy":"product_cat","embeddable":true,"href":"https:\/\/kastenkidz.com\/cs\/wp-json\/wp\/v2\/product_cat?post=7237"},{"taxonomy":"product_tag","embeddable":true,"href":"https:\/\/kastenkidz.com\/cs\/wp-json\/wp\/v2\/product_tag?post=7237"}],"curies":[{"name":"wp","href":"https:\/\/api.w.org\/{rel}","templated":true}]}}