{"id":7213,"date":"2025-02-06T16:45:39","date_gmt":"2025-02-06T16:45:39","guid":{"rendered":"https:\/\/kastenkidz.com\/product\/vypravej-hra\/"},"modified":"2025-07-20T19:05:56","modified_gmt":"2025-07-20T19:05:56","slug":"vypravej-hra","status":"publish","type":"product","link":"https:\/\/kastenkidz.com\/cs\/produkt\/vypravej-hra\/","title":{"rendered":"Hra ,,Vypr\u00e1v\u011bj!&#8220;"},"content":{"rendered":"<p>Podpo\u0159te u sv\u00e9ho d\u00edt\u011bte kreativitu a komunika\u010dn\u00ed dovednosti pomoc\u00ed t\u00e9to z\u00e1bavn\u00e9 p\u0159\u00edb\u011bhov\u00e9 hry!   Ho\u010fte 8 kostkami s r\u016fzn\u00fdmi obr\u00e1zky a vytvo\u0159te podle t\u011bch, kter\u00e9 v\u00e1m padly na kostk\u00e1ch vlastn\u00ed p\u0159\u00edb\u011bh. Jde o ide\u00e1ln\u00ed zp\u016fsob prohlubov\u00e1n\u00ed jazykov\u00fdch dovednost\u00ed a v\u00fduky ciz\u00edch jazyk\u016f.   A\u0165 u\u017e vypr\u00e1v\u00edte cel\u00fd p\u0159\u00edb\u011bh nebo se st\u0159\u00edd\u00e1te po jednotliv\u00fdch obr\u00e1zc\u00edch, bude tato hra dokonale nam\u00e1hat mlad\u00e9 mozky!<\/p>\n<p>Hra obsahuje: 8 list\u016f form\u00e1tu A4. <\/p>\n","protected":false},"excerpt":{"rendered":"<p>Podpo\u0159te u sv\u00e9ho d\u00edt\u011bte kreativitu a komunika\u010dn\u00ed dovednosti pomoc\u00ed t\u00e9to z\u00e1bavn\u00e9 p\u0159\u00edb\u011bhov\u00e9 hry! Ho\u010fte 8 kostkami s r\u016fzn\u00fdmi obr\u00e1zky a vytvo\u0159te podle t\u011bch, kter\u00e9 v\u00e1m padly na kostk\u00e1ch vlastn\u00ed p\u0159\u00edb\u011bh. Jde o ide\u00e1ln\u00ed zp\u016fsob prohlubov\u00e1n\u00ed jazykov\u00fdch dovednost\u00ed a v\u00fduky ciz\u00edch jazyk\u016f. A\u0165 u\u017e vypr\u00e1v\u00edte cel\u00fd p\u0159\u00edb\u011bh nebo se st\u0159\u00edd\u00e1te po jednotliv\u00fdch obr\u00e1zc\u00edch, bude tato hra [&hellip;]<\/p>\n","protected":false},"featured_media":7215,"comment_status":"closed","ping_status":"closed","template":"","meta":{"_acf_changed":false,"site-sidebar-layout":"default","site-content-layout":"","ast-site-content-layout":"default","site-content-style":"default","site-sidebar-style":"default","ast-global-header-display":"","ast-banner-title-visibility":"","ast-main-header-display":"","ast-hfb-above-header-display":"","ast-hfb-below-header-display":"","ast-hfb-mobile-header-display":"","site-post-title":"","ast-breadcrumbs-content":"","ast-featured-img":"","footer-sml-layout":"","ast-disable-related-posts":"","theme-transparent-header-meta":"default","adv-header-id-meta":"","stick-header-meta":"default","header-above-stick-meta":"","header-main-stick-meta":"","header-below-stick-meta":"","astra-migrate-meta-layouts":"default","ast-page-background-enabled":"default","ast-page-background-meta":{"desktop":{"background-color":"","background-image":"","background-repeat":"repeat","background-position":"center center","background-size":"auto","background-attachment":"scroll","background-type":"","background-media":"","overlay-type":"","overlay-color":"","overlay-opacity":"","overlay-gradient":""},"tablet":{"background-color":"","background-image":"","background-repeat":"repeat","background-position":"center center","background-size":"auto","background-attachment":"scroll","background-type":"","background-media":"","overlay-type":"","overlay-color":"","overlay-opacity":"","overlay-gradient":""},"mobile":{"background-color":"","background-image":"","background-repeat":"repeat","background-position":"center center","background-size":"auto","background-attachment":"scroll","background-type":"","background-media":"","overlay-type":"","overlay-color":"","overlay-opacity":"","overlay-gradient":""}},"ast-content-background-meta":{"desktop":{"background-color":"var(--ast-global-color-5)","background-image":"","background-repeat":"repeat","background-position":"center center","background-size":"auto","background-attachment":"scroll","background-type":"","background-media":"","overlay-type":"","overlay-color":"","overlay-opacity":"","overlay-gradient":""},"tablet":{"background-color":"var(--ast-global-color-5)","background-image":"","background-repeat":"repeat","background-position":"center center","background-size":"auto","background-attachment":"scroll","background-type":"","background-media":"","overlay-type":"","overlay-color":"","overlay-opacity":"","overlay-gradient":""},"mobile":{"background-color":"var(--ast-global-color-5)","background-image":"","background-repeat":"repeat","background-position":"center center","background-size":"auto","background-attachment":"scroll","background-type":"","background-media":"","overlay-type":"","overlay-color":"","overlay-opacity":"","overlay-gradient":""}}},"product_brand":[],"product_cat":[131,132],"product_tag":[],"class_list":{"0":"post-7213","1":"product","2":"type-product","3":"status-publish","4":"has-post-thumbnail","6":"product_cat-hry","7":"product_cat-jazyk","8":"desktop-align-center","9":"tablet-align-left","10":"mobile-align-center","11":"ast-product-gallery-layout-first-image-large","12":"ast-product-gallery-with-no-image","13":"ast-product-tabs-layout-horizontal","15":"first","16":"instock","17":"sale","18":"downloadable","19":"virtual","20":"sold-individually","21":"purchasable","22":"product-type-simple"},"acf":[],"_links":{"self":[{"href":"https:\/\/kastenkidz.com\/cs\/wp-json\/wp\/v2\/product\/7213","targetHints":{"allow":["GET"]}}],"collection":[{"href":"https:\/\/kastenkidz.com\/cs\/wp-json\/wp\/v2\/product"}],"about":[{"href":"https:\/\/kastenkidz.com\/cs\/wp-json\/wp\/v2\/types\/product"}],"replies":[{"embeddable":true,"href":"https:\/\/kastenkidz.com\/cs\/wp-json\/wp\/v2\/comments?post=7213"}],"wp:featuredmedia":[{"embeddable":true,"href":"https:\/\/kastenkidz.com\/cs\/wp-json\/wp\/v2\/media\/7215"}],"wp:attachment":[{"href":"https:\/\/kastenkidz.com\/cs\/wp-json\/wp\/v2\/media?parent=7213"}],"wp:term":[{"taxonomy":"product_brand","embeddable":true,"href":"https:\/\/kastenkidz.com\/cs\/wp-json\/wp\/v2\/product_brand?post=7213"},{"taxonomy":"product_cat","embeddable":true,"href":"https:\/\/kastenkidz.com\/cs\/wp-json\/wp\/v2\/product_cat?post=7213"},{"taxonomy":"product_tag","embeddable":true,"href":"https:\/\/kastenkidz.com\/cs\/wp-json\/wp\/v2\/product_tag?post=7213"}],"curies":[{"name":"wp","href":"https:\/\/api.w.org\/{rel}","templated":true}]}}