{"id":7203,"date":"2025-02-06T16:45:39","date_gmt":"2025-02-06T16:45:39","guid":{"rendered":"https:\/\/kastenkidz.com\/product\/hlavolam-s-priserkami\/"},"modified":"2025-07-20T19:05:53","modified_gmt":"2025-07-20T19:05:53","slug":"hlavolam-s-priserkami","status":"publish","type":"product","link":"https:\/\/kastenkidz.com\/cs\/produkt\/hlavolam-s-priserkami\/","title":{"rendered":"Hlavolam s p\u0159\u00ed\u0161erkami"},"content":{"rendered":"<p>Dejte prostor z\u00e1bav\u011b a u\u010den\u00ed s logickou h\u00e1dankou \u201eP\u0159\u00ed\u0161erky\u201c.   Tato hra je navr\u017eena tak, aby posilovala pozornost, logick\u00e9 my\u0161len\u00ed a vizu\u00e1ln\u00ed dovednosti. Obsahuje hrac\u00ed pole a 12 vzru\u0161uj\u00edc\u00edch hrac\u00edch karet. Skv\u011bl\u00fd zp\u016fsob, jak d\u011btem poskytnout z\u00e1bavu a z\u00e1rove\u0148 zdokonalit jejich schopnost \u0159e\u0161it probl\u00e9my!  <\/p>\n<p>Hra obsahuje: puzzle a r\u00e1me\u010dek, 2 listy ve form\u00e1tu A4. <\/p>\n","protected":false},"excerpt":{"rendered":"<p>Dejte prostor z\u00e1bav\u011b a u\u010den\u00ed s logickou h\u00e1dankou \u201eP\u0159\u00ed\u0161erky\u201c. Tato hra je navr\u017eena tak, aby posilovala pozornost, logick\u00e9 my\u0161len\u00ed a vizu\u00e1ln\u00ed dovednosti. Obsahuje hrac\u00ed pole a 12 vzru\u0161uj\u00edc\u00edch hrac\u00edch karet. Skv\u011bl\u00fd zp\u016fsob, jak d\u011btem poskytnout z\u00e1bavu a z\u00e1rove\u0148 zdokonalit jejich schopnost \u0159e\u0161it probl\u00e9my! Hra obsahuje: puzzle a r\u00e1me\u010dek, 2 listy ve form\u00e1tu A4.<\/p>\n","protected":false},"featured_media":7205,"comment_status":"closed","ping_status":"closed","template":"","meta":{"_acf_changed":false,"site-sidebar-layout":"default","site-content-layout":"","ast-site-content-layout":"default","site-content-style":"default","site-sidebar-style":"default","ast-global-header-display":"","ast-banner-title-visibility":"","ast-main-header-display":"","ast-hfb-above-header-display":"","ast-hfb-below-header-display":"","ast-hfb-mobile-header-display":"","site-post-title":"","ast-breadcrumbs-content":"","ast-featured-img":"","footer-sml-layout":"","ast-disable-related-posts":"","theme-transparent-header-meta":"default","adv-header-id-meta":"","stick-header-meta":"default","header-above-stick-meta":"","header-main-stick-meta":"","header-below-stick-meta":"","astra-migrate-meta-layouts":"default","ast-page-background-enabled":"default","ast-page-background-meta":{"desktop":{"background-color":"","background-image":"","background-repeat":"repeat","background-position":"center center","background-size":"auto","background-attachment":"scroll","background-type":"","background-media":"","overlay-type":"","overlay-color":"","overlay-opacity":"","overlay-gradient":""},"tablet":{"background-color":"","background-image":"","background-repeat":"repeat","background-position":"center center","background-size":"auto","background-attachment":"scroll","background-type":"","background-media":"","overlay-type":"","overlay-color":"","overlay-opacity":"","overlay-gradient":""},"mobile":{"background-color":"","background-image":"","background-repeat":"repeat","background-position":"center center","background-size":"auto","background-attachment":"scroll","background-type":"","background-media":"","overlay-type":"","overlay-color":"","overlay-opacity":"","overlay-gradient":""}},"ast-content-background-meta":{"desktop":{"background-color":"var(--ast-global-color-5)","background-image":"","background-repeat":"repeat","background-position":"center center","background-size":"auto","background-attachment":"scroll","background-type":"","background-media":"","overlay-type":"","overlay-color":"","overlay-opacity":"","overlay-gradient":""},"tablet":{"background-color":"var(--ast-global-color-5)","background-image":"","background-repeat":"repeat","background-position":"center center","background-size":"auto","background-attachment":"scroll","background-type":"","background-media":"","overlay-type":"","overlay-color":"","overlay-opacity":"","overlay-gradient":""},"mobile":{"background-color":"var(--ast-global-color-5)","background-image":"","background-repeat":"repeat","background-position":"center center","background-size":"auto","background-attachment":"scroll","background-type":"","background-media":"","overlay-type":"","overlay-color":"","overlay-opacity":"","overlay-gradient":""}}},"product_brand":[],"product_cat":[131,134],"product_tag":[],"class_list":{"0":"post-7203","1":"product","2":"type-product","3":"status-publish","4":"has-post-thumbnail","6":"product_cat-hry","7":"product_cat-pamet-a-pozornost","8":"desktop-align-center","9":"tablet-align-left","10":"mobile-align-center","11":"ast-product-gallery-layout-first-image-large","12":"ast-product-gallery-with-no-image","13":"ast-product-tabs-layout-horizontal","15":"first","16":"instock","17":"sale","18":"downloadable","19":"virtual","20":"sold-individually","21":"purchasable","22":"product-type-simple"},"acf":[],"_links":{"self":[{"href":"https:\/\/kastenkidz.com\/cs\/wp-json\/wp\/v2\/product\/7203","targetHints":{"allow":["GET"]}}],"collection":[{"href":"https:\/\/kastenkidz.com\/cs\/wp-json\/wp\/v2\/product"}],"about":[{"href":"https:\/\/kastenkidz.com\/cs\/wp-json\/wp\/v2\/types\/product"}],"replies":[{"embeddable":true,"href":"https:\/\/kastenkidz.com\/cs\/wp-json\/wp\/v2\/comments?post=7203"}],"wp:featuredmedia":[{"embeddable":true,"href":"https:\/\/kastenkidz.com\/cs\/wp-json\/wp\/v2\/media\/7205"}],"wp:attachment":[{"href":"https:\/\/kastenkidz.com\/cs\/wp-json\/wp\/v2\/media?parent=7203"}],"wp:term":[{"taxonomy":"product_brand","embeddable":true,"href":"https:\/\/kastenkidz.com\/cs\/wp-json\/wp\/v2\/product_brand?post=7203"},{"taxonomy":"product_cat","embeddable":true,"href":"https:\/\/kastenkidz.com\/cs\/wp-json\/wp\/v2\/product_cat?post=7203"},{"taxonomy":"product_tag","embeddable":true,"href":"https:\/\/kastenkidz.com\/cs\/wp-json\/wp\/v2\/product_tag?post=7203"}],"curies":[{"name":"wp","href":"https:\/\/api.w.org\/{rel}","templated":true}]}}