{"id":7195,"date":"2025-02-06T16:45:39","date_gmt":"2025-02-06T16:45:39","guid":{"rendered":"https:\/\/kastenkidz.com\/product\/nasobime-skladame-puzzle\/"},"modified":"2025-07-20T19:05:52","modified_gmt":"2025-07-20T19:05:52","slug":"nasobime-skladame-puzzle","status":"publish","type":"product","link":"https:\/\/kastenkidz.com\/cs\/produkt\/nasobime-skladame-puzzle\/","title":{"rendered":"N\u00e1sob\u00edme, skl\u00e1d\u00e1me"},"content":{"rendered":"<p>S touto hravou puzzle m\u016f\u017ee b\u00fdt i n\u00e1sobilka dov\u00e1divou z\u00e1bavou. \u2716\ufe0f   Tato pom\u016fcka u\u010din\u00ed z nudn\u00e9ho po\u010d\u00edt\u00e1n\u00ed nap\u00ednavou hru a d\u011btem usnadn\u00ed osvojen\u00ed n\u00e1sobilky. D\u00edky interaktivn\u00edm a poutav\u00fdm \u00faloh\u00e1m si d\u011bti osvoj\u00ed matematick\u00e9 dovednosti, ani\u017e by si uv\u011bdomovaly, \u017ee se u\u010d\u00ed!  \u200d <\/p>\n<p>Hra se skl\u00e1d\u00e1 ze 41 \u00faloh na n\u00e1soben\u00ed. Ka\u017ed\u00e1 \u00faloha p\u0159edstavuje t\u0159i d\u00edlky tvarovan\u00e9 jako klasick\u00e9 puzzle. Dva men\u0161\u00ed spodn\u00ed d\u00edlky skl\u00e1da\u010dky p\u0159edstavuj\u00ed dva p\u00e1ry \u010dinitel\u016f, zat\u00edmco jeden v\u011bt\u0161\u00ed horn\u00ed d\u00edlek samotn\u00fd sou\u010din (v\u00fdsledek). D\u00edt\u011b m\u00e1 za \u00fakol prov\u00e9st operace n\u00e1soben\u00ed a po nalezen\u00ed v\u00fdsledku slo\u017eit p\u0159\u00edslu\u0161n\u00e9 puzzle.<\/p>\n<p>Hra obsahuje: 14 list\u016f. <\/p>\n","protected":false},"excerpt":{"rendered":"<p>S touto hravou puzzle m\u016f\u017ee b\u00fdt i n\u00e1sobilka dov\u00e1divou z\u00e1bavou. \u2716\ufe0f Tato pom\u016fcka u\u010din\u00ed z nudn\u00e9ho po\u010d\u00edt\u00e1n\u00ed nap\u00ednavou hru a d\u011btem usnadn\u00ed osvojen\u00ed n\u00e1sobilky. D\u00edky interaktivn\u00edm a poutav\u00fdm \u00faloh\u00e1m si d\u011bti osvoj\u00ed matematick\u00e9 dovednosti, ani\u017e by si uv\u011bdomovaly, \u017ee se u\u010d\u00ed! \u200d Hra se skl\u00e1d\u00e1 ze 41 \u00faloh na n\u00e1soben\u00ed. Ka\u017ed\u00e1 \u00faloha p\u0159edstavuje t\u0159i d\u00edlky [&hellip;]<\/p>\n","protected":false},"featured_media":7197,"comment_status":"closed","ping_status":"closed","template":"","meta":{"_acf_changed":false,"site-sidebar-layout":"default","site-content-layout":"","ast-site-content-layout":"default","site-content-style":"default","site-sidebar-style":"default","ast-global-header-display":"","ast-banner-title-visibility":"","ast-main-header-display":"","ast-hfb-above-header-display":"","ast-hfb-below-header-display":"","ast-hfb-mobile-header-display":"","site-post-title":"","ast-breadcrumbs-content":"","ast-featured-img":"","footer-sml-layout":"","ast-disable-related-posts":"","theme-transparent-header-meta":"default","adv-header-id-meta":"","stick-header-meta":"default","header-above-stick-meta":"","header-main-stick-meta":"","header-below-stick-meta":"","astra-migrate-meta-layouts":"default","ast-page-background-enabled":"default","ast-page-background-meta":{"desktop":{"background-color":"","background-image":"","background-repeat":"repeat","background-position":"center center","background-size":"auto","background-attachment":"scroll","background-type":"","background-media":"","overlay-type":"","overlay-color":"","overlay-opacity":"","overlay-gradient":""},"tablet":{"background-color":"","background-image":"","background-repeat":"repeat","background-position":"center center","background-size":"auto","background-attachment":"scroll","background-type":"","background-media":"","overlay-type":"","overlay-color":"","overlay-opacity":"","overlay-gradient":""},"mobile":{"background-color":"","background-image":"","background-repeat":"repeat","background-position":"center center","background-size":"auto","background-attachment":"scroll","background-type":"","background-media":"","overlay-type":"","overlay-color":"","overlay-opacity":"","overlay-gradient":""}},"ast-content-background-meta":{"desktop":{"background-color":"var(--ast-global-color-5)","background-image":"","background-repeat":"repeat","background-position":"center center","background-size":"auto","background-attachment":"scroll","background-type":"","background-media":"","overlay-type":"","overlay-color":"","overlay-opacity":"","overlay-gradient":""},"tablet":{"background-color":"var(--ast-global-color-5)","background-image":"","background-repeat":"repeat","background-position":"center center","background-size":"auto","background-attachment":"scroll","background-type":"","background-media":"","overlay-type":"","overlay-color":"","overlay-opacity":"","overlay-gradient":""},"mobile":{"background-color":"var(--ast-global-color-5)","background-image":"","background-repeat":"repeat","background-position":"center center","background-size":"auto","background-attachment":"scroll","background-type":"","background-media":"","overlay-type":"","overlay-color":"","overlay-opacity":"","overlay-gradient":""}}},"product_brand":[],"product_cat":[131,133],"product_tag":[],"class_list":{"0":"post-7195","1":"product","2":"type-product","3":"status-publish","4":"has-post-thumbnail","6":"product_cat-hry","7":"product_cat-matematicke","8":"desktop-align-center","9":"tablet-align-left","10":"mobile-align-center","11":"ast-product-gallery-layout-first-image-large","12":"ast-product-gallery-with-no-image","13":"ast-product-tabs-layout-horizontal","15":"first","16":"instock","17":"sale","18":"downloadable","19":"virtual","20":"sold-individually","21":"purchasable","22":"product-type-simple"},"acf":[],"_links":{"self":[{"href":"https:\/\/kastenkidz.com\/cs\/wp-json\/wp\/v2\/product\/7195","targetHints":{"allow":["GET"]}}],"collection":[{"href":"https:\/\/kastenkidz.com\/cs\/wp-json\/wp\/v2\/product"}],"about":[{"href":"https:\/\/kastenkidz.com\/cs\/wp-json\/wp\/v2\/types\/product"}],"replies":[{"embeddable":true,"href":"https:\/\/kastenkidz.com\/cs\/wp-json\/wp\/v2\/comments?post=7195"}],"wp:featuredmedia":[{"embeddable":true,"href":"https:\/\/kastenkidz.com\/cs\/wp-json\/wp\/v2\/media\/7197"}],"wp:attachment":[{"href":"https:\/\/kastenkidz.com\/cs\/wp-json\/wp\/v2\/media?parent=7195"}],"wp:term":[{"taxonomy":"product_brand","embeddable":true,"href":"https:\/\/kastenkidz.com\/cs\/wp-json\/wp\/v2\/product_brand?post=7195"},{"taxonomy":"product_cat","embeddable":true,"href":"https:\/\/kastenkidz.com\/cs\/wp-json\/wp\/v2\/product_cat?post=7195"},{"taxonomy":"product_tag","embeddable":true,"href":"https:\/\/kastenkidz.com\/cs\/wp-json\/wp\/v2\/product_tag?post=7195"}],"curies":[{"name":"wp","href":"https:\/\/api.w.org\/{rel}","templated":true}]}}