{"id":7173,"date":"2025-02-06T16:45:39","date_gmt":"2025-02-06T16:45:39","guid":{"rendered":"https:\/\/kastenkidz.com\/product\/ano-ne-zvirata\/"},"modified":"2025-07-20T19:05:49","modified_gmt":"2025-07-20T19:05:49","slug":"ano-ne-zvirata","status":"publish","type":"product","link":"https:\/\/kastenkidz.com\/cs\/produkt\/ano-ne-zvirata\/","title":{"rendered":"Ano, nebo ne \u2013 zv\u00ed\u0159ata"},"content":{"rendered":"<p>Vzpom\u00edn\u00e1te si na hru \u201eAno\u2013ne\u201c? Na motivy t\u00e9to hry jsme vytvo\u0159ili verzi, do kter\u00e9 se zapoj\u00ed cel\u00e1 rodina a kter\u00e1 nau\u010d\u00ed d\u011bti rozli\u0161ovat dom\u00e1c\u00ed zv\u00ed\u0159ata od t\u011bch divok\u00fdch.<\/p>\n<p>Budete pot\u0159ebovat dv\u011b vyti\u0161t\u011bn\u00e9 sady hern\u00edch karet.<br \/>\nPravidla: Jedna sada karet je rozlo\u017eena na stole l\u00edcem nahoru, aby hr\u00e1\u010di vid\u011bli, co je na nich (zv\u00ed\u0159ata). Druh\u00e1 z\u016fst\u00e1v\u00e1 v klasick\u00e9 hrom\u00e1dce l\u00edcem dol\u016f. Prvn\u00ed hr\u00e1\u010d si vezme kartu z hrom\u00e1dky, ale neuk\u00e1\u017ee ji ostatn\u00edm hr\u00e1\u010d\u016fm. Ostatn\u00ed hr\u00e1\u010di mus\u00ed uh\u00e1dnout, jak\u00e9 zv\u00ed\u0159e z t\u011bch, kter\u00e9 vid\u00ed na vylo\u017een\u00fdch kart\u00e1ch, m\u00e1 na kart\u011b prvn\u00ed hr\u00e1\u010d a to tak, \u017ee se postupn\u011b pokl\u00e1daj\u00ed ot\u00e1zky. Mus\u00ed se jednat o takov\u00e9 ot\u00e1zky, na kter\u00e9 prvn\u00ed hr\u00e1\u010d m\u016f\u017ee odpov\u00eddat jen \u201eano\u201c nebo \u201ene\u201c. Jakmile je jeden z p\u0159esv\u011bd\u010den, \u017ee v\u00ed, o jak\u00e9 zv\u00ed\u0159e se jedn\u00e1, vezme si ze stolu p\u0159\u00edslu\u0161nou kartu. Pokud uhodl spr\u00e1vn\u011b, kartu si ponech\u00e1 a kartu s uhodnut\u00fdm zv\u00ed\u0159etem z odkryt\u00e9 hrom\u00e1dky odlo\u017e\u00ed. Dal\u0161\u00ed hr\u00e1\u010d na \u0159ad\u011b si vezme kartu z hrom\u00e1dky a hra pokra\u010duje. Pokud ale t\u00e1zaj\u00edc\u00ed se hr\u00e1\u010d neuhodne, karta oto\u010den\u00e1 l\u00edcem nahoru se vrac\u00ed zp\u011bt. Vyhr\u00e1v\u00e1 hr\u00e1\u010d, kter\u00e9mu se poda\u0159\u00ed nasb\u00edrat nejv\u00edce karet.<\/p>\n<p>Hra obsahuje: 36 karet se zv\u00ed\u0159aty. <\/p>\n","protected":false},"excerpt":{"rendered":"<p>Vzpom\u00edn\u00e1te si na hru \u201eAno\u2013ne\u201c? Na motivy t\u00e9to hry jsme vytvo\u0159ili verzi, do kter\u00e9 se zapoj\u00ed cel\u00e1 rodina a kter\u00e1 nau\u010d\u00ed d\u011bti rozli\u0161ovat dom\u00e1c\u00ed zv\u00ed\u0159ata od t\u011bch divok\u00fdch. Budete pot\u0159ebovat dv\u011b vyti\u0161t\u011bn\u00e9 sady hern\u00edch karet. Pravidla: Jedna sada karet je rozlo\u017eena na stole l\u00edcem nahoru, aby hr\u00e1\u010di vid\u011bli, co je na nich (zv\u00ed\u0159ata). Druh\u00e1 z\u016fst\u00e1v\u00e1 [&hellip;]<\/p>\n","protected":false},"featured_media":7175,"comment_status":"closed","ping_status":"closed","template":"","meta":{"_acf_changed":false,"site-sidebar-layout":"default","site-content-layout":"","ast-site-content-layout":"default","site-content-style":"default","site-sidebar-style":"default","ast-global-header-display":"","ast-banner-title-visibility":"","ast-main-header-display":"","ast-hfb-above-header-display":"","ast-hfb-below-header-display":"","ast-hfb-mobile-header-display":"","site-post-title":"","ast-breadcrumbs-content":"","ast-featured-img":"","footer-sml-layout":"","ast-disable-related-posts":"","theme-transparent-header-meta":"default","adv-header-id-meta":"","stick-header-meta":"default","header-above-stick-meta":"","header-main-stick-meta":"","header-below-stick-meta":"","astra-migrate-meta-layouts":"default","ast-page-background-enabled":"default","ast-page-background-meta":{"desktop":{"background-color":"","background-image":"","background-repeat":"repeat","background-position":"center center","background-size":"auto","background-attachment":"scroll","background-type":"","background-media":"","overlay-type":"","overlay-color":"","overlay-opacity":"","overlay-gradient":""},"tablet":{"background-color":"","background-image":"","background-repeat":"repeat","background-position":"center center","background-size":"auto","background-attachment":"scroll","background-type":"","background-media":"","overlay-type":"","overlay-color":"","overlay-opacity":"","overlay-gradient":""},"mobile":{"background-color":"","background-image":"","background-repeat":"repeat","background-position":"center center","background-size":"auto","background-attachment":"scroll","background-type":"","background-media":"","overlay-type":"","overlay-color":"","overlay-opacity":"","overlay-gradient":""}},"ast-content-background-meta":{"desktop":{"background-color":"var(--ast-global-color-5)","background-image":"","background-repeat":"repeat","background-position":"center center","background-size":"auto","background-attachment":"scroll","background-type":"","background-media":"","overlay-type":"","overlay-color":"","overlay-opacity":"","overlay-gradient":""},"tablet":{"background-color":"var(--ast-global-color-5)","background-image":"","background-repeat":"repeat","background-position":"center center","background-size":"auto","background-attachment":"scroll","background-type":"","background-media":"","overlay-type":"","overlay-color":"","overlay-opacity":"","overlay-gradient":""},"mobile":{"background-color":"var(--ast-global-color-5)","background-image":"","background-repeat":"repeat","background-position":"center center","background-size":"auto","background-attachment":"scroll","background-type":"","background-media":"","overlay-type":"","overlay-color":"","overlay-opacity":"","overlay-gradient":""}}},"product_brand":[],"product_cat":[131],"product_tag":[],"class_list":{"0":"post-7173","1":"product","2":"type-product","3":"status-publish","4":"has-post-thumbnail","6":"product_cat-hry","7":"desktop-align-center","8":"tablet-align-left","9":"mobile-align-center","10":"ast-product-gallery-layout-first-image-large","11":"ast-product-gallery-with-no-image","12":"ast-product-tabs-layout-horizontal","14":"first","15":"instock","16":"sale","17":"downloadable","18":"virtual","19":"sold-individually","20":"purchasable","21":"product-type-simple"},"acf":[],"_links":{"self":[{"href":"https:\/\/kastenkidz.com\/cs\/wp-json\/wp\/v2\/product\/7173","targetHints":{"allow":["GET"]}}],"collection":[{"href":"https:\/\/kastenkidz.com\/cs\/wp-json\/wp\/v2\/product"}],"about":[{"href":"https:\/\/kastenkidz.com\/cs\/wp-json\/wp\/v2\/types\/product"}],"replies":[{"embeddable":true,"href":"https:\/\/kastenkidz.com\/cs\/wp-json\/wp\/v2\/comments?post=7173"}],"wp:featuredmedia":[{"embeddable":true,"href":"https:\/\/kastenkidz.com\/cs\/wp-json\/wp\/v2\/media\/7175"}],"wp:attachment":[{"href":"https:\/\/kastenkidz.com\/cs\/wp-json\/wp\/v2\/media?parent=7173"}],"wp:term":[{"taxonomy":"product_brand","embeddable":true,"href":"https:\/\/kastenkidz.com\/cs\/wp-json\/wp\/v2\/product_brand?post=7173"},{"taxonomy":"product_cat","embeddable":true,"href":"https:\/\/kastenkidz.com\/cs\/wp-json\/wp\/v2\/product_cat?post=7173"},{"taxonomy":"product_tag","embeddable":true,"href":"https:\/\/kastenkidz.com\/cs\/wp-json\/wp\/v2\/product_tag?post=7173"}],"curies":[{"name":"wp","href":"https:\/\/api.w.org\/{rel}","templated":true}]}}