{"id":7159,"date":"2025-02-06T16:45:39","date_gmt":"2025-02-06T16:45:39","guid":{"rendered":"https:\/\/kastenkidz.com\/product\/mam-ovoce-zelenina\/"},"modified":"2025-07-20T19:05:47","modified_gmt":"2025-07-20T19:05:47","slug":"mam-ovoce-zelenina","status":"publish","type":"product","link":"https:\/\/kastenkidz.com\/cs\/produkt\/mam-ovoce-zelenina\/","title":{"rendered":"M\u00e1m\u2026 v hlavn\u00ed roli ovoce a zelenina"},"content":{"rendered":"<p>Hra \u201eM\u00e1m\u2026 v hlavn\u00ed roli ovoce a zelenina\u201c pom\u00e1h\u00e1 d\u011btem rozpozn\u00e1vat a nau\u010dit se nejb\u011b\u017en\u011bj\u0161\u00ed druhy ovoce a zeleniny.<br \/>\nPravidla hry: V\u0161echny karty se rozdaj\u00ed mezi hr\u00e1\u010de. Ur\u010d\u00edme, kter\u00fd z hr\u00e1\u010d\u016f bude prvn\u00ed na tahu. Tento hr\u00e1\u010d se mus\u00ed nahlas zeptat ostatn\u00edch \u201eKdo m\u00e1\u2026\u201c a pojmenovat obr\u00e1zek pod n\u00edm (nap\u0159. \u201e\u2026okurek\u201c). Pot\u00e9 ostatn\u00ed hr\u00e1\u010di zkontroluj\u00ed, zda maj\u00ed na sv\u00fdch kart\u00e1ch okurek. D\u00edt\u011b, na jeho\u017e karti\u010dce okurek je, mus\u00ed zvolat \u201eM\u00e1m okurek\u201c, n\u00e1sledn\u011b se zept\u00e1 ostatn\u00edch hr\u00e1\u010d\u016f \u201eKdo m\u00e1\u2026\u201c a uvede obr\u00e1zek pod t\u00edmto okurkem (nap\u0159. ananas). D\u00edt\u011b odlo\u017e\u00ed kartu, a pokud u\u017e \u017e\u00e1dnou kartu nem\u00e1, opou\u0161t\u00ed hru. Ostatn\u00ed hr\u00e1\u010di hledaj\u00ed ananas na sv\u00fdch karti\u010dk\u00e1ch, dokud jej n\u011bkdo op\u011bt nenajde. Hra kon\u010d\u00ed, jakmile dojdou karti\u010dky.<\/p>\n<p>Hra obsahuje: 24 karet s obr\u00e1zky druh\u016f ovoce a zeleniny <\/p>\n","protected":false},"excerpt":{"rendered":"<p>Hra \u201eM\u00e1m\u2026 v hlavn\u00ed roli ovoce a zelenina\u201c pom\u00e1h\u00e1 d\u011btem rozpozn\u00e1vat a nau\u010dit se nejb\u011b\u017en\u011bj\u0161\u00ed druhy ovoce a zeleniny. Pravidla hry: V\u0161echny karty se rozdaj\u00ed mezi hr\u00e1\u010de. Ur\u010d\u00edme, kter\u00fd z hr\u00e1\u010d\u016f bude prvn\u00ed na tahu. Tento hr\u00e1\u010d se mus\u00ed nahlas zeptat ostatn\u00edch \u201eKdo m\u00e1\u2026\u201c a pojmenovat obr\u00e1zek pod n\u00edm (nap\u0159. \u201e\u2026okurek\u201c). Pot\u00e9 ostatn\u00ed hr\u00e1\u010di zkontroluj\u00ed, [&hellip;]<\/p>\n","protected":false},"featured_media":7161,"comment_status":"closed","ping_status":"closed","template":"","meta":{"_acf_changed":false,"site-sidebar-layout":"default","site-content-layout":"","ast-site-content-layout":"default","site-content-style":"default","site-sidebar-style":"default","ast-global-header-display":"","ast-banner-title-visibility":"","ast-main-header-display":"","ast-hfb-above-header-display":"","ast-hfb-below-header-display":"","ast-hfb-mobile-header-display":"","site-post-title":"","ast-breadcrumbs-content":"","ast-featured-img":"","footer-sml-layout":"","ast-disable-related-posts":"","theme-transparent-header-meta":"default","adv-header-id-meta":"","stick-header-meta":"default","header-above-stick-meta":"","header-main-stick-meta":"","header-below-stick-meta":"","astra-migrate-meta-layouts":"default","ast-page-background-enabled":"default","ast-page-background-meta":{"desktop":{"background-color":"","background-image":"","background-repeat":"repeat","background-position":"center center","background-size":"auto","background-attachment":"scroll","background-type":"","background-media":"","overlay-type":"","overlay-color":"","overlay-opacity":"","overlay-gradient":""},"tablet":{"background-color":"","background-image":"","background-repeat":"repeat","background-position":"center center","background-size":"auto","background-attachment":"scroll","background-type":"","background-media":"","overlay-type":"","overlay-color":"","overlay-opacity":"","overlay-gradient":""},"mobile":{"background-color":"","background-image":"","background-repeat":"repeat","background-position":"center center","background-size":"auto","background-attachment":"scroll","background-type":"","background-media":"","overlay-type":"","overlay-color":"","overlay-opacity":"","overlay-gradient":""}},"ast-content-background-meta":{"desktop":{"background-color":"var(--ast-global-color-5)","background-image":"","background-repeat":"repeat","background-position":"center center","background-size":"auto","background-attachment":"scroll","background-type":"","background-media":"","overlay-type":"","overlay-color":"","overlay-opacity":"","overlay-gradient":""},"tablet":{"background-color":"var(--ast-global-color-5)","background-image":"","background-repeat":"repeat","background-position":"center center","background-size":"auto","background-attachment":"scroll","background-type":"","background-media":"","overlay-type":"","overlay-color":"","overlay-opacity":"","overlay-gradient":""},"mobile":{"background-color":"var(--ast-global-color-5)","background-image":"","background-repeat":"repeat","background-position":"center center","background-size":"auto","background-attachment":"scroll","background-type":"","background-media":"","overlay-type":"","overlay-color":"","overlay-opacity":"","overlay-gradient":""}}},"product_brand":[],"product_cat":[131],"product_tag":[],"class_list":{"0":"post-7159","1":"product","2":"type-product","3":"status-publish","4":"has-post-thumbnail","6":"product_cat-hry","7":"desktop-align-center","8":"tablet-align-left","9":"mobile-align-center","10":"ast-product-gallery-layout-first-image-large","11":"ast-product-tabs-layout-horizontal","13":"first","14":"instock","15":"sale","16":"downloadable","17":"virtual","18":"sold-individually","19":"purchasable","20":"product-type-simple"},"acf":[],"_links":{"self":[{"href":"https:\/\/kastenkidz.com\/cs\/wp-json\/wp\/v2\/product\/7159","targetHints":{"allow":["GET"]}}],"collection":[{"href":"https:\/\/kastenkidz.com\/cs\/wp-json\/wp\/v2\/product"}],"about":[{"href":"https:\/\/kastenkidz.com\/cs\/wp-json\/wp\/v2\/types\/product"}],"replies":[{"embeddable":true,"href":"https:\/\/kastenkidz.com\/cs\/wp-json\/wp\/v2\/comments?post=7159"}],"wp:featuredmedia":[{"embeddable":true,"href":"https:\/\/kastenkidz.com\/cs\/wp-json\/wp\/v2\/media\/7161"}],"wp:attachment":[{"href":"https:\/\/kastenkidz.com\/cs\/wp-json\/wp\/v2\/media?parent=7159"}],"wp:term":[{"taxonomy":"product_brand","embeddable":true,"href":"https:\/\/kastenkidz.com\/cs\/wp-json\/wp\/v2\/product_brand?post=7159"},{"taxonomy":"product_cat","embeddable":true,"href":"https:\/\/kastenkidz.com\/cs\/wp-json\/wp\/v2\/product_cat?post=7159"},{"taxonomy":"product_tag","embeddable":true,"href":"https:\/\/kastenkidz.com\/cs\/wp-json\/wp\/v2\/product_tag?post=7159"}],"curies":[{"name":"wp","href":"https:\/\/api.w.org\/{rel}","templated":true}]}}