{"id":7145,"date":"2025-02-06T16:45:39","date_gmt":"2025-02-06T16:45:39","guid":{"rendered":"https:\/\/kastenkidz.com\/product\/poznej-emoce\/"},"modified":"2025-07-20T19:05:46","modified_gmt":"2025-07-20T19:05:46","slug":"poznej-emoce","status":"publish","type":"product","link":"https:\/\/kastenkidz.com\/cs\/produkt\/poznej-emoce\/","title":{"rendered":"Poznej emoce"},"content":{"rendered":"<p>Tato hra zam\u011b\u0159en\u00e1 na rozpozn\u00e1v\u00e1n\u00ed emoc\u00ed pom\u00e1h\u00e1 d\u011btem l\u00e9pe porozum\u011bt emoc\u00edm vlastn\u00edm i ostatn\u00edch  .<br \/>\nMo\u017en\u00e9 sc\u00e9n\u00e1\u0159e:<br \/>\n1. Uhodn\u011bte, o jakou emoci se jedn\u00e1. Vylo\u017ete kartu a pe\u010dliv\u011b si ji prohl\u00e9dn\u011bte.<br \/>\nJakmile pochop\u00edte, jakou emoci p\u0159edstavuje, popi\u0161te, kdy se c\u00edt\u00edte stejn\u011b.<br \/>\n2. P\u0159edve\u010fte pantomimickou sc\u00e9nku dan\u00e9 emoce. Po vyta\u017een\u00ed karty zobrazuj\u00edc\u00ed konkr\u00e9tn\u00ed emoci si hr\u00e1\u010d v duchu jej\u00ed n\u00e1zev p\u0159e\u010dte a pot\u00e9 se ji pokus\u00ed pantomimicky p\u0159edv\u00e9st, p\u0159i\u010dem\u017e ostatn\u00ed hr\u00e1\u010di se sna\u017e\u00ed uhodnout, o jakou emoci se jedn\u00e1.<br \/>\nVhodn\u00e9 pro dvojice a skupiny.<\/p>\n<p>Hra obsahuje: 24 karet p\u0159edstavuj\u00edc\u00edch jednotliv\u00e9 emoce. <\/p>\n","protected":false},"excerpt":{"rendered":"<p>Tato hra zam\u011b\u0159en\u00e1 na rozpozn\u00e1v\u00e1n\u00ed emoc\u00ed pom\u00e1h\u00e1 d\u011btem l\u00e9pe porozum\u011bt emoc\u00edm vlastn\u00edm i ostatn\u00edch . Mo\u017en\u00e9 sc\u00e9n\u00e1\u0159e: 1. Uhodn\u011bte, o jakou emoci se jedn\u00e1. Vylo\u017ete kartu a pe\u010dliv\u011b si ji prohl\u00e9dn\u011bte. Jakmile pochop\u00edte, jakou emoci p\u0159edstavuje, popi\u0161te, kdy se c\u00edt\u00edte stejn\u011b. 2. P\u0159edve\u010fte pantomimickou sc\u00e9nku dan\u00e9 emoce. Po vyta\u017een\u00ed karty zobrazuj\u00edc\u00ed konkr\u00e9tn\u00ed emoci si hr\u00e1\u010d [&hellip;]<\/p>\n","protected":false},"featured_media":7147,"comment_status":"closed","ping_status":"closed","template":"","meta":{"_acf_changed":false,"site-sidebar-layout":"default","site-content-layout":"","ast-site-content-layout":"default","site-content-style":"default","site-sidebar-style":"default","ast-global-header-display":"","ast-banner-title-visibility":"","ast-main-header-display":"","ast-hfb-above-header-display":"","ast-hfb-below-header-display":"","ast-hfb-mobile-header-display":"","site-post-title":"","ast-breadcrumbs-content":"","ast-featured-img":"","footer-sml-layout":"","ast-disable-related-posts":"","theme-transparent-header-meta":"default","adv-header-id-meta":"","stick-header-meta":"default","header-above-stick-meta":"","header-main-stick-meta":"","header-below-stick-meta":"","astra-migrate-meta-layouts":"default","ast-page-background-enabled":"default","ast-page-background-meta":{"desktop":{"background-color":"","background-image":"","background-repeat":"repeat","background-position":"center center","background-size":"auto","background-attachment":"scroll","background-type":"","background-media":"","overlay-type":"","overlay-color":"","overlay-opacity":"","overlay-gradient":""},"tablet":{"background-color":"","background-image":"","background-repeat":"repeat","background-position":"center center","background-size":"auto","background-attachment":"scroll","background-type":"","background-media":"","overlay-type":"","overlay-color":"","overlay-opacity":"","overlay-gradient":""},"mobile":{"background-color":"","background-image":"","background-repeat":"repeat","background-position":"center center","background-size":"auto","background-attachment":"scroll","background-type":"","background-media":"","overlay-type":"","overlay-color":"","overlay-opacity":"","overlay-gradient":""}},"ast-content-background-meta":{"desktop":{"background-color":"var(--ast-global-color-5)","background-image":"","background-repeat":"repeat","background-position":"center center","background-size":"auto","background-attachment":"scroll","background-type":"","background-media":"","overlay-type":"","overlay-color":"","overlay-opacity":"","overlay-gradient":""},"tablet":{"background-color":"var(--ast-global-color-5)","background-image":"","background-repeat":"repeat","background-position":"center center","background-size":"auto","background-attachment":"scroll","background-type":"","background-media":"","overlay-type":"","overlay-color":"","overlay-opacity":"","overlay-gradient":""},"mobile":{"background-color":"var(--ast-global-color-5)","background-image":"","background-repeat":"repeat","background-position":"center center","background-size":"auto","background-attachment":"scroll","background-type":"","background-media":"","overlay-type":"","overlay-color":"","overlay-opacity":"","overlay-gradient":""}}},"product_brand":[],"product_cat":[135],"product_tag":[],"class_list":{"0":"post-7145","1":"product","2":"type-product","3":"status-publish","4":"has-post-thumbnail","6":"product_cat-puzzle-a-karetni","7":"desktop-align-center","8":"tablet-align-left","9":"mobile-align-center","10":"ast-product-gallery-layout-first-image-large","11":"ast-product-tabs-layout-horizontal","13":"first","14":"instock","15":"sale","16":"downloadable","17":"virtual","18":"sold-individually","19":"purchasable","20":"product-type-simple"},"acf":[],"_links":{"self":[{"href":"https:\/\/kastenkidz.com\/cs\/wp-json\/wp\/v2\/product\/7145","targetHints":{"allow":["GET"]}}],"collection":[{"href":"https:\/\/kastenkidz.com\/cs\/wp-json\/wp\/v2\/product"}],"about":[{"href":"https:\/\/kastenkidz.com\/cs\/wp-json\/wp\/v2\/types\/product"}],"replies":[{"embeddable":true,"href":"https:\/\/kastenkidz.com\/cs\/wp-json\/wp\/v2\/comments?post=7145"}],"wp:featuredmedia":[{"embeddable":true,"href":"https:\/\/kastenkidz.com\/cs\/wp-json\/wp\/v2\/media\/7147"}],"wp:attachment":[{"href":"https:\/\/kastenkidz.com\/cs\/wp-json\/wp\/v2\/media?parent=7145"}],"wp:term":[{"taxonomy":"product_brand","embeddable":true,"href":"https:\/\/kastenkidz.com\/cs\/wp-json\/wp\/v2\/product_brand?post=7145"},{"taxonomy":"product_cat","embeddable":true,"href":"https:\/\/kastenkidz.com\/cs\/wp-json\/wp\/v2\/product_cat?post=7145"},{"taxonomy":"product_tag","embeddable":true,"href":"https:\/\/kastenkidz.com\/cs\/wp-json\/wp\/v2\/product_tag?post=7145"}],"curies":[{"name":"wp","href":"https:\/\/api.w.org\/{rel}","templated":true}]}}