{"id":7131,"date":"2025-02-06T16:45:39","date_gmt":"2025-02-06T16:45:39","guid":{"rendered":"https:\/\/kastenkidz.com\/product\/narozeninovy-kalendar\/"},"modified":"2025-07-25T15:44:45","modified_gmt":"2025-07-25T15:44:45","slug":"narozeninovy-kalendar","status":"publish","type":"product","link":"https:\/\/kastenkidz.com\/cs\/produkt\/narozeninovy-kalendar\/","title":{"rendered":"Narozeninov\u00fd kalend\u00e1\u0159"},"content":{"rendered":"<p>D\u00edky tomuto z\u00e1bavn\u00e9mu narozeninov\u00e9mu kalend\u00e1\u0159i nezapomenete u\u017e na \u017e\u00e1dn\u00fd v\u00fdznamn\u00fd den! Pestrobarevn\u00fd kalend\u00e1\u0159 je ide\u00e1ln\u00ed pro zaznamen\u00e1n\u00ed narozenin v\u0161ech d\u011bt\u00ed. Pom\u016f\u017ee v\u00e1m oslavit ka\u017edou d\u016fle\u017eitou ud\u00e1lost a neztratit se p\u0159itom v datech. Skv\u011bl\u00fd zp\u016fsob, jak si narozeniny je\u0161t\u011b v\u00edce u\u017e\u00edt!<\/p>\n<p>Obsah: mal\u00e9 cupcaky 12 ks \u2013 3 listy form\u00e1tu A4, velk\u00e9 cupcaky \u2013 1 list A4,<br \/>\nmal\u00e9 sv\u00ed\u010dky \u2013 2 listy form\u00e1tu A4,<br \/>\nvelk\u00e9 sv\u00ed\u010dky \u2013 1 list form\u00e1tu A4.<\/p>\n","protected":false},"excerpt":{"rendered":"<p>D\u00edky tomuto z\u00e1bavn\u00e9mu narozeninov\u00e9mu kalend\u00e1\u0159i nezapomenete u\u017e na \u017e\u00e1dn\u00fd v\u00fdznamn\u00fd den! Pestrobarevn\u00fd kalend\u00e1\u0159 je ide\u00e1ln\u00ed pro zaznamen\u00e1n\u00ed narozenin v\u0161ech d\u011bt\u00ed. Pom\u016f\u017ee v\u00e1m oslavit ka\u017edou d\u016fle\u017eitou ud\u00e1lost a neztratit se p\u0159itom v datech. Skv\u011bl\u00fd zp\u016fsob, jak si narozeniny je\u0161t\u011b v\u00edce u\u017e\u00edt! Obsah: mal\u00e9 cupcaky 12 ks \u2013 3 listy form\u00e1tu A4, velk\u00e9 cupcaky \u2013 1 list [&hellip;]<\/p>\n","protected":false},"featured_media":7133,"comment_status":"closed","ping_status":"closed","template":"","meta":{"_acf_changed":false,"site-sidebar-layout":"default","site-content-layout":"","ast-site-content-layout":"default","site-content-style":"default","site-sidebar-style":"default","ast-global-header-display":"","ast-banner-title-visibility":"","ast-main-header-display":"","ast-hfb-above-header-display":"","ast-hfb-below-header-display":"","ast-hfb-mobile-header-display":"","site-post-title":"","ast-breadcrumbs-content":"","ast-featured-img":"","footer-sml-layout":"","ast-disable-related-posts":"","theme-transparent-header-meta":"default","adv-header-id-meta":"","stick-header-meta":"default","header-above-stick-meta":"","header-main-stick-meta":"","header-below-stick-meta":"","astra-migrate-meta-layouts":"set","ast-page-background-enabled":"default","ast-page-background-meta":{"desktop":{"background-color":"","background-image":"","background-repeat":"repeat","background-position":"center center","background-size":"auto","background-attachment":"scroll","background-type":"","background-media":"","overlay-type":"","overlay-color":"","overlay-opacity":"","overlay-gradient":""},"tablet":{"background-color":"","background-image":"","background-repeat":"repeat","background-position":"center center","background-size":"auto","background-attachment":"scroll","background-type":"","background-media":"","overlay-type":"","overlay-color":"","overlay-opacity":"","overlay-gradient":""},"mobile":{"background-color":"","background-image":"","background-repeat":"repeat","background-position":"center center","background-size":"auto","background-attachment":"scroll","background-type":"","background-media":"","overlay-type":"","overlay-color":"","overlay-opacity":"","overlay-gradient":""}},"ast-content-background-meta":{"desktop":{"background-color":"var(--ast-global-color-5)","background-image":"","background-repeat":"repeat","background-position":"center center","background-size":"auto","background-attachment":"scroll","background-type":"","background-media":"","overlay-type":"","overlay-color":"","overlay-opacity":"","overlay-gradient":""},"tablet":{"background-color":"var(--ast-global-color-5)","background-image":"","background-repeat":"repeat","background-position":"center center","background-size":"auto","background-attachment":"scroll","background-type":"","background-media":"","overlay-type":"","overlay-color":"","overlay-opacity":"","overlay-gradient":""},"mobile":{"background-color":"var(--ast-global-color-5)","background-image":"","background-repeat":"repeat","background-position":"center center","background-size":"auto","background-attachment":"scroll","background-type":"","background-media":"","overlay-type":"","overlay-color":"","overlay-opacity":"","overlay-gradient":""}}},"product_brand":[],"product_cat":[135],"product_tag":[],"class_list":{"0":"post-7131","1":"product","2":"type-product","3":"status-publish","4":"has-post-thumbnail","6":"product_cat-puzzle-a-karetni","7":"desktop-align-center","8":"tablet-align-left","9":"mobile-align-center","10":"ast-product-gallery-layout-first-image-large","11":"ast-product-tabs-layout-horizontal","13":"first","14":"instock","15":"sale","16":"downloadable","17":"virtual","18":"sold-individually","19":"purchasable","20":"product-type-simple"},"acf":[],"_links":{"self":[{"href":"https:\/\/kastenkidz.com\/cs\/wp-json\/wp\/v2\/product\/7131","targetHints":{"allow":["GET"]}}],"collection":[{"href":"https:\/\/kastenkidz.com\/cs\/wp-json\/wp\/v2\/product"}],"about":[{"href":"https:\/\/kastenkidz.com\/cs\/wp-json\/wp\/v2\/types\/product"}],"replies":[{"embeddable":true,"href":"https:\/\/kastenkidz.com\/cs\/wp-json\/wp\/v2\/comments?post=7131"}],"wp:featuredmedia":[{"embeddable":true,"href":"https:\/\/kastenkidz.com\/cs\/wp-json\/wp\/v2\/media\/7133"}],"wp:attachment":[{"href":"https:\/\/kastenkidz.com\/cs\/wp-json\/wp\/v2\/media?parent=7131"}],"wp:term":[{"taxonomy":"product_brand","embeddable":true,"href":"https:\/\/kastenkidz.com\/cs\/wp-json\/wp\/v2\/product_brand?post=7131"},{"taxonomy":"product_cat","embeddable":true,"href":"https:\/\/kastenkidz.com\/cs\/wp-json\/wp\/v2\/product_cat?post=7131"},{"taxonomy":"product_tag","embeddable":true,"href":"https:\/\/kastenkidz.com\/cs\/wp-json\/wp\/v2\/product_tag?post=7131"}],"curies":[{"name":"wp","href":"https:\/\/api.w.org\/{rel}","templated":true}]}}