{"id":7109,"date":"2025-02-06T16:45:39","date_gmt":"2025-02-06T16:45:39","guid":{"rendered":"https:\/\/kastenkidz.com\/product\/co-je-moje-co-je-vsech-vyukova-hra\/"},"modified":"2025-07-20T19:05:42","modified_gmt":"2025-07-20T19:05:42","slug":"co-je-moje-co-je-vsech-vyukova-hra","status":"publish","type":"product","link":"https:\/\/kastenkidz.com\/cs\/produkt\/co-je-moje-co-je-vsech-vyukova-hra\/","title":{"rendered":"Co je moje, co je v\u0161ech"},"content":{"rendered":"<p>Tato v\u00fdukov\u00e1 pom\u016fcka nau\u010d\u00ed d\u00edt\u011b rozli\u0161ovat ve\u0159ejn\u00e9 v\u011bci a m\u00edsta od t\u011bch soukrom\u00fdch, rodinn\u00e9 p\u0159\u00edslu\u0161n\u00edky od zn\u00e1m\u00fdch, a lidi, kte\u0159\u00ed mohou b\u00fdt spole\u010dnosti u\u017eite\u010dn\u00ed od t\u011bch, kte\u0159\u00ed usiluj\u00ed o osobn\u00ed prosp\u011bch.<br \/>\nV z\u00e1jmu lep\u0161\u00edho zpracov\u00e1n\u00ed informac\u00ed nechte d\u00edt\u011b spojit obr\u00e1zky se \u0161ipkami se spr\u00e1vnou odpov\u011bd\u00ed.<br \/>\nProdiskutujte s d\u00edt\u011btem pojmy \u201eve\u0159ejn\u00e9\u201c a \u201esoukrom\u00e9\u201c (sd\u00edlen\u00e9 versus osobn\u00ed p\u0159edm\u011bty a m\u00edsta) a promluvte si o r\u016fzn\u00fdch skupin\u00e1ch lid\u00ed (pravidlech komunikace s lidmi v jednotliv\u00fdch skupin\u00e1ch).<\/p>\n<p>Hra obsahuje: 4 listy. <\/p>\n","protected":false},"excerpt":{"rendered":"<p>Tato v\u00fdukov\u00e1 pom\u016fcka nau\u010d\u00ed d\u00edt\u011b rozli\u0161ovat ve\u0159ejn\u00e9 v\u011bci a m\u00edsta od t\u011bch soukrom\u00fdch, rodinn\u00e9 p\u0159\u00edslu\u0161n\u00edky od zn\u00e1m\u00fdch, a lidi, kte\u0159\u00ed mohou b\u00fdt spole\u010dnosti u\u017eite\u010dn\u00ed od t\u011bch, kte\u0159\u00ed usiluj\u00ed o osobn\u00ed prosp\u011bch. V z\u00e1jmu lep\u0161\u00edho zpracov\u00e1n\u00ed informac\u00ed nechte d\u00edt\u011b spojit obr\u00e1zky se \u0161ipkami se spr\u00e1vnou odpov\u011bd\u00ed. Prodiskutujte s d\u00edt\u011btem pojmy \u201eve\u0159ejn\u00e9\u201c a \u201esoukrom\u00e9\u201c (sd\u00edlen\u00e9 versus osobn\u00ed [&hellip;]<\/p>\n","protected":false},"featured_media":7111,"comment_status":"closed","ping_status":"closed","template":"","meta":{"_acf_changed":false,"site-sidebar-layout":"default","site-content-layout":"","ast-site-content-layout":"default","site-content-style":"default","site-sidebar-style":"default","ast-global-header-display":"","ast-banner-title-visibility":"","ast-main-header-display":"","ast-hfb-above-header-display":"","ast-hfb-below-header-display":"","ast-hfb-mobile-header-display":"","site-post-title":"","ast-breadcrumbs-content":"","ast-featured-img":"","footer-sml-layout":"","ast-disable-related-posts":"","theme-transparent-header-meta":"default","adv-header-id-meta":"","stick-header-meta":"default","header-above-stick-meta":"","header-main-stick-meta":"","header-below-stick-meta":"","astra-migrate-meta-layouts":"default","ast-page-background-enabled":"default","ast-page-background-meta":{"desktop":{"background-color":"","background-image":"","background-repeat":"repeat","background-position":"center center","background-size":"auto","background-attachment":"scroll","background-type":"","background-media":"","overlay-type":"","overlay-color":"","overlay-opacity":"","overlay-gradient":""},"tablet":{"background-color":"","background-image":"","background-repeat":"repeat","background-position":"center center","background-size":"auto","background-attachment":"scroll","background-type":"","background-media":"","overlay-type":"","overlay-color":"","overlay-opacity":"","overlay-gradient":""},"mobile":{"background-color":"","background-image":"","background-repeat":"repeat","background-position":"center center","background-size":"auto","background-attachment":"scroll","background-type":"","background-media":"","overlay-type":"","overlay-color":"","overlay-opacity":"","overlay-gradient":""}},"ast-content-background-meta":{"desktop":{"background-color":"var(--ast-global-color-5)","background-image":"","background-repeat":"repeat","background-position":"center center","background-size":"auto","background-attachment":"scroll","background-type":"","background-media":"","overlay-type":"","overlay-color":"","overlay-opacity":"","overlay-gradient":""},"tablet":{"background-color":"var(--ast-global-color-5)","background-image":"","background-repeat":"repeat","background-position":"center center","background-size":"auto","background-attachment":"scroll","background-type":"","background-media":"","overlay-type":"","overlay-color":"","overlay-opacity":"","overlay-gradient":""},"mobile":{"background-color":"var(--ast-global-color-5)","background-image":"","background-repeat":"repeat","background-position":"center center","background-size":"auto","background-attachment":"scroll","background-type":"","background-media":"","overlay-type":"","overlay-color":"","overlay-opacity":"","overlay-gradient":""}}},"product_brand":[],"product_cat":[136],"product_tag":[],"class_list":{"0":"post-7109","1":"product","2":"type-product","3":"status-publish","4":"has-post-thumbnail","6":"product_cat-trideni","7":"desktop-align-center","8":"tablet-align-left","9":"mobile-align-center","10":"ast-product-gallery-layout-first-image-large","11":"ast-product-tabs-layout-horizontal","13":"first","14":"instock","15":"sale","16":"downloadable","17":"virtual","18":"sold-individually","19":"purchasable","20":"product-type-simple"},"acf":[],"_links":{"self":[{"href":"https:\/\/kastenkidz.com\/cs\/wp-json\/wp\/v2\/product\/7109","targetHints":{"allow":["GET"]}}],"collection":[{"href":"https:\/\/kastenkidz.com\/cs\/wp-json\/wp\/v2\/product"}],"about":[{"href":"https:\/\/kastenkidz.com\/cs\/wp-json\/wp\/v2\/types\/product"}],"replies":[{"embeddable":true,"href":"https:\/\/kastenkidz.com\/cs\/wp-json\/wp\/v2\/comments?post=7109"}],"wp:featuredmedia":[{"embeddable":true,"href":"https:\/\/kastenkidz.com\/cs\/wp-json\/wp\/v2\/media\/7111"}],"wp:attachment":[{"href":"https:\/\/kastenkidz.com\/cs\/wp-json\/wp\/v2\/media?parent=7109"}],"wp:term":[{"taxonomy":"product_brand","embeddable":true,"href":"https:\/\/kastenkidz.com\/cs\/wp-json\/wp\/v2\/product_brand?post=7109"},{"taxonomy":"product_cat","embeddable":true,"href":"https:\/\/kastenkidz.com\/cs\/wp-json\/wp\/v2\/product_cat?post=7109"},{"taxonomy":"product_tag","embeddable":true,"href":"https:\/\/kastenkidz.com\/cs\/wp-json\/wp\/v2\/product_tag?post=7109"}],"curies":[{"name":"wp","href":"https:\/\/api.w.org\/{rel}","templated":true}]}}