{"id":7087,"date":"2025-02-06T16:45:39","date_gmt":"2025-02-06T16:45:39","guid":{"rendered":"https:\/\/kastenkidz.com\/product\/koruny-s-pohadkovymi-postavami\/"},"modified":"2025-07-25T14:27:32","modified_gmt":"2025-07-25T14:27:32","slug":"koruny-s-pohadkovymi-postavami","status":"publish","type":"product","link":"https:\/\/kastenkidz.com\/cs\/produkt\/koruny-s-pohadkovymi-postavami\/","title":{"rendered":"Koruny s poh\u00e1dkov\u00fdmi postavami"},"content":{"rendered":"<p>O\u017eivte poh\u00e1dky s t\u011bmito z\u00e1bavn\u00fdmi korunami! \u2728 Sta\u010d\u00ed je vytisknout, vyst\u0159ihnout, slepit a nechat sv\u00e9 ratolesti vstoupit do sv\u011bta jejich obl\u00edben\u00fdch poh\u00e1dkov\u00fdch postavi\u010dek. D\u011bde\u010dek, \u010cerven\u00e1 Karkulka, t\u0159i mal\u00e1 pras\u00e1tka a mnoho dal\u0161\u00edch snadno podn\u00edt\u00ed kreativitu a p\u0159edstavivost. Po\u0159i\u010fte si sadu maskovac\u00edch korunek je\u0161t\u011b dnes a rozehrajte sv\u00e9 \u201ebylo nebylo\u201c!<br \/>\n\u2b50\ufe0f Hrdinov\u00e9 z poh\u00e1dek:<br \/>\nD\u011bde\u010dek, babi\u010dka, vnu\u010dka, pes, ko\u010dka, my\u0161ka, T\u0159i mal\u00e1 pras\u00e1tka, vlk, \u010cerven\u00e1 Karkulka, maminka, myslivec, drak, princezna, princ, trpasl\u00edk, \u010darod\u011bjnice, Santa Claus, medv\u011bd, li\u0161ka, zaj\u00edc, je\u017eek, slepice, kohout, ku\u0159e, kr\u00e1va, koza, k\u016fzle, zlat\u00e1 rybka, \u017e\u00e1ba.<\/p>\n<p>Hra obsahuje: 34 list\u016f.<\/p>\n","protected":false},"excerpt":{"rendered":"<p>O\u017eivte poh\u00e1dky s t\u011bmito z\u00e1bavn\u00fdmi korunami! \u2728 Sta\u010d\u00ed je vytisknout, vyst\u0159ihnout, slepit a nechat sv\u00e9 ratolesti vstoupit do sv\u011bta jejich obl\u00edben\u00fdch poh\u00e1dkov\u00fdch postavi\u010dek. D\u011bde\u010dek, \u010cerven\u00e1 Karkulka, t\u0159i mal\u00e1 pras\u00e1tka a mnoho dal\u0161\u00edch snadno podn\u00edt\u00ed kreativitu a p\u0159edstavivost. Po\u0159i\u010fte si sadu maskovac\u00edch korunek je\u0161t\u011b dnes a rozehrajte sv\u00e9 \u201ebylo nebylo\u201c! \u2b50\ufe0f Hrdinov\u00e9 z poh\u00e1dek: D\u011bde\u010dek, babi\u010dka, [&hellip;]<\/p>\n","protected":false},"featured_media":7089,"comment_status":"closed","ping_status":"closed","template":"","meta":{"_acf_changed":false,"site-sidebar-layout":"default","site-content-layout":"","ast-site-content-layout":"default","site-content-style":"default","site-sidebar-style":"default","ast-global-header-display":"","ast-banner-title-visibility":"","ast-main-header-display":"","ast-hfb-above-header-display":"","ast-hfb-below-header-display":"","ast-hfb-mobile-header-display":"","site-post-title":"","ast-breadcrumbs-content":"","ast-featured-img":"","footer-sml-layout":"","ast-disable-related-posts":"","theme-transparent-header-meta":"default","adv-header-id-meta":"","stick-header-meta":"default","header-above-stick-meta":"","header-main-stick-meta":"","header-below-stick-meta":"","astra-migrate-meta-layouts":"set","ast-page-background-enabled":"default","ast-page-background-meta":{"desktop":{"background-color":"","background-image":"","background-repeat":"repeat","background-position":"center center","background-size":"auto","background-attachment":"scroll","background-type":"","background-media":"","overlay-type":"","overlay-color":"","overlay-opacity":"","overlay-gradient":""},"tablet":{"background-color":"","background-image":"","background-repeat":"repeat","background-position":"center center","background-size":"auto","background-attachment":"scroll","background-type":"","background-media":"","overlay-type":"","overlay-color":"","overlay-opacity":"","overlay-gradient":""},"mobile":{"background-color":"","background-image":"","background-repeat":"repeat","background-position":"center center","background-size":"auto","background-attachment":"scroll","background-type":"","background-media":"","overlay-type":"","overlay-color":"","overlay-opacity":"","overlay-gradient":""}},"ast-content-background-meta":{"desktop":{"background-color":"var(--ast-global-color-5)","background-image":"","background-repeat":"repeat","background-position":"center center","background-size":"auto","background-attachment":"scroll","background-type":"","background-media":"","overlay-type":"","overlay-color":"","overlay-opacity":"","overlay-gradient":""},"tablet":{"background-color":"var(--ast-global-color-5)","background-image":"","background-repeat":"repeat","background-position":"center center","background-size":"auto","background-attachment":"scroll","background-type":"","background-media":"","overlay-type":"","overlay-color":"","overlay-opacity":"","overlay-gradient":""},"mobile":{"background-color":"var(--ast-global-color-5)","background-image":"","background-repeat":"repeat","background-position":"center center","background-size":"auto","background-attachment":"scroll","background-type":"","background-media":"","overlay-type":"","overlay-color":"","overlay-opacity":"","overlay-gradient":""}}},"product_brand":[],"product_cat":[131],"product_tag":[],"class_list":{"0":"post-7087","1":"product","2":"type-product","3":"status-publish","4":"has-post-thumbnail","6":"product_cat-hry","7":"desktop-align-center","8":"tablet-align-left","9":"mobile-align-center","10":"ast-product-gallery-layout-first-image-large","11":"ast-product-tabs-layout-horizontal","13":"first","14":"instock","15":"sale","16":"downloadable","17":"virtual","18":"sold-individually","19":"purchasable","20":"product-type-simple"},"acf":[],"_links":{"self":[{"href":"https:\/\/kastenkidz.com\/cs\/wp-json\/wp\/v2\/product\/7087","targetHints":{"allow":["GET"]}}],"collection":[{"href":"https:\/\/kastenkidz.com\/cs\/wp-json\/wp\/v2\/product"}],"about":[{"href":"https:\/\/kastenkidz.com\/cs\/wp-json\/wp\/v2\/types\/product"}],"replies":[{"embeddable":true,"href":"https:\/\/kastenkidz.com\/cs\/wp-json\/wp\/v2\/comments?post=7087"}],"wp:featuredmedia":[{"embeddable":true,"href":"https:\/\/kastenkidz.com\/cs\/wp-json\/wp\/v2\/media\/7089"}],"wp:attachment":[{"href":"https:\/\/kastenkidz.com\/cs\/wp-json\/wp\/v2\/media?parent=7087"}],"wp:term":[{"taxonomy":"product_brand","embeddable":true,"href":"https:\/\/kastenkidz.com\/cs\/wp-json\/wp\/v2\/product_brand?post=7087"},{"taxonomy":"product_cat","embeddable":true,"href":"https:\/\/kastenkidz.com\/cs\/wp-json\/wp\/v2\/product_cat?post=7087"},{"taxonomy":"product_tag","embeddable":true,"href":"https:\/\/kastenkidz.com\/cs\/wp-json\/wp\/v2\/product_tag?post=7087"}],"curies":[{"name":"wp","href":"https:\/\/api.w.org\/{rel}","templated":true}]}}