{"id":7073,"date":"2025-02-06T16:45:39","date_gmt":"2025-02-06T16:45:39","guid":{"rendered":"https:\/\/kastenkidz.com\/product\/hrava-matematika-pro-predskolaky\/"},"modified":"2025-07-25T14:25:00","modified_gmt":"2025-07-25T14:25:00","slug":"hrava-matematika-pro-predskolaky","status":"publish","type":"product","link":"https:\/\/kastenkidz.com\/cs\/produkt\/hrava-matematika-pro-predskolaky\/","title":{"rendered":"Hrav\u00e1 matematika pro p\u0159ed\u0161kol\u00e1ky"},"content":{"rendered":"<p>Posilujte matematick\u00e9 dovednosti sv\u00e9ho p\u0159ed\u0161kol\u00e1ka s t\u00edmto z\u00e1bavn\u00fdm pracovn\u00edm se\u0161item! \u2795\u2796 Poutav\u00e9 \u00fakoly umo\u017en\u00ed d\u00edt\u011bti:<br \/>\nrozv\u00edjet schopnost porovnat r\u016fzn\u00e9 kategorie p\u0159edm\u011bt\u016f,<br \/>\npochopit strukturu \u010d\u00edsel,<br \/>\nosvojit si koncepty \u201ev\u011bt\u0161\u00ed\u201c, \u201emen\u0161\u00ed\u201c a \u201erovn\u00e1 se\u201c,<br \/>\nprocvi\u010dit s\u010d\u00edt\u00e1n\u00ed a od\u010d\u00edt\u00e1n\u00ed,<br \/>\nrozpoznat aritmetick\u00e9 symboly.<br \/>\nPerfektn\u00ed zp\u016fsob, jak si vybudovat pevn\u00e9 matematick\u00e9 z\u00e1klady! Objednejte si tento pracovn\u00ed se\u0161it je\u0161t\u011b dnes!<\/p>\n<p>Hra obsahuje: 20 stran s 20 \u00fakoly.<\/p>\n","protected":false},"excerpt":{"rendered":"<p>Posilujte matematick\u00e9 dovednosti sv\u00e9ho p\u0159ed\u0161kol\u00e1ka s t\u00edmto z\u00e1bavn\u00fdm pracovn\u00edm se\u0161item! \u2795\u2796 Poutav\u00e9 \u00fakoly umo\u017en\u00ed d\u00edt\u011bti: rozv\u00edjet schopnost porovnat r\u016fzn\u00e9 kategorie p\u0159edm\u011bt\u016f, pochopit strukturu \u010d\u00edsel, osvojit si koncepty \u201ev\u011bt\u0161\u00ed\u201c, \u201emen\u0161\u00ed\u201c a \u201erovn\u00e1 se\u201c, procvi\u010dit s\u010d\u00edt\u00e1n\u00ed a od\u010d\u00edt\u00e1n\u00ed, rozpoznat aritmetick\u00e9 symboly. Perfektn\u00ed zp\u016fsob, jak si vybudovat pevn\u00e9 matematick\u00e9 z\u00e1klady! Objednejte si tento pracovn\u00ed se\u0161it je\u0161t\u011b dnes! Hra [&hellip;]<\/p>\n","protected":false},"featured_media":7075,"comment_status":"closed","ping_status":"closed","template":"","meta":{"_acf_changed":false,"site-sidebar-layout":"default","site-content-layout":"","ast-site-content-layout":"default","site-content-style":"default","site-sidebar-style":"default","ast-global-header-display":"","ast-banner-title-visibility":"","ast-main-header-display":"","ast-hfb-above-header-display":"","ast-hfb-below-header-display":"","ast-hfb-mobile-header-display":"","site-post-title":"","ast-breadcrumbs-content":"","ast-featured-img":"","footer-sml-layout":"","ast-disable-related-posts":"","theme-transparent-header-meta":"default","adv-header-id-meta":"","stick-header-meta":"default","header-above-stick-meta":"","header-main-stick-meta":"","header-below-stick-meta":"","astra-migrate-meta-layouts":"set","ast-page-background-enabled":"default","ast-page-background-meta":{"desktop":{"background-color":"","background-image":"","background-repeat":"repeat","background-position":"center center","background-size":"auto","background-attachment":"scroll","background-type":"","background-media":"","overlay-type":"","overlay-color":"","overlay-opacity":"","overlay-gradient":""},"tablet":{"background-color":"","background-image":"","background-repeat":"repeat","background-position":"center center","background-size":"auto","background-attachment":"scroll","background-type":"","background-media":"","overlay-type":"","overlay-color":"","overlay-opacity":"","overlay-gradient":""},"mobile":{"background-color":"","background-image":"","background-repeat":"repeat","background-position":"center center","background-size":"auto","background-attachment":"scroll","background-type":"","background-media":"","overlay-type":"","overlay-color":"","overlay-opacity":"","overlay-gradient":""}},"ast-content-background-meta":{"desktop":{"background-color":"var(--ast-global-color-5)","background-image":"","background-repeat":"repeat","background-position":"center center","background-size":"auto","background-attachment":"scroll","background-type":"","background-media":"","overlay-type":"","overlay-color":"","overlay-opacity":"","overlay-gradient":""},"tablet":{"background-color":"var(--ast-global-color-5)","background-image":"","background-repeat":"repeat","background-position":"center center","background-size":"auto","background-attachment":"scroll","background-type":"","background-media":"","overlay-type":"","overlay-color":"","overlay-opacity":"","overlay-gradient":""},"mobile":{"background-color":"var(--ast-global-color-5)","background-image":"","background-repeat":"repeat","background-position":"center center","background-size":"auto","background-attachment":"scroll","background-type":"","background-media":"","overlay-type":"","overlay-color":"","overlay-opacity":"","overlay-gradient":""}}},"product_brand":[],"product_cat":[133],"product_tag":[],"class_list":{"0":"post-7073","1":"product","2":"type-product","3":"status-publish","4":"has-post-thumbnail","6":"product_cat-matematicke","7":"desktop-align-center","8":"tablet-align-left","9":"mobile-align-center","10":"ast-product-gallery-layout-first-image-large","11":"ast-product-tabs-layout-horizontal","13":"first","14":"instock","15":"sale","16":"downloadable","17":"virtual","18":"sold-individually","19":"purchasable","20":"product-type-simple"},"acf":[],"_links":{"self":[{"href":"https:\/\/kastenkidz.com\/cs\/wp-json\/wp\/v2\/product\/7073","targetHints":{"allow":["GET"]}}],"collection":[{"href":"https:\/\/kastenkidz.com\/cs\/wp-json\/wp\/v2\/product"}],"about":[{"href":"https:\/\/kastenkidz.com\/cs\/wp-json\/wp\/v2\/types\/product"}],"replies":[{"embeddable":true,"href":"https:\/\/kastenkidz.com\/cs\/wp-json\/wp\/v2\/comments?post=7073"}],"wp:featuredmedia":[{"embeddable":true,"href":"https:\/\/kastenkidz.com\/cs\/wp-json\/wp\/v2\/media\/7075"}],"wp:attachment":[{"href":"https:\/\/kastenkidz.com\/cs\/wp-json\/wp\/v2\/media?parent=7073"}],"wp:term":[{"taxonomy":"product_brand","embeddable":true,"href":"https:\/\/kastenkidz.com\/cs\/wp-json\/wp\/v2\/product_brand?post=7073"},{"taxonomy":"product_cat","embeddable":true,"href":"https:\/\/kastenkidz.com\/cs\/wp-json\/wp\/v2\/product_cat?post=7073"},{"taxonomy":"product_tag","embeddable":true,"href":"https:\/\/kastenkidz.com\/cs\/wp-json\/wp\/v2\/product_tag?post=7073"}],"curies":[{"name":"wp","href":"https:\/\/api.w.org\/{rel}","templated":true}]}}