{"id":7059,"date":"2025-02-06T16:45:39","date_gmt":"2025-02-06T16:45:39","guid":{"rendered":"https:\/\/kastenkidz.com\/product\/kde-bydli-zviratka\/"},"modified":"2025-07-20T19:05:36","modified_gmt":"2025-07-20T19:05:36","slug":"kde-bydli-zviratka","status":"publish","type":"product","link":"https:\/\/kastenkidz.com\/cs\/produkt\/kde-bydli-zviratka\/","title":{"rendered":"Kde bydl\u00ed zv\u00ed\u0159\u00e1tka"},"content":{"rendered":"<p>Hra \u201eKde bydl\u00ed zv\u00ed\u0159\u00e1tka\u201c je pestr\u00fdm a z\u00e1bavn\u00fdm sezn\u00e1men\u00edm se s m\u00edsty v\u00fdskytu r\u016fzn\u00fdch druh\u016f zv\u00ed\u0159at. D\u00edt\u011b se nau\u010d\u00ed rozli\u0161ovat jednotliv\u00e9 biotopy a d\u00edky tomu i dom\u00e1c\u00ed zv\u00ed\u0159ata od t\u011bch vodn\u00edch, divok\u00fdch, tropick\u00fdch, pou\u0161tn\u00edch nebo pol\u00e1rn\u00edch.<br \/>\nVyst\u0159ihn\u011bte zv\u00ed\u0159\u00e1tka a zjist\u011bte, kde \u017eij\u00ed!<\/p>\n<p>Hra obsahuje: 10 list\u016f. <\/p>\n","protected":false},"excerpt":{"rendered":"<p>Hra \u201eKde bydl\u00ed zv\u00ed\u0159\u00e1tka\u201c je pestr\u00fdm a z\u00e1bavn\u00fdm sezn\u00e1men\u00edm se s m\u00edsty v\u00fdskytu r\u016fzn\u00fdch druh\u016f zv\u00ed\u0159at. D\u00edt\u011b se nau\u010d\u00ed rozli\u0161ovat jednotliv\u00e9 biotopy a d\u00edky tomu i dom\u00e1c\u00ed zv\u00ed\u0159ata od t\u011bch vodn\u00edch, divok\u00fdch, tropick\u00fdch, pou\u0161tn\u00edch nebo pol\u00e1rn\u00edch. Vyst\u0159ihn\u011bte zv\u00ed\u0159\u00e1tka a zjist\u011bte, kde \u017eij\u00ed! Hra obsahuje: 10 list\u016f.<\/p>\n","protected":false},"featured_media":7061,"comment_status":"closed","ping_status":"closed","template":"","meta":{"_acf_changed":false,"site-sidebar-layout":"default","site-content-layout":"","ast-site-content-layout":"default","site-content-style":"default","site-sidebar-style":"default","ast-global-header-display":"","ast-banner-title-visibility":"","ast-main-header-display":"","ast-hfb-above-header-display":"","ast-hfb-below-header-display":"","ast-hfb-mobile-header-display":"","site-post-title":"","ast-breadcrumbs-content":"","ast-featured-img":"","footer-sml-layout":"","ast-disable-related-posts":"","theme-transparent-header-meta":"default","adv-header-id-meta":"","stick-header-meta":"default","header-above-stick-meta":"","header-main-stick-meta":"","header-below-stick-meta":"","astra-migrate-meta-layouts":"default","ast-page-background-enabled":"default","ast-page-background-meta":{"desktop":{"background-color":"","background-image":"","background-repeat":"repeat","background-position":"center center","background-size":"auto","background-attachment":"scroll","background-type":"","background-media":"","overlay-type":"","overlay-color":"","overlay-opacity":"","overlay-gradient":""},"tablet":{"background-color":"","background-image":"","background-repeat":"repeat","background-position":"center center","background-size":"auto","background-attachment":"scroll","background-type":"","background-media":"","overlay-type":"","overlay-color":"","overlay-opacity":"","overlay-gradient":""},"mobile":{"background-color":"","background-image":"","background-repeat":"repeat","background-position":"center center","background-size":"auto","background-attachment":"scroll","background-type":"","background-media":"","overlay-type":"","overlay-color":"","overlay-opacity":"","overlay-gradient":""}},"ast-content-background-meta":{"desktop":{"background-color":"var(--ast-global-color-5)","background-image":"","background-repeat":"repeat","background-position":"center center","background-size":"auto","background-attachment":"scroll","background-type":"","background-media":"","overlay-type":"","overlay-color":"","overlay-opacity":"","overlay-gradient":""},"tablet":{"background-color":"var(--ast-global-color-5)","background-image":"","background-repeat":"repeat","background-position":"center center","background-size":"auto","background-attachment":"scroll","background-type":"","background-media":"","overlay-type":"","overlay-color":"","overlay-opacity":"","overlay-gradient":""},"mobile":{"background-color":"var(--ast-global-color-5)","background-image":"","background-repeat":"repeat","background-position":"center center","background-size":"auto","background-attachment":"scroll","background-type":"","background-media":"","overlay-type":"","overlay-color":"","overlay-opacity":"","overlay-gradient":""}}},"product_brand":[],"product_cat":[136],"product_tag":[],"class_list":{"0":"post-7059","1":"product","2":"type-product","3":"status-publish","4":"has-post-thumbnail","6":"product_cat-trideni","7":"desktop-align-center","8":"tablet-align-left","9":"mobile-align-center","10":"ast-product-gallery-layout-first-image-large","11":"ast-product-tabs-layout-horizontal","13":"first","14":"instock","15":"sale","16":"downloadable","17":"virtual","18":"sold-individually","19":"purchasable","20":"product-type-simple"},"acf":[],"_links":{"self":[{"href":"https:\/\/kastenkidz.com\/cs\/wp-json\/wp\/v2\/product\/7059","targetHints":{"allow":["GET"]}}],"collection":[{"href":"https:\/\/kastenkidz.com\/cs\/wp-json\/wp\/v2\/product"}],"about":[{"href":"https:\/\/kastenkidz.com\/cs\/wp-json\/wp\/v2\/types\/product"}],"replies":[{"embeddable":true,"href":"https:\/\/kastenkidz.com\/cs\/wp-json\/wp\/v2\/comments?post=7059"}],"wp:featuredmedia":[{"embeddable":true,"href":"https:\/\/kastenkidz.com\/cs\/wp-json\/wp\/v2\/media\/7061"}],"wp:attachment":[{"href":"https:\/\/kastenkidz.com\/cs\/wp-json\/wp\/v2\/media?parent=7059"}],"wp:term":[{"taxonomy":"product_brand","embeddable":true,"href":"https:\/\/kastenkidz.com\/cs\/wp-json\/wp\/v2\/product_brand?post=7059"},{"taxonomy":"product_cat","embeddable":true,"href":"https:\/\/kastenkidz.com\/cs\/wp-json\/wp\/v2\/product_cat?post=7059"},{"taxonomy":"product_tag","embeddable":true,"href":"https:\/\/kastenkidz.com\/cs\/wp-json\/wp\/v2\/product_tag?post=7059"}],"curies":[{"name":"wp","href":"https:\/\/api.w.org\/{rel}","templated":true}]}}