{"id":7045,"date":"2025-02-06T16:45:39","date_gmt":"2025-02-06T16:45:39","guid":{"rendered":"https:\/\/kastenkidz.com\/product\/hra-na-rozvoj-pameti-a-jazykovych-dovednosti\/"},"modified":"2025-07-20T19:05:35","modified_gmt":"2025-07-20T19:05:35","slug":"hra-na-rozvoj-pameti-a-jazykovych-dovednosti","status":"publish","type":"product","link":"https:\/\/kastenkidz.com\/cs\/produkt\/hra-na-rozvoj-pameti-a-jazykovych-dovednosti\/","title":{"rendered":"Hra na rozvoj pam\u011bti a jazykov\u00fdch dovednost\u00ed"},"content":{"rendered":"<p>Hrajte si a u\u010dte se se \u0161t\u011bn\u011btem Al\u00edkem v t\u00e9to z\u00e1bavn\u00e9 h\u0159e na rozvoj pam\u011bti a vyjad\u0159ovac\u00edch schopnost\u00ed!<br \/>\nObr\u00e1zkov\u00e9 karty p\u0159edstavuj\u00ed r\u016fzn\u00e1 m\u00edsta, kde se \u0161t\u011bn\u011b Al\u00edk, jeho kost a kv\u011btina nach\u00e1zej\u00ed: na v\u011bcech, v jejich bl\u00edzkosti nebo pod nimi. Hr\u00e1\u010di si kr\u00e1tce prohl\u00e9dnou kartu, pot\u00e9 situaci znovu vytvo\u0159\u00ed a nahlas ji pop\u00ed\u0161\u00ed. Skv\u011bl\u00fd zp\u016fsob, jak zlep\u0161ovat pam\u011b\u0165, jazykov\u00e9 dovednosti a cit pro detail.  <\/p>\n<p>Hra obsahuje:<br \/>\n1 hlavn\u00ed hrac\u00ed desku,<br \/>\n3 hrdiny (psa, kv\u011btinu a kost),<br \/>\n24 karet. <\/p>\n","protected":false},"excerpt":{"rendered":"<p>Hrajte si a u\u010dte se se \u0161t\u011bn\u011btem Al\u00edkem v t\u00e9to z\u00e1bavn\u00e9 h\u0159e na rozvoj pam\u011bti a vyjad\u0159ovac\u00edch schopnost\u00ed! Obr\u00e1zkov\u00e9 karty p\u0159edstavuj\u00ed r\u016fzn\u00e1 m\u00edsta, kde se \u0161t\u011bn\u011b Al\u00edk, jeho kost a kv\u011btina nach\u00e1zej\u00ed: na v\u011bcech, v jejich bl\u00edzkosti nebo pod nimi. Hr\u00e1\u010di si kr\u00e1tce prohl\u00e9dnou kartu, pot\u00e9 situaci znovu vytvo\u0159\u00ed a nahlas ji pop\u00ed\u0161\u00ed. Skv\u011bl\u00fd zp\u016fsob, [&hellip;]<\/p>\n","protected":false},"featured_media":7047,"comment_status":"closed","ping_status":"closed","template":"","meta":{"_acf_changed":false,"site-sidebar-layout":"default","site-content-layout":"","ast-site-content-layout":"default","site-content-style":"default","site-sidebar-style":"default","ast-global-header-display":"","ast-banner-title-visibility":"","ast-main-header-display":"","ast-hfb-above-header-display":"","ast-hfb-below-header-display":"","ast-hfb-mobile-header-display":"","site-post-title":"","ast-breadcrumbs-content":"","ast-featured-img":"","footer-sml-layout":"","ast-disable-related-posts":"","theme-transparent-header-meta":"default","adv-header-id-meta":"","stick-header-meta":"default","header-above-stick-meta":"","header-main-stick-meta":"","header-below-stick-meta":"","astra-migrate-meta-layouts":"default","ast-page-background-enabled":"default","ast-page-background-meta":{"desktop":{"background-color":"","background-image":"","background-repeat":"repeat","background-position":"center center","background-size":"auto","background-attachment":"scroll","background-type":"","background-media":"","overlay-type":"","overlay-color":"","overlay-opacity":"","overlay-gradient":""},"tablet":{"background-color":"","background-image":"","background-repeat":"repeat","background-position":"center center","background-size":"auto","background-attachment":"scroll","background-type":"","background-media":"","overlay-type":"","overlay-color":"","overlay-opacity":"","overlay-gradient":""},"mobile":{"background-color":"","background-image":"","background-repeat":"repeat","background-position":"center center","background-size":"auto","background-attachment":"scroll","background-type":"","background-media":"","overlay-type":"","overlay-color":"","overlay-opacity":"","overlay-gradient":""}},"ast-content-background-meta":{"desktop":{"background-color":"var(--ast-global-color-5)","background-image":"","background-repeat":"repeat","background-position":"center center","background-size":"auto","background-attachment":"scroll","background-type":"","background-media":"","overlay-type":"","overlay-color":"","overlay-opacity":"","overlay-gradient":""},"tablet":{"background-color":"var(--ast-global-color-5)","background-image":"","background-repeat":"repeat","background-position":"center center","background-size":"auto","background-attachment":"scroll","background-type":"","background-media":"","overlay-type":"","overlay-color":"","overlay-opacity":"","overlay-gradient":""},"mobile":{"background-color":"var(--ast-global-color-5)","background-image":"","background-repeat":"repeat","background-position":"center center","background-size":"auto","background-attachment":"scroll","background-type":"","background-media":"","overlay-type":"","overlay-color":"","overlay-opacity":"","overlay-gradient":""}}},"product_brand":[],"product_cat":[131,134],"product_tag":[],"class_list":{"0":"post-7045","1":"product","2":"type-product","3":"status-publish","4":"has-post-thumbnail","6":"product_cat-hry","7":"product_cat-pamet-a-pozornost","8":"desktop-align-center","9":"tablet-align-left","10":"mobile-align-center","11":"ast-product-gallery-layout-first-image-large","12":"ast-product-tabs-layout-horizontal","14":"first","15":"instock","16":"sale","17":"downloadable","18":"virtual","19":"sold-individually","20":"purchasable","21":"product-type-simple"},"acf":[],"_links":{"self":[{"href":"https:\/\/kastenkidz.com\/cs\/wp-json\/wp\/v2\/product\/7045","targetHints":{"allow":["GET"]}}],"collection":[{"href":"https:\/\/kastenkidz.com\/cs\/wp-json\/wp\/v2\/product"}],"about":[{"href":"https:\/\/kastenkidz.com\/cs\/wp-json\/wp\/v2\/types\/product"}],"replies":[{"embeddable":true,"href":"https:\/\/kastenkidz.com\/cs\/wp-json\/wp\/v2\/comments?post=7045"}],"wp:featuredmedia":[{"embeddable":true,"href":"https:\/\/kastenkidz.com\/cs\/wp-json\/wp\/v2\/media\/7047"}],"wp:attachment":[{"href":"https:\/\/kastenkidz.com\/cs\/wp-json\/wp\/v2\/media?parent=7045"}],"wp:term":[{"taxonomy":"product_brand","embeddable":true,"href":"https:\/\/kastenkidz.com\/cs\/wp-json\/wp\/v2\/product_brand?post=7045"},{"taxonomy":"product_cat","embeddable":true,"href":"https:\/\/kastenkidz.com\/cs\/wp-json\/wp\/v2\/product_cat?post=7045"},{"taxonomy":"product_tag","embeddable":true,"href":"https:\/\/kastenkidz.com\/cs\/wp-json\/wp\/v2\/product_tag?post=7045"}],"curies":[{"name":"wp","href":"https:\/\/api.w.org\/{rel}","templated":true}]}}