{"id":7017,"date":"2025-02-06T16:45:39","date_gmt":"2025-02-06T16:45:39","guid":{"rendered":"https:\/\/kastenkidz.com\/product\/bezpecne-ci-nebezpecne\/"},"modified":"2025-07-20T19:05:32","modified_gmt":"2025-07-20T19:05:32","slug":"bezpecne-ci-nebezpecne","status":"publish","type":"product","link":"https:\/\/kastenkidz.com\/cs\/produkt\/bezpecne-ci-nebezpecne\/","title":{"rendered":"Bezpe\u010dn\u00e9, \u010di nebezpe\u010dn\u00e9?"},"content":{"rendered":"<p>\u274e\u2705 Pou\u010dte sv\u00e9 d\u00edt\u011b o bezpe\u010dnosti pomoc\u00ed v\u00fdukov\u00e9 pom\u016fcky \u201eBezpe\u010dn\u00e9, \u010di nebezpe\u010dn\u00e9\u201c.  \u26a0\ufe0f Pom\u00e1h\u00e1 d\u011btem pochopit, \u010deho se maj\u00ed vyvarovat a jak reagovat v nebezpe\u010dn\u00fdch situac\u00edch. Jedn\u00e1 se o skv\u011bl\u00fd zp\u016fsob, jak zvy\u0161ovat pov\u011bdom\u00ed o bezpe\u010dnosti a kritick\u00e9 my\u0161len\u00ed d\u011bt\u00ed \u2013 od rozpozn\u00e1v\u00e1n\u00ed nebezpe\u010d\u00ed a\u017e po znalost \u017e\u00e1douc\u00edch reakc\u00ed v nouzov\u00fdch situac\u00edch. \u274e\u2705<\/p>\n<p>Hra obsahuje: Plak\u00e1ty k t\u00e9matu \u201eBezpe\u010dn\u00e9, \u010di nebezpe\u010dn\u00e9\u201c \u2013 2 listy, karty p\u0159\u00edklad\u016f bezpe\u010dn\u00fdch a nebezpe\u010dn\u00fdch situac\u00ed \u2013 2 listy, stru\u010dn\u00e9 shrnut\u00ed s pravidly bezpe\u010dn\u00e9ho chov\u00e1n\u00ed \u2013 1 list. <\/p>\n","protected":false},"excerpt":{"rendered":"<p>\u274e\u2705 Pou\u010dte sv\u00e9 d\u00edt\u011b o bezpe\u010dnosti pomoc\u00ed v\u00fdukov\u00e9 pom\u016fcky \u201eBezpe\u010dn\u00e9, \u010di nebezpe\u010dn\u00e9\u201c. \u26a0\ufe0f Pom\u00e1h\u00e1 d\u011btem pochopit, \u010deho se maj\u00ed vyvarovat a jak reagovat v nebezpe\u010dn\u00fdch situac\u00edch. Jedn\u00e1 se o skv\u011bl\u00fd zp\u016fsob, jak zvy\u0161ovat pov\u011bdom\u00ed o bezpe\u010dnosti a kritick\u00e9 my\u0161len\u00ed d\u011bt\u00ed \u2013 od rozpozn\u00e1v\u00e1n\u00ed nebezpe\u010d\u00ed a\u017e po znalost \u017e\u00e1douc\u00edch reakc\u00ed v nouzov\u00fdch situac\u00edch. \u274e\u2705 Hra obsahuje: [&hellip;]<\/p>\n","protected":false},"featured_media":7019,"comment_status":"closed","ping_status":"closed","template":"","meta":{"_acf_changed":false,"site-sidebar-layout":"default","site-content-layout":"","ast-site-content-layout":"default","site-content-style":"default","site-sidebar-style":"default","ast-global-header-display":"","ast-banner-title-visibility":"","ast-main-header-display":"","ast-hfb-above-header-display":"","ast-hfb-below-header-display":"","ast-hfb-mobile-header-display":"","site-post-title":"","ast-breadcrumbs-content":"","ast-featured-img":"","footer-sml-layout":"","ast-disable-related-posts":"","theme-transparent-header-meta":"default","adv-header-id-meta":"","stick-header-meta":"default","header-above-stick-meta":"","header-main-stick-meta":"","header-below-stick-meta":"","astra-migrate-meta-layouts":"default","ast-page-background-enabled":"default","ast-page-background-meta":{"desktop":{"background-color":"","background-image":"","background-repeat":"repeat","background-position":"center center","background-size":"auto","background-attachment":"scroll","background-type":"","background-media":"","overlay-type":"","overlay-color":"","overlay-opacity":"","overlay-gradient":""},"tablet":{"background-color":"","background-image":"","background-repeat":"repeat","background-position":"center center","background-size":"auto","background-attachment":"scroll","background-type":"","background-media":"","overlay-type":"","overlay-color":"","overlay-opacity":"","overlay-gradient":""},"mobile":{"background-color":"","background-image":"","background-repeat":"repeat","background-position":"center center","background-size":"auto","background-attachment":"scroll","background-type":"","background-media":"","overlay-type":"","overlay-color":"","overlay-opacity":"","overlay-gradient":""}},"ast-content-background-meta":{"desktop":{"background-color":"var(--ast-global-color-5)","background-image":"","background-repeat":"repeat","background-position":"center center","background-size":"auto","background-attachment":"scroll","background-type":"","background-media":"","overlay-type":"","overlay-color":"","overlay-opacity":"","overlay-gradient":""},"tablet":{"background-color":"var(--ast-global-color-5)","background-image":"","background-repeat":"repeat","background-position":"center center","background-size":"auto","background-attachment":"scroll","background-type":"","background-media":"","overlay-type":"","overlay-color":"","overlay-opacity":"","overlay-gradient":""},"mobile":{"background-color":"var(--ast-global-color-5)","background-image":"","background-repeat":"repeat","background-position":"center center","background-size":"auto","background-attachment":"scroll","background-type":"","background-media":"","overlay-type":"","overlay-color":"","overlay-opacity":"","overlay-gradient":""}}},"product_brand":[],"product_cat":[136],"product_tag":[],"class_list":{"0":"post-7017","1":"product","2":"type-product","3":"status-publish","4":"has-post-thumbnail","6":"product_cat-trideni","7":"desktop-align-center","8":"tablet-align-left","9":"mobile-align-center","10":"ast-product-gallery-layout-first-image-large","11":"ast-product-tabs-layout-horizontal","13":"first","14":"instock","15":"sale","16":"downloadable","17":"virtual","18":"sold-individually","19":"purchasable","20":"product-type-simple"},"acf":[],"_links":{"self":[{"href":"https:\/\/kastenkidz.com\/cs\/wp-json\/wp\/v2\/product\/7017","targetHints":{"allow":["GET"]}}],"collection":[{"href":"https:\/\/kastenkidz.com\/cs\/wp-json\/wp\/v2\/product"}],"about":[{"href":"https:\/\/kastenkidz.com\/cs\/wp-json\/wp\/v2\/types\/product"}],"replies":[{"embeddable":true,"href":"https:\/\/kastenkidz.com\/cs\/wp-json\/wp\/v2\/comments?post=7017"}],"wp:featuredmedia":[{"embeddable":true,"href":"https:\/\/kastenkidz.com\/cs\/wp-json\/wp\/v2\/media\/7019"}],"wp:attachment":[{"href":"https:\/\/kastenkidz.com\/cs\/wp-json\/wp\/v2\/media?parent=7017"}],"wp:term":[{"taxonomy":"product_brand","embeddable":true,"href":"https:\/\/kastenkidz.com\/cs\/wp-json\/wp\/v2\/product_brand?post=7017"},{"taxonomy":"product_cat","embeddable":true,"href":"https:\/\/kastenkidz.com\/cs\/wp-json\/wp\/v2\/product_cat?post=7017"},{"taxonomy":"product_tag","embeddable":true,"href":"https:\/\/kastenkidz.com\/cs\/wp-json\/wp\/v2\/product_tag?post=7017"}],"curies":[{"name":"wp","href":"https:\/\/api.w.org\/{rel}","templated":true}]}}