{"id":7009,"date":"2025-02-06T16:45:39","date_gmt":"2025-02-06T16:45:39","guid":{"rendered":"https:\/\/kastenkidz.com\/product\/ucim-se-psat-cisla\/"},"modified":"2025-07-20T19:05:32","modified_gmt":"2025-07-20T19:05:32","slug":"ucim-se-psat-cisla","status":"publish","type":"product","link":"https:\/\/kastenkidz.com\/cs\/produkt\/ucim-se-psat-cisla\/","title":{"rendered":"U\u010d\u00edm se ps\u00e1t \u010d\u00edsla"},"content":{"rendered":"<p>Usnadn\u011bte sv\u00e9mu d\u00edt\u011bti u\u010den\u00ed psan\u00ed \u010d\u00edsel! \u270d\ufe0f  Tato pom\u016fcka zaru\u010duje spr\u00e1vnou techniku p\u0159i psan\u00ed a z\u00e1rove\u0148 rozv\u00edj\u00ed jemnou motoriku. \u0160ipky nazna\u010duj\u00ed sm\u011br psan\u00ed, te\u010dka ozna\u010duje, kde za\u010d\u00edt. Vyzkou\u0161ejte z\u00e1bavn\u00fd a interaktivn\u00ed zp\u016fsob zlep\u0161en\u00ed grafomotoriky! Po\u0159i\u010fte si tuto pom\u016fcku je\u0161t\u011b dnes!  <\/p>\n<p>Hra obsahuje: 10 list\u016f ve form\u00e1tu A4. <\/p>\n","protected":false},"excerpt":{"rendered":"<p>Usnadn\u011bte sv\u00e9mu d\u00edt\u011bti u\u010den\u00ed psan\u00ed \u010d\u00edsel! \u270d\ufe0f Tato pom\u016fcka zaru\u010duje spr\u00e1vnou techniku p\u0159i psan\u00ed a z\u00e1rove\u0148 rozv\u00edj\u00ed jemnou motoriku. \u0160ipky nazna\u010duj\u00ed sm\u011br psan\u00ed, te\u010dka ozna\u010duje, kde za\u010d\u00edt. Vyzkou\u0161ejte z\u00e1bavn\u00fd a interaktivn\u00ed zp\u016fsob zlep\u0161en\u00ed grafomotoriky! Po\u0159i\u010fte si tuto pom\u016fcku je\u0161t\u011b dnes! Hra obsahuje: 10 list\u016f ve form\u00e1tu A4.<\/p>\n","protected":false},"featured_media":7011,"comment_status":"closed","ping_status":"closed","template":"","meta":{"_acf_changed":false,"site-sidebar-layout":"default","site-content-layout":"","ast-site-content-layout":"default","site-content-style":"default","site-sidebar-style":"default","ast-global-header-display":"","ast-banner-title-visibility":"","ast-main-header-display":"","ast-hfb-above-header-display":"","ast-hfb-below-header-display":"","ast-hfb-mobile-header-display":"","site-post-title":"","ast-breadcrumbs-content":"","ast-featured-img":"","footer-sml-layout":"","ast-disable-related-posts":"","theme-transparent-header-meta":"default","adv-header-id-meta":"","stick-header-meta":"default","header-above-stick-meta":"","header-main-stick-meta":"","header-below-stick-meta":"","astra-migrate-meta-layouts":"default","ast-page-background-enabled":"default","ast-page-background-meta":{"desktop":{"background-color":"","background-image":"","background-repeat":"repeat","background-position":"center center","background-size":"auto","background-attachment":"scroll","background-type":"","background-media":"","overlay-type":"","overlay-color":"","overlay-opacity":"","overlay-gradient":""},"tablet":{"background-color":"","background-image":"","background-repeat":"repeat","background-position":"center center","background-size":"auto","background-attachment":"scroll","background-type":"","background-media":"","overlay-type":"","overlay-color":"","overlay-opacity":"","overlay-gradient":""},"mobile":{"background-color":"","background-image":"","background-repeat":"repeat","background-position":"center center","background-size":"auto","background-attachment":"scroll","background-type":"","background-media":"","overlay-type":"","overlay-color":"","overlay-opacity":"","overlay-gradient":""}},"ast-content-background-meta":{"desktop":{"background-color":"var(--ast-global-color-5)","background-image":"","background-repeat":"repeat","background-position":"center center","background-size":"auto","background-attachment":"scroll","background-type":"","background-media":"","overlay-type":"","overlay-color":"","overlay-opacity":"","overlay-gradient":""},"tablet":{"background-color":"var(--ast-global-color-5)","background-image":"","background-repeat":"repeat","background-position":"center center","background-size":"auto","background-attachment":"scroll","background-type":"","background-media":"","overlay-type":"","overlay-color":"","overlay-opacity":"","overlay-gradient":""},"mobile":{"background-color":"var(--ast-global-color-5)","background-image":"","background-repeat":"repeat","background-position":"center center","background-size":"auto","background-attachment":"scroll","background-type":"","background-media":"","overlay-type":"","overlay-color":"","overlay-opacity":"","overlay-gradient":""}}},"product_brand":[],"product_cat":[133],"product_tag":[],"class_list":{"0":"post-7009","1":"product","2":"type-product","3":"status-publish","4":"has-post-thumbnail","6":"product_cat-matematicke","7":"desktop-align-center","8":"tablet-align-left","9":"mobile-align-center","10":"ast-product-gallery-layout-first-image-large","11":"ast-product-gallery-with-no-image","12":"ast-product-tabs-layout-horizontal","14":"first","15":"instock","16":"sale","17":"downloadable","18":"virtual","19":"sold-individually","20":"purchasable","21":"product-type-simple"},"acf":[],"_links":{"self":[{"href":"https:\/\/kastenkidz.com\/cs\/wp-json\/wp\/v2\/product\/7009","targetHints":{"allow":["GET"]}}],"collection":[{"href":"https:\/\/kastenkidz.com\/cs\/wp-json\/wp\/v2\/product"}],"about":[{"href":"https:\/\/kastenkidz.com\/cs\/wp-json\/wp\/v2\/types\/product"}],"replies":[{"embeddable":true,"href":"https:\/\/kastenkidz.com\/cs\/wp-json\/wp\/v2\/comments?post=7009"}],"wp:featuredmedia":[{"embeddable":true,"href":"https:\/\/kastenkidz.com\/cs\/wp-json\/wp\/v2\/media\/7011"}],"wp:attachment":[{"href":"https:\/\/kastenkidz.com\/cs\/wp-json\/wp\/v2\/media?parent=7009"}],"wp:term":[{"taxonomy":"product_brand","embeddable":true,"href":"https:\/\/kastenkidz.com\/cs\/wp-json\/wp\/v2\/product_brand?post=7009"},{"taxonomy":"product_cat","embeddable":true,"href":"https:\/\/kastenkidz.com\/cs\/wp-json\/wp\/v2\/product_cat?post=7009"},{"taxonomy":"product_tag","embeddable":true,"href":"https:\/\/kastenkidz.com\/cs\/wp-json\/wp\/v2\/product_tag?post=7009"}],"curies":[{"name":"wp","href":"https:\/\/api.w.org\/{rel}","templated":true}]}}